{"id":279923,"date":"2024-12-20T01:04:06","date_gmt":"2024-12-19T23:04:06","guid":{"rendered":"https:\/\/www.huntersfriend.eu\/product\/nokia-winter-light-gummistiefel-schwarz\/"},"modified":"2026-03-04T12:55:16","modified_gmt":"2026-03-04T10:55:16","slug":"nokia-winter-light-gummistiefel-schwarz","status":"publish","type":"product","link":"https:\/\/www.huntersfriend.eu\/de\/produkt\/nokia-winter-light-gummistiefel-schwarz\/","title":{"rendered":"Nokia Winter Light Gummistiefel &#8211; Schwarz"},"content":{"rendered":"<p><span class=\"jCAhz ChMk0b\"><span class=\"ryNqvb\">Sehr leichter, hoher Gummistiefel mit warmer Fellf\u00fctterung. <\/span><\/span><span class=\"jCAhz ChMk0b\"><span class=\"ryNqvb\">Der geformte Stiefel besteht aus einer EVA-Gummimischung und ist leicht zu tragen sowie einfach anzuziehen.<\/span><\/span> <span class=\"jCAhz ChMk0b\"><span class=\"ryNqvb\">Das Modell verf\u00fcgt \u00fcber eine ger\u00e4umige Schn\u00fcrung, auch im oberen Bereich.<\/span><\/span> <span class=\"jCAhz ChMk0b\"><span class=\"ryNqvb\">Der wasserdichte Stiefel ist f\u00fcr den Wintereinsatz geeignet und das Material widersteht K\u00e4lte bis zu -40\u00b0C, jedoch nicht mehr als +40\u00b0C W\u00e4rme. <\/span><\/span><\/p>\n<p><span class=\"jCAhz ChMk0b\"><span class=\"ryNqvb\">Material: 60% synthetische EVA-Gummimischung, profilierte Au\u00dfensohle aus EVA-Gummimischung.<\/span><\/span> <span class=\"jCAhz ChMk0b\"><span class=\"ryNqvb\">Futtermaterial: 100% Polyester. <\/span><\/span><span class=\"jCAhz ChMk0b\"><span class=\"ryNqvb\">Trocknung\/Lagerung bei maximal 40\u00b0C.<\/span><\/span><\/p>\n","protected":false},"excerpt":{"rendered":"<p>Sehr leichter, hoher Gummistiefel mit warmer Fellf\u00fctterung. Der geformte Stiefel besteht aus einer EVA-Gummimischung und ist leicht zu tragen sowie einfach anzuziehen. Das Modell verf\u00fcgt \u00fcber eine ger\u00e4umige Schn\u00fcrung, auch im oberen Bereich. Der wasserdichte Stiefel ist f\u00fcr den Wintereinsatz geeignet und das Material widersteht K\u00e4lte bis zu -40\u00b0C, jedoch nicht mehr als +40\u00b0C W\u00e4rme. [&#8230;]\n","protected":false},"featured_media":275973,"comment_status":"open","ping_status":"closed","template":"","meta":[],"product_brand":[],"product_cat":[2679,1385],"product_tag":[],"class_list":{"0":"post-279923","1":"product","2":"type-product","3":"status-publish","4":"has-post-thumbnail","6":"product_cat-gummistovlar","7":"product_cat-gummistiefel","8":"product_shipping_class-medium-de","10":"first","11":"instock","12":"taxable","13":"shipping-taxable","14":"purchasable","15":"product-type-variable"},"composite_virtual":false,"composite_layout":"","composite_add_to_cart_form_location":"","composite_editable_in_cart":false,"composite_sold_individually_context":"","composite_shop_price_calc":"","composite_components":[],"composite_scenarios":[],"group_of_quantity":0,"min_quantity":0,"max_quantity":"","exclude_order_quantity_value_rules":"no","exclude_category_quantity_rules":"no","combine_variations":"no","exclude_global_add_ons":[],"addons":[],"_links":{"self":[{"href":"https:\/\/www.huntersfriend.eu\/de\/wp-json\/wp\/v2\/product\/279923","targetHints":{"allow":["GET"]}}],"collection":[{"href":"https:\/\/www.huntersfriend.eu\/de\/wp-json\/wp\/v2\/product"}],"about":[{"href":"https:\/\/www.huntersfriend.eu\/de\/wp-json\/wp\/v2\/types\/product"}],"replies":[{"embeddable":true,"href":"https:\/\/www.huntersfriend.eu\/de\/wp-json\/wp\/v2\/comments?post=279923"}],"wp:featuredmedia":[{"embeddable":true,"href":"https:\/\/www.huntersfriend.eu\/de\/wp-json\/wp\/v2\/media\/275973"}],"wp:attachment":[{"href":"https:\/\/www.huntersfriend.eu\/de\/wp-json\/wp\/v2\/media?parent=279923"}],"wp:term":[{"taxonomy":"product_brand","embeddable":true,"href":"https:\/\/www.huntersfriend.eu\/de\/wp-json\/wp\/v2\/product_brand?post=279923"},{"taxonomy":"product_cat","embeddable":true,"href":"https:\/\/www.huntersfriend.eu\/de\/wp-json\/wp\/v2\/product_cat?post=279923"},{"taxonomy":"product_tag","embeddable":true,"href":"https:\/\/www.huntersfriend.eu\/de\/wp-json\/wp\/v2\/product_tag?post=279923"}],"curies":[{"name":"wp","href":"https:\/\/api.w.org\/{rel}","templated":true}]}}