{"id":279921,"date":"2024-12-03T11:53:36","date_gmt":"2024-12-03T09:53:36","guid":{"rendered":"https:\/\/www.huntersfriend.eu\/product\/mathews-lift-x-29-5-individualbogen\/"},"modified":"2025-11-19T10:43:28","modified_gmt":"2025-11-19T08:43:28","slug":"mathews-lift-x-29-5-individualbogen","status":"publish","type":"product","link":"https:\/\/www.huntersfriend.eu\/de\/produkt\/mathews-lift-x-29-5-individualbogen\/","title":{"rendered":"Mathews lift x 29.5 Individualbogen"},"content":{"rendered":"<p><span data-text-color=\"alert\"><strong>Bitte \u00fcberpr\u00fcfen Sie unsere Mathews Lift X 29.5 Lagerbestandsseite, um festzustellen, ob wir den Bogen vorr\u00e4tig haben, bevor Sie hier bestellen. Sie k\u00f6nnen uns auch direkt kontaktieren, um weitere Informationen \u00fcber Verf\u00fcgbarkeit und Lieferzeiten zu erhalten.  <\/strong><\/span><\/p>\n<p>Der LIFT X 2025 bringt bislang unerreichte Ebenen der Feinabstimmung und Anpassung f\u00fcr jeden Bogenj\u00e4ger. Mit unserer patentierten Limb Shift\u2122 Technologie (LST) erm\u00f6glicht der LIFT X Bogensch\u00fctzen, ihre Einstellung mit einer einfachen Drehung des Schraubenschl\u00fcssels mikrogenau anzupassen, ohne dass eine Bogenpresse erforderlich ist. Die ARC7\u2122 Wurfarmtechnologie liefert die haltbarsten und effizientesten Wurfarme, die wir je entwickelt haben, und das v\u00f6llig neue BOND\u2122 Griffsystem passt den Kontaktpunkt f\u00fcr jeden Sch\u00fctzen individuell an. Der LIFT X ist der n\u00e4chste Ausdruck unseres Strebens nach Exzellenz und repr\u00e4sentiert den Gipfel der Bogentechnologie.   <\/p>\n<p>Standh\u00f6he: 6&#8243;<\/p>\n<p>IBO-Bewertung: bis zu 348 FPS<\/p>\n<p>Achse zu Achse: 29,5&#8243;<\/p>\n<p>Zuggewicht: 55, 60, 65, 70, 75 &amp; 80<\/p>\n<p>Zuggewichte: 24,5 \u201e-30\u201c<\/p>\n<p>Let-off: 80 oder 85%<\/p>\n<p>Physisches Gewicht: 3,99 LBS<\/p>\n<p>NOCKENPROFIL: SwitchWeight x<\/p>\n<h2>Limb Shift Technologie<\/h2>\n<p>Unsere patentierte Limb ShiftTM Technologie (LST) ist ein neuartiges Tuning-System, das dem Bogensch\u00fctzen erm\u00f6glicht, den Wurfarmkanal ohne Bogenpresse mikrogenau einzustellen. Durch die Fixierung des Nockenpunkts optimiert die Limb Shift Technologie die Wurfarmbalance und -belastung innerhalb des Wurfarmkanals, was zu einer effizienteren und effektiveren Abstimmung f\u00fchrt. <\/p>\n<h2>ARC7 Wurfarmtechnologie<\/h2>\n<p>Wir haben ein neues Wurfarmmaterial und einen mehrstufigen Herstellungsprozess entwickelt, um Stabilit\u00e4t und Konsistenz \u00fcber die gesamte Produktionslinie hinweg zu gew\u00e4hrleisten. Das Ergebnis ist ein v\u00f6llig neuer Wurfarm, der w\u00e4hrend der gesamten Belastungssequenz haltbarer und effizienter ist als jeder Wurfarm, den wir bisher hergestellt haben. <\/p>\n<h2>BOND Griffsystem<\/h2>\n<p>Nach der Vermessung der Griffe hunderter Bogensch\u00fctzen wurde das v\u00f6llig neue BOND Griffsystem entwickelt. Jeder BOND Griff, konstruiert aus einer haltbaren Polymerbasis, wurde f\u00fcr \u00fcberlegene Ergonomie konzipiert und verf\u00fcgt \u00fcber eine strukturierte Gummigriffoberfl\u00e4che, um den Halt dort zu verbessern, wo er am dringendsten ben\u00f6tigt wird. <\/p>\n","protected":false},"excerpt":{"rendered":"<p>Bitte \u00fcberpr\u00fcfen Sie unsere Mathews Lift X 29.5 Lagerbestandsseite, um festzustellen, ob wir den Bogen vorr\u00e4tig haben, bevor Sie hier bestellen. Sie k\u00f6nnen uns auch direkt kontaktieren, um weitere Informationen \u00fcber Verf\u00fcgbarkeit und Lieferzeiten zu erhalten. Der LIFT X 2025 bringt bislang unerreichte Ebenen der Feinabstimmung und Anpassung f\u00fcr jeden Bogenj\u00e4ger. Mit unserer patentierten Limb [&#8230;]\n","protected":false},"featured_media":275634,"comment_status":"open","ping_status":"closed","template":"","meta":[],"product_brand":[],"product_cat":[1125],"product_tag":[],"class_list":{"0":"post-279921","1":"product","2":"type-product","3":"status-publish","4":"has-post-thumbnail","6":"product_cat-compoundbogen-blank","8":"first","9":"onbackorder","10":"taxable","11":"shipping-taxable","12":"purchasable","13":"product-type-simple"},"composite_virtual":false,"composite_layout":"","composite_add_to_cart_form_location":"","composite_editable_in_cart":false,"composite_sold_individually_context":"","composite_shop_price_calc":"","composite_components":[],"composite_scenarios":[],"group_of_quantity":0,"min_quantity":0,"max_quantity":"","exclude_order_quantity_value_rules":"no","exclude_category_quantity_rules":"no","combine_variations":"no","exclude_global_add_ons":false,"addons":[{"name":"Bogenhand","type":"multiple_choice","position":0,"required":true,"title_format":"label","default":"","description_enable":false,"description":null,"placeholder_enable":false,"placeholder":null,"display":"select","restrictions_type":"any_text","adjust_price":false,"price":"","price_type":"flat_fee","restrictions":false,"min":"0","max":"0","options":[{"label":"Rechte Hand","price":"","price_type":"flat_fee","image":0,"visibility":true},{"label":"Linke Hand","price":"","price_type":"flat_fee","image":0,"visibility":true}],"id":1733753939},{"name":"Farbe","type":"multiple_choice","position":1,"required":true,"title_format":"label","default":"","description_enable":false,"description":null,"placeholder_enable":false,"placeholder":null,"display":"select","restrictions_type":"any_text","adjust_price":false,"price":"","price_type":"flat_fee","restrictions":false,"min":"0","max":"0","options":[{"label":"Schwarz","price":"","price_type":"flat_fee","image":0,"visibility":true},{"label":"Erdfarben","price":"","price_type":"flat_fee","image":0,"visibility":true},{"label":"Tarngr\u00fcn","price":"","price_type":"flat_fee","image":0,"visibility":true},{"label":"Schiefer","price":"","price_type":"flat_fee","image":0,"visibility":true},{"label":"Mossy Oak Bottomland","price":"","price_type":"flat_fee","image":0,"visibility":true},{"label":"Kuiu Verde","price":"","price_type":"flat_fee","image":0,"visibility":true},{"label":"First Lite Spectre","price":"","price_type":"flat_fee","image":0,"visibility":true},{"label":"Optifade Subalpine","price":"","price_type":"flat_fee","image":0,"visibility":true},{"label":"Schiefergrau \u00fcbergehend in Schwarz","price":"","price_type":"flat_fee","image":0,"visibility":true},{"label":"Erdfarben \u00fcbergehend in Schwarz","price":"","price_type":"flat_fee","image":0,"visibility":true},{"label":"Gr\u00fcner Hinterhalt \u00fcbergehend in Schwarz","price":"","price_type":"flat_fee","image":0,"visibility":true}],"id":1733753940},{"name":"Zuggewicht","type":"multiple_choice","position":2,"required":true,"title_format":"label","default":"","description_enable":false,"description":null,"placeholder_enable":false,"placeholder":null,"display":"select","restrictions_type":"any_text","adjust_price":false,"price":"","price_type":"flat_fee","restrictions":false,"min":"0","max":"0","options":[{"label":"45-55","price":"","price_type":"flat_fee","image":0,"visibility":true},{"label":"50-60","price":"","price_type":"flat_fee","image":0,"visibility":true},{"label":"55-65","price":"","price_type":"flat_fee","image":0,"visibility":true},{"label":"60-70","price":"","price_type":"flat_fee","image":0,"visibility":true},{"label":"65-75","price":"","price_type":"flat_fee","image":0,"visibility":true},{"label":"70-80","price":"","price_type":"flat_fee","image":0,"visibility":true}],"id":1733753941},{"name":"Auszugsl\u00e4nge","type":"multiple_choice","position":3,"required":true,"title_format":"label","default":"","description_enable":false,"description":null,"placeholder_enable":false,"placeholder":null,"display":"select","restrictions_type":"any_text","adjust_price":false,"price":"","price_type":"flat_fee","restrictions":false,"min":"0","max":"0","options":[{"label":"24,5\" - Modul L","price":"","price_type":"flat_fee","image":0,"visibility":true},{"label":"25\" - Modul K","price":"","price_type":"flat_fee","image":0,"visibility":true},{"label":"25,5\" - Modul J","price":"","price_type":"flat_fee","image":0,"visibility":true},{"label":"26\" - Modul I","price":"","price_type":"flat_fee","image":0,"visibility":true},{"label":"26,5\" - Modul H","price":"","price_type":"flat_fee","image":0,"visibility":true},{"label":"27\" - Modul G","price":"","price_type":"flat_fee","image":0,"visibility":true},{"label":"27,5\" - Modul F","price":"","price_type":"flat_fee","image":0,"visibility":true},{"label":"28\" - Modul E","price":"","price_type":"flat_fee","image":0,"visibility":true},{"label":"28,5\" - Modul D","price":"","price_type":"flat_fee","image":0,"visibility":true},{"label":"29\" - Modul C","price":"","price_type":"flat_fee","image":0,"visibility":true},{"label":"29,5\" - Modul B","price":"","price_type":"flat_fee","image":0,"visibility":true},{"label":"30\" - Modul A","price":"","price_type":"flat_fee","image":0,"visibility":true}],"id":1733753942}],"_links":{"self":[{"href":"https:\/\/www.huntersfriend.eu\/de\/wp-json\/wp\/v2\/product\/279921","targetHints":{"allow":["GET"]}}],"collection":[{"href":"https:\/\/www.huntersfriend.eu\/de\/wp-json\/wp\/v2\/product"}],"about":[{"href":"https:\/\/www.huntersfriend.eu\/de\/wp-json\/wp\/v2\/types\/product"}],"replies":[{"embeddable":true,"href":"https:\/\/www.huntersfriend.eu\/de\/wp-json\/wp\/v2\/comments?post=279921"}],"wp:featuredmedia":[{"embeddable":true,"href":"https:\/\/www.huntersfriend.eu\/de\/wp-json\/wp\/v2\/media\/275634"}],"wp:attachment":[{"href":"https:\/\/www.huntersfriend.eu\/de\/wp-json\/wp\/v2\/media?parent=279921"}],"wp:term":[{"taxonomy":"product_brand","embeddable":true,"href":"https:\/\/www.huntersfriend.eu\/de\/wp-json\/wp\/v2\/product_brand?post=279921"},{"taxonomy":"product_cat","embeddable":true,"href":"https:\/\/www.huntersfriend.eu\/de\/wp-json\/wp\/v2\/product_cat?post=279921"},{"taxonomy":"product_tag","embeddable":true,"href":"https:\/\/www.huntersfriend.eu\/de\/wp-json\/wp\/v2\/product_tag?post=279921"}],"curies":[{"name":"wp","href":"https:\/\/api.w.org\/{rel}","templated":true}]}}