{"id":279918,"date":"2024-12-16T09:19:45","date_gmt":"2024-12-16T07:19:45","guid":{"rendered":"https:\/\/www.huntersfriend.eu\/product\/mathews-engage-bogenstativ\/"},"modified":"2025-10-29T12:36:16","modified_gmt":"2025-10-29T10:36:16","slug":"mathews-engage-bogenstativ","status":"publish","type":"product","link":"https:\/\/www.huntersfriend.eu\/de\/produkt\/mathews-engage-bogenstativ\/","title":{"rendered":"Mathews Engage Bogenstativ"},"content":{"rendered":"<p>Die neuen Engage\u00ae Limb Legs\u00ae sind einfach, ger\u00e4uschlos und benutzerfreundlich. Sie balancieren den Bogen aus, ohne dass die Nocke oder der Stabilisator den Boden ber\u00fchren m\u00fcssen. Zudem k\u00f6nnen sie w\u00e4hrend des Schie\u00dfens am Bogen verbleiben. <\/p>\n<ul>\n<li>Standard &#8211; konzipiert f\u00fcr Mathews Plattformen mit breiten Wurfarmauflagen &#8211; Phase4, Image, V3X, V3, Atlas, VXR, Vertix, Traverse, TX-5, Triax, Halon, Halon 32<\/li>\n<li>Slim &#8211; konzipiert f\u00fcr Mathews Plattformen mit schmalen Wurfarmauflagen &#8211; Prima, Avail, Stoke, HTR, HTX<\/li>\n<li>EXO &#8211; speziell f\u00fcr die Modelle LIFT und Lift X des Jahres 2024 entwickelt und nicht kompatibel mit Bogenmodellen vor 2024.<\/li>\n<\/ul>\n","protected":false},"excerpt":{"rendered":"<p>Die neuen Engage\u00ae Limb Legs\u00ae sind einfach, ger\u00e4uschlos und benutzerfreundlich. Sie balancieren den Bogen aus, ohne dass die Nocke oder der Stabilisator den Boden ber\u00fchren m\u00fcssen. Zudem k\u00f6nnen sie w\u00e4hrend des Schie\u00dfens am Bogen verbleiben. Standard &#8211; konzipiert f\u00fcr Mathews Plattformen mit breiten Wurfarmauflagen &#8211; Phase4, Image, V3X, V3, Atlas, VXR, Vertix, Traverse, TX-5, Triax, [&#8230;]\n","protected":false},"featured_media":225997,"comment_status":"open","ping_status":"closed","template":"","meta":[],"product_brand":[],"product_cat":[2151],"product_tag":[],"class_list":{"0":"post-279918","1":"product","2":"type-product","3":"status-publish","4":"has-post-thumbnail","6":"product_cat-bogenstative-diverses","8":"first","9":"instock","10":"sale","11":"taxable","12":"shipping-taxable","13":"purchasable","14":"product-type-variable"},"composite_virtual":false,"composite_layout":"","composite_add_to_cart_form_location":"","composite_editable_in_cart":false,"composite_sold_individually_context":"","composite_shop_price_calc":"","composite_components":[],"composite_scenarios":[],"group_of_quantity":0,"min_quantity":0,"max_quantity":"","exclude_order_quantity_value_rules":"no","exclude_category_quantity_rules":"no","combine_variations":"no","exclude_global_add_ons":[],"addons":[],"_links":{"self":[{"href":"https:\/\/www.huntersfriend.eu\/de\/wp-json\/wp\/v2\/product\/279918","targetHints":{"allow":["GET"]}}],"collection":[{"href":"https:\/\/www.huntersfriend.eu\/de\/wp-json\/wp\/v2\/product"}],"about":[{"href":"https:\/\/www.huntersfriend.eu\/de\/wp-json\/wp\/v2\/types\/product"}],"replies":[{"embeddable":true,"href":"https:\/\/www.huntersfriend.eu\/de\/wp-json\/wp\/v2\/comments?post=279918"}],"wp:featuredmedia":[{"embeddable":true,"href":"https:\/\/www.huntersfriend.eu\/de\/wp-json\/wp\/v2\/media\/225997"}],"wp:attachment":[{"href":"https:\/\/www.huntersfriend.eu\/de\/wp-json\/wp\/v2\/media?parent=279918"}],"wp:term":[{"taxonomy":"product_brand","embeddable":true,"href":"https:\/\/www.huntersfriend.eu\/de\/wp-json\/wp\/v2\/product_brand?post=279918"},{"taxonomy":"product_cat","embeddable":true,"href":"https:\/\/www.huntersfriend.eu\/de\/wp-json\/wp\/v2\/product_cat?post=279918"},{"taxonomy":"product_tag","embeddable":true,"href":"https:\/\/www.huntersfriend.eu\/de\/wp-json\/wp\/v2\/product_tag?post=279918"}],"curies":[{"name":"wp","href":"https:\/\/api.w.org\/{rel}","templated":true}]}}