{"id":279907,"date":"2024-12-14T01:32:06","date_gmt":"2024-12-13T23:32:06","guid":{"rendered":"https:\/\/www.huntersfriend.eu\/product\/baffin-control-max-winterstiefel\/"},"modified":"2026-02-15T11:50:15","modified_gmt":"2026-02-15T09:50:15","slug":"baffin-control-max-winterstiefel","status":"publish","type":"product","link":"https:\/\/www.huntersfriend.eu\/de\/produkt\/baffin-control-max-winterstiefel\/","title":{"rendered":"Baffin control Max Winterstiefel"},"content":{"rendered":"<p>Wasserdicht und robust, gefertigt aus braunem versiegeltem Wildleder und thermoplastischem Gummi. Mit 7-schichtigem, herausnehmbarem Innenschuh f\u00fcr warme F\u00fc\u00dfe. Hoher Tragekomfort dank Waffelsohle, flexibler Zwischensohle und Ice-Paw-Laufsohle mit hoher Trittsicherheit. Passt gut in Schneeschuhe.   <\/p>\n<div class=\"product-features__element product-features__item product-features__item-grey\">\n<div class=\"product-features__item-name\">Schafth\u00f6he &#8211; 28 cm<\/div>\n<\/div>\n<div class=\"product-features__element product-features__item product-features__item-grey product-features__item-left\">\n<div class=\"product-features__item-name\">Hersteller &#8211; baffin<\/div>\n<\/div>\n<div class=\"product-features__element product-features__item\">\n<div class=\"product-features__item-name\">Produktart &#8211; Winterstiefel<\/div>\n<\/div>\n<div class=\"product-features__element product-features__item product-features__item-left\">\n<div class=\"product-features__item-name\">Modellbeschreibung &#8211; control Max<\/div>\n<\/div>\n<div class=\"product-features__element product-features__item product-features__item-grey\">\n<div class=\"product-features__item-name\">Einsatzbereich &#8211; Jagd und Wandern<\/div>\n<\/div>\n<div class=\"product-features__element product-features__item product-features__item-grey product-features__item-left\">\n<div class=\"product-features__item-name\">Eigenschaften:<\/div>\n<div class=\"product-features__item-value\">\n<div class=\"product-features__item-value-element\">Warme Isolierung<\/div>\n<\/div>\n<\/div>\n<div class=\"product-features__element product-features__item\">\n<div class=\"product-features__item-name\">F\u00fcr Herren<\/div>\n<\/div>\n<div class=\"product-features__element product-features__item product-features__item-left\">\n<div class=\"product-features__item-name\">Wasserdichtigkeit<\/div>\n<div class=\"product-features__item-value\">\n<div class=\"product-features__item-value-element\">Wasserdicht \/ wasserfest<\/div>\n<\/div>\n<\/div>\n<div class=\"product-features__element product-features__item product-features__item-grey\"><\/div>\n<div class=\"product-features__element product-features__item\">\n<div class=\"product-features__item-value\">\n<div class=\"product-features__item-value-element\">\n<p>Der neue Control Max Winterstiefel aus braunem, versiegeltem und wasserdichtem Wildleder wurde erneut verbessert. Der Herrenstiefel eignet sich besonders f\u00fcr Schneewanderungen und f\u00fcr den Jagdansitz. Dank seines 7-schichtigen, herausnehmbaren Innenschuhs bleiben Ihre F\u00fc\u00dfe auch bei extremen Temperaturen warm und trocken. Die Waffelsohle bietet optimale Isolierung und hohen Tragekomfort. Die flexible Zwischensohle sch\u00fctzt die F\u00fc\u00dfe optimal, sodass sie auch nach langen Tagen im Gel\u00e4nde nicht erm\u00fcden. Die \u201eIce Paw\u201c-Au\u00dfensohle des Control Max wurde speziell f\u00fcr das Gehen auf Eis und Schnee entwickelt und verbindet ein hohes Ma\u00df an Trittsicherheit mit einem hohen K\u00e4lteschutz. Die verbesserte Oberschale des Control Max bietet die bestm\u00f6gliche Passform in Schneeschuhen. Der Schuh basiert auf thermoplastischem Gummi, der im Vergleich zu vulkanisiertem Gummi eine bessere W\u00e4rmespeicherung, mehr Flexibilit\u00e4t und eine h\u00f6here Haltbarkeit bietet. H\u00f6he 28 cm, Gewicht 2000 g (Gr\u00f6\u00dfe 9).        <\/p>\n<p>Die angegebenen US-Gr\u00f6\u00dfen sind Herren-US-Gr\u00f6\u00dfen!<\/p>\n<p>Die Gr\u00f6\u00dfe der Baffin Control Max Winterstiefel f\u00e4llt kleiner aus als \u00fcblich! Wir empfehlen Ihnen daher, eine Gr\u00f6\u00dfe gr\u00f6\u00dfer als normal zu bestellen. <\/p>\n<\/div>\n<\/div>\n<\/div>\n","protected":false},"excerpt":{"rendered":"<p>Wasserdicht und robust, gefertigt aus braunem versiegeltem Wildleder und thermoplastischem Gummi. Mit 7-schichtigem, herausnehmbarem Innenschuh f\u00fcr warme F\u00fc\u00dfe. Hoher Tragekomfort dank Waffelsohle, flexibler Zwischensohle und Ice-Paw-Laufsohle mit hoher Trittsicherheit. Passt gut in Schneeschuhe. Schafth\u00f6he &#8211; 28 cm Hersteller &#8211; baffin Produktart &#8211; Winterstiefel Modellbeschreibung &#8211; control Max Einsatzbereich &#8211; Jagd und Wandern Eigenschaften: Warme Isolierung [&#8230;]\n","protected":false},"featured_media":275977,"comment_status":"open","ping_status":"closed","template":"","meta":[],"product_brand":[],"product_cat":[1207],"product_tag":[],"class_list":{"0":"post-279907","1":"product","2":"type-product","3":"status-publish","4":"has-post-thumbnail","6":"product_cat-winter-jagd-stiefel","7":"product_shipping_class-medium-de","9":"first","10":"instock","11":"taxable","12":"shipping-taxable","13":"purchasable","14":"product-type-variable"},"composite_virtual":false,"composite_layout":"","composite_add_to_cart_form_location":"","composite_editable_in_cart":false,"composite_sold_individually_context":"","composite_shop_price_calc":"","composite_components":[],"composite_scenarios":[],"group_of_quantity":0,"min_quantity":0,"max_quantity":"","exclude_order_quantity_value_rules":"no","exclude_category_quantity_rules":"no","combine_variations":"no","exclude_global_add_ons":[],"addons":[],"_links":{"self":[{"href":"https:\/\/www.huntersfriend.eu\/de\/wp-json\/wp\/v2\/product\/279907","targetHints":{"allow":["GET"]}}],"collection":[{"href":"https:\/\/www.huntersfriend.eu\/de\/wp-json\/wp\/v2\/product"}],"about":[{"href":"https:\/\/www.huntersfriend.eu\/de\/wp-json\/wp\/v2\/types\/product"}],"replies":[{"embeddable":true,"href":"https:\/\/www.huntersfriend.eu\/de\/wp-json\/wp\/v2\/comments?post=279907"}],"wp:featuredmedia":[{"embeddable":true,"href":"https:\/\/www.huntersfriend.eu\/de\/wp-json\/wp\/v2\/media\/275977"}],"wp:attachment":[{"href":"https:\/\/www.huntersfriend.eu\/de\/wp-json\/wp\/v2\/media?parent=279907"}],"wp:term":[{"taxonomy":"product_brand","embeddable":true,"href":"https:\/\/www.huntersfriend.eu\/de\/wp-json\/wp\/v2\/product_brand?post=279907"},{"taxonomy":"product_cat","embeddable":true,"href":"https:\/\/www.huntersfriend.eu\/de\/wp-json\/wp\/v2\/product_cat?post=279907"},{"taxonomy":"product_tag","embeddable":true,"href":"https:\/\/www.huntersfriend.eu\/de\/wp-json\/wp\/v2\/product_tag?post=279907"}],"curies":[{"name":"wp","href":"https:\/\/api.w.org\/{rel}","templated":true}]}}