{"id":279904,"date":"2024-11-28T11:02:37","date_gmt":"2025-06-23T06:46:38","guid":{"rendered":"https:\/\/www.huntersfriend.eu\/product\/easton-arrow-case-deluxe\/"},"modified":"2025-08-02T03:48:33","modified_gmt":"2025-08-02T01:48:33","slug":"easton-arrow-case-deluxe","status":"publish","type":"product","link":"https:\/\/www.huntersfriend.eu\/de\/produkt\/easton-arrow-case-deluxe\/","title":{"rendered":"Easton Arrow Case Deluxe"},"content":{"rendered":"<ul>\n<li>Das Deluxe-Modell bietet umfassenden Schutz und Organisation<\/li>\n<li>Das strapazierf\u00e4hige \u00c4u\u00dfere sch\u00fctzt die Pfeile vor St\u00f6\u00dfen<\/li>\n<li>Verstellbare Trennw\u00e4nde passen sich unterschiedlichen Pfeill\u00e4ngen und -typen an<\/li>\n<\/ul>\n<p>Erh\u00e4ltlich in zwei Gr\u00f6\u00dfen f\u00fcr 18 oder 24 Pfeile<\/p>\n","protected":false},"excerpt":{"rendered":"<p>Das Deluxe-Modell bietet umfassenden Schutz und Organisation Das strapazierf\u00e4hige \u00c4u\u00dfere sch\u00fctzt die Pfeile vor St\u00f6\u00dfen Verstellbare Trennw\u00e4nde passen sich unterschiedlichen Pfeill\u00e4ngen und -typen an Erh\u00e4ltlich in zwei Gr\u00f6\u00dfen f\u00fcr 18 oder 24 Pfeile<\/p>\n","protected":false},"featured_media":275224,"comment_status":"open","ping_status":"closed","template":"","meta":[],"product_brand":[],"product_cat":[1180,1086,1255],"product_tag":[],"class_list":{"0":"post-279904","1":"product","2":"type-product","3":"status-publish","4":"has-post-thumbnail","6":"product_cat-sonstige-pfeilbauwerkzeuge","7":"product_cat-pfeil-rohre-und-taschen","8":"product_cat-werkzeuge-und-verschiedenes-bogenschiessen","10":"first","11":"instock","12":"taxable","13":"shipping-taxable","14":"purchasable","15":"product-type-variable"},"composite_virtual":false,"composite_layout":"","composite_add_to_cart_form_location":"","composite_editable_in_cart":false,"composite_sold_individually_context":"","composite_shop_price_calc":"","composite_components":[],"composite_scenarios":[],"group_of_quantity":0,"min_quantity":0,"max_quantity":"","exclude_order_quantity_value_rules":"no","exclude_category_quantity_rules":"no","combine_variations":"no","exclude_global_add_ons":[],"addons":[],"_links":{"self":[{"href":"https:\/\/www.huntersfriend.eu\/de\/wp-json\/wp\/v2\/product\/279904","targetHints":{"allow":["GET"]}}],"collection":[{"href":"https:\/\/www.huntersfriend.eu\/de\/wp-json\/wp\/v2\/product"}],"about":[{"href":"https:\/\/www.huntersfriend.eu\/de\/wp-json\/wp\/v2\/types\/product"}],"replies":[{"embeddable":true,"href":"https:\/\/www.huntersfriend.eu\/de\/wp-json\/wp\/v2\/comments?post=279904"}],"wp:featuredmedia":[{"embeddable":true,"href":"https:\/\/www.huntersfriend.eu\/de\/wp-json\/wp\/v2\/media\/275224"}],"wp:attachment":[{"href":"https:\/\/www.huntersfriend.eu\/de\/wp-json\/wp\/v2\/media?parent=279904"}],"wp:term":[{"taxonomy":"product_brand","embeddable":true,"href":"https:\/\/www.huntersfriend.eu\/de\/wp-json\/wp\/v2\/product_brand?post=279904"},{"taxonomy":"product_cat","embeddable":true,"href":"https:\/\/www.huntersfriend.eu\/de\/wp-json\/wp\/v2\/product_cat?post=279904"},{"taxonomy":"product_tag","embeddable":true,"href":"https:\/\/www.huntersfriend.eu\/de\/wp-json\/wp\/v2\/product_tag?post=279904"}],"curies":[{"name":"wp","href":"https:\/\/api.w.org\/{rel}","templated":true}]}}