{"id":279903,"date":"2024-12-03T11:53:37","date_gmt":"2025-06-23T06:46:38","guid":{"rendered":"https:\/\/www.huntersfriend.eu\/product\/darton-departure-pro-bogen\/"},"modified":"2025-06-23T08:46:38","modified_gmt":"2025-06-23T06:46:38","slug":"darton-departure-pro-bogen","status":"publish","type":"product","link":"https:\/\/www.huntersfriend.eu\/de\/produkt\/darton-departure-pro-bogen\/","title":{"rendered":"Darton Departure Pro Bogen"},"content":{"rendered":"<p><span data-text-color=\"alert\"><strong>Bitte \u00fcberpr\u00fcfen Sie unsere Darton Departure Pro &#8211; Auf Lager Seite, um zu sehen, ob wir den Bogen vorr\u00e4tig haben, bevor Sie hier bestellen. Sie k\u00f6nnen uns auch direkt kontaktieren, um weitere Informationen \u00fcber Verf\u00fcgbarkeit und Lieferzeiten zu erhalten. <\/strong><\/span><\/p>\n<p><strong>Darton Departure Pro und Pro SD: Ein Pr\u00e4zisionsmeisterwerk<\/strong><\/p>\n<p><strong><span data-fontweight=\"300\">Der Darton Departure Pro und Pro SD ist ein Hochleistungs-Compoundbogen, der speziell f\u00fcr das Zielschie\u00dfen konzipiert wurde. Er baut auf dem beispiellosen Erfolg seines Vorg\u00e4ngers, dem Exodus, auf und integriert mehrere innovative Funktionen, die seine Pr\u00e4zision, Abstimmbarkeit und Vielseitigkeit verbessern. Mit einem Satz Speed Mods, bahnbrechenden &#8218;Perfect Timing&#8216; verstellbaren Jochaufh\u00e4ngungen (Patent angemeldet) und dem &#8218;Perfect Tune&#8216; verstellbaren Wurfarmtaschen-System (Patent angemeldet) zeichnet sich dieser Compoundbogen durch un\u00fcbertroffene Pr\u00e4zision und Leistung aus. Diese hochmodernen Innovationen garantieren optimale Funktionalit\u00e4t und einen bemerkenswert gleichm\u00e4\u00dfigen Auszug, was zu konstanter Genauigkeit Schuss f\u00fcr Schuss f\u00fchrt.   <\/span>.<\/strong><\/p>\n<p>Der am einfachsten einzustellende Zielbogen aller Zeiten<\/p>\n<p><span data-fontweight=\"300\">Die Darton Departure Pro und Pro SD sind Hochleistungs-Zielcompoundb\u00f6gen, die bemerkenswert einfach abzustimmen sind. Dieser Bogen wurde mit Benutzerfreundlichkeit im Sinn entworfen und erm\u00f6glicht schnelle und unkomplizierte Anpassungen, was ihn sowohl f\u00fcr erfahrene Bogensch\u00fctzen als auch f\u00fcr Anf\u00e4nger zug\u00e4nglich macht. Verbringen Sie weniger Zeit mit der Feinabstimmung und mehr Zeit mit der Perfektionierung Ihres Schusses, dank seiner innovativen Funktionen, die den Abstimmungs- und Timing-Prozess vereinfachen. Wenn Sie Pr\u00e4zision und Leistung suchen, sind der Darton Departure Pro und Pro SD die richtige Wahl f\u00fcr Sie.   <\/span><\/p>\n<div id=\"s-66742aca-1234-4f84-9cc7-cba8ebdf7d05\" class=\"shg-c \">\n<div class=\"shg-rich-text shg-theme-text-content\">\n<p>MERKMALE BEINHALTEN<\/p>\n<ul>\n<li>\n<ul>\n<li>\n<ul>\n<li><span data-fontfamily=\"Oswald\">7075 BBS Dual Sync Nocken (6,990,970 B1)<\/span><\/li>\n<li><span data-fontfamily=\"Oswald\">Oder BBS Dual Sync SD Nocken (6,990,970 B1)<\/span><\/li>\n<li><span data-fontfamily=\"Oswald\">1\/4&#8243; Rundkopf-Achsen (Keine E-Clips mehr)<\/span><\/li>\n<li><span data-fontfamily=\"Oswald\">5\/8&#8243; Lager<\/span><\/li>\n<li><span data-fontfamily=\"Oswald\">(Perfect Tune) Verstellbare Wurfarmtaschen (Patent angemeldet)<\/span><\/li>\n<li><span data-fontfamily=\"Oswald\">(Perfect Timing) Verstellbare Joch-Aufh\u00e4ngung (Zum Patent angemeldet)<\/span><\/li>\n<li><span data-fontfamily=\"Oswald\">Speed Mod enthalten (nicht installiert) f\u00fcr zus\u00e4tzliche 5-6 FPS.<\/span><\/li>\n<li><span data-fontfamily=\"Oswald\">Rollenf\u00fchrung<\/span><\/li>\n<li><span data-fontfamily=\"Oswald\">Zwei S\u00e4tze Auszugsstopppfosten zur Einstellung Ihrer Abzugsreduzierung.<\/span><\/li>\n<li><span data-fontfamily=\"Oswald\">Patentierte Tiefrillen-Nocke (#8,714,143)<\/span><\/li>\n<li><span data-fontfamily=\"Oswald\">Leicht zu entfernende Module<\/span><\/li>\n<\/ul>\n<\/li>\n<\/ul>\n<\/li>\n<\/ul>\n<\/div>\n<\/div>\n<div id=\"s-f2f68932-c758-49b4-993c-d7d30de1de24\" class=\"shg-c \">\n<div class=\"shg-rich-text shg-theme-text-content\">\n<p>PR\u00c4ZISIONSSPEZIFIKATIONEN<\/p>\n<p>DEPARTURE PRO:<\/p>\n<ul>\n<li>\n<ul>\n<li>\n<ul>\n<li><strong>GESCHWINDIGKEIT: <\/strong>REAL 322-323 FPS<\/li>\n<li><strong>GESCHWINDIGKEIT MIT SPEED MOD: <\/strong>REAL 328-329 FPS<\/li>\n<li><strong>GESCHWINDIGKEIT MIT 75% MODUL:<\/strong> TATS\u00c4CHLICH 331-332 FPS (MODUL SEPARAT ERH\u00c4LTLICH)<\/li>\n<li><strong>ACHSABSTAND: <\/strong>37&#8243;<\/li>\n<li><strong>STANDH\u00d6HE: <\/strong>7 1\/8&#8243;<\/li>\n<li><strong>GEWICHT: <\/strong>4,85 LBS.<\/li>\n<li><strong>AUSZUGSL\u00c4NGEN: <\/strong>27,5 \u201e-33\u201c (wird mit Standard-MOD geliefert)<\/li>\n<li><strong>ZUGGEWICHTE: <\/strong>40, 50, 60, 70<\/li>\n<li><strong>ABZUGSREDUZIERUNG: <\/strong>(85%-70% einstellbar) mit Auszugsstopppfosten (2 S\u00e4tze enthalten)<\/li>\n<\/ul>\n<\/li>\n<\/ul>\n<\/li>\n<\/ul>\n<\/div>\n<\/div>\n<div id=\"s-0894cbf3-ef8e-45cd-833e-fb29339bd7cc\" class=\"shg-c \">\n<div class=\"shg-rich-text shg-theme-text-content\">\n<p>DEPARTURE PRO SD:<\/p>\n<ul>\n<li>\n<ul>\n<li>\n<ul>\n<li><strong>GESCHWINDIGKEIT: <\/strong>REAL 326-327 FPS @29,5&#8243;<\/li>\n<li><strong>ACHSABSTAND: <\/strong>37 1\/4&#8243;<\/li>\n<li><strong>STANDH\u00d6HE: <\/strong>7 1\/16&#8243;<\/li>\n<li><strong>GEWICHT: <\/strong>4,8 LBS.<\/li>\n<li><strong>AUSZUGSL\u00c4NGEN: <\/strong>22,5 \u201e-29,5\u201c<\/li>\n<li><strong>ZUGGEWICHTE: <\/strong>40, 50, 60, 70<\/li>\n<li><strong>ABZUGSREDUZIERUNG: <\/strong>(75%)<\/li>\n<\/ul>\n<\/li>\n<\/ul>\n<\/li>\n<\/ul>\n<\/div>\n<\/div>\n","protected":false},"excerpt":{"rendered":"<p>Bitte \u00fcberpr\u00fcfen Sie unsere Darton Departure Pro &#8211; Auf Lager Seite, um zu sehen, ob wir den Bogen vorr\u00e4tig haben, bevor Sie hier bestellen. Sie k\u00f6nnen uns auch direkt kontaktieren, um weitere Informationen \u00fcber Verf\u00fcgbarkeit und Lieferzeiten zu erhalten. Darton Departure Pro und Pro SD: Ein Pr\u00e4zisionsmeisterwerk Der Darton Departure Pro und Pro SD ist [&#8230;]\n","protected":false},"featured_media":275517,"comment_status":"open","ping_status":"closed","template":"","meta":[],"product_brand":[],"product_cat":[1125],"product_tag":[],"class_list":{"0":"post-279903","1":"product","2":"type-product","3":"status-publish","4":"has-post-thumbnail","6":"product_cat-compoundbogen-blank","7":"product_shipping_class-big-de","9":"first","10":"onbackorder","11":"taxable","12":"shipping-taxable","13":"purchasable","14":"product-type-simple"},"composite_virtual":false,"composite_layout":"","composite_add_to_cart_form_location":"","composite_editable_in_cart":false,"composite_sold_individually_context":"","composite_shop_price_calc":"","composite_components":[],"composite_scenarios":[],"group_of_quantity":0,"min_quantity":0,"max_quantity":"","exclude_order_quantity_value_rules":"no","exclude_category_quantity_rules":"no","combine_variations":"no","exclude_global_add_ons":false,"addons":{"3":{"name":"Stil","type":"multiple_choice","position":0,"required":true,"title_format":"label","default":"","description_enable":false,"description":null,"placeholder_enable":false,"placeholder":null,"display":"select","restrictions_type":"any_text","adjust_price":false,"price":"","price_type":"flat_fee","restrictions":false,"min":"0","max":"0","options":[{"label":"Departure Pro","price":"","price_type":"flat_fee","image":0,"visibility":true},{"label":"Departure Pro SD","price":"","price_type":"flat_fee","image":0,"visibility":true}],"id":1733309834},"0":{"name":"Bogenhand","type":"multiple_choice","position":1,"required":true,"title_format":"label","default":"","description_enable":false,"description":null,"placeholder_enable":false,"placeholder":null,"display":"select","restrictions_type":"any_text","adjust_price":false,"price":"","price_type":"flat_fee","restrictions":false,"min":"0","max":"0","options":[{"label":"Rechte Hand","price":"","price_type":"flat_fee","image":0,"visibility":true},{"label":"Linke Hand","price":"","price_type":"flat_fee","image":0,"visibility":true}],"id":1733309474},"1":{"name":"Zuggewicht","type":"multiple_choice","position":2,"required":true,"title_format":"label","default":"","description_enable":false,"description":null,"placeholder_enable":false,"placeholder":null,"display":"select","restrictions_type":"any_text","adjust_price":false,"price":"","price_type":"flat_fee","restrictions":false,"min":"0","max":"0","options":[{"label":"30-40#","price":"","price_type":"flat_fee","image":0,"visibility":true},{"label":"40-50#","price":"","price_type":"flat_fee","image":0,"visibility":true},{"label":"50-60#","price":"","price_type":"flat_fee","image":0,"visibility":true},{"label":"60-70#","price":"","price_type":"flat_fee","image":0,"visibility":true}],"id":1733309476},"2":{"name":"Farbe","type":"multiple_choice","position":3,"required":true,"title_format":"label","default":"","description_enable":false,"description":null,"placeholder_enable":false,"placeholder":null,"display":"select","restrictions_type":"any_text","adjust_price":false,"price":"","price_type":"flat_fee","restrictions":false,"min":"0","max":"0","options":[{"label":"Schwarzer Griff mit schwarzen Wurfarmen","price":"","price_type":"flat_fee","image":0,"visibility":true},{"label":"Candy Purple mit schwarzen Wurfarmen","price":"","price_type":"flat_fee","image":0,"visibility":true},{"label":"Candy Blue mit schwarzen Wurfarmen","price":"","price_type":"flat_fee","image":0,"visibility":true},{"label":"Candy Red mit schwarzen Wurfarmen","price":"","price_type":"flat_fee","image":0,"visibility":true},{"label":"OD Green mit schwarzen Wurfarmen","price":"","price_type":"flat_fee","image":0,"visibility":true},{"label":"Grau mit schwarzen Wurfarmen","price":"","price_type":"flat_fee","image":0,"visibility":true}],"id":1733309475}},"_links":{"self":[{"href":"https:\/\/www.huntersfriend.eu\/de\/wp-json\/wp\/v2\/product\/279903","targetHints":{"allow":["GET"]}}],"collection":[{"href":"https:\/\/www.huntersfriend.eu\/de\/wp-json\/wp\/v2\/product"}],"about":[{"href":"https:\/\/www.huntersfriend.eu\/de\/wp-json\/wp\/v2\/types\/product"}],"replies":[{"embeddable":true,"href":"https:\/\/www.huntersfriend.eu\/de\/wp-json\/wp\/v2\/comments?post=279903"}],"wp:featuredmedia":[{"embeddable":true,"href":"https:\/\/www.huntersfriend.eu\/de\/wp-json\/wp\/v2\/media\/275517"}],"wp:attachment":[{"href":"https:\/\/www.huntersfriend.eu\/de\/wp-json\/wp\/v2\/media?parent=279903"}],"wp:term":[{"taxonomy":"product_brand","embeddable":true,"href":"https:\/\/www.huntersfriend.eu\/de\/wp-json\/wp\/v2\/product_brand?post=279903"},{"taxonomy":"product_cat","embeddable":true,"href":"https:\/\/www.huntersfriend.eu\/de\/wp-json\/wp\/v2\/product_cat?post=279903"},{"taxonomy":"product_tag","embeddable":true,"href":"https:\/\/www.huntersfriend.eu\/de\/wp-json\/wp\/v2\/product_tag?post=279903"}],"curies":[{"name":"wp","href":"https:\/\/api.w.org\/{rel}","templated":true}]}}