{"id":279902,"date":"2024-11-28T01:26:11","date_gmt":"2025-06-23T06:46:37","guid":{"rendered":"https:\/\/www.huntersfriend.eu\/product\/vpa-pfeilspinner\/"},"modified":"2026-03-10T14:30:13","modified_gmt":"2026-03-10T12:30:13","slug":"vpa-pfeilspinner","status":"publish","type":"product","link":"https:\/\/www.huntersfriend.eu\/de\/produkt\/vpa-pfeilspinner\/","title":{"rendered":"VPA Pfeilspinner"},"content":{"rendered":"<p>Vantage Point Archery Pfeilspinner \u2013 das ultimative Werkzeug zur Perfektionierung Ihrer Bogenschie\u00dfausr\u00fcstung. Mit Pr\u00e4zision gefertigt, gew\u00e4hrleistet dieser Spinner, dass Ihre Pfeile wahrheitsgetreu rotieren und f\u00f6rdert somit optimale Flugstabilit\u00e4t und Genauigkeit. Ob Sie nun die Ausrichtung von Jagdspitzen optimieren oder die Geradheit von Pfeilen verifizieren, unser Pfeilspinner ist das bevorzugte Ger\u00e4t f\u00fcr jeden Bogensch\u00fctzen, der darauf bedacht ist, mit Zuversicht ins Schwarze zu treffen. Heben Sie Ihr Schie\u00dferlebnis auf ein neues Niveau \u2013 rotieren Sie mit Pr\u00e4zision, schie\u00dfen Sie mit Genauigkeit.   <\/p>\n","protected":false},"excerpt":{"rendered":"<p>Vantage Point Archery Pfeilspinner \u2013 das ultimative Werkzeug zur Perfektionierung Ihrer Bogenschie\u00dfausr\u00fcstung. Mit Pr\u00e4zision gefertigt, gew\u00e4hrleistet dieser Spinner, dass Ihre Pfeile wahrheitsgetreu rotieren und f\u00f6rdert somit optimale Flugstabilit\u00e4t und Genauigkeit. Ob Sie nun die Ausrichtung von Jagdspitzen optimieren oder die Geradheit von Pfeilen verifizieren, unser Pfeilspinner ist das bevorzugte Ger\u00e4t f\u00fcr jeden Bogensch\u00fctzen, der darauf [&#8230;]\n","protected":false},"featured_media":275215,"comment_status":"open","ping_status":"closed","template":"","meta":[],"product_brand":[],"product_cat":[1175,1180,1254,1256],"product_tag":[],"class_list":{"0":"post-279902","1":"product","2":"type-product","3":"status-publish","4":"has-post-thumbnail","6":"product_cat-pfeilsaegen-und-waagen","7":"product_cat-sonstige-pfeilbauwerkzeuge","8":"product_cat-justage-werkzeuge","9":"product_cat-verschiedenes-bogenschiessen","11":"first","12":"outofstock","13":"taxable","14":"shipping-taxable","15":"purchasable","16":"product-type-simple"},"composite_virtual":false,"composite_layout":"","composite_add_to_cart_form_location":"","composite_editable_in_cart":false,"composite_sold_individually_context":"","composite_shop_price_calc":"","composite_components":[],"composite_scenarios":[],"group_of_quantity":0,"min_quantity":0,"max_quantity":"","exclude_order_quantity_value_rules":"no","exclude_category_quantity_rules":"no","combine_variations":"no","exclude_global_add_ons":[],"addons":[],"_links":{"self":[{"href":"https:\/\/www.huntersfriend.eu\/de\/wp-json\/wp\/v2\/product\/279902","targetHints":{"allow":["GET"]}}],"collection":[{"href":"https:\/\/www.huntersfriend.eu\/de\/wp-json\/wp\/v2\/product"}],"about":[{"href":"https:\/\/www.huntersfriend.eu\/de\/wp-json\/wp\/v2\/types\/product"}],"replies":[{"embeddable":true,"href":"https:\/\/www.huntersfriend.eu\/de\/wp-json\/wp\/v2\/comments?post=279902"}],"wp:featuredmedia":[{"embeddable":true,"href":"https:\/\/www.huntersfriend.eu\/de\/wp-json\/wp\/v2\/media\/275215"}],"wp:attachment":[{"href":"https:\/\/www.huntersfriend.eu\/de\/wp-json\/wp\/v2\/media?parent=279902"}],"wp:term":[{"taxonomy":"product_brand","embeddable":true,"href":"https:\/\/www.huntersfriend.eu\/de\/wp-json\/wp\/v2\/product_brand?post=279902"},{"taxonomy":"product_cat","embeddable":true,"href":"https:\/\/www.huntersfriend.eu\/de\/wp-json\/wp\/v2\/product_cat?post=279902"},{"taxonomy":"product_tag","embeddable":true,"href":"https:\/\/www.huntersfriend.eu\/de\/wp-json\/wp\/v2\/product_tag?post=279902"}],"curies":[{"name":"wp","href":"https:\/\/api.w.org\/{rel}","templated":true}]}}