{"id":279901,"date":"2024-12-03T11:53:37","date_gmt":"2024-12-03T09:53:37","guid":{"rendered":"https:\/\/www.huntersfriend.eu\/product\/darton-exodus-pro-massgeschneiderter-bogen\/"},"modified":"2025-11-26T08:33:03","modified_gmt":"2025-11-26T06:33:03","slug":"darton-exodus-pro-massgeschneiderter-bogen","status":"publish","type":"product","link":"https:\/\/www.huntersfriend.eu\/de\/produkt\/darton-exodus-pro-massgeschneiderter-bogen\/","title":{"rendered":"Darton Exodus Pro Ma\u00dfgeschneiderter Bogen"},"content":{"rendered":"<p><span data-text-color=\"alert\"><strong>Bitte \u00fcberpr\u00fcfen Sie unsere Darton Exodus Pro &#8211; Auf Lager Seite, um zu sehen, ob wir den Bogen vorr\u00e4tig haben, bevor Sie hier bestellen. Sie k\u00f6nnen uns auch direkt kontaktieren, um weitere Informationen \u00fcber Verf\u00fcgbarkeit und Lieferzeiten zu erhalten. <\/strong><\/span><\/p>\n<p><strong>Darton Exodus Pro und Pro SD: Ein Pr\u00e4zisionsmeisterwerk<\/strong><\/p>\n<p><span data-fontfamily=\"Oswald\" data-fontweight=\"300\">Der Darton Exodus Pro und Pro SD ist ein Hochleistungs-Compound-Bogen mit Durchschuss-Design, der speziell f\u00fcr das Zielschie\u00dfen entwickelt wurde. Er baut auf dem beispiellosen Erfolg seines Vorg\u00e4ngers, dem Exodus, auf und integriert mehrere innovative Merkmale, die seine Pr\u00e4zision, Einstellbarkeit und Vielseitigkeit verbessern. Mit einer Reihe von Speed-Modulen, bahnbrechenden &#8222;Perfect Timing&#8220; verstellbaren Joch-Aufh\u00e4ngungen (zum Patent angemeldet) und dem &#8222;Perfect Tune&#8220; einstellbaren Wurfarm-Taschensystem (zum Patent angemeldet) zeichnet sich dieser Compound-Bogen durch un\u00fcbertroffene Pr\u00e4zision und Leistung aus. Diese hochmodernen Innovationen garantieren optimale Funktionalit\u00e4t und einen bemerkenswert gleichm\u00e4\u00dfigen Auszug, was zu konsistenter Genauigkeit Schuss f\u00fcr Schuss f\u00fchrt.   <\/span><\/p>\n<p><strong>Der am einfachsten einzustellende Zielbogen aller Zeiten<\/strong><span data-fontfamily=\"Oswald\" data-fontweight=\"300\"><strong><br \/>\n<\/strong><\/span><\/p>\n<p><span data-fontfamily=\"Oswald\" data-fontweight=\"300\">Der Darton Exodus Pro und Pro SD sind Hochleistungs-Compound-Zielb\u00f6gen, die bemerkenswert einfach einzustellen sind. Dieser Bogen wurde mit Benutzerfreundlichkeit im Sinn entworfen und erm\u00f6glicht schnelle und unkomplizierte Anpassungen, was ihn sowohl f\u00fcr erfahrene Bogensch\u00fctzen als auch f\u00fcr Anf\u00e4nger zug\u00e4nglich macht. Verbringen Sie weniger Zeit mit der Feinabstimmung und mehr Zeit mit der Perfektionierung Ihres Schusses, dank seiner innovativen Merkmale, die den Einstellungs- und Timing-Prozess vereinfachen. Wenn Sie Pr\u00e4zision und Leistung suchen, sind der Darton Exodus Pro und Pro SD die richtige Wahl f\u00fcr Sie.   <\/span><\/p>\n<div id=\"s-8711b030-210b-47e8-989a-e627f190850a\" class=\"shg-c \">\n<div class=\"shg-rich-text shg-theme-text-content\">\n<p>MERKMALE BEINHALTEN<\/p>\n<ul>\n<li>\n<ul>\n<li>\n<ul>\n<li><span data-fontfamily=\"Oswald\">7075 BBS Dual Sync Nocken (6,990,970 B1)<\/span><\/li>\n<li><span data-fontfamily=\"Oswald\">Oder BBS Dual Sync SD Nocken (6,990,970 B1)<\/span><\/li>\n<li><span data-fontfamily=\"Oswald\">1\/4&#8243; Rundkopf-Achsen (Keine E-Clips mehr)<\/span><\/li>\n<li><span data-fontfamily=\"Oswald\">5\/8&#8243; Lager<\/span><\/li>\n<li><span data-fontfamily=\"Oswald\">(Perfect Tune) Verstellbare Wurfarmtaschen (Patent angemeldet)<\/span><\/li>\n<li><span data-fontfamily=\"Oswald\">(Perfect Timing) Verstellbare Joch-Aufh\u00e4ngung (Zum Patent angemeldet)<\/span><\/li>\n<li><span data-fontfamily=\"Oswald\">Geschwindigkeitsmodul enthalten, aber nicht installiert, f\u00fcr zus\u00e4tzliche 5-6 FPS.<\/span><\/li>\n<li><span data-fontfamily=\"Oswald\">Rollenf\u00fchrung<\/span><\/li>\n<li><span data-fontfamily=\"Oswald\">Zwei S\u00e4tze Auszugsstopp-Pfosten erm\u00f6glichen die Einstellung Ihrer Haltekraft.<\/span><\/li>\n<li><span data-fontfamily=\"Oswald\">Patentierte Tiefrillen-Nocke (#8,714,143)<\/span><\/li>\n<li><span data-fontfamily=\"Oswald\">Leicht zu entfernende Module<\/span><\/li>\n<\/ul>\n<\/li>\n<\/ul>\n<\/li>\n<\/ul>\n<\/div>\n<\/div>\n<div id=\"s-b2b8c108-1be8-4368-b4c2-85cd54639014\" class=\"shg-c \">\n<div class=\"shg-rich-text shg-theme-text-content\">\n<p>PR\u00c4ZISIONSSPEZIFIKATIONEN<br \/>\nEXODUS PRO:<\/p>\n<ul>\n<li>\n<ul>\n<li>\n<ul>\n<li><strong>GESCHWINDIGKEIT:<\/strong> TATS\u00c4CHLICH 322-323 FPS<\/li>\n<li><span data-fontfamily=\"Oswald\"><strong>GESCHWINDIGKEIT MIT SPEED-MODUL:<\/strong> TATS\u00c4CHLICH 328-329 FPS<\/span><\/li>\n<li><span data-fontfamily=\"Oswald\"><strong>GESCHWINDIGKEIT MIT 75% MODUL:<\/strong> TATS\u00c4CHLICH 331-332 FPS (MODUL SEPARAT ERH\u00c4LTLICH)<\/span><\/li>\n<li><span data-fontfamily=\"Oswald\"><strong>ACHSABSTAND:<\/strong> 37&#8243;<\/span><\/li>\n<li><span data-fontfamily=\"Oswald\"><strong>STANDH\u00d6HE:<\/strong> 7 1\/8&#8243;<\/span><\/li>\n<li><span data-fontfamily=\"Oswald\"><strong>GEWICHT:<\/strong> 4,85 LBS.<\/span><\/li>\n<li><span data-fontfamily=\"Oswald\"><strong>AUSZUGSL\u00c4NGEN:<\/strong> 27,5 \u201e-33\u201c (wird mit Standard-Modul geliefert)<\/span><\/li>\n<li><span data-fontfamily=\"Oswald\"><strong>ZUGGEWICHTE:<\/strong> 40, 50, 60, 70<\/span><\/li>\n<li><span data-fontfamily=\"Oswald\"><strong>HALTEKRAFT:<\/strong> (85%-70% einstellbar) mit Auszugsstopp-Pfosten (2 S\u00e4tze enthalten)<br \/>\n<\/span><\/li>\n<\/ul>\n<\/li>\n<\/ul>\n<\/li>\n<\/ul>\n<\/div>\n<\/div>\n<div id=\"s-61bc01de-5687-41cc-9267-2cfc00d8b071\" class=\"shg-c \">\n<div class=\"shg-rich-text shg-theme-text-content\">\n<p>EXODUS PRO SD:<\/p>\n<ul>\n<li>\n<ul>\n<li>\n<ul>\n<li><strong>GESCHWINDIGKEIT:<\/strong> 326-327 FPS @29.5&#8243;<\/li>\n<li><span data-fontfamily=\"Oswald\"><strong>ACHSABSTAND:<\/strong> 37 1\/4&#8243;<\/span><\/li>\n<li><span data-fontfamily=\"Oswald\"><strong>STANDH\u00d6HE:<\/strong> 7 1\/16&#8243;<\/span><\/li>\n<li><span data-fontfamily=\"Oswald\"><strong>GEWICHT:<\/strong> 4,8 LBS.<\/span><\/li>\n<li><span data-fontfamily=\"Oswald\"><strong>AUSZUGSL\u00c4NGEN:<\/strong> 22,5 \u201e-29,5\u201c<\/span><\/li>\n<li><span data-fontfamily=\"Oswald\"><strong>ZUGGEWICHTE:<\/strong> 40, 50, 60, 70<\/span><\/li>\n<li><span data-fontfamily=\"Oswald\"><strong>HALTEKRAFT:<\/strong> 75%<\/span><\/li>\n<\/ul>\n<\/li>\n<\/ul>\n<\/li>\n<\/ul>\n<\/div>\n<\/div>\n","protected":false},"excerpt":{"rendered":"<p>Bitte \u00fcberpr\u00fcfen Sie unsere Darton Exodus Pro &#8211; Auf Lager Seite, um zu sehen, ob wir den Bogen vorr\u00e4tig haben, bevor Sie hier bestellen. Sie k\u00f6nnen uns auch direkt kontaktieren, um weitere Informationen \u00fcber Verf\u00fcgbarkeit und Lieferzeiten zu erhalten. Darton Exodus Pro und Pro SD: Ein Pr\u00e4zisionsmeisterwerk Der Darton Exodus Pro und Pro SD ist [&#8230;]\n","protected":false},"featured_media":275532,"comment_status":"open","ping_status":"closed","template":"","meta":[],"product_brand":[],"product_cat":[1125],"product_tag":[],"class_list":{"0":"post-279901","1":"product","2":"type-product","3":"status-publish","4":"has-post-thumbnail","6":"product_cat-compoundbogen-blank","7":"product_shipping_class-big-de","9":"first","10":"onbackorder","11":"taxable","12":"shipping-taxable","13":"purchasable","14":"product-type-simple"},"composite_virtual":false,"composite_layout":"","composite_add_to_cart_form_location":"","composite_editable_in_cart":false,"composite_sold_individually_context":"","composite_shop_price_calc":"","composite_components":[],"composite_scenarios":[],"group_of_quantity":0,"min_quantity":0,"max_quantity":"","exclude_order_quantity_value_rules":"no","exclude_category_quantity_rules":"no","combine_variations":"no","exclude_global_add_ons":false,"addons":[{"name":"Bogenhand","type":"multiple_choice","position":0,"required":true,"title_format":"label","default":"","description_enable":false,"description":null,"placeholder_enable":false,"placeholder":null,"display":"select","restrictions_type":"any_text","adjust_price":false,"price":"","price_type":"flat_fee","restrictions":false,"min":"0","max":"0","options":[{"label":"Rechte Hand","price":"","price_type":"flat_fee","image":0,"visibility":true},{"label":"Linke Hand","price":"","price_type":"flat_fee","image":0,"visibility":true}],"id":1733309961},{"name":"Stil","type":"multiple_choice","position":1,"required":true,"title_format":"label","default":"","description_enable":false,"description":null,"placeholder_enable":false,"placeholder":null,"display":"select","restrictions_type":"any_text","adjust_price":false,"price":"","price_type":"flat_fee","restrictions":false,"min":"0","max":"0","options":[{"label":"Exodus Pro","price":"","price_type":"flat_fee","image":0,"visibility":true},{"label":"Exodus Pro SD","price":"","price_type":"flat_fee","image":0,"visibility":true}],"id":1733309960},{"name":"Zuggewicht","type":"multiple_choice","position":2,"required":true,"title_format":"label","default":"","description_enable":false,"description":null,"placeholder_enable":false,"placeholder":null,"display":"select","restrictions_type":"any_text","adjust_price":false,"price":"","price_type":"flat_fee","restrictions":false,"min":"0","max":"0","options":[{"label":"30-40#","price":"","price_type":"flat_fee","image":0,"visibility":true},{"label":"40-50#","price":"","price_type":"flat_fee","image":0,"visibility":true},{"label":"50-60#","price":"","price_type":"flat_fee","image":0,"visibility":true},{"label":"60-70#","price":"","price_type":"flat_fee","image":0,"visibility":true}],"id":1733309962},{"name":"Farbe","type":"multiple_choice","position":3,"required":true,"title_format":"label","default":"","description_enable":false,"description":null,"placeholder_enable":false,"placeholder":null,"display":"select","restrictions_type":"any_text","adjust_price":false,"price":"","price_type":"flat_fee","restrictions":false,"min":"0","max":"0","options":[{"label":"Schwarzer Griff mit schwarzen Wurfarmen","price":"","price_type":"flat_fee","image":0,"visibility":true},{"label":"Candy Purple mit schwarzen Wurfarmen","price":"","price_type":"flat_fee","image":0,"visibility":true},{"label":"Candy Blue mit schwarzen Wurfarmen","price":"","price_type":"flat_fee","image":0,"visibility":true},{"label":"Candy Red mit schwarzen Wurfarmen","price":"","price_type":"flat_fee","image":0,"visibility":true},{"label":"OD Green mit schwarzen Wurfarmen","price":"","price_type":"flat_fee","image":0,"visibility":true},{"label":"Grau mit schwarzen Wurfarmen","price":"","price_type":"flat_fee","image":0,"visibility":true}],"id":1733309963}],"_links":{"self":[{"href":"https:\/\/www.huntersfriend.eu\/de\/wp-json\/wp\/v2\/product\/279901","targetHints":{"allow":["GET"]}}],"collection":[{"href":"https:\/\/www.huntersfriend.eu\/de\/wp-json\/wp\/v2\/product"}],"about":[{"href":"https:\/\/www.huntersfriend.eu\/de\/wp-json\/wp\/v2\/types\/product"}],"replies":[{"embeddable":true,"href":"https:\/\/www.huntersfriend.eu\/de\/wp-json\/wp\/v2\/comments?post=279901"}],"wp:featuredmedia":[{"embeddable":true,"href":"https:\/\/www.huntersfriend.eu\/de\/wp-json\/wp\/v2\/media\/275532"}],"wp:attachment":[{"href":"https:\/\/www.huntersfriend.eu\/de\/wp-json\/wp\/v2\/media?parent=279901"}],"wp:term":[{"taxonomy":"product_brand","embeddable":true,"href":"https:\/\/www.huntersfriend.eu\/de\/wp-json\/wp\/v2\/product_brand?post=279901"},{"taxonomy":"product_cat","embeddable":true,"href":"https:\/\/www.huntersfriend.eu\/de\/wp-json\/wp\/v2\/product_cat?post=279901"},{"taxonomy":"product_tag","embeddable":true,"href":"https:\/\/www.huntersfriend.eu\/de\/wp-json\/wp\/v2\/product_tag?post=279901"}],"curies":[{"name":"wp","href":"https:\/\/api.w.org\/{rel}","templated":true}]}}