{"id":279879,"date":"2025-01-14T12:29:08","date_gmt":"2025-06-23T06:46:28","guid":{"rendered":"https:\/\/www.huntersfriend.eu\/product\/hha-nytrx-visier\/"},"modified":"2026-03-01T09:08:17","modified_gmt":"2026-03-01T07:08:17","slug":"hha-nytrx-visier","status":"publish","type":"product","link":"https:\/\/www.huntersfriend.eu\/de\/produkt\/hha-nytrx-visier\/","title":{"rendered":"HHA NYTRX Visier"},"content":{"rendered":"<div class=\"elementor-element elementor-element-f0f78cd elementor-widget elementor-widget-text-editor\" data-id=\"f0f78cd\" data-element_type=\"widget\" data-widget_type=\"text-editor.default\">\n<div class=\"elementor-widget-container\">\n<p>Wir pr\u00e4sentieren das NYTRX \u2013 unser bislang fortschrittlichstes Visiersystem. Entwickelt unter direkter Ber\u00fccksichtigung des Kundenfeedbacks, definieren diese Visiere Anpassungsf\u00e4higkeit und Effizienz neu und geben Ihnen vollst\u00e4ndige Kontrolle \u00fcber Ihre Konfiguration. M\u00f6chten Sie ein 2-Pin-Visier f\u00fcr Wei\u00dfwedelhirsche, aber ein 3-Pin-Visier f\u00fcr Elche verwenden? Sie ben\u00f6tigen nicht l\u00e4nger zwei separate Visiere; das NYTRX ist Ihre L\u00f6sung. Wechseln Sie m\u00fchelos zwischen Indikatoren, Optiken und Rahmen, um Ihre Konfiguration zu individualisieren.    <\/p>\n<ul>\n<li>Neupositioniertes Zahnstangensystem f\u00fcr erweiterte Reichweite<\/li>\n<li>Zweistufige Seitenverstellung (Grob- und Feineinstellung)<\/li>\n<li>Metergenau pr\u00e4zise mit einer schnellen Drehung des Rades<\/li>\n<li>Austauschbare Indikatoren und Optiken erm\u00f6glichen einen einfachen Wechsel zwischen 1-, 2-, 3- und 4-Pin-Konfigurationen.<\/li>\n<li>Einstellung der ersten Achse<\/li>\n<li>Mechanisches Rheostat zur Helligkeitsregelung der Glasfaser<\/li>\n<li>ARMOR-Pintr\u00e4ger f\u00fcr vollst\u00e4ndigen Faserschutz<\/li>\n<\/ul>\n<\/div>\n<\/div>\n<div class=\"elementor-element elementor-element-8188eba elementor-widget elementor-widget-shortcode\" data-id=\"8188eba\" data-element_type=\"widget\" data-widget_type=\"shortcode.default\">\n<div class=\"elementor-widget-container\"><strong>VERF\u00dcGBARE OPTIONEN<\/strong><\/p>\n<div class=\"option-row\"><span class=\"option-label\">Befestigungsart:<\/span><\/p>\n<div class=\"option_values_wrapper\"><span class=\"option-value\">Seiten- oder Picatinny-Montage (Schwalbenschwanz auf Sonderbestellung erh\u00e4ltlich)<\/span><\/div>\n<\/div>\n<div class=\"option-row\"><span class=\"option-label\">Pin-Anzahl: <\/span><span class=\"option-value\">1 Pin <\/span><span class=\"option-value\">2 Pin (<\/span><span class=\"option-value\">3 Pin <\/span><span class=\"option-value\">4 Pin auf Sonderbestellung)<\/span><\/div>\n<div class=\"option-row\"><span class=\"option-label\">Pin-Gr\u00f6\u00dfe: <\/span><span class=\"option-value\">0,010 oder <\/span><span class=\"option-value\">0,019<\/span><\/div>\n<div class=\"option-row\"><span class=\"option-label\">Ausf\u00fchrung l\/r: <\/span><span class=\"option-value\">links oder <\/span><span class=\"option-value\">rechts<\/p>\n<p><\/span><\/div>\n<div>Alle NYTRX-Modelle verf\u00fcgen \u00fcber unsere austauschbare Indikatortechnologie, die es Ihnen erm\u00f6glicht, zwischen Optiken und Indikatoren zu wechseln, um Ihren Anforderungen unabh\u00e4ngig von der Anwendung gerecht zu werden. M\u00f6chten Sie ein 1-Pin-Visier f\u00fcr 3D-Schie\u00dfen verwenden, aber f\u00fcr die Jagd auf ein 3-Pin-Visier umsteigen? Mit austauschbaren Indikatoren und Optiken ist dies nun m\u00f6glich.  <\/p>\n<\/div>\n<\/div>\n<div>Das NYTRX ist unser erstes Visier, das mit vollst\u00e4ndig unabh\u00e4ngigen Einstellungen f\u00fcr die erste, zweite und dritte Achse ausgestattet ist. Die neu hinzugef\u00fcgte Einstellung der ersten Achse gew\u00e4hrleistet, dass Ihre Visierschiene stets parallel zu Ihrem Bogen verl\u00e4uft, was die Genauigkeit bei gro\u00dfen Entfernungen erh\u00f6ht. <\/div>\n<div><\/div>\n<\/div>\n<div>Das NYTRX verf\u00fcgt \u00fcber unser neu positioniertes Zahnstangensystem, das es Ihnen erm\u00f6glicht, Ihre Optik \u201e0\u201c auszufahren und Ihr gesamtes Entfernungsrad zu nutzen, um Ihre Reichweite zu erweitern. In Kombination mit unseren Langdistanz-Entfernungsmarkierungen (im Lieferumfang enthalten) k\u00f6nnen Sie gr\u00f6\u00dfere Distanzen als je zuvor erreichen. <\/div>\n","protected":false},"excerpt":{"rendered":"<p>Wir pr\u00e4sentieren das NYTRX \u2013 unser bislang fortschrittlichstes Visiersystem. Entwickelt unter direkter Ber\u00fccksichtigung des Kundenfeedbacks, definieren diese Visiere Anpassungsf\u00e4higkeit und Effizienz neu und geben Ihnen vollst\u00e4ndige Kontrolle \u00fcber Ihre Konfiguration. M\u00f6chten Sie ein 2-Pin-Visier f\u00fcr Wei\u00dfwedelhirsche, aber ein 3-Pin-Visier f\u00fcr Elche verwenden? Sie ben\u00f6tigen nicht l\u00e4nger zwei separate Visiere; das NYTRX ist Ihre L\u00f6sung. Wechseln [&#8230;]\n","protected":false},"featured_media":277208,"comment_status":"open","ping_status":"closed","template":"","meta":[],"product_brand":[],"product_cat":[1119],"product_tag":[],"class_list":{"0":"post-279879","1":"product","2":"type-product","3":"status-publish","4":"has-post-thumbnail","6":"product_cat-jagd-visiere","8":"first","9":"instock","10":"taxable","11":"shipping-taxable","12":"purchasable","13":"product-type-variable"},"composite_virtual":false,"composite_layout":"","composite_add_to_cart_form_location":"","composite_editable_in_cart":false,"composite_sold_individually_context":"","composite_shop_price_calc":"","composite_components":[],"composite_scenarios":[],"group_of_quantity":0,"min_quantity":0,"max_quantity":"","exclude_order_quantity_value_rules":"no","exclude_category_quantity_rules":"no","combine_variations":"no","exclude_global_add_ons":[],"addons":[],"_links":{"self":[{"href":"https:\/\/www.huntersfriend.eu\/de\/wp-json\/wp\/v2\/product\/279879","targetHints":{"allow":["GET"]}}],"collection":[{"href":"https:\/\/www.huntersfriend.eu\/de\/wp-json\/wp\/v2\/product"}],"about":[{"href":"https:\/\/www.huntersfriend.eu\/de\/wp-json\/wp\/v2\/types\/product"}],"replies":[{"embeddable":true,"href":"https:\/\/www.huntersfriend.eu\/de\/wp-json\/wp\/v2\/comments?post=279879"}],"wp:featuredmedia":[{"embeddable":true,"href":"https:\/\/www.huntersfriend.eu\/de\/wp-json\/wp\/v2\/media\/277208"}],"wp:attachment":[{"href":"https:\/\/www.huntersfriend.eu\/de\/wp-json\/wp\/v2\/media?parent=279879"}],"wp:term":[{"taxonomy":"product_brand","embeddable":true,"href":"https:\/\/www.huntersfriend.eu\/de\/wp-json\/wp\/v2\/product_brand?post=279879"},{"taxonomy":"product_cat","embeddable":true,"href":"https:\/\/www.huntersfriend.eu\/de\/wp-json\/wp\/v2\/product_cat?post=279879"},{"taxonomy":"product_tag","embeddable":true,"href":"https:\/\/www.huntersfriend.eu\/de\/wp-json\/wp\/v2\/product_tag?post=279879"}],"curies":[{"name":"wp","href":"https:\/\/api.w.org\/{rel}","templated":true}]}}