{"id":279877,"date":"2025-01-04T01:34:08","date_gmt":"2025-06-23T06:46:27","guid":{"rendered":"https:\/\/www.huntersfriend.eu\/product\/scott-archery-solus-ncs-release\/"},"modified":"2025-07-04T05:22:37","modified_gmt":"2025-07-04T03:22:37","slug":"scott-archery-solus-ncs-release","status":"publish","type":"product","link":"https:\/\/www.huntersfriend.eu\/de\/produkt\/scott-archery-solus-ncs-release\/","title":{"rendered":"Scott Archery Solus NCS Release"},"content":{"rendered":"<p>Der <em><strong>SOLUS NCS<\/strong><\/em> bietet eine \u00e4u\u00dferst individuelle Passform, angetrieben durch den neuen NCS-Konnektor, der eine 360-Grad-Rotation und laterale Bewegung erm\u00f6glicht, um die Sehnenspannung mit dem Riemen in Einklang zu halten \u2013 wodurch das Drehmoment reduziert wird. Der kompakte offene Haken erm\u00f6glicht ein einfaches Laden und Entladen, ohne den Abzug ber\u00fchren zu m\u00fcssen, w\u00e4hrend das Einzelsperrklinken-Design den Weg und die Spannung f\u00fcr pr\u00e4zise Einstellm\u00f6glichkeiten anpasst. Dar\u00fcber hinaus erm\u00f6glichen Griffrillen den Bogensch\u00fctzen ein konsistentes Ziehen \u2013 jedes Mal.  <\/p>\n<p><strong>MERKMALE:<\/strong><\/p>\n<ul>\n<li>Unendliche L\u00e4ngenanpassung mit dem NCS-Riemen<\/li>\n<li>Verstellbares Handgelenkband f\u00fcr alle Gr\u00f6\u00dfen<\/li>\n<li>Mikro-einstellbarer Weg &amp; Spannung<\/li>\n<li>Stromlinienf\u00f6rmiges Design und leichter Aluminiumk\u00f6rper<\/li>\n<li>Automatisch zur\u00fccksetzender Haken mit 100% Freigabe f\u00fcr extreme Genauigkeit &amp; Einstellbarkeit<\/li>\n<li>Inline-Design reduziert Sehnendrehmoment<\/li>\n<\/ul>\n","protected":false},"excerpt":{"rendered":"<p>Der SOLUS NCS bietet eine \u00e4u\u00dferst individuelle Passform, angetrieben durch den neuen NCS-Konnektor, der eine 360-Grad-Rotation und laterale Bewegung erm\u00f6glicht, um die Sehnenspannung mit dem Riemen in Einklang zu halten \u2013 wodurch das Drehmoment reduziert wird. Der kompakte offene Haken erm\u00f6glicht ein einfaches Laden und Entladen, ohne den Abzug ber\u00fchren zu m\u00fcssen, w\u00e4hrend das Einzelsperrklinken-Design [&#8230;]\n","protected":false},"featured_media":276765,"comment_status":"open","ping_status":"closed","template":"","meta":[],"product_brand":[],"product_cat":[1095],"product_tag":[],"class_list":{"0":"post-279877","1":"product","2":"type-product","3":"status-publish","4":"has-post-thumbnail","6":"product_cat-handgelenks-release","8":"first","9":"outofstock","10":"taxable","11":"shipping-taxable","12":"purchasable","13":"product-type-simple"},"composite_virtual":false,"composite_layout":"","composite_add_to_cart_form_location":"","composite_editable_in_cart":false,"composite_sold_individually_context":"","composite_shop_price_calc":"","composite_components":[],"composite_scenarios":[],"group_of_quantity":0,"min_quantity":0,"max_quantity":"","exclude_order_quantity_value_rules":"no","exclude_category_quantity_rules":"no","combine_variations":"no","exclude_global_add_ons":[],"addons":[],"_links":{"self":[{"href":"https:\/\/www.huntersfriend.eu\/de\/wp-json\/wp\/v2\/product\/279877","targetHints":{"allow":["GET"]}}],"collection":[{"href":"https:\/\/www.huntersfriend.eu\/de\/wp-json\/wp\/v2\/product"}],"about":[{"href":"https:\/\/www.huntersfriend.eu\/de\/wp-json\/wp\/v2\/types\/product"}],"replies":[{"embeddable":true,"href":"https:\/\/www.huntersfriend.eu\/de\/wp-json\/wp\/v2\/comments?post=279877"}],"wp:featuredmedia":[{"embeddable":true,"href":"https:\/\/www.huntersfriend.eu\/de\/wp-json\/wp\/v2\/media\/276765"}],"wp:attachment":[{"href":"https:\/\/www.huntersfriend.eu\/de\/wp-json\/wp\/v2\/media?parent=279877"}],"wp:term":[{"taxonomy":"product_brand","embeddable":true,"href":"https:\/\/www.huntersfriend.eu\/de\/wp-json\/wp\/v2\/product_brand?post=279877"},{"taxonomy":"product_cat","embeddable":true,"href":"https:\/\/www.huntersfriend.eu\/de\/wp-json\/wp\/v2\/product_cat?post=279877"},{"taxonomy":"product_tag","embeddable":true,"href":"https:\/\/www.huntersfriend.eu\/de\/wp-json\/wp\/v2\/product_tag?post=279877"}],"curies":[{"name":"wp","href":"https:\/\/api.w.org\/{rel}","templated":true}]}}