{"id":279876,"date":"2025-01-21T01:16:06","date_gmt":"2025-06-23T06:46:27","guid":{"rendered":"https:\/\/www.huntersfriend.eu\/product\/qad-mx2-integrierter-pfeilauflage-ersatzfilz-3-stueck\/"},"modified":"2025-07-25T05:28:36","modified_gmt":"2025-07-25T03:28:36","slug":"qad-mx2-integrierter-pfeilauflage-ersatzfilz-3-stueck","status":"publish","type":"product","link":"https:\/\/www.huntersfriend.eu\/de\/produkt\/qad-mx2-integrierter-pfeilauflage-ersatzfilz-3-stueck\/","title":{"rendered":"QAD MX2 integrierter Pfeilauflage &#8211; Ersatzfilz 3 St\u00fcck"},"content":{"rendered":"<p>Gew\u00e4hrleisten Sie einen absolut ger\u00e4uschlosen Auszug mit unserem ma\u00dfgeschneiderten Filz, der speziell f\u00fcr Ihre Pfeilauflage entwickelt wurde. Unser Filz, der pr\u00e4zise mittels Laserschnitt gefertigt wird, erm\u00f6glicht es Ihnen, Ihren Launcher und die Auflagefl\u00e4che m\u00fchelos zu bedecken, um einen t\u00f6dlich leisen Auszug zu erzielen. <\/p>\n<p>Die Packung beinhaltet:<\/p>\n<p>\u2022 3 St\u00fcck Launcher-Filz<br \/>\n\u2022 3 St\u00fcck Auflagefl\u00e4chen-Filz<\/p>\n","protected":false},"excerpt":{"rendered":"<p>3 St\u00fcck<\/p>\n","protected":false},"featured_media":276464,"comment_status":"open","ping_status":"closed","template":"","meta":[],"product_brand":[],"product_cat":[1231],"product_tag":[],"class_list":{"0":"post-279876","1":"product","2":"type-product","3":"status-publish","4":"has-post-thumbnail","6":"product_cat-teile-fuer-f","8":"first","9":"instock","10":"taxable","11":"shipping-taxable","12":"purchasable","13":"product-type-simple"},"composite_virtual":false,"composite_layout":"","composite_add_to_cart_form_location":"","composite_editable_in_cart":false,"composite_sold_individually_context":"","composite_shop_price_calc":"","composite_components":[],"composite_scenarios":[],"group_of_quantity":0,"min_quantity":0,"max_quantity":"","exclude_order_quantity_value_rules":"no","exclude_category_quantity_rules":"no","combine_variations":"no","exclude_global_add_ons":[],"addons":[],"_links":{"self":[{"href":"https:\/\/www.huntersfriend.eu\/de\/wp-json\/wp\/v2\/product\/279876","targetHints":{"allow":["GET"]}}],"collection":[{"href":"https:\/\/www.huntersfriend.eu\/de\/wp-json\/wp\/v2\/product"}],"about":[{"href":"https:\/\/www.huntersfriend.eu\/de\/wp-json\/wp\/v2\/types\/product"}],"replies":[{"embeddable":true,"href":"https:\/\/www.huntersfriend.eu\/de\/wp-json\/wp\/v2\/comments?post=279876"}],"wp:featuredmedia":[{"embeddable":true,"href":"https:\/\/www.huntersfriend.eu\/de\/wp-json\/wp\/v2\/media\/276464"}],"wp:attachment":[{"href":"https:\/\/www.huntersfriend.eu\/de\/wp-json\/wp\/v2\/media?parent=279876"}],"wp:term":[{"taxonomy":"product_brand","embeddable":true,"href":"https:\/\/www.huntersfriend.eu\/de\/wp-json\/wp\/v2\/product_brand?post=279876"},{"taxonomy":"product_cat","embeddable":true,"href":"https:\/\/www.huntersfriend.eu\/de\/wp-json\/wp\/v2\/product_cat?post=279876"},{"taxonomy":"product_tag","embeddable":true,"href":"https:\/\/www.huntersfriend.eu\/de\/wp-json\/wp\/v2\/product_tag?post=279876"}],"curies":[{"name":"wp","href":"https:\/\/api.w.org\/{rel}","templated":true}]}}