{"id":279853,"date":"2025-03-04T13:17:51","date_gmt":"2025-03-04T11:17:51","guid":{"rendered":"https:\/\/www.huntersfriend.eu\/product\/zeiss-secacam-3-wildkamera\/"},"modified":"2026-04-13T14:40:10","modified_gmt":"2026-04-13T12:40:10","slug":"zeiss-secacam-3-wildkamera","status":"publish","type":"product","link":"https:\/\/www.huntersfriend.eu\/de\/produkt\/zeiss-secacam-3-wildkamera\/","title":{"rendered":"ZEISS secacam 3 Wildkamera"},"content":{"rendered":"<div class=\"headline section grid-container grid-container-padded\">\n<header class=\"grid-x grid-padding-x spacing-element small-spacing-s\">\n<div class=\"cell small-12\">\n<div class=\"producttechnicaldata section\">\n<div class=\"headline section grid-container grid-container-padded\">\n<header class=\"grid-x grid-padding-x spacing-element small-spacing-s\">\n<div class=\"cell small-12\">\n<p>ZEISS Secacam Wildkameras gew\u00e4hren Ihnen durch detaillierte und kontrastreiche Bilder Einblick in Ihr Jagdrevier. Ausgestattet mit 60 schwarzen LEDs f\u00fcr Infrarotblitz und einem \u00e4u\u00dferst empfindlichen CMOS-Sensor k\u00f6nnen ZEISS Secacam Wildkameras selbst in v\u00f6lliger Dunkelheit scharfe, gut beleuchtete Fotos und Videos aufnehmen. Das kompakte Design und das geringe Gewicht der ZEISS Secacam 3 erm\u00f6glichen eine einfache Installation an schwer zug\u00e4nglichen Stellen wie B\u00e4umen, B\u00fcschen oder anderen schwierigen Bereichen. Dies erm\u00f6glicht ihren Einsatz in verschiedenen Gel\u00e4ndearten und Lebensr\u00e4umen. ZEISS Secacam Wildkameras bieten attraktive und faire Datenpakete. Sie k\u00f6nnen zwischen einem Prepaid-Service oder mehreren monatlich k\u00fcndbaren Servicepaketen w\u00e4hlen. Keine Vertr\u00e4ge, keine versteckten Geb\u00fchren.     <\/p>\n<p>Anbringen und Aufnehmen ohne Umst\u00e4nde Befestigen Sie die ZEISS Secacam Wildkamera einfach mit dem Gurt, Kabelschloss oder Stativgewinde (Gurt im Lieferumfang enthalten) und beginnen Sie dank der Plug-and-Play-Funktion sofort mit der \u00dcberwachung. Alle Batterien, SD-Speicherkarte und SIM-Karte sind bereits installiert. Einfach zu aktivieren ZEISS Secacam Wildkameras sind sehr benutzerfreundlich, mit voreingestellten Einstellungen, die es Ihnen erm\u00f6glichen, sofort mit dem Aufnehmen zu beginnen. Wenn Sie jedoch \u00c4nderungen vornehmen m\u00f6chten, erleichtern das gro\u00dfe Farbdisplay und die beleuchteten Tasten dies.  <\/p>\n<p>M\u00fchelose Verbindung Im letzten Schritt vor der Aktivierung verbinden Sie Ihre ZEISS Secacam Wildkamera mit der ZEISS Secacam App. Geben Sie den mit der Kamera gelieferten Aktivierungscode in die App ein, um sie zu verbinden. Jetzt sind Sie bereit, mit der besten Bildqualit\u00e4t Ihr Jagdrevier zu \u00fcberwachen. Zuverl\u00e4ssige App-Verbindung Mit der ZEISS Secacam App k\u00f6nnen Sie nicht nur Ihre Wildkamera steuern, sondern sie auch mit Ihren Kontakten teilen. Sie k\u00f6nnen auch die Statusinformationen der Kamera \u00fcberpr\u00fcfen, wie den Batteriestand, den Standort der Kamera auf der Karte einsehen oder die von der Kamera aufgenommenen Bilder in der Galerie betrachten.   <\/p>\n<p>Gebaut, um extremen Bedingungen standzuhalten ZEISS Secacam Wildkameras demonstrieren Spitzenqualit\u00e4t in ihrer Klasse, insbesondere unter h\u00e4rtesten Wetterbedingungen. Eine hochbest\u00e4ndige Dichtung sch\u00fctzt die Wildkamera vor Wasser, und ein robustes Geh\u00e4use h\u00e4lt selbst starkem Regen und Hagel stand. Auch Hitze und Schneefall beeintr\u00e4chtigen den Betrieb von ZEISS Secacam Wildkameras nicht. Schnelle Reaktionszeit Der hochempfindliche Bewegungssensor erfasst Tierbewegungen pr\u00e4zise. Die schnelle Reaktionszeit der ZEISS Secacam (&lt; 0,35 ~ 0,45 Sekunden) f\u00fchrt zu minimaler Bewegungsunsch\u00e4rfe. W\u00e4hrend der Ausl\u00f6sung passt die ZEISS Secacam Wildkamera die Blitzintensit\u00e4t automatisch an, die f\u00fcr Tiere und Menschen unsichtbar ist. Dies verhindert \u00dcberbelichtung und minimiert den Stromverbrauch der Kamera.      <\/p>\n<h4>Der Zugriff auf und die Verwaltung Ihrer mit Ihrer ZEISS Secacam aufgenommenen Bilder und Videos war noch nie einfacher, dank der ZEISS Secacam App, die sowohl f\u00fcr Apple- als auch f\u00fcr Android-Ger\u00e4te verf\u00fcgbar ist. Mit der App k\u00f6nnen Sie sich bequem von \u00fcberall in Ihr ZEISS Secacam-Benutzerkonto einloggen, sodass Sie jederzeit mit Ihrer Kamera verbunden bleiben. Einer der herausragenden Vorteile der ZEISS Secacam App ist die M\u00f6glichkeit, mehrere ZEISS Secacams mit Ihrem Konto zu verbinden, wodurch Sie nahtlose Kontrolle \u00fcber alle Ihre Ger\u00e4te an einem Ort haben.  <\/h4>\n<h4 class=\"h4 \">Funktionen<\/h4>\n<\/div>\n<\/header>\n<\/div>\n<div class=\"table table-spacing \">\n<div class=\"section table\">\n<div class=\"table table-spacing spacing-element\">\n<div class=\"table-wrapper text-rte\">\n<table class=\"responsive\" width=\"100%\" cellspacing=\"0\" cellpadding=\"1\">\n<tbody>\n<tr>\n<td class=\"text\" width=\"50%\">Anschl\u00fcsse<\/td>\n<td class=\"text\" width=\"50%\">USB-c<\/td>\n<\/tr>\n<tr>\n<td class=\"text\" width=\"50%\">Stromversorgung<\/td>\n<td class=\"text\" width=\"50%\">8 x Batterien\/Akkus Typ LR6 (AA)<\/td>\n<\/tr>\n<tr>\n<td class=\"text\" width=\"50%\">Batteriefach<\/td>\n<td class=\"text\" width=\"50%\">Magazin<\/td>\n<\/tr>\n<tr>\n<td class=\"text\" width=\"50%\">Speicherkapazit\u00e4t<\/td>\n<td class=\"text\" width=\"50%\">32 GB interner Speicher<\/td>\n<\/tr>\n<tr>\n<td class=\"text\" width=\"50%\">Mobilfunknetz (Multi-Roaming SIM)<\/td>\n<td class=\"text\" width=\"50%\">LTE (4G)<\/td>\n<\/tr>\n<tr>\n<td class=\"text\" width=\"50%\">\u00dcbertragungsprotokoll<\/td>\n<td class=\"text\" width=\"50%\">HTTPS<\/td>\n<\/tr>\n<tr>\n<td class=\"text\" width=\"50%\">Standortmeldung (beim Einschalten des Ger\u00e4ts)<\/td>\n<td class=\"text\" width=\"50%\">GPS<\/td>\n<\/tr>\n<tr>\n<td class=\"text\" width=\"50%\">Verbindung zu anderen Ger\u00e4ten<\/td>\n<td class=\"text\" width=\"50%\">ZEISS Secacam App \/ USB<\/td>\n<\/tr>\n<\/tbody>\n<\/table>\n<\/div>\n<\/div>\n<\/div>\n<\/div>\n<\/div>\n<div class=\"section distance\">\n<div class=\"spacing-element small-spacing-m medium-spacing-l large-spacing-l xlarge-spacing-l\"><\/div>\n<\/div>\n<div class=\"producttechnicaldata section\">\n<div class=\"headline section grid-container grid-container-padded\">\n<header class=\"grid-x grid-padding-x spacing-element small-spacing-s\">\n<div class=\"cell small-12\">\n<h4 class=\"h4 \">Physische Eigenschaften<\/h4>\n<\/div>\n<\/header>\n<\/div>\n<div class=\"table table-spacing \">\n<div class=\"section table\">\n<div class=\"table table-spacing spacing-element\">\n<div class=\"table-wrapper text-rte\">\n<table class=\"responsive\" width=\"100%\" cellspacing=\"0\" cellpadding=\"1\">\n<tbody>\n<tr>\n<td class=\"text\" width=\"50%\">Betriebstemperatur<\/td>\n<td class=\"text\" width=\"50%\">\u2212 20\u00b0C | + 55\u00b0C (- 4 \u00b0F | + 131\u00b0F)<\/td>\n<\/tr>\n<tr>\n<td class=\"text\" width=\"50%\">L\u00e4nge x Breite x H\u00f6he<\/td>\n<td class=\"text\" width=\"50%\">143 x 85 x 85 mm (5,6 x 3,3 x 3,3&#8243;)<\/td>\n<\/tr>\n<tr>\n<td class=\"text hover-for-rowspan\" width=\"50%\">Gewicht (ohne Batterien)<\/td>\n<td class=\"text hover-for-rowspan\" width=\"50%\">445 g (15,7 oz)<\/td>\n<\/tr>\n<\/tbody>\n<\/table>\n<\/div>\n<\/div>\n<\/div>\n<\/div>\n<\/div>\n<h4 class=\"h4 \">Leistung<\/h4>\n<\/div>\n<\/header>\n<\/div>\n<div class=\"table table-spacing \">\n<div class=\"section table\">\n<div class=\"table table-spacing spacing-element\">\n<div class=\"table-wrapper text-rte\">\n<table class=\"responsive\" width=\"100%\" cellspacing=\"0\" cellpadding=\"1\">\n<tbody>\n<tr>\n<td class=\"text\" width=\"50%\">Sichtfeld<\/td>\n<td class=\"text\" width=\"50%\">60\u00b0<\/td>\n<\/tr>\n<tr>\n<td class=\"text\" width=\"50%\">Anzahl der LEDs | Blitztyp<\/td>\n<td class=\"text\" width=\"50%\">60 x Black-LED | 940 nm<\/td>\n<\/tr>\n<tr>\n<td class=\"text\" width=\"50%\">Blitzreichweite<\/td>\n<td class=\"text\" width=\"50%\">~ 25 m<\/td>\n<\/tr>\n<tr>\n<td class=\"text\" width=\"50%\">Reaktionszeit<\/td>\n<td class=\"text\" width=\"50%\">&lt; 0,35 ~ 0,45 s<\/td>\n<\/tr>\n<tr>\n<td class=\"text\" width=\"50%\">Aufl\u00f6sung \u00fcbertragener Fotos<\/td>\n<td class=\"text\" width=\"50%\">1920 \u00d7 1080 px<\/td>\n<\/tr>\n<tr>\n<td class=\"text\" width=\"50%\">Sensortyp<\/td>\n<td class=\"text\" width=\"50%\">CMOS<\/td>\n<\/tr>\n<tr>\n<td class=\"text\" width=\"50%\">Sensoraufl\u00f6sung<\/td>\n<td class=\"text\" width=\"50%\">3 MP (bis 24 MP interpoliert)<\/td>\n<\/tr>\n<tr>\n<td class=\"text\" width=\"50%\">Erkennungsbereich<\/td>\n<td class=\"text\" width=\"50%\">bis zu 25 m (abh\u00e4ngig von Objektgr\u00f6\u00dfe und Temperaturdifferenz)<\/td>\n<\/tr>\n<tr>\n<td class=\"text\" width=\"50%\">Displaygr\u00f6\u00dfe<\/td>\n<td class=\"text\" width=\"50%\">1,90&#8243;<\/td>\n<\/tr>\n<tr>\n<td class=\"text hover-for-rowspan\" width=\"50%\">Displaytyp<\/td>\n<td class=\"text hover-for-rowspan\" width=\"50%\">TFT-LCD<\/td>\n<\/tr>\n<\/tbody>\n<\/table>\n<\/div>\n<\/div>\n<\/div>\n<\/div>\n","protected":false},"excerpt":{"rendered":"<p>ZEISS Secacam Wildkameras gew\u00e4hren Ihnen durch detaillierte und kontrastreiche Bilder Einblick in Ihr Jagdrevier. Ausgestattet mit 60 schwarzen LEDs f\u00fcr Infrarotblitz und einem \u00e4u\u00dferst empfindlichen CMOS-Sensor k\u00f6nnen ZEISS Secacam Wildkameras selbst in v\u00f6lliger Dunkelheit scharfe, gut beleuchtete Fotos und Videos aufnehmen. Das kompakte Design und das geringe Gewicht der ZEISS Secacam 3 erm\u00f6glichen eine einfache [&#8230;]\n","protected":false},"featured_media":276680,"comment_status":"open","ping_status":"closed","template":"","meta":[],"product_brand":[],"product_cat":[1198],"product_tag":[],"class_list":{"0":"post-279853","1":"product","2":"type-product","3":"status-publish","4":"has-post-thumbnail","6":"product_cat-wildkameras","8":"first","9":"outofstock","10":"taxable","11":"shipping-taxable","12":"purchasable","13":"product-type-simple"},"composite_virtual":false,"composite_layout":"","composite_add_to_cart_form_location":"","composite_editable_in_cart":false,"composite_sold_individually_context":"","composite_shop_price_calc":"","composite_components":[],"composite_scenarios":[],"group_of_quantity":0,"min_quantity":0,"max_quantity":"","exclude_order_quantity_value_rules":"no","exclude_category_quantity_rules":"no","combine_variations":"no","exclude_global_add_ons":[],"addons":[],"_links":{"self":[{"href":"https:\/\/www.huntersfriend.eu\/de\/wp-json\/wp\/v2\/product\/279853","targetHints":{"allow":["GET"]}}],"collection":[{"href":"https:\/\/www.huntersfriend.eu\/de\/wp-json\/wp\/v2\/product"}],"about":[{"href":"https:\/\/www.huntersfriend.eu\/de\/wp-json\/wp\/v2\/types\/product"}],"replies":[{"embeddable":true,"href":"https:\/\/www.huntersfriend.eu\/de\/wp-json\/wp\/v2\/comments?post=279853"}],"wp:featuredmedia":[{"embeddable":true,"href":"https:\/\/www.huntersfriend.eu\/de\/wp-json\/wp\/v2\/media\/276680"}],"wp:attachment":[{"href":"https:\/\/www.huntersfriend.eu\/de\/wp-json\/wp\/v2\/media?parent=279853"}],"wp:term":[{"taxonomy":"product_brand","embeddable":true,"href":"https:\/\/www.huntersfriend.eu\/de\/wp-json\/wp\/v2\/product_brand?post=279853"},{"taxonomy":"product_cat","embeddable":true,"href":"https:\/\/www.huntersfriend.eu\/de\/wp-json\/wp\/v2\/product_cat?post=279853"},{"taxonomy":"product_tag","embeddable":true,"href":"https:\/\/www.huntersfriend.eu\/de\/wp-json\/wp\/v2\/product_tag?post=279853"}],"curies":[{"name":"wp","href":"https:\/\/api.w.org\/{rel}","templated":true}]}}