{"id":279851,"date":"2025-03-11T14:57:30","date_gmt":"2025-06-23T06:29:35","guid":{"rendered":"https:\/\/www.huntersfriend.eu\/product\/nordforest-jagd-funktionsshirt-fuer-damen-im-beehidden-muster\/"},"modified":"2025-11-14T12:47:24","modified_gmt":"2025-11-14T10:47:24","slug":"nordforest-jagd-funktionsshirt-fuer-damen-im-beehidden-muster","status":"publish","type":"product","link":"https:\/\/www.huntersfriend.eu\/de\/produkt\/nordforest-jagd-funktionsshirt-fuer-damen-im-beehidden-muster\/","title":{"rendered":"Nordforest Jagd-Funktionsshirt f\u00fcr Damen im Beehidden-Muster"},"content":{"rendered":"<p data-start=\"132\" data-end=\"588\">Das <strong data-start=\"136\" data-end=\"193\">Nordforest Jagd-Funktionsshirt f\u00fcr Damen im Beehidden-Muster<\/strong> bietet optimalen Komfort f\u00fcr aktive Freizeitgestaltung, Wanderungen und die Jagd. Gefertigt aus weichem und atmungsaktivem Material gew\u00e4hrleistet es eine angenehme W\u00e4rmeregulierung. Speziell f\u00fcr J\u00e4gerinnen konzipiert, ist das <strong data-start=\"400\" data-end=\"432\">Beehidden-Tarnmuster<\/strong> von Nordforest Hunting besonders faszinierend &#8211; es kombiniert grafische Elemente mit nat\u00fcrlichen Silhouetten zu einem einzigartigen Design, das sich sowohl in W\u00e4ldern als auch in offenem Gel\u00e4nde hervorragend einf\u00fcgt.  <\/p>\n<h3 data-start=\"590\" data-end=\"602\">Zusammengefasst<\/h3>\n<ul data-start=\"603\" data-end=\"810\">\n<li data-start=\"603\" data-end=\"633\">\n<p data-start=\"605\" data-end=\"633\">Flexibles, funktionelles Hemd<\/p>\n<\/li>\n<li data-start=\"634\" data-end=\"664\">\n<p data-start=\"636\" data-end=\"664\">Weiches und elastisches Material<\/p>\n<\/li>\n<li data-start=\"665\" data-end=\"690\">\n<p data-start=\"667\" data-end=\"690\">Einzigartiges Beehidden-Tarnmuster<\/p>\n<\/li>\n<li data-start=\"691\" data-end=\"705\">\n<p data-start=\"693\" data-end=\"705\">Atmungsaktiv<\/p>\n<\/li>\n<li data-start=\"706\" data-end=\"728\">\n<p data-start=\"708\" data-end=\"728\">Thermische Regulierung<\/p>\n<\/li>\n<li data-start=\"729\" data-end=\"746\">\n<p data-start=\"731\" data-end=\"746\">Ger\u00e4uscharmes Gewebe<\/p>\n<\/li>\n<li data-start=\"747\" data-end=\"766\">\n<p data-start=\"749\" data-end=\"766\">Stehkragen<\/p>\n<\/li>\n<li data-start=\"767\" data-end=\"795\">\n<p data-start=\"769\" data-end=\"795\">Halbrei\u00dfverschluss mit Kinnschutz<\/p>\n<\/li>\n<li data-start=\"796\" data-end=\"810\">\n<p data-start=\"798\" data-end=\"810\">Figurbetonter Schnitt<\/p>\n<\/li>\n<\/ul>\n<hr data-start=\"812\" data-end=\"815\">\n<h3 data-start=\"817\" data-end=\"829\">Funktionen<\/h3>\n<div class=\"_tableContainer_16hzy_1\">\n<div class=\"_tableWrapper_16hzy_14 group flex w-fit flex-col-reverse\" tabindex=\"-1\">\n<table class=\"w-fit min-w-(--thread-content-width)\" data-start=\"831\" data-end=\"1231\">\n<thead data-start=\"831\" data-end=\"864\">\n<tr data-start=\"831\" data-end=\"864\">\n<th data-start=\"831\" data-end=\"845\" data-col-size=\"sm\"><strong data-start=\"833\" data-end=\"844\">Merkmal<\/strong><\/th>\n<th data-start=\"845\" data-end=\"864\" data-col-size=\"sm\"><strong data-start=\"847\" data-end=\"862\">Beschreibung<\/strong><\/th>\n<\/tr>\n<\/thead>\n<tbody data-start=\"900\" data-end=\"1231\">\n<tr data-start=\"900\" data-end=\"941\">\n<td data-start=\"900\" data-end=\"919\" data-col-size=\"sm\"><strong data-start=\"902\" data-end=\"918\">Hersteller<\/strong><\/td>\n<td data-col-size=\"sm\" data-start=\"919\" data-end=\"941\">nordforest hunting<\/td>\n<\/tr>\n<tr data-start=\"942\" data-end=\"989\">\n<td data-start=\"942\" data-end=\"961\" data-col-size=\"sm\"><strong data-start=\"944\" data-end=\"960\">Produkttyp<\/strong><\/td>\n<td data-col-size=\"sm\" data-start=\"961\" data-end=\"989\">Funktionelles Freizeithemd<\/td>\n<\/tr>\n<tr data-start=\"990\" data-end=\"1025\">\n<td data-start=\"990\" data-end=\"1007\" data-col-size=\"sm\"><strong data-start=\"992\" data-end=\"1006\">Modellbezeichnung<\/strong><\/td>\n<td data-col-size=\"sm\" data-start=\"1007\" data-end=\"1025\">Beehidden-Tarnmuster<\/td>\n<\/tr>\n<tr data-start=\"1026\" data-end=\"1063\">\n<td data-start=\"1026\" data-end=\"1045\" data-col-size=\"sm\"><strong data-start=\"1028\" data-end=\"1044\">Au\u00dfenmaterial<\/strong><\/td>\n<td data-col-size=\"sm\" data-start=\"1045\" data-end=\"1063\">100% Polyester<\/td>\n<\/tr>\n<tr data-start=\"1064\" data-end=\"1104\">\n<td data-start=\"1064\" data-end=\"1087\" data-col-size=\"sm\"><strong data-start=\"1066\" data-end=\"1086\">Besondere Merkmale<\/strong><\/td>\n<td data-col-size=\"sm\" data-start=\"1087\" data-end=\"1104\">Ger\u00e4uscharmes Gewebe<\/td>\n<\/tr>\n<tr data-start=\"1105\" data-end=\"1137\">\n<td data-start=\"1105\" data-end=\"1124\" data-col-size=\"sm\"><strong data-start=\"1107\" data-end=\"1123\">Verwendungszweck<\/strong><\/td>\n<td data-col-size=\"sm\" data-start=\"1124\" data-end=\"1137\">F\u00fcr Damen<\/td>\n<\/tr>\n<tr data-start=\"1138\" data-end=\"1159\">\n<td data-start=\"1138\" data-end=\"1148\" data-col-size=\"sm\"><strong data-start=\"1140\" data-end=\"1147\">Passform<\/strong><\/td>\n<td data-col-size=\"sm\" data-start=\"1148\" data-end=\"1159\">regul\u00e4r<\/td>\n<\/tr>\n<tr data-start=\"1160\" data-end=\"1199\">\n<td data-start=\"1160\" data-end=\"1172\" data-col-size=\"sm\"><strong data-start=\"1162\" data-end=\"1171\">Farbe<\/strong><\/td>\n<td data-col-size=\"sm\" data-start=\"1172\" data-end=\"1199\">beehidden northernpixel<\/td>\n<\/tr>\n<tr data-start=\"1200\" data-end=\"1231\">\n<td data-start=\"1200\" data-end=\"1222\" data-col-size=\"sm\"><strong data-start=\"1202\" data-end=\"1221\">Verf\u00fcgbare Gr\u00f6\u00dfen<\/strong><\/td>\n<td data-col-size=\"sm\" data-start=\"1222\" data-end=\"1231\">XS\u2013XL<\/td>\n<\/tr>\n<\/tbody>\n<\/table>\n<\/div>\n<\/div>\n","protected":false},"excerpt":{"rendered":"<p>Das Nordforest Jagd-Funktionsshirt f\u00fcr Damen im Beehidden-Muster bietet optimalen Komfort f\u00fcr aktive Freizeitgestaltung, Wanderungen und die Jagd. Gefertigt aus weichem und atmungsaktivem Material gew\u00e4hrleistet es eine angenehme W\u00e4rmeregulierung. Speziell f\u00fcr J\u00e4gerinnen konzipiert, ist das Beehidden-Tarnmuster von Nordforest Hunting besonders faszinierend &#8211; es kombiniert grafische Elemente mit nat\u00fcrlichen Silhouetten zu einem einzigartigen Design, das sich sowohl [&#8230;]\n","protected":false},"featured_media":279788,"comment_status":"open","ping_status":"closed","template":"","meta":[],"product_brand":[],"product_cat":[2117],"product_tag":[],"class_list":{"0":"post-279851","1":"product","2":"type-product","3":"status-publish","4":"has-post-thumbnail","6":"product_cat-jagdbekleidung-fur-damen","8":"first","9":"instock","10":"taxable","11":"shipping-taxable","12":"purchasable","13":"product-type-variable"},"composite_virtual":false,"composite_layout":"","composite_add_to_cart_form_location":"","composite_editable_in_cart":false,"composite_sold_individually_context":"","composite_shop_price_calc":"","composite_components":[],"composite_scenarios":[],"group_of_quantity":0,"min_quantity":0,"max_quantity":"","exclude_order_quantity_value_rules":"no","exclude_category_quantity_rules":"no","combine_variations":"no","exclude_global_add_ons":[],"addons":[],"_links":{"self":[{"href":"https:\/\/www.huntersfriend.eu\/de\/wp-json\/wp\/v2\/product\/279851","targetHints":{"allow":["GET"]}}],"collection":[{"href":"https:\/\/www.huntersfriend.eu\/de\/wp-json\/wp\/v2\/product"}],"about":[{"href":"https:\/\/www.huntersfriend.eu\/de\/wp-json\/wp\/v2\/types\/product"}],"replies":[{"embeddable":true,"href":"https:\/\/www.huntersfriend.eu\/de\/wp-json\/wp\/v2\/comments?post=279851"}],"wp:featuredmedia":[{"embeddable":true,"href":"https:\/\/www.huntersfriend.eu\/de\/wp-json\/wp\/v2\/media\/279788"}],"wp:attachment":[{"href":"https:\/\/www.huntersfriend.eu\/de\/wp-json\/wp\/v2\/media?parent=279851"}],"wp:term":[{"taxonomy":"product_brand","embeddable":true,"href":"https:\/\/www.huntersfriend.eu\/de\/wp-json\/wp\/v2\/product_brand?post=279851"},{"taxonomy":"product_cat","embeddable":true,"href":"https:\/\/www.huntersfriend.eu\/de\/wp-json\/wp\/v2\/product_cat?post=279851"},{"taxonomy":"product_tag","embeddable":true,"href":"https:\/\/www.huntersfriend.eu\/de\/wp-json\/wp\/v2\/product_tag?post=279851"}],"curies":[{"name":"wp","href":"https:\/\/api.w.org\/{rel}","templated":true}]}}