{"id":279844,"date":"2025-03-11T14:57:29","date_gmt":"2025-06-23T06:29:34","guid":{"rendered":"https:\/\/www.huntersfriend.eu\/product\/nordforest-jagd-stretchhose-fuer-damen-2\/"},"modified":"2026-04-12T08:45:01","modified_gmt":"2026-04-12T06:45:01","slug":"nordforest-jagd-stretchhose-fuer-damen-2","status":"publish","type":"product","link":"https:\/\/www.huntersfriend.eu\/de\/produkt\/nordforest-jagd-stretchhose-fuer-damen-2\/","title":{"rendered":"Nordforest Jagd-Stretchhose f\u00fcr Damen"},"content":{"rendered":"<p data-start=\"147\" data-end=\"512\">Die <strong data-start=\"147\" data-end=\"194\">Nordforest Hunting Damen Stretch-Hose<\/strong> ist eine leichte Outdoor-, Wander- und Jagdhose, die f\u00fcr den aktiven Einsatz konzipiert wurde. Dank ihres flexiblen Materials bietet sie hervorragenden Tragekomfort und maximale Bewegungsfreiheit. Netzbel\u00fcftete Rei\u00dfverschl\u00fcsse an Oberschenkeln und Waden sorgen f\u00fcr optimale Luftzirkulation und helfen bei der Regulierung der K\u00f6rpertemperatur &#8211; selbst bei intensiver Aktivit\u00e4t.  <\/p>\n<h3 data-start=\"514\" data-end=\"526\">Zusammengefasst<\/h3>\n<ul data-start=\"527\" data-end=\"813\">\n<li data-start=\"527\" data-end=\"564\">\n<p data-start=\"529\" data-end=\"564\">Leichte und flexible Hose<\/p>\n<\/li>\n<li data-start=\"565\" data-end=\"607\">\n<p data-start=\"567\" data-end=\"607\">Ideal insbesondere f\u00fcr den Einsatz vom Fr\u00fchling bis zum Herbst<\/p>\n<\/li>\n<li data-start=\"608\" data-end=\"622\">\n<p data-start=\"610\" data-end=\"622\">Atmungsaktiv<\/p>\n<\/li>\n<li data-start=\"623\" data-end=\"640\">\n<p data-start=\"625\" data-end=\"640\">Ger\u00e4uscharmes Gewebe<\/p>\n<\/li>\n<li data-start=\"641\" data-end=\"655\">\n<p data-start=\"643\" data-end=\"655\">G\u00fcrtelschlaufen<\/p>\n<\/li>\n<li data-start=\"656\" data-end=\"711\">\n<p data-start=\"658\" data-end=\"711\">Netzgef\u00fctterte Bel\u00fcftungsrei\u00dfverschl\u00fcsse an Oberschenkeln und Waden<\/p>\n<\/li>\n<li data-start=\"712\" data-end=\"728\">\n<p data-start=\"714\" data-end=\"728\">Vorgeformte Knie<\/p>\n<\/li>\n<li data-start=\"729\" data-end=\"765\">\n<p data-start=\"731\" data-end=\"765\">Bund mit Klettverschluss verstellbar<\/p>\n<\/li>\n<li data-start=\"766\" data-end=\"813\">\n<p data-start=\"768\" data-end=\"813\">Beinabschl\u00fcsse mit Klettverschluss anpassbar<\/p>\n<\/li>\n<\/ul>\n<p data-start=\"815\" data-end=\"945\">Die <strong data-start=\"819\" data-end=\"858\">Nordforest Hunting Stretch-Hose<\/strong> verf\u00fcgt \u00fcber zwei Seitentaschen sowie eine Oberschenkeltasche und eine Ges\u00e4\u00dftasche &#8211; beide mit Rei\u00dfverschl\u00fcssen versehen.<\/p>\n<hr data-start=\"947\" data-end=\"950\">\n<h3 data-start=\"952\" data-end=\"964\">Funktionen<\/h3>\n<div class=\"_tableContainer_16hzy_1\">\n<div class=\"_tableWrapper_16hzy_14 group flex w-fit flex-col-reverse\" tabindex=\"-1\">\n<table class=\"w-fit min-w-(--thread-content-width)\" data-start=\"966\" data-end=\"1367\">\n<thead data-start=\"966\" data-end=\"999\">\n<tr data-start=\"966\" data-end=\"999\">\n<th data-start=\"966\" data-end=\"980\" data-col-size=\"sm\"><strong data-start=\"968\" data-end=\"979\">Merkmal<\/strong><\/th>\n<th data-start=\"980\" data-end=\"999\" data-col-size=\"md\"><strong data-start=\"982\" data-end=\"997\">Beschreibung<\/strong><\/th>\n<\/tr>\n<\/thead>\n<tbody data-start=\"1035\" data-end=\"1367\">\n<tr data-start=\"1035\" data-end=\"1076\">\n<td data-start=\"1035\" data-end=\"1054\" data-col-size=\"sm\"><strong data-start=\"1037\" data-end=\"1053\">Hersteller<\/strong><\/td>\n<td data-col-size=\"md\" data-start=\"1054\" data-end=\"1076\">nordforest hunting<\/td>\n<\/tr>\n<tr data-start=\"1077\" data-end=\"1116\">\n<td data-start=\"1077\" data-end=\"1096\" data-col-size=\"sm\"><strong data-start=\"1079\" data-end=\"1095\">Produkttyp<\/strong><\/td>\n<td data-col-size=\"md\" data-start=\"1096\" data-end=\"1116\">Stretchhose<\/td>\n<\/tr>\n<tr data-start=\"1117\" data-end=\"1167\">\n<td data-start=\"1117\" data-end=\"1136\" data-col-size=\"sm\"><strong data-start=\"1119\" data-end=\"1135\">Obermaterial<\/strong><\/td>\n<td data-col-size=\"md\" data-start=\"1136\" data-end=\"1167\">89% Polyester, 11% Elasthan<\/td>\n<\/tr>\n<tr data-start=\"1168\" data-end=\"1198\">\n<td data-start=\"1168\" data-end=\"1188\" data-col-size=\"sm\"><strong data-start=\"1170\" data-end=\"1187\">Atmungsaktivit\u00e4t<\/strong><\/td>\n<td data-col-size=\"md\" data-start=\"1188\" data-end=\"1198\">Mittel<\/td>\n<\/tr>\n<tr data-start=\"1199\" data-end=\"1270\">\n<td data-start=\"1199\" data-end=\"1222\" data-col-size=\"sm\"><strong data-start=\"1201\" data-end=\"1221\">Besondere Merkmale<\/strong><\/td>\n<td data-col-size=\"md\" data-start=\"1222\" data-end=\"1270\">Ger\u00e4uscharmes Gewebe, verstellbare Beinabschl\u00fcsse, etc.<\/td>\n<\/tr>\n<tr data-start=\"1271\" data-end=\"1313\">\n<td data-start=\"1271\" data-end=\"1290\" data-col-size=\"sm\"><strong data-start=\"1273\" data-end=\"1289\">Verwendungszweck<\/strong><\/td>\n<td data-col-size=\"md\" data-start=\"1290\" data-end=\"1313\">Damen-Freizeitbekleidung<\/td>\n<\/tr>\n<tr data-start=\"1314\" data-end=\"1335\">\n<td data-start=\"1314\" data-end=\"1326\" data-col-size=\"sm\"><strong data-start=\"1316\" data-end=\"1325\">Farbe<\/strong><\/td>\n<td data-col-size=\"md\" data-start=\"1326\" data-end=\"1335\">olivgr\u00fcn<\/td>\n<\/tr>\n<tr data-start=\"1336\" data-end=\"1367\">\n<td data-start=\"1336\" data-end=\"1358\" data-col-size=\"sm\"><strong data-start=\"1338\" data-end=\"1357\">Verf\u00fcgbare Gr\u00f6\u00dfen<\/strong><\/td>\n<td data-col-size=\"md\" data-start=\"1358\" data-end=\"1367\">XS\u2013XL<\/td>\n<\/tr>\n<\/tbody>\n<\/table>\n<\/div>\n<\/div>\n","protected":false},"excerpt":{"rendered":"<p>Die Nordforest Hunting Damen Stretch-Hose ist eine leichte Outdoor-, Wander- und Jagdhose, die f\u00fcr den aktiven Einsatz konzipiert wurde. Dank ihres flexiblen Materials bietet sie hervorragenden Tragekomfort und maximale Bewegungsfreiheit. Netzbel\u00fcftete Rei\u00dfverschl\u00fcsse an Oberschenkeln und Waden sorgen f\u00fcr optimale Luftzirkulation und helfen bei der Regulierung der K\u00f6rpertemperatur &#8211; selbst bei intensiver Aktivit\u00e4t. Zusammengefasst Leichte und [&#8230;]\n","protected":false},"featured_media":279794,"comment_status":"open","ping_status":"closed","template":"","meta":[],"product_brand":[],"product_cat":[2117],"product_tag":[],"class_list":{"0":"post-279844","1":"product","2":"type-product","3":"status-publish","4":"has-post-thumbnail","6":"product_cat-jagdbekleidung-fur-damen","8":"first","9":"instock","10":"taxable","11":"shipping-taxable","12":"purchasable","13":"product-type-variable"},"composite_virtual":false,"composite_layout":"","composite_add_to_cart_form_location":"","composite_editable_in_cart":false,"composite_sold_individually_context":"","composite_shop_price_calc":"","composite_components":[],"composite_scenarios":[],"group_of_quantity":0,"min_quantity":0,"max_quantity":"","exclude_order_quantity_value_rules":"no","exclude_category_quantity_rules":"no","combine_variations":"no","exclude_global_add_ons":[],"addons":[],"_links":{"self":[{"href":"https:\/\/www.huntersfriend.eu\/de\/wp-json\/wp\/v2\/product\/279844","targetHints":{"allow":["GET"]}}],"collection":[{"href":"https:\/\/www.huntersfriend.eu\/de\/wp-json\/wp\/v2\/product"}],"about":[{"href":"https:\/\/www.huntersfriend.eu\/de\/wp-json\/wp\/v2\/types\/product"}],"replies":[{"embeddable":true,"href":"https:\/\/www.huntersfriend.eu\/de\/wp-json\/wp\/v2\/comments?post=279844"}],"wp:featuredmedia":[{"embeddable":true,"href":"https:\/\/www.huntersfriend.eu\/de\/wp-json\/wp\/v2\/media\/279794"}],"wp:attachment":[{"href":"https:\/\/www.huntersfriend.eu\/de\/wp-json\/wp\/v2\/media?parent=279844"}],"wp:term":[{"taxonomy":"product_brand","embeddable":true,"href":"https:\/\/www.huntersfriend.eu\/de\/wp-json\/wp\/v2\/product_brand?post=279844"},{"taxonomy":"product_cat","embeddable":true,"href":"https:\/\/www.huntersfriend.eu\/de\/wp-json\/wp\/v2\/product_cat?post=279844"},{"taxonomy":"product_tag","embeddable":true,"href":"https:\/\/www.huntersfriend.eu\/de\/wp-json\/wp\/v2\/product_tag?post=279844"}],"curies":[{"name":"wp","href":"https:\/\/api.w.org\/{rel}","templated":true}]}}