{"id":279842,"date":"2025-03-07T14:53:39","date_gmt":"2025-03-07T12:53:39","guid":{"rendered":"https:\/\/www.huntersfriend.eu\/product\/sitka-core-halswaermer-optifade-elevated-ii\/"},"modified":"2025-08-03T05:36:13","modified_gmt":"2025-08-03T03:36:13","slug":"sitka-core-halswaermer-optifade-elevated-ii","status":"publish","type":"product","link":"https:\/\/www.huntersfriend.eu\/de\/produkt\/sitka-core-halswaermer-optifade-elevated-ii\/","title":{"rendered":"SITKA Core Halsw\u00e4rmer Optifade Elevated II"},"content":{"rendered":"<p>Leicht und \u00e4u\u00dferst atmungsaktiv h\u00e4lt der CORE Halsw\u00e4rmer die Sonne von Ihrem Nacken fern und l\u00e4sst sich hochziehen, um Tarnung zu bieten, wenn die Situation sich zuspitzt.<\/p>\n<p>Gewicht: 28,35 g<\/p>\n<p>POLYGIENE Technologie: Schichtung ist eine Wissenschaft mit unserem CORE System von hautnahen Produkten. Jede der Stoffgewichte &#8211; leicht, mittel und schwer &#8211; leitet Feuchtigkeit ab, um Sie warm und trocken zu halten, w\u00e4hrend die Polygiene\u00ae Technologie Ger\u00fcche sicher und dauerhaft mit nat\u00fcrlich antimikrobiellem Silbersalz neutralisiert. <\/p>\n","protected":false},"excerpt":{"rendered":"<p>Optifade Elevated II<\/p>\n","protected":false},"featured_media":276784,"comment_status":"open","ping_status":"closed","template":"","meta":[],"product_brand":[],"product_cat":[1145],"product_tag":[],"class_list":{"0":"post-279842","1":"product","2":"type-product","3":"status-publish","4":"has-post-thumbnail","6":"product_cat-sonstiges","8":"first","9":"outofstock","10":"taxable","11":"shipping-taxable","12":"purchasable","13":"product-type-simple"},"composite_virtual":false,"composite_layout":"","composite_add_to_cart_form_location":"","composite_editable_in_cart":false,"composite_sold_individually_context":"","composite_shop_price_calc":"","composite_components":[],"composite_scenarios":[],"group_of_quantity":0,"min_quantity":0,"max_quantity":"","exclude_order_quantity_value_rules":"no","exclude_category_quantity_rules":"no","combine_variations":"no","exclude_global_add_ons":[],"addons":[],"_links":{"self":[{"href":"https:\/\/www.huntersfriend.eu\/de\/wp-json\/wp\/v2\/product\/279842","targetHints":{"allow":["GET"]}}],"collection":[{"href":"https:\/\/www.huntersfriend.eu\/de\/wp-json\/wp\/v2\/product"}],"about":[{"href":"https:\/\/www.huntersfriend.eu\/de\/wp-json\/wp\/v2\/types\/product"}],"replies":[{"embeddable":true,"href":"https:\/\/www.huntersfriend.eu\/de\/wp-json\/wp\/v2\/comments?post=279842"}],"wp:featuredmedia":[{"embeddable":true,"href":"https:\/\/www.huntersfriend.eu\/de\/wp-json\/wp\/v2\/media\/276784"}],"wp:attachment":[{"href":"https:\/\/www.huntersfriend.eu\/de\/wp-json\/wp\/v2\/media?parent=279842"}],"wp:term":[{"taxonomy":"product_brand","embeddable":true,"href":"https:\/\/www.huntersfriend.eu\/de\/wp-json\/wp\/v2\/product_brand?post=279842"},{"taxonomy":"product_cat","embeddable":true,"href":"https:\/\/www.huntersfriend.eu\/de\/wp-json\/wp\/v2\/product_cat?post=279842"},{"taxonomy":"product_tag","embeddable":true,"href":"https:\/\/www.huntersfriend.eu\/de\/wp-json\/wp\/v2\/product_tag?post=279842"}],"curies":[{"name":"wp","href":"https:\/\/api.w.org\/{rel}","templated":true}]}}