{"id":279839,"date":"2025-03-04T11:15:05","date_gmt":"2025-03-04T09:15:05","guid":{"rendered":"https:\/\/www.huntersfriend.eu\/product\/zeiss-lrp-s3-425-50-zf-mri-zielfernrohr\/"},"modified":"2025-07-26T04:14:16","modified_gmt":"2025-07-26T02:14:16","slug":"zeiss-lrp-s3-425-50-zf-mri-zielfernrohr","status":"publish","type":"product","link":"https:\/\/www.huntersfriend.eu\/de\/produkt\/zeiss-lrp-s3-425-50-zf-mri-zielfernrohr\/","title":{"rendered":"ZEISS LRP S3 425-50 ZF-MRI Zielfernrohr"},"content":{"rendered":"<p data-start=\"0\" data-end=\"77\"><strong data-start=\"0\" data-end=\"77\">ZEISS LRP S3 4-25&#215;50 ZF-MRi \u2013 Pr\u00e4zision der Spitzenklasse f\u00fcr das Langstrecken-Schie\u00dfen<\/strong><\/p>\n<p data-start=\"79\" data-end=\"380\">Das ZEISS LRP S3 4-25&#215;50 ZF-MRi ist ein hochleistungsf\u00e4higes taktisches Zielfernrohr, das speziell f\u00fcr pr\u00e4zises Langstrecken-Schie\u00dfen und Wettkampfschie\u00dfen entwickelt wurde. Dieses Zielfernrohr vereint ZEISS&#8216; legend\u00e4re Optik, Haltbarkeit und Pr\u00e4zision und liefert au\u00dfergew\u00f6hnliche Leistung selbst unter anspruchsvollsten Bedingungen. <\/p>\n<p data-start=\"382\" data-end=\"1145\"><strong data-start=\"382\" data-end=\"399\">Hauptmerkmale:<\/strong> \u2714 <strong data-start=\"402\" data-end=\"441\">Pr\u00e4ziser Vergr\u00f6\u00dferungsbereich (4-25x)<\/strong> \u2013 Der gro\u00dfe Vergr\u00f6\u00dferungsbereich gew\u00e4hrleistet optimale Nutzbarkeit bei verschiedenen Schussdistanzen.<br data-start=\"529\" data-end=\"532\">\u2714 <strong data-start=\"534\" data-end=\"558\">50 mm Objektivlinse<\/strong> \u2013 Hohe Lichtsammelf\u00e4higkeit garantiert ein helles und scharfes Bild, selbst bei schwachen Lichtverh\u00e4ltnissen.<br data-start=\"658\" data-end=\"661\">\u2714 <strong data-start=\"663\" data-end=\"704\" data-is-only-node=\"\">MRi (Milliradian) beleuchtetes Absehen<\/strong> \u2013 Konzipiert f\u00fcr schnelle und pr\u00e4zise Entfernungssch\u00e4tzung und Korrekturen.<br data-start=\"775\" data-end=\"778\">\u2714 <strong data-start=\"780\" data-end=\"815\">Absehen in der ersten Bildebene (FFP)<\/strong> \u2013 Skaliert mit der Vergr\u00f6\u00dferung und erm\u00f6glicht pr\u00e4zises Zielen bei allen Vergr\u00f6\u00dferungsstufen.<br data-start=\"905\" data-end=\"908\">\u2714 <strong data-start=\"910\" data-end=\"945\">Exzellente mechanische Haltbarkeit<\/strong> \u2013 Konstruiert, um selbst h\u00e4rtesten Umgebungsbedingungen standzuhalten, sto\u00dffest und wasserdicht.<br data-start=\"1031\" data-end=\"1034\">\u2714 <strong data-start=\"1036\" data-end=\"1072\">Modernes ballistisches Turm-Design<\/strong> \u2013 Leicht einstellbare H\u00f6hen- und Seitenverstellung f\u00fcr schnelles und pr\u00e4zises Zielen.<\/p>\n<p data-start=\"1147\" data-end=\"1176\"><strong data-start=\"1147\" data-end=\"1176\">Technische Spezifikationen:<\/strong><\/p>\n<ul data-start=\"1177\" data-end=\"1753\">\n<li data-start=\"1177\" data-end=\"1205\"><strong data-start=\"1179\" data-end=\"1197\">Vergr\u00f6\u00dferung:<\/strong> 4\u201325x<\/li>\n<li data-start=\"1206\" data-end=\"1244\"><strong data-start=\"1208\" data-end=\"1236\">Objektivdurchmesser:<\/strong> 50 mm<\/li>\n<li data-start=\"1245\" data-end=\"1293\"><strong data-start=\"1247\" data-end=\"1259\">Absehen:<\/strong> ZF-MRi (Erste Bildebene, FFP)<\/li>\n<li data-start=\"1294\" data-end=\"1323\"><strong data-start=\"1296\" data-end=\"1312\">Klickwert:<\/strong> 0,1 mrad<\/li>\n<li data-start=\"1324\" data-end=\"1369\"><strong data-start=\"1326\" data-end=\"1357\">H\u00f6henverstellbereich:<\/strong> 40,7 mrad<\/li>\n<li data-start=\"1370\" data-end=\"1411\"><strong data-start=\"1372\" data-end=\"1401\">Seitenverstellbereich:<\/strong> 24 mrad<\/li>\n<li data-start=\"1412\" data-end=\"1457\"><strong data-start=\"1414\" data-end=\"1431\">Beleuchtung:<\/strong> Ja, tageslichtkompatibel<\/li>\n<li data-start=\"1458\" data-end=\"1558\"><strong data-start=\"1460\" data-end=\"1478\">Linsenbeschichtungen:<\/strong> LotuTec\u00ae und T* Mehrschichtverg\u00fctung f\u00fcr verbesserte Lichtdurchl\u00e4ssigkeit und Haltbarkeit<\/li>\n<li data-start=\"1559\" data-end=\"1587\"><strong data-start=\"1561\" data-end=\"1576\">Augenabstand:<\/strong> 80\u201390 mm<\/li>\n<li data-start=\"1588\" data-end=\"1621\"><strong data-start=\"1590\" data-end=\"1599\">Tubus:<\/strong> 34 mm Aluminiumtubus<\/li>\n<li data-start=\"1622\" data-end=\"1644\"><strong data-start=\"1624\" data-end=\"1635\">L\u00e4nge:<\/strong> 368 mm<\/li>\n<li data-start=\"1645\" data-end=\"1666\"><strong data-start=\"1647\" data-end=\"1658\">Gewicht:<\/strong> 965 g<\/li>\n<li data-start=\"1667\" data-end=\"1753\"><strong data-start=\"1669\" data-end=\"1699\">Wasserdicht und Sto\u00dffest:<\/strong> IP67-Zertifizierung, getestet f\u00fcr extreme Bedingungen<\/li>\n<\/ul>\n<p data-start=\"1755\" data-end=\"2493\"><strong data-start=\"1755\" data-end=\"1772\">Hauptmerkmale:<\/strong> \u2714 <strong data-start=\"1775\" data-end=\"1810\">Absehen in der ersten Bildebene (FFP)<\/strong> \u2013 Skaliert mit der Vergr\u00f6\u00dferung und erm\u00f6glicht pr\u00e4zise Entfernungssch\u00e4tzungen und Haltepunkte bei allen Vergr\u00f6\u00dferungsstufen.<br data-start=\"1925\" data-end=\"1928\">\u2714 <strong data-start=\"1930\" data-end=\"1967\">Vollst\u00e4ndig einstellbarer ballistischer Turm<\/strong> \u2013 Zero-Stop-Funktionalit\u00e4t erm\u00f6glicht schnelle und pr\u00e4zise R\u00fcckkehr zum Nullpunkt.<br data-start=\"2034\" data-end=\"2037\">\u2714 <strong data-start=\"2039\" data-end=\"2066\" data-is-only-node=\"\">Hochleistungsoptik<\/strong> \u2013 ZEISS&#8216; fortschrittliche Linsentechnologie gew\u00e4hrleistet au\u00dfergew\u00f6hnliche Bildqualit\u00e4t und Helligkeit, selbst bei schwachen Lichtverh\u00e4ltnissen.<br data-start=\"2181\" data-end=\"2184\">\u2714 <strong data-start=\"2186\" data-end=\"2209\">Robuste Konstruktion<\/strong> \u2013 Der 34 mm einteilige gefr\u00e4ste Aluminiumtubus bietet hervorragende Sto\u00dffestigkeit und Zuverl\u00e4ssigkeit in allen Schie\u00dfumgebungen.<br data-start=\"2339\" data-end=\"2342\">\u2714 <strong data-start=\"2344\" data-end=\"2367\">Beleuchtetes Absehen<\/strong> \u2013 Die einstellbare Beleuchtung ist sowohl f\u00fcr den Tag- als auch f\u00fcr den Nachteinsatz geeignet und gew\u00e4hrleistet optimale Sichtbarkeit unter allen Lichtbedingungen.<\/p>\n<p data-start=\"2495\" data-end=\"2734\" data-is-last-node=\"\" data-is-only-node=\"\">Das <strong data-start=\"2499\" data-end=\"2530\">ZEISS LRP S3 4-25&#215;50 ZF-MRi<\/strong> ist f\u00fcr leistungsorientierte Sch\u00fctzen konzipiert, die Pr\u00e4zision, Haltbarkeit und Optik von Weltklasse sch\u00e4tzen. Es ist die perfekte Wahl f\u00fcr den Wettkampf- und milit\u00e4rischen Einsatz sowie f\u00fcr die Jagd unter extremen Bedingungen. <\/p>\n","protected":false},"excerpt":{"rendered":"<p>ZEISS LRP S3 4-25&#215;50 ZF-MRi \u2013 Pr\u00e4zision der Spitzenklasse f\u00fcr das Langstrecken-Schie\u00dfen Das ZEISS LRP S3 4-25&#215;50 ZF-MRi ist ein hochleistungsf\u00e4higes taktisches Zielfernrohr, das speziell f\u00fcr pr\u00e4zises Langstrecken-Schie\u00dfen und Wettkampfschie\u00dfen entwickelt wurde. Dieses Zielfernrohr vereint ZEISS&#8216; legend\u00e4re Optik, Haltbarkeit und Pr\u00e4zision und liefert au\u00dfergew\u00f6hnliche Leistung selbst unter anspruchsvollsten Bedingungen. Hauptmerkmale: \u2714 Pr\u00e4ziser Vergr\u00f6\u00dferungsbereich (4-25x) \u2013 [&#8230;]\n","protected":false},"featured_media":276898,"comment_status":"open","ping_status":"closed","template":"","meta":[],"product_brand":[],"product_cat":[1132],"product_tag":[],"class_list":{"0":"post-279839","1":"product","2":"type-product","3":"status-publish","4":"has-post-thumbnail","6":"product_cat-zielfernrohre","8":"first","9":"outofstock","10":"taxable","11":"shipping-taxable","12":"purchasable","13":"product-type-simple"},"composite_virtual":false,"composite_layout":"","composite_add_to_cart_form_location":"","composite_editable_in_cart":false,"composite_sold_individually_context":"","composite_shop_price_calc":"","composite_components":[],"composite_scenarios":[],"group_of_quantity":0,"min_quantity":0,"max_quantity":"","exclude_order_quantity_value_rules":"no","exclude_category_quantity_rules":"no","combine_variations":"no","exclude_global_add_ons":[],"addons":[],"_links":{"self":[{"href":"https:\/\/www.huntersfriend.eu\/de\/wp-json\/wp\/v2\/product\/279839","targetHints":{"allow":["GET"]}}],"collection":[{"href":"https:\/\/www.huntersfriend.eu\/de\/wp-json\/wp\/v2\/product"}],"about":[{"href":"https:\/\/www.huntersfriend.eu\/de\/wp-json\/wp\/v2\/types\/product"}],"replies":[{"embeddable":true,"href":"https:\/\/www.huntersfriend.eu\/de\/wp-json\/wp\/v2\/comments?post=279839"}],"wp:featuredmedia":[{"embeddable":true,"href":"https:\/\/www.huntersfriend.eu\/de\/wp-json\/wp\/v2\/media\/276898"}],"wp:attachment":[{"href":"https:\/\/www.huntersfriend.eu\/de\/wp-json\/wp\/v2\/media?parent=279839"}],"wp:term":[{"taxonomy":"product_brand","embeddable":true,"href":"https:\/\/www.huntersfriend.eu\/de\/wp-json\/wp\/v2\/product_brand?post=279839"},{"taxonomy":"product_cat","embeddable":true,"href":"https:\/\/www.huntersfriend.eu\/de\/wp-json\/wp\/v2\/product_cat?post=279839"},{"taxonomy":"product_tag","embeddable":true,"href":"https:\/\/www.huntersfriend.eu\/de\/wp-json\/wp\/v2\/product_tag?post=279839"}],"curies":[{"name":"wp","href":"https:\/\/api.w.org\/{rel}","templated":true}]}}