{"id":279832,"date":"2025-03-03T11:46:37","date_gmt":"2025-03-03T09:46:37","guid":{"rendered":"https:\/\/www.huntersfriend.eu\/product\/mathews-lift-x-33-auf-lager\/"},"modified":"2025-11-14T12:47:36","modified_gmt":"2025-11-14T10:47:36","slug":"mathews-lift-x-33-auf-lager","status":"publish","type":"product","link":"https:\/\/www.huntersfriend.eu\/de\/produkt\/mathews-lift-x-33-auf-lager\/","title":{"rendered":"Mathews lift x 33 auf Lager"},"content":{"rendered":"<h3><span data-text-color=\"alert\"><strong>Sollten Sie den exakten Bogen, den Sie w\u00fcnschen, hier nicht verf\u00fcgbar finden, kontaktieren Sie uns bitte direkt oder bestellen Sie \u00fcber unsere Mathews lift x 33 Sonderanfertigungsseite. Die Lieferzeiten betragen unter normalen Umst\u00e4nden etwa 10-14 Tage, k\u00f6nnen jedoch bei nicht vorr\u00e4tigen Artikeln beim europ\u00e4ischen Vertriebspartner l\u00e4nger ausfallen. Bitte erkundigen Sie sich telefonisch nach der Verf\u00fcgbarkeit.  <\/strong><\/span><\/h3>\n<p>Der LIFT X 2025 bringt bislang unerreichte Ebenen der Feinabstimmung und Anpassung f\u00fcr jeden Bogenj\u00e4ger. Mit unserer patentierten Limb Shift\u2122 Technologie (LST) erm\u00f6glicht der LIFT X Bogensch\u00fctzen, ihre Einstellung mit einer einfachen Drehung des Schraubenschl\u00fcssels mikrogenau anzupassen, ohne dass eine Bogenpresse erforderlich ist. Die ARC7\u2122 Wurfarmtechnologie liefert die haltbarsten und effizientesten Wurfarme, die wir je entwickelt haben, und das v\u00f6llig neue BOND\u2122 Griffsystem passt den Kontaktpunkt f\u00fcr jeden Sch\u00fctzen individuell an. Der LIFT X ist der n\u00e4chste Ausdruck unseres Strebens nach Exzellenz und repr\u00e4sentiert den Gipfel der Bogentechnologie.   <\/p>\n<p>Standh\u00f6he: 6,5&#8243;<\/p>\n<p>IBO-Wertung: bis zu 343 FPS<\/p>\n<p>Achse zu Achse: 33&#8243;<\/p>\n<p>Zuggewicht: 55, 60, 65, 70, 75 &amp; 80<\/p>\n<p>Zugl\u00e4ngen: 26 \u201e-31,5\u201c<\/p>\n<p>Let-off: 80 oder 85%<\/p>\n<p>Physisches Gewicht: 4,26 LBS<\/p>\n<p>CAM: SwitchWeight x<\/p>\n<h2>Limb Shift Technologie<\/h2>\n<p>Unsere patentierte Limb Shift Technologie (LST) ist ein einzigartiges Abstimmungssystem, das es dem Bogensch\u00fctzen erm\u00f6glicht, den Wurfarmkanal ohne Verwendung einer Bogenpresse mikrogenau einzustellen. Durch die Fixierung des Nockenpunkts optimiert die Limb Shift Technologie die Wurfarmbalance und -belastung innerhalb des Wurfarmkanals, was zu einer effizienteren und effektiveren Abstimmung f\u00fchrt. <\/p>\n<h2>ARC7 Wurfarmtechnologie<\/h2>\n<p>Wir haben ein neues Wurfarmmaterial und einen mehrstufigen Herstellungsprozess entwickelt, um Stabilit\u00e4t und Konsistenz \u00fcber die gesamte Produktionslinie hinweg zu gew\u00e4hrleisten. Das Ergebnis ist ein v\u00f6llig neuer Wurfarm, der w\u00e4hrend der gesamten Belastungssequenz haltbarer und effizienter ist als jeder Wurfarm, den wir bisher hergestellt haben. <\/p>\n<h2>BOND Griffsystem<\/h2>\n<p>Nach der Vermessung der Griffe hunderter Bogensch\u00fctzen wurde das v\u00f6llig neue BOND Griffsystem entwickelt. Jeder BOND Griff, konstruiert aus einer haltbaren Polymerbasis, wurde f\u00fcr \u00fcberlegene Ergonomie konzipiert und verf\u00fcgt \u00fcber eine strukturierte Gummigriffoberfl\u00e4che, um den Halt dort zu verbessern, wo er am dringendsten ben\u00f6tigt wird. <\/p>\n","protected":false},"excerpt":{"rendered":"<p>Nur f\u00fcr B\u00f6gen auf Lager<\/p>\n","protected":false},"featured_media":275670,"comment_status":"open","ping_status":"closed","template":"","meta":[],"product_brand":[],"product_cat":[1145],"product_tag":[],"class_list":{"0":"post-279832","1":"product","2":"type-product","3":"status-publish","4":"has-post-thumbnail","6":"product_cat-sonstiges","7":"product_shipping_class-big-de","9":"first","10":"outofstock","11":"taxable","12":"shipping-taxable","13":"product-type-simple"},"composite_virtual":false,"composite_layout":"","composite_add_to_cart_form_location":"","composite_editable_in_cart":false,"composite_sold_individually_context":"","composite_shop_price_calc":"","composite_components":[],"composite_scenarios":[],"group_of_quantity":0,"min_quantity":0,"max_quantity":"","exclude_order_quantity_value_rules":"no","exclude_category_quantity_rules":"no","combine_variations":"no","exclude_global_add_ons":[],"addons":[],"_links":{"self":[{"href":"https:\/\/www.huntersfriend.eu\/de\/wp-json\/wp\/v2\/product\/279832","targetHints":{"allow":["GET"]}}],"collection":[{"href":"https:\/\/www.huntersfriend.eu\/de\/wp-json\/wp\/v2\/product"}],"about":[{"href":"https:\/\/www.huntersfriend.eu\/de\/wp-json\/wp\/v2\/types\/product"}],"replies":[{"embeddable":true,"href":"https:\/\/www.huntersfriend.eu\/de\/wp-json\/wp\/v2\/comments?post=279832"}],"wp:featuredmedia":[{"embeddable":true,"href":"https:\/\/www.huntersfriend.eu\/de\/wp-json\/wp\/v2\/media\/275670"}],"wp:attachment":[{"href":"https:\/\/www.huntersfriend.eu\/de\/wp-json\/wp\/v2\/media?parent=279832"}],"wp:term":[{"taxonomy":"product_brand","embeddable":true,"href":"https:\/\/www.huntersfriend.eu\/de\/wp-json\/wp\/v2\/product_brand?post=279832"},{"taxonomy":"product_cat","embeddable":true,"href":"https:\/\/www.huntersfriend.eu\/de\/wp-json\/wp\/v2\/product_cat?post=279832"},{"taxonomy":"product_tag","embeddable":true,"href":"https:\/\/www.huntersfriend.eu\/de\/wp-json\/wp\/v2\/product_tag?post=279832"}],"curies":[{"name":"wp","href":"https:\/\/api.w.org\/{rel}","templated":true}]}}