{"id":279831,"date":"2025-03-04T11:15:06","date_gmt":"2025-03-04T09:15:06","guid":{"rendered":"https:\/\/www.huntersfriend.eu\/product\/zeiss-terra-ed-8-x-42-fernglas\/"},"modified":"2025-06-23T08:29:27","modified_gmt":"2025-06-23T06:29:27","slug":"zeiss-terra-ed-8-x-42-fernglas","status":"publish","type":"product","link":"https:\/\/www.huntersfriend.eu\/de\/produkt\/zeiss-terra-ed-8-x-42-fernglas\/","title":{"rendered":"ZEISS Terra ED 8 x 42 Fernglas"},"content":{"rendered":"<p data-start=\"0\" data-end=\"99\"><strong data-start=\"0\" data-end=\"99\">ZEISS Terra ED 8&#215;42 \u2013 leichtgewichtiges und leistungsstarkes Fernglas f\u00fcr aktive Outdoor-Abenteuer<\/strong><\/p>\n<p data-start=\"101\" data-end=\"361\">Das ZEISS Terra ED 8&#215;42 Fernglas ist die perfekte Wahl f\u00fcr Naturbeobachtung, Vogelbeobachtung und Wandern. Es vereint ZEISS&#8216; hochwertige Optik, ein leichtes Design und eine robuste Konstruktion und bietet eine hervorragende Bildqualit\u00e4t unter allen Bedingungen. <\/p>\n<p data-start=\"363\" data-end=\"798\">Mit 8-facher Vergr\u00f6\u00dferung und einer 42-mm-Objektivlinse bietet es ein weites Sichtfeld und ein stabiles Bild, was die Verfolgung sich bewegender Objekte erleichtert. Die ED-Linsentechnologie (Extra-low Dispersion) reduziert chromatische Aberrationen und verbessert den Kontrast, w\u00e4hrend die ZEISS MC Mehrschichtverg\u00fctung die Lichtdurchl\u00e4ssigkeit maximiert und ein helles, nat\u00fcrliches Bild gew\u00e4hrleistet. Das kompakte und ergonomische Design sorgt f\u00fcr einen komfortablen Griff und einfache Handhabung, selbst mit einer Hand.  <\/p>\n<p data-start=\"800\" data-end=\"828\"><strong data-start=\"800\" data-end=\"828\">Technische Spezifikationen<\/strong><\/p>\n<p data-start=\"830\" data-end=\"850\"><strong data-start=\"830\" data-end=\"850\">Optische Eigenschaften<\/strong><\/p>\n<ul data-start=\"851\" data-end=\"1064\">\n<li data-start=\"851\" data-end=\"872\">Vergr\u00f6\u00dferung: 8x<\/li>\n<li data-start=\"873\" data-end=\"907\">Objektivdurchmesser: 42 mm<\/li>\n<li data-start=\"908\" data-end=\"942\">Sehfeld auf 1000 m: 125 m<\/li>\n<li data-start=\"943\" data-end=\"964\">Augenabstand: 18 mm<\/li>\n<li data-start=\"965\" data-end=\"1001\">Naheinstellgrenze: 1,6 m<\/li>\n<li data-start=\"1002\" data-end=\"1029\">Lichtdurchl\u00e4ssigkeit: 88%<\/li>\n<li data-start=\"1030\" data-end=\"1064\">Augenabstand: 58 \u2013 75 mm<\/li>\n<\/ul>\n<p data-start=\"1066\" data-end=\"1097\"><strong data-start=\"1066\" data-end=\"1097\">Konstruktion und Haltbarkeit<\/strong><\/p>\n<ul data-start=\"1098\" data-end=\"1322\">\n<li data-start=\"1098\" data-end=\"1115\">Gewicht: 725 g<\/li>\n<li data-start=\"1116\" data-end=\"1134\">L\u00e4nge: 142 mm<\/li>\n<li data-start=\"1135\" data-end=\"1152\">Breite: 120 mm<\/li>\n<li data-start=\"1153\" data-end=\"1187\">Geh\u00e4use: Verst\u00e4rktes Polycarbonat<\/li>\n<li data-start=\"1188\" data-end=\"1224\">Verg\u00fctungen: ZEISS MC Mehrschichtverg\u00fctung<\/li>\n<li data-start=\"1225\" data-end=\"1271\">Wasserdichtigkeitsklasse: IPX6 (spritzwassergesch\u00fctzt)<\/li>\n<li data-start=\"1272\" data-end=\"1322\">Stickstofff\u00fcllung: Verhindert Feuchtigkeit und Beschlagen<\/li>\n<\/ul>\n<p data-start=\"1324\" data-end=\"1826\"><strong data-start=\"1324\" data-end=\"1340\">Hauptmerkmale<\/strong> \u2714 ED-Linsentechnologie \u2013 Exzellenter Kontrast und Farbgenauigkeit.<br data-start=\"1402\" data-end=\"1405\">\u2714 Weites Sehfeld (125 m \/ 1000 m) \u2013 Erleichtert die Verfolgung von Objekten in der Natur.<br data-start=\"1487\" data-end=\"1490\">\u2714 Ergonomisches Design \u2013 Leichte und robuste Konstruktion f\u00fcr komfortablen Gebrauch.<br data-start=\"1568\" data-end=\"1571\">\u2714 Schnelle und pr\u00e4zise Fokussierung \u2013 Bequeme Einstellung mit einer Hand.<br data-start=\"1637\" data-end=\"1640\">\u2714 Gute Leistung bei schwachem Licht \u2013 88% Lichtdurchl\u00e4ssigkeit gew\u00e4hrleistet klare Sicht auch in der D\u00e4mmerung.<br data-start=\"1731\" data-end=\"1734\">\u2714 Witterungsbest\u00e4ndige Konstruktion \u2013 Wasserdicht und beschlagfrei, konzipiert f\u00fcr den Outdoor-Einsatz.<\/p>\n<p data-start=\"1828\" data-end=\"1848\"><strong data-start=\"1828\" data-end=\"1848\">Lieferumfang<\/strong><\/p>\n<ul data-start=\"1849\" data-end=\"1970\">\n<li data-start=\"1849\" data-end=\"1883\">ZEISS Terra ED 8&#215;42 Fernglas<\/li>\n<li data-start=\"1884\" data-end=\"1898\">Trageriemen<\/li>\n<li data-start=\"1899\" data-end=\"1914\">Objektivschutzkappen<\/li>\n<li data-start=\"1915\" data-end=\"1935\">Schutztasche<\/li>\n<li data-start=\"1936\" data-end=\"1954\">Reinigungstuch<\/li>\n<li data-start=\"1955\" data-end=\"1970\">Bedienungsanleitung<\/li>\n<\/ul>\n<p data-start=\"1972\" data-end=\"2253\" data-is-last-node=\"\" data-is-only-node=\"\">Das ZEISS Terra ED 8&#215;42 Fernglas ist die perfekte Wahl f\u00fcr Naturliebhaber, die zuverl\u00e4ssige, robuste und hochwertige Ferngl\u00e4ser f\u00fcr den aktiven Outdoor-Einsatz ben\u00f6tigen. Ob beim Wandern, der Vogelbeobachtung oder der Jagd, dieses Fernglas bietet eine helle und detaillierte Sicht auf die umgebende Natur. <\/p>\n","protected":false},"excerpt":{"rendered":"<p>ZEISS Terra ED 8&#215;42 \u2013 leichtgewichtiges und leistungsstarkes Fernglas f\u00fcr aktive Outdoor-Abenteuer Das ZEISS Terra ED 8&#215;42 Fernglas ist die perfekte Wahl f\u00fcr Naturbeobachtung, Vogelbeobachtung und Wandern. Es vereint ZEISS&#8216; hochwertige Optik, ein leichtes Design und eine robuste Konstruktion und bietet eine hervorragende Bildqualit\u00e4t unter allen Bedingungen. Mit 8-facher Vergr\u00f6\u00dferung und einer 42-mm-Objektivlinse bietet es [&#8230;]\n","protected":false},"featured_media":276890,"comment_status":"open","ping_status":"closed","template":"","meta":[],"product_brand":[],"product_cat":[1193],"product_tag":[],"class_list":{"0":"post-279831","1":"product","2":"type-product","3":"status-publish","4":"has-post-thumbnail","6":"product_cat-fernglaeser-und-spective","8":"first","9":"outofstock","10":"taxable","11":"shipping-taxable","12":"purchasable","13":"product-type-simple"},"composite_virtual":false,"composite_layout":"","composite_add_to_cart_form_location":"","composite_editable_in_cart":false,"composite_sold_individually_context":"","composite_shop_price_calc":"","composite_components":[],"composite_scenarios":[],"group_of_quantity":0,"min_quantity":0,"max_quantity":"","exclude_order_quantity_value_rules":"no","exclude_category_quantity_rules":"no","combine_variations":"no","exclude_global_add_ons":[],"addons":[],"_links":{"self":[{"href":"https:\/\/www.huntersfriend.eu\/de\/wp-json\/wp\/v2\/product\/279831","targetHints":{"allow":["GET"]}}],"collection":[{"href":"https:\/\/www.huntersfriend.eu\/de\/wp-json\/wp\/v2\/product"}],"about":[{"href":"https:\/\/www.huntersfriend.eu\/de\/wp-json\/wp\/v2\/types\/product"}],"replies":[{"embeddable":true,"href":"https:\/\/www.huntersfriend.eu\/de\/wp-json\/wp\/v2\/comments?post=279831"}],"wp:featuredmedia":[{"embeddable":true,"href":"https:\/\/www.huntersfriend.eu\/de\/wp-json\/wp\/v2\/media\/276890"}],"wp:attachment":[{"href":"https:\/\/www.huntersfriend.eu\/de\/wp-json\/wp\/v2\/media?parent=279831"}],"wp:term":[{"taxonomy":"product_brand","embeddable":true,"href":"https:\/\/www.huntersfriend.eu\/de\/wp-json\/wp\/v2\/product_brand?post=279831"},{"taxonomy":"product_cat","embeddable":true,"href":"https:\/\/www.huntersfriend.eu\/de\/wp-json\/wp\/v2\/product_cat?post=279831"},{"taxonomy":"product_tag","embeddable":true,"href":"https:\/\/www.huntersfriend.eu\/de\/wp-json\/wp\/v2\/product_tag?post=279831"}],"curies":[{"name":"wp","href":"https:\/\/api.w.org\/{rel}","templated":true}]}}