{"id":279830,"date":"2025-02-27T22:28:12","date_gmt":"2025-02-27T20:28:12","guid":{"rendered":"https:\/\/www.huntersfriend.eu\/product\/zeiss-conquest-v4-3-12-x-56-zielfernrohr\/"},"modified":"2025-08-08T03:44:38","modified_gmt":"2025-08-08T01:44:38","slug":"zeiss-conquest-v4-3-12-x-56-zielfernrohr","status":"publish","type":"product","link":"https:\/\/www.huntersfriend.eu\/de\/produkt\/zeiss-conquest-v4-3-12-x-56-zielfernrohr\/","title":{"rendered":"ZEISS Conquest V4 3-12 x 56 Zielfernrohr"},"content":{"rendered":"<p data-start=\"0\" data-end=\"81\"><strong data-start=\"0\" data-end=\"81\">ZEISS Conquest V4 3-12&#215;56 \u2013 zuverl\u00e4ssiges und leistungsstarkes Zielfernrohr f\u00fcr die Jagd bei schwachem Licht<\/strong><\/p>\n<p data-start=\"83\" data-end=\"391\">Das ZEISS Conquest V4 3-12&#215;56 ist f\u00fcr J\u00e4ger konzipiert, die au\u00dfergew\u00f6hnliche Leistung bei schwachen Lichtverh\u00e4ltnissen ben\u00f6tigen. Das gro\u00dfe 56 mm Objektiv gew\u00e4hrleistet eine hervorragende Lichtsammelf\u00e4higkeit, w\u00e4hrend die fortschrittliche T*-Mehrschichtverg\u00fctung von ZEISS ein helles, scharfes und kontrastarmes Bild unter allen Wetterbedingungen garantiert. <\/p>\n<p data-start=\"393\" data-end=\"787\">Mit seinem Vergr\u00f6\u00dferungsbereich von 3-12x bietet dieses Zielfernrohr Vielseitigkeit sowohl f\u00fcr den Nahbereich als auch f\u00fcr pr\u00e4zises Schie\u00dfen auf gro\u00dfe Distanzen. Das beleuchtete Absehen unterst\u00fctzt schnelles und genaues Zielen bei schwachem Licht und herausfordernden Beleuchtungssituationen. Seine robuste und leichte Konstruktion in Kombination mit pr\u00e4zisen ballistischen Einstellungen macht dieses Zielfernrohr zu einer ausgezeichneten Wahl f\u00fcr die Jagd und das Wettkampfschie\u00dfen.  <\/p>\n<p data-start=\"789\" data-end=\"817\"><strong data-start=\"789\" data-end=\"817\">Technische Spezifikationen<\/strong><\/p>\n<p data-start=\"819\" data-end=\"841\"><strong data-start=\"819\" data-end=\"839\">Optische Eigenschaften<\/strong><\/p>\n<ul data-start=\"842\" data-end=\"1114\">\n<li data-start=\"842\" data-end=\"866\">Vergr\u00f6\u00dferung: 3-12x<\/li>\n<li data-start=\"867\" data-end=\"901\">Objektivdurchmesser: 56 mm<\/li>\n<li data-start=\"902\" data-end=\"938\">Absehen: Beleuchtet, 60 Absehen<\/li>\n<li data-start=\"939\" data-end=\"980\">Klickwert: 1\/4 MOA (0,7 cm \/ 100 m)<\/li>\n<li data-start=\"981\" data-end=\"1034\">Sehfeld auf 100 m: 12,7 m (3x) \u2013 3,2 m (12x)<\/li>\n<li data-start=\"1035\" data-end=\"1056\">Augenabstand: 90 mm<\/li>\n<li data-start=\"1057\" data-end=\"1084\">Lichtdurchl\u00e4ssigkeit: 90%<\/li>\n<li data-start=\"1085\" data-end=\"1114\">Parallaxenausgleich: 91 m<\/li>\n<\/ul>\n<p data-start=\"1116\" data-end=\"1149\"><strong data-start=\"1116\" data-end=\"1147\">Konstruktion und Haltbarkeit<\/strong><\/p>\n<ul data-start=\"1150\" data-end=\"1424\">\n<li data-start=\"1150\" data-end=\"1182\">K\u00f6rper: Monolithisch, 30 mm Tubus<\/li>\n<li data-start=\"1183\" data-end=\"1201\">L\u00e4nge: 368 mm<\/li>\n<li data-start=\"1202\" data-end=\"1219\">Gewicht: 640 g<\/li>\n<li data-start=\"1220\" data-end=\"1273\">Linsenbeschichtungen: LotuTec\u00ae &amp; ZEISS T* Mehrfachverg\u00fctung<\/li>\n<li data-start=\"1274\" data-end=\"1294\">Wasserdichtigkeit: IP68<\/li>\n<li data-start=\"1295\" data-end=\"1344\">Mit Stickstoff gef\u00fcllt, beschlagfrei und sto\u00dfsicher<\/li>\n<li data-start=\"1345\" data-end=\"1424\">Sto\u00dffestigkeit: Konzipiert, um starkem R\u00fccksto\u00df und extremen Bedingungen standzuhalten<\/li>\n<\/ul>\n<p data-start=\"1426\" data-end=\"1991\"><strong data-start=\"1426\" data-end=\"1442\">Hauptmerkmale<\/strong><br data-start=\"1442\" data-end=\"1445\">\u2714 Breiter Vergr\u00f6\u00dferungsbereich (3-12x) \u2013 Geeignet f\u00fcr Nah- und Weitsch\u00fcsse.<br data-start=\"1539\" data-end=\"1542\">\u2714 56 mm Objektiv \u2013 Maximiert die Lichtsammelf\u00e4higkeit und verbessert die Sichtbarkeit bei schwachem Licht.<br data-start=\"1638\" data-end=\"1641\">\u2714 Beleuchtetes Absehen \u2013 Bietet optimale Sichtbarkeit unter allen Lichtbedingungen.<br data-start=\"1720\" data-end=\"1723\">\u2714 Fortschrittliche ZEISS-Optik \u2013 90% Lichtdurchl\u00e4ssigkeit gew\u00e4hrleistet ein helles und kontrastarmes Bild.<br data-start=\"1815\" data-end=\"1818\">\u2714 Robuste und leichte Konstruktion \u2013 Konzipiert, um h\u00e4rtesten Wetterbedingungen standzuhalten.<br data-start=\"1910\" data-end=\"1913\">\u2714 Benutzerfreundliche ballistische Einstellungen \u2013 Pr\u00e4zise und schnelle Feinjustierung des Absehens.<\/p>\n<p data-start=\"1993\" data-end=\"2015\"><strong data-start=\"1993\" data-end=\"2013\">Lieferumfang<\/strong><\/p>\n<ul data-start=\"2016\" data-end=\"2139\">\n<li data-start=\"2016\" data-end=\"2057\">ZEISS Conquest V4 3-12&#215;56 Zielfernrohr<\/li>\n<li data-start=\"2058\" data-end=\"2073\">Objektivschutzkappen<\/li>\n<li data-start=\"2074\" data-end=\"2104\">Batterien f\u00fcr die Beleuchtung<\/li>\n<li data-start=\"2105\" data-end=\"2123\">Reinigungstuch<\/li>\n<li data-start=\"2124\" data-end=\"2139\">Bedienungsanleitung<\/li>\n<\/ul>\n<p data-start=\"2141\" data-end=\"2367\" data-is-last-node=\"\" data-is-only-node=\"\">Das ZEISS Conquest V4 3-12&#215;56 ist eine ausgezeichnete Wahl f\u00fcr J\u00e4ger und Pr\u00e4zisionssch\u00fctzen, die ein zuverl\u00e4ssiges, leistungsstarkes und vielseitiges Zielfernrohr ben\u00f6tigen. Seine erstklassige Optik und robuste Konstruktion gew\u00e4hrleisten einen sicheren Schuss in allen Situationen. <\/p>\n","protected":false},"excerpt":{"rendered":"<p>ZEISS Conquest V4 3-12&#215;56 \u2013 zuverl\u00e4ssiges und leistungsstarkes Zielfernrohr f\u00fcr die Jagd bei schwachem Licht Das ZEISS Conquest V4 3-12&#215;56 ist f\u00fcr J\u00e4ger konzipiert, die au\u00dfergew\u00f6hnliche Leistung bei schwachen Lichtverh\u00e4ltnissen ben\u00f6tigen. Das gro\u00dfe 56 mm Objektiv gew\u00e4hrleistet eine hervorragende Lichtsammelf\u00e4higkeit, w\u00e4hrend die fortschrittliche T*-Mehrschichtverg\u00fctung von ZEISS ein helles, scharfes und kontrastarmes Bild unter allen Wetterbedingungen [&#8230;]\n","protected":false},"featured_media":277041,"comment_status":"open","ping_status":"closed","template":"","meta":[],"product_brand":[],"product_cat":[1132],"product_tag":[],"class_list":{"0":"post-279830","1":"product","2":"type-product","3":"status-publish","4":"has-post-thumbnail","6":"product_cat-zielfernrohre","8":"first","9":"outofstock","10":"taxable","11":"shipping-taxable","12":"purchasable","13":"product-type-simple"},"composite_virtual":false,"composite_layout":"","composite_add_to_cart_form_location":"","composite_editable_in_cart":false,"composite_sold_individually_context":"","composite_shop_price_calc":"","composite_components":[],"composite_scenarios":[],"group_of_quantity":0,"min_quantity":0,"max_quantity":"","exclude_order_quantity_value_rules":"no","exclude_category_quantity_rules":"no","combine_variations":"no","exclude_global_add_ons":[],"addons":[],"_links":{"self":[{"href":"https:\/\/www.huntersfriend.eu\/de\/wp-json\/wp\/v2\/product\/279830","targetHints":{"allow":["GET"]}}],"collection":[{"href":"https:\/\/www.huntersfriend.eu\/de\/wp-json\/wp\/v2\/product"}],"about":[{"href":"https:\/\/www.huntersfriend.eu\/de\/wp-json\/wp\/v2\/types\/product"}],"replies":[{"embeddable":true,"href":"https:\/\/www.huntersfriend.eu\/de\/wp-json\/wp\/v2\/comments?post=279830"}],"wp:featuredmedia":[{"embeddable":true,"href":"https:\/\/www.huntersfriend.eu\/de\/wp-json\/wp\/v2\/media\/277041"}],"wp:attachment":[{"href":"https:\/\/www.huntersfriend.eu\/de\/wp-json\/wp\/v2\/media?parent=279830"}],"wp:term":[{"taxonomy":"product_brand","embeddable":true,"href":"https:\/\/www.huntersfriend.eu\/de\/wp-json\/wp\/v2\/product_brand?post=279830"},{"taxonomy":"product_cat","embeddable":true,"href":"https:\/\/www.huntersfriend.eu\/de\/wp-json\/wp\/v2\/product_cat?post=279830"},{"taxonomy":"product_tag","embeddable":true,"href":"https:\/\/www.huntersfriend.eu\/de\/wp-json\/wp\/v2\/product_tag?post=279830"}],"curies":[{"name":"wp","href":"https:\/\/api.w.org\/{rel}","templated":true}]}}