{"id":279829,"date":"2025-03-03T09:25:27","date_gmt":"2025-06-23T06:29:25","guid":{"rendered":"https:\/\/www.huntersfriend.eu\/product\/plano-easy-view-bogenschiessen-box\/"},"modified":"2025-06-23T08:29:25","modified_gmt":"2025-06-23T06:29:25","slug":"plano-easy-view-bogenschiessen-box","status":"publish","type":"product","link":"https:\/\/www.huntersfriend.eu\/de\/produkt\/plano-easy-view-bogenschiessen-box\/","title":{"rendered":"Plano Easy View Bogenschie\u00dfen-Box"},"content":{"rendered":"<p>Der robuste Plano Bogenschie\u00dfen-Koffer Modell 1348 ist konzipiert, um sowohl feststehende als auch ausklappbare Jagdspitzen sowie Ihr zugeh\u00f6riges Bogenschie\u00dfen-Equipment aufzunehmen.<\/p>\n<ul>\n<li>Transportieren und lagern Sie Ihr Bogenschie\u00dfen-Equipment m\u00fchelos mit einem anpassbaren oberen Fach, basierend auf Planos bew\u00e4hrten StowAway-Tackleorganizern. Die mitgelieferten Trennw\u00e4nde erm\u00f6glichen die Einrichtung von 8 bis 16 F\u00e4chern. <\/li>\n<li>Individuell anpassbare Organisation, damit Sie weniger Zeit mit der Sorge um Ihre Ausr\u00fcstung verbringen und sich stattdessen mehr auf die Perfektionierung Ihres Zielens auf die Bullseye konzentrieren k\u00f6nnen.<\/li>\n<li>Eine Schaumstoffeinlage h\u00e4lt sicher bis zu 6 ausklappbare oder feststehende Jagdspitzen unter dem herausnehmbaren Fach. Zus\u00e4tzlicher Stauraum im unteren Fach bietet Platz f\u00fcr Werkzeuge, Armsch\u00fctzer und weiteres Zubeh\u00f6r. <\/li>\n<li>Robuste Prolatch-Verschl\u00fcsse lassen sich leicht \u00f6ffnen und sicher schlie\u00dfen. Ein praktischer Scharnier-Tragegriff hilft, die Jagdspitzen w\u00e4hrend des Transports zu sch\u00fctzen und sie bereit zu halten, um Ziele sauber und pr\u00e4zise zu treffen. <\/li>\n<\/ul>\n","protected":false},"excerpt":{"rendered":"<p>Der robuste Plano Bogenschie\u00dfen-Koffer Modell 1348 ist konzipiert, um sowohl feststehende als auch ausklappbare Jagdspitzen sowie Ihr zugeh\u00f6riges Bogenschie\u00dfen-Equipment aufzunehmen. Transportieren und lagern Sie Ihr Bogenschie\u00dfen-Equipment m\u00fchelos mit einem anpassbaren oberen Fach, basierend auf Planos bew\u00e4hrten StowAway-Tackleorganizern. Die mitgelieferten Trennw\u00e4nde erm\u00f6glichen die Einrichtung von 8 bis 16 F\u00e4chern. Individuell anpassbare Organisation, damit Sie weniger Zeit [&#8230;]\n","protected":false},"featured_media":276619,"comment_status":"open","ping_status":"closed","template":"","meta":[],"product_brand":[],"product_cat":[1085],"product_tag":[],"class_list":{"0":"post-279829","1":"product","2":"type-product","3":"status-publish","4":"has-post-thumbnail","6":"product_cat-zubehoer-taschen","8":"first","9":"instock","10":"taxable","11":"shipping-taxable","12":"purchasable","13":"product-type-simple"},"composite_virtual":false,"composite_layout":"","composite_add_to_cart_form_location":"","composite_editable_in_cart":false,"composite_sold_individually_context":"","composite_shop_price_calc":"","composite_components":[],"composite_scenarios":[],"group_of_quantity":0,"min_quantity":0,"max_quantity":"","exclude_order_quantity_value_rules":"no","exclude_category_quantity_rules":"no","combine_variations":"no","exclude_global_add_ons":[],"addons":[],"_links":{"self":[{"href":"https:\/\/www.huntersfriend.eu\/de\/wp-json\/wp\/v2\/product\/279829","targetHints":{"allow":["GET"]}}],"collection":[{"href":"https:\/\/www.huntersfriend.eu\/de\/wp-json\/wp\/v2\/product"}],"about":[{"href":"https:\/\/www.huntersfriend.eu\/de\/wp-json\/wp\/v2\/types\/product"}],"replies":[{"embeddable":true,"href":"https:\/\/www.huntersfriend.eu\/de\/wp-json\/wp\/v2\/comments?post=279829"}],"wp:featuredmedia":[{"embeddable":true,"href":"https:\/\/www.huntersfriend.eu\/de\/wp-json\/wp\/v2\/media\/276619"}],"wp:attachment":[{"href":"https:\/\/www.huntersfriend.eu\/de\/wp-json\/wp\/v2\/media?parent=279829"}],"wp:term":[{"taxonomy":"product_brand","embeddable":true,"href":"https:\/\/www.huntersfriend.eu\/de\/wp-json\/wp\/v2\/product_brand?post=279829"},{"taxonomy":"product_cat","embeddable":true,"href":"https:\/\/www.huntersfriend.eu\/de\/wp-json\/wp\/v2\/product_cat?post=279829"},{"taxonomy":"product_tag","embeddable":true,"href":"https:\/\/www.huntersfriend.eu\/de\/wp-json\/wp\/v2\/product_tag?post=279829"}],"curies":[{"name":"wp","href":"https:\/\/api.w.org\/{rel}","templated":true}]}}