{"id":279824,"date":"2025-02-27T22:28:11","date_gmt":"2025-02-27T20:28:11","guid":{"rendered":"https:\/\/www.huntersfriend.eu\/product\/zeiss-conquest-v6-2-12-x-50-zielfernrohr\/"},"modified":"2025-07-26T04:14:15","modified_gmt":"2025-07-26T02:14:15","slug":"zeiss-conquest-v6-2-12-x-50-zielfernrohr","status":"publish","type":"product","link":"https:\/\/www.huntersfriend.eu\/de\/produkt\/zeiss-conquest-v6-2-12-x-50-zielfernrohr\/","title":{"rendered":"ZEISS Conquest V6 2-12 x 50 Zielfernrohr"},"content":{"rendered":"<p data-start=\"0\" data-end=\"74\"><strong data-start=\"0\" data-end=\"74\">ZEISS Conquest V6 2-12&#215;50 \u2013 vielseitiges und leistungsstarkes Zielfernrohr<\/strong><\/p>\n<p data-start=\"76\" data-end=\"443\">Das ZEISS Conquest V6 2-12&#215;50 vereint erstklassige optische Leistung, Haltbarkeit und Vielseitigkeit. Sein breiter Vergr\u00f6\u00dferungsbereich (2-12x) macht es zu einer exzellenten Wahl sowohl f\u00fcr die Jagd auf kurze als auch auf lange Distanzen. Das 50 mm Objektiv gew\u00e4hrleistet eine hervorragende Lichtsammelf\u00e4higkeit und liefert selbst bei schwierigen Lichtverh\u00e4ltnissen ein helles und scharfes Bild.  <\/p>\n<p data-start=\"445\" data-end=\"744\">Die fortschrittliche T* Mehrschichtverg\u00fctung von ZEISS maximiert die Lichtdurchl\u00e4ssigkeit (92%), und die LotuTec\u00ae-Beschichtung sch\u00fctzt die Linsen vor Wasser und Schmutz. Das pr\u00e4zise beleuchtete Absehen, die robuste Konstruktion und der benutzerfreundliche ballistische Turm machen dieses Zielfernrohr zu einem zuverl\u00e4ssigen Begleiter f\u00fcr alle Arten von Jagdsituationen. <\/p>\n<p data-start=\"746\" data-end=\"774\"><strong data-start=\"746\" data-end=\"774\">Technische Spezifikationen<\/strong><\/p>\n<p data-start=\"776\" data-end=\"798\"><strong data-start=\"776\" data-end=\"796\">Optische Eigenschaften<\/strong><\/p>\n<ul data-start=\"799\" data-end=\"1089\">\n<li data-start=\"799\" data-end=\"823\">Vergr\u00f6\u00dferung: 2-12x<\/li>\n<li data-start=\"824\" data-end=\"858\">Objektivdurchmesser: 50 mm<\/li>\n<li data-start=\"859\" data-end=\"913\">Absehen: Beleuchtet, in mehreren Varianten erh\u00e4ltlich<\/li>\n<li data-start=\"914\" data-end=\"954\">Klickwert: 1 cm \/ 100 m (0,1 mrad)<\/li>\n<li data-start=\"955\" data-end=\"1008\">Sehfeld auf 100 m: 20,5 m (2x) \u2013 3,4 m (12x)<\/li>\n<li data-start=\"1009\" data-end=\"1030\">Augenabstand: 92 mm<\/li>\n<li data-start=\"1031\" data-end=\"1058\">Lichttransmission: 92%<\/li>\n<li data-start=\"1059\" data-end=\"1089\">Parallaxeneinstellung: 100 m<\/li>\n<\/ul>\n<p data-start=\"1091\" data-end=\"1124\"><strong data-start=\"1091\" data-end=\"1122\">Konstruktion und Haltbarkeit<\/strong><\/p>\n<ul data-start=\"1125\" data-end=\"1399\">\n<li data-start=\"1125\" data-end=\"1157\">K\u00f6rper: Monolithisch, 30 mm Tubus<\/li>\n<li data-start=\"1158\" data-end=\"1176\">L\u00e4nge: 335 mm<\/li>\n<li data-start=\"1177\" data-end=\"1194\">Gewicht: 620 g<\/li>\n<li data-start=\"1195\" data-end=\"1248\">Linsenbeschichtungen: LotuTec\u00ae &amp; ZEISS T* Mehrfachverg\u00fctung<\/li>\n<li data-start=\"1249\" data-end=\"1269\">Wasserdichtigkeit: IP68<\/li>\n<li data-start=\"1270\" data-end=\"1319\">Mit Stickstoff gef\u00fcllt, beschlagfrei und sto\u00dfsicher<\/li>\n<li data-start=\"1320\" data-end=\"1399\">Sto\u00dffestigkeit: Konzipiert, um starkem R\u00fccksto\u00df und extremen Bedingungen standzuhalten<\/li>\n<\/ul>\n<p data-start=\"1401\" data-end=\"1859\"><strong data-start=\"1401\" data-end=\"1417\">Hauptmerkmale<\/strong><br data-start=\"1417\" data-end=\"1420\">\u2714 Breiter Vergr\u00f6\u00dferungsbereich (2-12x) \u2013 Geeignet f\u00fcr die Jagd auf kurze und lange Distanzen.<br data-start=\"1513\" data-end=\"1516\">\u2714 50 mm Objektiv \u2013 Exzellente Lichtsammelf\u00e4higkeit f\u00fcr Bedingungen bei schwachem Licht.<br data-start=\"1600\" data-end=\"1603\">\u2714 Beleuchtetes Absehen \u2013 Gew\u00e4hrleistet optimale Sichtbarkeit unter allen Lichtbedingungen.<br data-start=\"1681\" data-end=\"1684\">\u2714 Fortschrittliche ZEISS-Optik \u2013 92% Lichtdurchl\u00e4ssigkeit, klares und kontrastreiches Bild.<br data-start=\"1766\" data-end=\"1769\">\u2714 Robuste Konstruktion \u2013 Sto\u00dffest, wasserdicht und beschlagfrei unter allen Wetterbedingungen.<\/p>\n<p data-start=\"1861\" data-end=\"1883\"><strong data-start=\"1861\" data-end=\"1881\">Lieferumfang<\/strong><\/p>\n<ul data-start=\"1884\" data-end=\"2007\">\n<li data-start=\"1884\" data-end=\"1925\">ZEISS Conquest V6 2-12&#215;50 Zielfernrohr<\/li>\n<li data-start=\"1926\" data-end=\"1941\">Objektivschutzkappen<\/li>\n<li data-start=\"1942\" data-end=\"1972\">Batterien f\u00fcr die Beleuchtung<\/li>\n<li data-start=\"1973\" data-end=\"1991\">Reinigungstuch<\/li>\n<li data-start=\"1992\" data-end=\"2007\">Bedienungsanleitung<\/li>\n<\/ul>\n<p data-start=\"2009\" data-end=\"2217\" data-is-last-node=\"\" data-is-only-node=\"\">Das ZEISS Conquest V6 2-12&#215;50 ist die perfekte Wahl f\u00fcr J\u00e4ger, die ein zuverl\u00e4ssiges, pr\u00e4zises und robustes Zielfernrohr sowohl f\u00fcr die Jagd bei Tag als auch bei schwachem Licht ben\u00f6tigen. Dieses Zielfernrohr bietet au\u00dfergew\u00f6hnliche Leistung in allen Situationen. <\/p>\n","protected":false},"excerpt":{"rendered":"<p>ZEISS Conquest V6 2-12&#215;50 \u2013 vielseitiges und leistungsstarkes Zielfernrohr Das ZEISS Conquest V6 2-12&#215;50 vereint erstklassige optische Leistung, Haltbarkeit und Vielseitigkeit. Sein breiter Vergr\u00f6\u00dferungsbereich (2-12x) macht es zu einer exzellenten Wahl sowohl f\u00fcr die Jagd auf kurze als auch auf lange Distanzen. Das 50 mm Objektiv gew\u00e4hrleistet eine hervorragende Lichtsammelf\u00e4higkeit und liefert selbst bei schwierigen [&#8230;]\n","protected":false},"featured_media":277031,"comment_status":"open","ping_status":"closed","template":"","meta":[],"product_brand":[],"product_cat":[1132],"product_tag":[],"class_list":{"0":"post-279824","1":"product","2":"type-product","3":"status-publish","4":"has-post-thumbnail","6":"product_cat-zielfernrohre","8":"first","9":"outofstock","10":"taxable","11":"shipping-taxable","12":"purchasable","13":"product-type-simple"},"composite_virtual":false,"composite_layout":"","composite_add_to_cart_form_location":"","composite_editable_in_cart":false,"composite_sold_individually_context":"","composite_shop_price_calc":"","composite_components":[],"composite_scenarios":[],"group_of_quantity":0,"min_quantity":0,"max_quantity":"","exclude_order_quantity_value_rules":"no","exclude_category_quantity_rules":"no","combine_variations":"no","exclude_global_add_ons":[],"addons":[],"_links":{"self":[{"href":"https:\/\/www.huntersfriend.eu\/de\/wp-json\/wp\/v2\/product\/279824","targetHints":{"allow":["GET"]}}],"collection":[{"href":"https:\/\/www.huntersfriend.eu\/de\/wp-json\/wp\/v2\/product"}],"about":[{"href":"https:\/\/www.huntersfriend.eu\/de\/wp-json\/wp\/v2\/types\/product"}],"replies":[{"embeddable":true,"href":"https:\/\/www.huntersfriend.eu\/de\/wp-json\/wp\/v2\/comments?post=279824"}],"wp:featuredmedia":[{"embeddable":true,"href":"https:\/\/www.huntersfriend.eu\/de\/wp-json\/wp\/v2\/media\/277031"}],"wp:attachment":[{"href":"https:\/\/www.huntersfriend.eu\/de\/wp-json\/wp\/v2\/media?parent=279824"}],"wp:term":[{"taxonomy":"product_brand","embeddable":true,"href":"https:\/\/www.huntersfriend.eu\/de\/wp-json\/wp\/v2\/product_brand?post=279824"},{"taxonomy":"product_cat","embeddable":true,"href":"https:\/\/www.huntersfriend.eu\/de\/wp-json\/wp\/v2\/product_cat?post=279824"},{"taxonomy":"product_tag","embeddable":true,"href":"https:\/\/www.huntersfriend.eu\/de\/wp-json\/wp\/v2\/product_tag?post=279824"}],"curies":[{"name":"wp","href":"https:\/\/api.w.org\/{rel}","templated":true}]}}