{"id":279823,"date":"2025-02-28T10:29:28","date_gmt":"2025-02-28T08:29:28","guid":{"rendered":"https:\/\/www.huntersfriend.eu\/product\/hamskea-v2-epsilon\/"},"modified":"2026-03-26T13:45:48","modified_gmt":"2026-03-26T11:45:48","slug":"hamskea-v2-epsilon","status":"publish","type":"product","link":"https:\/\/www.huntersfriend.eu\/de\/produkt\/hamskea-v2-epsilon\/","title":{"rendered":"Hamskea V2 epsilon"},"content":{"rendered":"<p>Die V2 Epsilon\u2122 vereint die besten Eigenschaften unserer branchenf\u00fchrenden Everest\u2122-Pfeilauflage mit der Pr\u00e4zisionstechnik der urspr\u00fcnglichen Epsilon\u2122, um h\u00f6chste Zuverl\u00e4ssigkeit und Genauigkeit zu gew\u00e4hrleisten. Diese innovative Pfeilauflage, die f\u00fcr Bogensch\u00fctzen entwickelt wurde, die H\u00f6chstleistungen verlangen, ist darauf ausgelegt, sowohl auf dem Schie\u00dfstand als auch im Feld zu exzellieren. Zu den Hauptmerkmalen der V2 Epsilon\u2122 geh\u00f6ren:  <\/p>\n<ul>\n<li><strong>Mikro-Launcher-Einstellung:<\/strong> Optimieren Sie Ihr Setup mit dieser einzigartigen Funktion, die auch in unserem Everest-Modell zu finden ist.<\/li>\n<li><strong>Verbesserte Zug\u00e4nglichkeit:<\/strong> Die H\u00f6henverstellschrauben sind leichter zug\u00e4nglich, was Anpassungen schneller und benutzerfreundlicher macht.<\/li>\n<li><strong>Seilklemm-Hebelarm:<\/strong> Vereinfacht die Seilinstallation und gew\u00e4hrleistet eine sichere, zuverl\u00e4ssige Verbindung.<\/li>\n<li><strong>Felsenfestes Fundament:<\/strong> Konstruiert f\u00fcr maximale Stabilit\u00e4t und Haltbarkeit unter allen Bedingungen.<\/li>\n<\/ul>\n<p>Heben Sie Ihr Schie\u00dfen mit der V2 Epsilon\u2122 auf die n\u00e4chste Stufe \u2013 die Pfeilauflage, der Bogensch\u00fctzen vertrauen, die keine Kompromisse eingehen. Merkmale: <\/p>\n<ul>\n<li>C.O.R.\u2122-Montagetechnologie, die den Pfeil konstruktionsbedingt mittig positioniert<\/li>\n<li>Eine der kompaktesten Plattformen von Hamskea bis dato<\/li>\n<li>Die Pfeilauflage befindet sich in einer Linie hinter dem Griff und eliminiert so St\u00f6rungen durch den K\u00f6cher<\/li>\n<li>Mikro-Feineinstellung mit Rastung f\u00fcr zus\u00e4tzliche Seiten- und H\u00f6henverstellungen<\/li>\n<li>\u00c4u\u00dferst sicheres &amp; pr\u00e4zises Picatinny-Klemmsystem<\/li>\n<li>Konfigurierbar f\u00fcr oberen Wurfarm-, unteren Wurfarm- oder seilgetriebene Aktivierung<\/li>\n<li>Eliminiert laterale Schaftbewegungen durch Zero Tolerance Technology (ZTT)<\/li>\n<li>Drei Edelstahl-Kugellager f\u00fcr maximale Plattformstabilit\u00e4t<\/li>\n<li>Ger\u00e4uschd\u00e4mpfender elastomerer R\u00fcckpralld\u00e4mpfer (Patent angemeldet)<\/li>\n<li>Launcher-Torsionsfeder und Launcher-Winkeleinstellung<\/li>\n<li>Delta V Pfeilf\u00fchrung und am Griff montierte Pfeilf\u00fchrung inklusive<\/li>\n<\/ul>\n","protected":false},"excerpt":{"rendered":"<p>Die V2 Epsilon\u2122 vereint die besten Eigenschaften unserer branchenf\u00fchrenden Everest\u2122-Pfeilauflage mit der Pr\u00e4zisionstechnik der urspr\u00fcnglichen Epsilon\u2122, um h\u00f6chste Zuverl\u00e4ssigkeit und Genauigkeit zu gew\u00e4hrleisten. Diese innovative Pfeilauflage, die f\u00fcr Bogensch\u00fctzen entwickelt wurde, die H\u00f6chstleistungen verlangen, ist darauf ausgelegt, sowohl auf dem Schie\u00dfstand als auch im Feld zu exzellieren. Zu den Hauptmerkmalen der V2 Epsilon\u2122 geh\u00f6ren: Mikro-Launcher-Einstellung: [&#8230;]\n","protected":false},"featured_media":276597,"comment_status":"open","ping_status":"closed","template":"","meta":[],"product_brand":[],"product_cat":[1228,1222],"product_tag":[],"class_list":{"0":"post-279823","1":"product","2":"type-product","3":"status-publish","4":"has-post-thumbnail","6":"product_cat-compound","7":"product_cat-sonderangebote","9":"first","10":"instock","11":"sale","12":"taxable","13":"shipping-taxable","14":"purchasable","15":"product-type-variable","16":"has-default-attributes"},"composite_virtual":false,"composite_layout":"","composite_add_to_cart_form_location":"","composite_editable_in_cart":false,"composite_sold_individually_context":"","composite_shop_price_calc":"","composite_components":[],"composite_scenarios":[],"group_of_quantity":0,"min_quantity":0,"max_quantity":"","exclude_order_quantity_value_rules":"no","exclude_category_quantity_rules":"no","combine_variations":"no","exclude_global_add_ons":[],"addons":[],"_links":{"self":[{"href":"https:\/\/www.huntersfriend.eu\/de\/wp-json\/wp\/v2\/product\/279823","targetHints":{"allow":["GET"]}}],"collection":[{"href":"https:\/\/www.huntersfriend.eu\/de\/wp-json\/wp\/v2\/product"}],"about":[{"href":"https:\/\/www.huntersfriend.eu\/de\/wp-json\/wp\/v2\/types\/product"}],"replies":[{"embeddable":true,"href":"https:\/\/www.huntersfriend.eu\/de\/wp-json\/wp\/v2\/comments?post=279823"}],"wp:featuredmedia":[{"embeddable":true,"href":"https:\/\/www.huntersfriend.eu\/de\/wp-json\/wp\/v2\/media\/276597"}],"wp:attachment":[{"href":"https:\/\/www.huntersfriend.eu\/de\/wp-json\/wp\/v2\/media?parent=279823"}],"wp:term":[{"taxonomy":"product_brand","embeddable":true,"href":"https:\/\/www.huntersfriend.eu\/de\/wp-json\/wp\/v2\/product_brand?post=279823"},{"taxonomy":"product_cat","embeddable":true,"href":"https:\/\/www.huntersfriend.eu\/de\/wp-json\/wp\/v2\/product_cat?post=279823"},{"taxonomy":"product_tag","embeddable":true,"href":"https:\/\/www.huntersfriend.eu\/de\/wp-json\/wp\/v2\/product_tag?post=279823"}],"curies":[{"name":"wp","href":"https:\/\/api.w.org\/{rel}","templated":true}]}}