{"id":279822,"date":"2025-02-27T22:28:13","date_gmt":"2025-02-27T20:28:13","guid":{"rendered":"https:\/\/www.huntersfriend.eu\/product\/zeiss-conquest-v4-4-16-x-44-zielfernrohr\/"},"modified":"2025-07-24T03:16:39","modified_gmt":"2025-07-24T01:16:39","slug":"zeiss-conquest-v4-4-16-x-44-zielfernrohr","status":"publish","type":"product","link":"https:\/\/www.huntersfriend.eu\/de\/produkt\/zeiss-conquest-v4-4-16-x-44-zielfernrohr\/","title":{"rendered":"ZEISS Conquest V4 4-16 x 44 Zielfernrohr"},"content":{"rendered":"<p data-start=\"0\" data-end=\"97\"><strong data-start=\"0\" data-end=\"97\">ZEISS Conquest V4 4-16&#215;44 \u2013 Pr\u00e4zision und Vielseitigkeit f\u00fcr alle Jagd- und Schie\u00dfsituationen<\/strong><\/p>\n<p data-start=\"99\" data-end=\"385\">Das ZEISS Conquest V4 4-16&#215;44 ist ein leistungsstarkes Zielfernrohr, das au\u00dfergew\u00f6hnliche Optik, pr\u00e4zise ballistische Einstellungen und ein robustes Design vereint. Dieses Zielfernrohr wurde speziell f\u00fcr die Langstreckenjagd und das Pr\u00e4zisionsschie\u00dfen entwickelt und liefert unter allen Bedingungen hervorragende Leistung. <\/p>\n<p data-start=\"387\" data-end=\"795\">Der Vergr\u00f6\u00dferungsbereich von 4-16x bietet Vielseitigkeit sowohl f\u00fcr das Schie\u00dfen auf kurze als auch auf lange Distanzen, w\u00e4hrend die 44-mm-Objektivlinse ein helles und klares Bild gew\u00e4hrleistet. Die fortschrittliche T*-Mehrschichtverg\u00fctung von ZEISS verbessert die Lichtdurchl\u00e4ssigkeit, und die LotuTec\u00ae-Beschichtung sch\u00fctzt die Linsen vor Wasser und Schmutz. Die kompakte Gr\u00f6\u00dfe und das leichte Design machen dieses Zielfernrohr zur idealen Wahl f\u00fcr die mobile Jagd und anspruchsvolle Schie\u00dfsituationen.  <\/p>\n<p data-start=\"797\" data-end=\"825\"><strong data-start=\"797\" data-end=\"825\">Technische Spezifikationen<\/strong><\/p>\n<p data-start=\"827\" data-end=\"849\"><strong data-start=\"827\" data-end=\"847\">Optische Eigenschaften<\/strong><\/p>\n<ul data-start=\"850\" data-end=\"1132\">\n<li data-start=\"850\" data-end=\"874\">Vergr\u00f6\u00dferung: 4-16x<\/li>\n<li data-start=\"875\" data-end=\"909\">Objektivlinsendurchmesser: 44 mm<\/li>\n<li data-start=\"910\" data-end=\"946\">Absehen: Beleuchtet, 60 Absehen<\/li>\n<li data-start=\"947\" data-end=\"988\">Klickwert: 1\/4 MOA (0,7 cm \/ 100 m)<\/li>\n<li data-start=\"989\" data-end=\"1041\">Sehfeld auf 100 m: 9,5 m (4x) \u2013 2,4 m (16x)<\/li>\n<li data-start=\"1042\" data-end=\"1063\">Augenabstand: 90 mm<\/li>\n<li data-start=\"1064\" data-end=\"1091\">Lichtdurchl\u00e4ssigkeit: 90%<\/li>\n<li data-start=\"1092\" data-end=\"1132\">Parallaxenausgleich: 10 m \u2013 unendlich<\/li>\n<\/ul>\n<p data-start=\"1134\" data-end=\"1167\"><strong data-start=\"1134\" data-end=\"1165\">Konstruktion und Haltbarkeit<\/strong><\/p>\n<ul data-start=\"1168\" data-end=\"1442\">\n<li data-start=\"1168\" data-end=\"1200\">K\u00f6rper: Monolithisch, 30 mm Tubus<\/li>\n<li data-start=\"1201\" data-end=\"1219\">L\u00e4nge: 356 mm<\/li>\n<li data-start=\"1220\" data-end=\"1237\">Gewicht: 640 g<\/li>\n<li data-start=\"1238\" data-end=\"1291\">Linsenbeschichtungen: LotuTec\u00ae &amp; ZEISS T* Mehrfachverg\u00fctung<\/li>\n<li data-start=\"1292\" data-end=\"1312\">Wasserdichtigkeit: IP68<\/li>\n<li data-start=\"1313\" data-end=\"1362\">Mit Stickstoff gef\u00fcllt, beschlagfrei und sto\u00dfsicher<\/li>\n<li data-start=\"1363\" data-end=\"1442\">Sto\u00dffestigkeit: Konzipiert, um starkem R\u00fccksto\u00df und extremen Bedingungen standzuhalten<\/li>\n<\/ul>\n<p data-start=\"1444\" data-end=\"2002\"><strong data-start=\"1444\" data-end=\"1460\">Hauptmerkmale<\/strong><br data-start=\"1460\" data-end=\"1463\">\u2714 Gro\u00dfer Vergr\u00f6\u00dferungsbereich (4-16x) \u2013 Geeignet f\u00fcr mittlere und lange Schussdistanzen.<br data-start=\"1549\" data-end=\"1552\">\u2714 44 mm Objektivlinse \u2013 Ausgewogenes Verh\u00e4ltnis zwischen Lichtdurchl\u00e4ssigkeit und kompaktem Design.<br data-start=\"1627\" data-end=\"1630\">\u2714 Beleuchtetes Absehen \u2013 Bietet optimale Sichtbarkeit unter allen Lichtbedingungen.<br data-start=\"1709\" data-end=\"1712\">\u2714 Fortschrittliche ZEISS-Optik \u2013 90% Lichtdurchl\u00e4ssigkeit gew\u00e4hrleistet ein helles und kontrastarmes Bild.<br data-start=\"1804\" data-end=\"1807\">\u2714 Ballistische Stellt\u00fcrme (ASV) \u2013 Erm\u00f6glichen pr\u00e4zise und schnelle Anpassungen f\u00fcr das Schie\u00dfen auf lange Distanzen.<br data-start=\"1902\" data-end=\"1905\">\u2714 Leichte und robuste Konstruktion \u2013 Perfekt f\u00fcr die mobile Jagd und anspruchsvolle Umgebungen.<\/p>\n<p data-start=\"2004\" data-end=\"2026\"><strong data-start=\"2004\" data-end=\"2024\">Lieferumfang<\/strong><\/p>\n<ul data-start=\"2027\" data-end=\"2149\">\n<li data-start=\"2027\" data-end=\"2067\">ZEISS Conquest V4 4-16&#215;44 Zielfernrohr<\/li>\n<li data-start=\"2068\" data-end=\"2083\">Objektivschutzkappen<\/li>\n<li data-start=\"2084\" data-end=\"2114\">Batterien f\u00fcr die Beleuchtung<\/li>\n<li data-start=\"2115\" data-end=\"2133\">Reinigungstuch<\/li>\n<li data-start=\"2134\" data-end=\"2149\">Bedienungsanleitung<\/li>\n<\/ul>\n<p data-start=\"2151\" data-end=\"2412\" data-is-last-node=\"\" data-is-only-node=\"\">Das ZEISS Conquest V4 4-16&#215;44 ist die perfekte Wahl f\u00fcr J\u00e4ger und Pr\u00e4zisionssch\u00fctzen, die ein zuverl\u00e4ssiges, vielseitiges Zielfernrohr ben\u00f6tigen. Die Kombination aus erstklassiger Optik, ballistischen Funktionen und Robustheit macht es zu einem ausgezeichneten Begleiter f\u00fcr alle Schie\u00dfsituationen. <\/p>\n","protected":false},"excerpt":{"rendered":"<p>ZEISS Conquest V4 4-16&#215;44 \u2013 Pr\u00e4zision und Vielseitigkeit f\u00fcr alle Jagd- und Schie\u00dfsituationen Das ZEISS Conquest V4 4-16&#215;44 ist ein leistungsstarkes Zielfernrohr, das au\u00dfergew\u00f6hnliche Optik, pr\u00e4zise ballistische Einstellungen und ein robustes Design vereint. Dieses Zielfernrohr wurde speziell f\u00fcr die Langstreckenjagd und das Pr\u00e4zisionsschie\u00dfen entwickelt und liefert unter allen Bedingungen hervorragende Leistung. Der Vergr\u00f6\u00dferungsbereich von 4-16x [&#8230;]\n","protected":false},"featured_media":277055,"comment_status":"open","ping_status":"closed","template":"","meta":[],"product_brand":[],"product_cat":[1145],"product_tag":[],"class_list":{"0":"post-279822","1":"product","2":"type-product","3":"status-publish","4":"has-post-thumbnail","6":"product_cat-sonstiges","8":"first","9":"outofstock","10":"taxable","11":"shipping-taxable","12":"purchasable","13":"product-type-simple"},"composite_virtual":false,"composite_layout":"","composite_add_to_cart_form_location":"","composite_editable_in_cart":false,"composite_sold_individually_context":"","composite_shop_price_calc":"","composite_components":[],"composite_scenarios":[],"group_of_quantity":0,"min_quantity":0,"max_quantity":"","exclude_order_quantity_value_rules":"no","exclude_category_quantity_rules":"no","combine_variations":"no","exclude_global_add_ons":[],"addons":[],"_links":{"self":[{"href":"https:\/\/www.huntersfriend.eu\/de\/wp-json\/wp\/v2\/product\/279822","targetHints":{"allow":["GET"]}}],"collection":[{"href":"https:\/\/www.huntersfriend.eu\/de\/wp-json\/wp\/v2\/product"}],"about":[{"href":"https:\/\/www.huntersfriend.eu\/de\/wp-json\/wp\/v2\/types\/product"}],"replies":[{"embeddable":true,"href":"https:\/\/www.huntersfriend.eu\/de\/wp-json\/wp\/v2\/comments?post=279822"}],"wp:featuredmedia":[{"embeddable":true,"href":"https:\/\/www.huntersfriend.eu\/de\/wp-json\/wp\/v2\/media\/277055"}],"wp:attachment":[{"href":"https:\/\/www.huntersfriend.eu\/de\/wp-json\/wp\/v2\/media?parent=279822"}],"wp:term":[{"taxonomy":"product_brand","embeddable":true,"href":"https:\/\/www.huntersfriend.eu\/de\/wp-json\/wp\/v2\/product_brand?post=279822"},{"taxonomy":"product_cat","embeddable":true,"href":"https:\/\/www.huntersfriend.eu\/de\/wp-json\/wp\/v2\/product_cat?post=279822"},{"taxonomy":"product_tag","embeddable":true,"href":"https:\/\/www.huntersfriend.eu\/de\/wp-json\/wp\/v2\/product_tag?post=279822"}],"curies":[{"name":"wp","href":"https:\/\/api.w.org\/{rel}","templated":true}]}}