{"id":279821,"date":"2025-02-27T22:28:11","date_gmt":"2025-02-27T20:28:11","guid":{"rendered":"https:\/\/www.huntersfriend.eu\/product\/zeiss-conquest-v6-2-12-x-50-asv-h-zielfernrohr\/"},"modified":"2025-07-26T04:14:15","modified_gmt":"2025-07-26T02:14:15","slug":"zeiss-conquest-v6-2-12-x-50-asv-h-zielfernrohr","status":"publish","type":"product","link":"https:\/\/www.huntersfriend.eu\/de\/produkt\/zeiss-conquest-v6-2-12-x-50-asv-h-zielfernrohr\/","title":{"rendered":"ZEISS Conquest V6 2-12 x 50 ASV h Zielfernrohr"},"content":{"rendered":"<p data-start=\"0\" data-end=\"74\"><strong data-start=\"0\" data-end=\"74\">ZEISS Conquest V6 2-12&#215;50 \u2013 vielseitiges und leistungsstarkes Zielfernrohr<\/strong><\/p>\n<p data-start=\"76\" data-end=\"444\">Das ZEISS Conquest V6 2-12&#215;50 vereint erstklassige optische Leistung, Haltbarkeit und Vielseitigkeit. Sein gro\u00dfer Vergr\u00f6\u00dferungsbereich (2-12x) macht es zu einer hervorragenden Wahl sowohl f\u00fcr die Jagd auf kurze als auch auf lange Distanzen. Das 50-mm-Objektiv gew\u00e4hrleistet eine au\u00dfergew\u00f6hnliche Lichtsammelf\u00e4higkeit und liefert selbst bei schwierigen Lichtverh\u00e4ltnissen ein helles und klares Bild.  <\/p>\n<p data-start=\"446\" data-end=\"745\">Die fortschrittliche T* Mehrschichtverg\u00fctung von ZEISS maximiert die Lichtdurchl\u00e4ssigkeit (92%), und die LotuTec\u00ae-Beschichtung sch\u00fctzt die Linsen vor Wasser und Schmutz. Das pr\u00e4zise beleuchtete Absehen, die robuste Konstruktion und der benutzerfreundliche ballistische Turm machen dieses Zielfernrohr zu einem zuverl\u00e4ssigen Begleiter f\u00fcr alle Arten von Jagdsituationen. <\/p>\n<p data-start=\"747\" data-end=\"775\"><strong data-start=\"747\" data-end=\"775\">Technische Spezifikationen<\/strong><\/p>\n<p data-start=\"777\" data-end=\"798\"><strong data-start=\"777\" data-end=\"798\">Optische Eigenschaften:<\/strong><\/p>\n<ul data-start=\"799\" data-end=\"1074\">\n<li data-start=\"799\" data-end=\"821\">Vergr\u00f6\u00dferung: 2-12x<\/li>\n<li data-start=\"822\" data-end=\"854\">Objektivdurchmesser: 50 mm<\/li>\n<li data-start=\"855\" data-end=\"908\">Absehen: Beleuchtet, in mehreren Optionen verf\u00fcgbar<\/li>\n<li data-start=\"909\" data-end=\"947\">Klickwert: 1 cm \/ 100 m (0,1 mrad)<\/li>\n<li data-start=\"948\" data-end=\"999\">Sehfeld auf 100 m: 20,5 m (2x) \u2013 3,4 m (12x)<\/li>\n<li data-start=\"1000\" data-end=\"1019\">Augenabstand: 92 mm<\/li>\n<li data-start=\"1020\" data-end=\"1045\">Lichttransmission: 92%<\/li>\n<li data-start=\"1046\" data-end=\"1074\">Parallaxenausgleich: 100 m<\/li>\n<\/ul>\n<p data-start=\"1076\" data-end=\"1108\"><strong data-start=\"1076\" data-end=\"1108\">Konstruktion und Haltbarkeit:<\/strong><\/p>\n<ul data-start=\"1109\" data-end=\"1387\">\n<li data-start=\"1109\" data-end=\"1138\">Geh\u00e4use: Einteiliges, 30 mm Rohr<\/li>\n<li data-start=\"1139\" data-end=\"1155\">L\u00e4nge: 335 mm<\/li>\n<li data-start=\"1156\" data-end=\"1171\">Gewicht: 620 g<\/li>\n<li data-start=\"1172\" data-end=\"1223\">Linsenbeschichtungen: LotuTec\u00ae  ZEISS T* Mehrschichtverg\u00fctung<\/li>\n<li data-start=\"1224\" data-end=\"1248\">Wasserdichtigkeit: IP68<\/li>\n<li data-start=\"1249\" data-end=\"1301\">Stickstofff\u00fcllung: Beschlagfrei und sto\u00dfresistent<\/li>\n<li data-start=\"1302\" data-end=\"1387\">Sto\u00dffestigkeit: Konzipiert, um schwerem R\u00fccksto\u00df und extremen Wetterbedingungen standzuhalten<\/li>\n<\/ul>\n<p data-start=\"1389\" data-end=\"1959\"><strong data-start=\"1389\" data-end=\"1406\">Hauptmerkmale:<\/strong> \u2714 Gro\u00dfer Vergr\u00f6\u00dferungsbereich (2-12x) \u2013 Geeignet f\u00fcr die Jagd auf kurze und lange Distanzen.<br data-start=\"1497\" data-end=\"1500\">\u2714 50-mm-Objektiv \u2013 Exzellente Lichtsammelf\u00e4higkeit f\u00fcr die Jagd bei schlechten Lichtverh\u00e4ltnissen.<br data-start=\"1595\" data-end=\"1598\">\u2714 Beleuchtetes Absehen \u2013 Garantiert optimale Sichtbarkeit unter allen Lichtbedingungen.<br data-start=\"1679\" data-end=\"1682\">\u2714 ZEISS-Hochleistungsoptik \u2013 92% Lichtdurchl\u00e4ssigkeit f\u00fcr ein helles und kontrastreiches Bild.<br data-start=\"1768\" data-end=\"1771\">\u2714 Schneller und pr\u00e4ziser ballistischer Turm (ASV) \u2013 Erm\u00f6glicht genaue Anpassungen f\u00fcr Sch\u00fcsse auf lange Distanzen.<br data-start=\"1865\" data-end=\"1868\">\u2714 Robuste Konstruktion \u2013 Sto\u00dffest, wasserdicht und beschlagfrei f\u00fcr alle Wetterbedingungen.<\/p>\n<p data-start=\"1961\" data-end=\"1982\"><strong data-start=\"1961\" data-end=\"1982\">Lieferumfang:<\/strong><\/p>\n<ul data-start=\"1983\" data-end=\"2102\">\n<li data-start=\"1983\" data-end=\"2028\">ZEISS Conquest V6 2-12&#215;50 ASV H Zielfernrohr<\/li>\n<li data-start=\"2029\" data-end=\"2042\">Objektivschutzkappen<\/li>\n<li data-start=\"2043\" data-end=\"2071\">Batterien f\u00fcr die Beleuchtung<\/li>\n<li data-start=\"2072\" data-end=\"2088\">Reinigungstuch<\/li>\n<li data-start=\"2089\" data-end=\"2102\">Bedienungsanleitung<\/li>\n<\/ul>\n<p data-start=\"2104\" data-end=\"2315\" data-is-last-node=\"\" data-is-only-node=\"\">Das ZEISS Conquest V6 2-12&#215;50 ist die perfekte Wahl f\u00fcr J\u00e4ger, die ein zuverl\u00e4ssiges, pr\u00e4zises und haltbares Zielfernrohr sowohl f\u00fcr die Jagd bei Tag als auch in der D\u00e4mmerung ben\u00f6tigen. Dieses Zielfernrohr liefert in allen Situationen eine au\u00dfergew\u00f6hnliche Leistung. <\/p>\n","protected":false},"excerpt":{"rendered":"<p>ZEISS Conquest V6 2-12&#215;50 \u2013 vielseitiges und leistungsstarkes Zielfernrohr Das ZEISS Conquest V6 2-12&#215;50 vereint erstklassige optische Leistung, Haltbarkeit und Vielseitigkeit. Sein gro\u00dfer Vergr\u00f6\u00dferungsbereich (2-12x) macht es zu einer hervorragenden Wahl sowohl f\u00fcr die Jagd auf kurze als auch auf lange Distanzen. Das 50-mm-Objektiv gew\u00e4hrleistet eine au\u00dfergew\u00f6hnliche Lichtsammelf\u00e4higkeit und liefert selbst bei schwierigen Lichtverh\u00e4ltnissen ein [&#8230;]\n","protected":false},"featured_media":277015,"comment_status":"open","ping_status":"closed","template":"","meta":[],"product_brand":[],"product_cat":[1132],"product_tag":[],"class_list":{"0":"post-279821","1":"product","2":"type-product","3":"status-publish","4":"has-post-thumbnail","6":"product_cat-zielfernrohre","8":"first","9":"outofstock","10":"taxable","11":"shipping-taxable","12":"purchasable","13":"product-type-simple"},"composite_virtual":false,"composite_layout":"","composite_add_to_cart_form_location":"","composite_editable_in_cart":false,"composite_sold_individually_context":"","composite_shop_price_calc":"","composite_components":[],"composite_scenarios":[],"group_of_quantity":0,"min_quantity":0,"max_quantity":"","exclude_order_quantity_value_rules":"no","exclude_category_quantity_rules":"no","combine_variations":"no","exclude_global_add_ons":[],"addons":[],"_links":{"self":[{"href":"https:\/\/www.huntersfriend.eu\/de\/wp-json\/wp\/v2\/product\/279821","targetHints":{"allow":["GET"]}}],"collection":[{"href":"https:\/\/www.huntersfriend.eu\/de\/wp-json\/wp\/v2\/product"}],"about":[{"href":"https:\/\/www.huntersfriend.eu\/de\/wp-json\/wp\/v2\/types\/product"}],"replies":[{"embeddable":true,"href":"https:\/\/www.huntersfriend.eu\/de\/wp-json\/wp\/v2\/comments?post=279821"}],"wp:featuredmedia":[{"embeddable":true,"href":"https:\/\/www.huntersfriend.eu\/de\/wp-json\/wp\/v2\/media\/277015"}],"wp:attachment":[{"href":"https:\/\/www.huntersfriend.eu\/de\/wp-json\/wp\/v2\/media?parent=279821"}],"wp:term":[{"taxonomy":"product_brand","embeddable":true,"href":"https:\/\/www.huntersfriend.eu\/de\/wp-json\/wp\/v2\/product_brand?post=279821"},{"taxonomy":"product_cat","embeddable":true,"href":"https:\/\/www.huntersfriend.eu\/de\/wp-json\/wp\/v2\/product_cat?post=279821"},{"taxonomy":"product_tag","embeddable":true,"href":"https:\/\/www.huntersfriend.eu\/de\/wp-json\/wp\/v2\/product_tag?post=279821"}],"curies":[{"name":"wp","href":"https:\/\/api.w.org\/{rel}","templated":true}]}}