{"id":279820,"date":"2025-02-27T22:28:12","date_gmt":"2025-02-27T20:28:12","guid":{"rendered":"https:\/\/www.huntersfriend.eu\/product\/zeiss-conquest-v6-25-15-x-56-zielfernrohr\/"},"modified":"2025-07-26T04:14:16","modified_gmt":"2025-07-26T02:14:16","slug":"zeiss-conquest-v6-25-15-x-56-zielfernrohr","status":"publish","type":"product","link":"https:\/\/www.huntersfriend.eu\/de\/produkt\/zeiss-conquest-v6-25-15-x-56-zielfernrohr\/","title":{"rendered":"ZEISS Conquest V6 2,5-15 x 56 Zielfernrohr"},"content":{"rendered":"<p data-start=\"0\" data-end=\"90\"><strong data-start=\"0\" data-end=\"90\">ZEISS Conquest V6 2,5-15&#215;56 \u2013 H\u00f6chste Pr\u00e4zision und Leistung f\u00fcr die Jagd bei schwachem Licht<\/strong><\/p>\n<p data-start=\"92\" data-end=\"394\">Das ZEISS Conquest V6 2,5-15&#215;56 ist ein vielseitiges und leistungsstarkes Zielfernrohr, das speziell f\u00fcr die Jagd bei schwachem Licht und auf gro\u00dfe Entfernungen konzipiert wurde. Das gro\u00dfe 56-mm-Objektiv in Kombination mit der erstklassigen ZEISS-Optik und 92% Lichttransmission gew\u00e4hrleistet ein helles und klares Bild selbst unter anspruchsvollen Lichtbedingungen. <\/p>\n<p data-start=\"396\" data-end=\"689\">Mit einem breiten Vergr\u00f6\u00dferungsbereich (2,5-15x) bietet dieses Zielfernrohr Flexibilit\u00e4t sowohl f\u00fcr den Nahbereich als auch f\u00fcr pr\u00e4zise Sch\u00fcsse auf gro\u00dfe Distanzen. Der ballistische ASV-Turm erm\u00f6glicht pr\u00e4zise und schnelle Anpassungen, was es zur idealen Wahl f\u00fcr J\u00e4ger macht, die Vielseitigkeit mit Spitzenleistung kombinieren m\u00f6chten. <\/p>\n<p data-start=\"691\" data-end=\"719\"><strong data-start=\"691\" data-end=\"719\">Technische Spezifikationen<\/strong><\/p>\n<p data-start=\"721\" data-end=\"743\"><strong data-start=\"721\" data-end=\"741\">Optische Eigenschaften<\/strong><\/p>\n<ul data-start=\"744\" data-end=\"1030\">\n<li data-start=\"744\" data-end=\"770\">Vergr\u00f6\u00dferung: 2,5-15x<\/li>\n<li data-start=\"771\" data-end=\"805\">Objektivdurchmesser: 56 mm<\/li>\n<li data-start=\"806\" data-end=\"842\">Absehen: Beleuchtet, Absehen 60<\/li>\n<li data-start=\"843\" data-end=\"883\">Klickwert: 1 cm \/ 100 m (0,1 mrad)<\/li>\n<li data-start=\"884\" data-end=\"939\">Sehfeld auf 100 m: 16,4 m (2,5x) \u2013 2,7 m (15x)<\/li>\n<li data-start=\"940\" data-end=\"961\">Augenabstand: 92 mm<\/li>\n<li data-start=\"962\" data-end=\"989\">Lichttransmission: 92%<\/li>\n<li data-start=\"990\" data-end=\"1030\">Parallaxenausgleich: 50 m \u2013 unendlich<\/li>\n<\/ul>\n<p data-start=\"1032\" data-end=\"1065\"><strong data-start=\"1032\" data-end=\"1063\">Konstruktion und Haltbarkeit<\/strong><\/p>\n<ul data-start=\"1066\" data-end=\"1340\">\n<li data-start=\"1066\" data-end=\"1098\">K\u00f6rper: Monolithisch, 30 mm Tubus<\/li>\n<li data-start=\"1099\" data-end=\"1117\">L\u00e4nge: 352 mm<\/li>\n<li data-start=\"1118\" data-end=\"1135\">Gewicht: 690 g<\/li>\n<li data-start=\"1136\" data-end=\"1189\">Linsenbeschichtungen: LotuTec\u00ae &amp; ZEISS T* Mehrfachverg\u00fctung<\/li>\n<li data-start=\"1190\" data-end=\"1210\">Wasserdichtigkeit: IP68<\/li>\n<li data-start=\"1211\" data-end=\"1260\">Mit Stickstoff gef\u00fcllt, beschlagfrei und sto\u00dfsicher<\/li>\n<li data-start=\"1261\" data-end=\"1340\">Sto\u00dffestigkeit: Konzipiert, um starkem R\u00fccksto\u00df und extremen Bedingungen standzuhalten<\/li>\n<\/ul>\n<p data-start=\"1342\" data-end=\"1847\"><strong data-start=\"1342\" data-end=\"1358\">Hauptmerkmale<\/strong><br data-start=\"1358\" data-end=\"1361\">\u2714 Breiter Vergr\u00f6\u00dferungsbereich (2,5-15x) \u2013 Geeignet sowohl f\u00fcr den Nahbereich als auch f\u00fcr pr\u00e4zise Sch\u00fcsse auf gro\u00dfe Distanzen.<br data-start=\"1467\" data-end=\"1470\">\u2714 56 mm Objektivlinse \u2013 Maximiert die Lichtsammelf\u00e4higkeit, ideal f\u00fcr die Jagd bei schwachem Licht.<br data-start=\"1558\" data-end=\"1561\">\u2714 Beleuchtetes Absehen \u2013 Automatisch anpassende Beleuchtung verbessert die Sichtbarkeit unter allen Bedingungen.<br data-start=\"1660\" data-end=\"1663\">\u2714 ZEISS&#8216; fortschrittliche Optik \u2013 92% Lichttransmission gew\u00e4hrleistet ein helles und kontrastarmes Bild.<br data-start=\"1755\" data-end=\"1758\">\u2714 Robuste Konstruktion \u2013 Gebaut, um h\u00e4rtesten Wetterbedingungen und R\u00fccksto\u00df standzuhalten.<\/p>\n<p data-start=\"1849\" data-end=\"1871\"><strong data-start=\"1849\" data-end=\"1869\">Lieferumfang<\/strong><\/p>\n<ul data-start=\"1872\" data-end=\"1996\">\n<li data-start=\"1872\" data-end=\"1914\">ZEISS Conquest V6 2,5-15&#215;56 Zielfernrohr<\/li>\n<li data-start=\"1915\" data-end=\"1930\">Objektivschutzkappen<\/li>\n<li data-start=\"1931\" data-end=\"1961\">Batterien f\u00fcr die Beleuchtung<\/li>\n<li data-start=\"1962\" data-end=\"1980\">Reinigungstuch<\/li>\n<li data-start=\"1981\" data-end=\"1996\">Bedienungsanleitung<\/li>\n<\/ul>\n<p data-start=\"1998\" data-end=\"2273\" data-is-last-node=\"\" data-is-only-node=\"\">Das ZEISS Conquest V6 2,5-15&#215;56 ist die perfekte Wahl f\u00fcr J\u00e4ger, die ein leistungsstarkes, vielseitiges und qualitativ hochwertiges Zielfernrohr ben\u00f6tigen. Es vereint exzellente Optik, Haltbarkeit und innovative Funktionen und gew\u00e4hrleistet, dass jeder Schuss in allen Jagdsituationen pr\u00e4zise und zuverl\u00e4ssig ist. <\/p>\n","protected":false},"excerpt":{"rendered":"<p>ZEISS Conquest V6 2,5-15&#215;56 \u2013 H\u00f6chste Pr\u00e4zision und Leistung f\u00fcr die Jagd bei schwachem Licht Das ZEISS Conquest V6 2,5-15&#215;56 ist ein vielseitiges und leistungsstarkes Zielfernrohr, das speziell f\u00fcr die Jagd bei schwachem Licht und auf gro\u00dfe Entfernungen konzipiert wurde. Das gro\u00dfe 56-mm-Objektiv in Kombination mit der erstklassigen ZEISS-Optik und 92% Lichttransmission gew\u00e4hrleistet ein helles [&#8230;]\n","protected":false},"featured_media":277065,"comment_status":"open","ping_status":"closed","template":"","meta":[],"product_brand":[],"product_cat":[1132],"product_tag":[],"class_list":{"0":"post-279820","1":"product","2":"type-product","3":"status-publish","4":"has-post-thumbnail","6":"product_cat-zielfernrohre","8":"first","9":"outofstock","10":"taxable","11":"shipping-taxable","12":"purchasable","13":"product-type-simple"},"composite_virtual":false,"composite_layout":"","composite_add_to_cart_form_location":"","composite_editable_in_cart":false,"composite_sold_individually_context":"","composite_shop_price_calc":"","composite_components":[],"composite_scenarios":[],"group_of_quantity":0,"min_quantity":0,"max_quantity":"","exclude_order_quantity_value_rules":"no","exclude_category_quantity_rules":"no","combine_variations":"no","exclude_global_add_ons":[],"addons":[],"_links":{"self":[{"href":"https:\/\/www.huntersfriend.eu\/de\/wp-json\/wp\/v2\/product\/279820","targetHints":{"allow":["GET"]}}],"collection":[{"href":"https:\/\/www.huntersfriend.eu\/de\/wp-json\/wp\/v2\/product"}],"about":[{"href":"https:\/\/www.huntersfriend.eu\/de\/wp-json\/wp\/v2\/types\/product"}],"replies":[{"embeddable":true,"href":"https:\/\/www.huntersfriend.eu\/de\/wp-json\/wp\/v2\/comments?post=279820"}],"wp:featuredmedia":[{"embeddable":true,"href":"https:\/\/www.huntersfriend.eu\/de\/wp-json\/wp\/v2\/media\/277065"}],"wp:attachment":[{"href":"https:\/\/www.huntersfriend.eu\/de\/wp-json\/wp\/v2\/media?parent=279820"}],"wp:term":[{"taxonomy":"product_brand","embeddable":true,"href":"https:\/\/www.huntersfriend.eu\/de\/wp-json\/wp\/v2\/product_brand?post=279820"},{"taxonomy":"product_cat","embeddable":true,"href":"https:\/\/www.huntersfriend.eu\/de\/wp-json\/wp\/v2\/product_cat?post=279820"},{"taxonomy":"product_tag","embeddable":true,"href":"https:\/\/www.huntersfriend.eu\/de\/wp-json\/wp\/v2\/product_tag?post=279820"}],"curies":[{"name":"wp","href":"https:\/\/api.w.org\/{rel}","templated":true}]}}