{"id":279818,"date":"2025-02-27T22:28:12","date_gmt":"2025-02-27T20:28:12","guid":{"rendered":"https:\/\/www.huntersfriend.eu\/product\/zeiss-conquest-v6-25-15-x-56-asv-h-zielfernrohr\/"},"modified":"2025-07-26T04:14:16","modified_gmt":"2025-07-26T02:14:16","slug":"zeiss-conquest-v6-25-15-x-56-asv-h-zielfernrohr","status":"publish","type":"product","link":"https:\/\/www.huntersfriend.eu\/de\/produkt\/zeiss-conquest-v6-25-15-x-56-asv-h-zielfernrohr\/","title":{"rendered":"ZEISS Conquest V6 2,5-15 x 56 ASV h Zielfernrohr"},"content":{"rendered":"<article class=\"w-full text-token-text-primary focus-visible:outline-2 focus-visible:outline-offset-[-4px]\" dir=\"auto\" data-testid=\"conversation-turn-9\" data-scroll-anchor=\"true\">\n<div class=\"text-base my-auto mx-auto py-[18px] px-6\">\n<div class=\"mx-auto flex flex-1 text-base gap-4 md:gap-5 lg:gap-6 md:max-w-3xl\">\n<div class=\"group\/conversation-turn relative flex w-full min-w-0 flex-col agent-turn @xs\/thread:px-0 @sm\/thread:px-1.5 @md\/thread:px-4\">\n<div class=\"flex-col gap-1 md:gap-3\">\n<div class=\"flex max-w-full flex-col flex-grow\">\n<div class=\"min-h-8 text-message relative flex w-full flex-col items-end gap-2 whitespace-normal break-words text-start [.text-message+&amp;]:mt-5\" dir=\"auto\" data-message-author-role=\"assistant\" data-message-id=\"cbbce8b1-8e9d-440c-813a-e41780226f4a\" data-message-model-slug=\"gpt-4o-mini\">\n<div class=\"flex w-full flex-col gap-1 empty:hidden first:pt-[3px]\">\n<div class=\"markdown prose w-full break-words dark:prose-invert light\">\n<p data-start=\"0\" data-end=\"96\"><strong data-start=\"0\" data-end=\"96\">ZEISS Conquest V6 2,5-15&#215;56 ASV h \u2013 H\u00f6chste Pr\u00e4zision und Leistung f\u00fcr die Jagd bei schwachen Lichtverh\u00e4ltnissen<\/strong><\/p>\n<p data-start=\"98\" data-end=\"403\">Das ZEISS Conquest V6 2,5-15&#215;56 ist ein vielseitiges und leistungsstarkes Zielfernrohr, das speziell f\u00fcr die Jagd bei schwachen Lichtverh\u00e4ltnissen und auf gro\u00dfe Distanzen konzipiert wurde. Die gro\u00dfe 56-mm-Objektivlinse in Kombination mit der fortschrittlichen ZEISS-Optik und 92% Lichtdurchl\u00e4ssigkeit gew\u00e4hrleistet ein helles und klares Bild selbst unter anspruchsvollen Beleuchtungsbedingungen. <\/p>\n<p data-start=\"405\" data-end=\"706\">Mit einem gro\u00dfen Vergr\u00f6\u00dferungsbereich (2,5-15x) bietet es Flexibilit\u00e4t sowohl f\u00fcr den Nahbereich als auch f\u00fcr pr\u00e4zises Schie\u00dfen auf gr\u00f6\u00dfere Entfernungen. Der ballistische ASV-Turm erm\u00f6glicht pr\u00e4zise und schnelle Anpassungen und macht dieses Zielfernrohr zur idealen Wahl f\u00fcr J\u00e4ger, die Vielseitigkeit mit Spitzenleistung kombinieren m\u00f6chten. <\/p>\n<p data-start=\"708\" data-end=\"736\"><strong data-start=\"708\" data-end=\"736\">Technische Spezifikationen<\/strong><\/p>\n<p data-start=\"738\" data-end=\"760\"><strong data-start=\"738\" data-end=\"758\">Optische Eigenschaften<\/strong><\/p>\n<ul data-start=\"761\" data-end=\"1047\">\n<li data-start=\"761\" data-end=\"787\">Vergr\u00f6\u00dferung: 2,5-15x<\/li>\n<li data-start=\"788\" data-end=\"822\">Objektivdurchmesser: 56 mm<\/li>\n<li data-start=\"823\" data-end=\"859\">Absehen: Beleuchtet, 60 Absehen<\/li>\n<li data-start=\"860\" data-end=\"900\">Klickwert: 1 cm \/ 100 m (0,1 mrad)<\/li>\n<li data-start=\"901\" data-end=\"956\">Sehfeld auf 100 m: 16,4 m (2,5x) \u2013 2,7 m (15x)<\/li>\n<li data-start=\"957\" data-end=\"978\">Augenabstand: 92 mm<\/li>\n<li data-start=\"979\" data-end=\"1006\">Lichttransmission: 92%<\/li>\n<li data-start=\"1007\" data-end=\"1047\">Parallaxenausgleich: 50 m \u2013 unendlich<\/li>\n<\/ul>\n<p data-start=\"1049\" data-end=\"1082\"><strong data-start=\"1049\" data-end=\"1080\">Konstruktion und Haltbarkeit<\/strong><\/p>\n<ul data-start=\"1083\" data-end=\"1357\">\n<li data-start=\"1083\" data-end=\"1115\">K\u00f6rper: Monolithisch, 30 mm Tubus<\/li>\n<li data-start=\"1116\" data-end=\"1134\">L\u00e4nge: 352 mm<\/li>\n<li data-start=\"1135\" data-end=\"1152\">Gewicht: 690 g<\/li>\n<li data-start=\"1153\" data-end=\"1206\">Linsenbeschichtungen: LotuTec\u00ae &amp; ZEISS T* Mehrfachverg\u00fctung<\/li>\n<li data-start=\"1207\" data-end=\"1227\">Wasserdichtigkeit: IP68<\/li>\n<li data-start=\"1228\" data-end=\"1277\">Mit Stickstoff gef\u00fcllt, beschlagfrei und sto\u00dfsicher<\/li>\n<li data-start=\"1278\" data-end=\"1357\">Sto\u00dffestigkeit: Konzipiert, um starkem R\u00fccksto\u00df und extremen Bedingungen standzuhalten<\/li>\n<\/ul>\n<p data-start=\"1359\" data-end=\"1966\"><strong data-start=\"1359\" data-end=\"1375\">Hauptmerkmale<\/strong><br data-start=\"1375\" data-end=\"1378\">\u2714 Gro\u00dfer Vergr\u00f6\u00dferungsbereich (2,5-15x) \u2013 Geeignet f\u00fcr Nahbereich und Pr\u00e4zisionssch\u00fcsse auf gro\u00dfe Distanz.<br data-start=\"1484\" data-end=\"1487\">\u2714 56 mm Objektivlinse \u2013 Maximiert die Lichtsammelf\u00e4higkeit, ideal f\u00fcr die Jagd bei schwachem Licht.<br data-start=\"1575\" data-end=\"1578\">\u2714 Beleuchtetes Absehen \u2013 Automatisch anpassende Beleuchtung verbessert die Sichtbarkeit unter allen Bedingungen.<br data-start=\"1677\" data-end=\"1680\">\u2714 Fortschrittliche ZEISS-Optik \u2013 92% Lichtdurchl\u00e4ssigkeit gew\u00e4hrleistet ein helles und kontrastarmes Bild.<br data-start=\"1772\" data-end=\"1775\">\u2714 Schneller und pr\u00e4ziser ballistischer Turm (ASV) \u2013 Erm\u00f6glicht genaue Schusskorrektur auf gr\u00f6\u00dfere Entfernungen.<br data-start=\"1874\" data-end=\"1877\">\u2714 Robuste Konstruktion \u2013 Gebaut, um h\u00e4rtesten Wetterbedingungen und R\u00fccksto\u00df standzuhalten.<\/p>\n<p data-start=\"1968\" data-end=\"1990\"><strong data-start=\"1968\" data-end=\"1988\">Lieferumfang<\/strong><\/p>\n<ul data-start=\"1991\" data-end=\"2121\">\n<li data-start=\"1991\" data-end=\"2039\">ZEISS Conquest V6 2,5-15&#215;56 ASV H Zielfernrohr<\/li>\n<li data-start=\"2040\" data-end=\"2055\">Objektivschutzkappen<\/li>\n<li data-start=\"2056\" data-end=\"2086\">Batterien f\u00fcr die Beleuchtung<\/li>\n<li data-start=\"2087\" data-end=\"2105\">Reinigungstuch<\/li>\n<li data-start=\"2106\" data-end=\"2121\">Bedienungsanleitung<\/li>\n<\/ul>\n<p data-start=\"2123\" data-end=\"2403\" data-is-last-node=\"\" data-is-only-node=\"\">Das ZEISS Conquest V6 2,5-15&#215;56 ist die perfekte Wahl f\u00fcr J\u00e4ger, die ein leistungsstarkes, vielseitiges und qualitativ hochwertiges Zielfernrohr ben\u00f6tigen. Es kombiniert exzellente Optik, Langlebigkeit und innovative Funktionen und gew\u00e4hrleistet, dass jeder Schuss in allen Jagdsituationen pr\u00e4zise und zuverl\u00e4ssig ist. <\/p>\n<\/div>\n<\/div>\n<\/div>\n<\/div>\n<\/div>\n<\/div>\n<\/div>\n<\/div>\n<\/article>\n","protected":false},"excerpt":{"rendered":"<p>ZEISS Conquest V6 2,5-15&#215;56 ASV h \u2013 H\u00f6chste Pr\u00e4zision und Leistung f\u00fcr die Jagd bei schwachen Lichtverh\u00e4ltnissen Das ZEISS Conquest V6 2,5-15&#215;56 ist ein vielseitiges und leistungsstarkes Zielfernrohr, das speziell f\u00fcr die Jagd bei schwachen Lichtverh\u00e4ltnissen und auf gro\u00dfe Distanzen konzipiert wurde. Die gro\u00dfe 56-mm-Objektivlinse in Kombination mit der fortschrittlichen ZEISS-Optik und 92% Lichtdurchl\u00e4ssigkeit gew\u00e4hrleistet [&#8230;]\n","protected":false},"featured_media":277048,"comment_status":"open","ping_status":"closed","template":"","meta":[],"product_brand":[],"product_cat":[1132],"product_tag":[],"class_list":{"0":"post-279818","1":"product","2":"type-product","3":"status-publish","4":"has-post-thumbnail","6":"product_cat-zielfernrohre","8":"first","9":"outofstock","10":"taxable","11":"shipping-taxable","12":"purchasable","13":"product-type-simple"},"composite_virtual":false,"composite_layout":"","composite_add_to_cart_form_location":"","composite_editable_in_cart":false,"composite_sold_individually_context":"","composite_shop_price_calc":"","composite_components":[],"composite_scenarios":[],"group_of_quantity":0,"min_quantity":0,"max_quantity":"","exclude_order_quantity_value_rules":"no","exclude_category_quantity_rules":"no","combine_variations":"no","exclude_global_add_ons":[],"addons":[],"_links":{"self":[{"href":"https:\/\/www.huntersfriend.eu\/de\/wp-json\/wp\/v2\/product\/279818","targetHints":{"allow":["GET"]}}],"collection":[{"href":"https:\/\/www.huntersfriend.eu\/de\/wp-json\/wp\/v2\/product"}],"about":[{"href":"https:\/\/www.huntersfriend.eu\/de\/wp-json\/wp\/v2\/types\/product"}],"replies":[{"embeddable":true,"href":"https:\/\/www.huntersfriend.eu\/de\/wp-json\/wp\/v2\/comments?post=279818"}],"wp:featuredmedia":[{"embeddable":true,"href":"https:\/\/www.huntersfriend.eu\/de\/wp-json\/wp\/v2\/media\/277048"}],"wp:attachment":[{"href":"https:\/\/www.huntersfriend.eu\/de\/wp-json\/wp\/v2\/media?parent=279818"}],"wp:term":[{"taxonomy":"product_brand","embeddable":true,"href":"https:\/\/www.huntersfriend.eu\/de\/wp-json\/wp\/v2\/product_brand?post=279818"},{"taxonomy":"product_cat","embeddable":true,"href":"https:\/\/www.huntersfriend.eu\/de\/wp-json\/wp\/v2\/product_cat?post=279818"},{"taxonomy":"product_tag","embeddable":true,"href":"https:\/\/www.huntersfriend.eu\/de\/wp-json\/wp\/v2\/product_tag?post=279818"}],"curies":[{"name":"wp","href":"https:\/\/api.w.org\/{rel}","templated":true}]}}