{"id":279817,"date":"2025-02-27T21:42:57","date_gmt":"2025-02-27T19:42:57","guid":{"rendered":"https:\/\/www.huntersfriend.eu\/product\/zeiss-v8-28-20x56-zielfernrohr\/"},"modified":"2025-08-12T05:10:18","modified_gmt":"2025-08-12T03:10:18","slug":"zeiss-v8-28-20x56-zielfernrohr","status":"publish","type":"product","link":"https:\/\/www.huntersfriend.eu\/de\/produkt\/zeiss-v8-28-20x56-zielfernrohr\/","title":{"rendered":"ZEISS V8 2,8-20&#215;56 Zielfernrohr"},"content":{"rendered":"<article class=\"w-full text-token-text-primary focus-visible:outline-2 focus-visible:outline-offset-[-4px]\" dir=\"auto\" data-testid=\"conversation-turn-9\" data-scroll-anchor=\"true\">\n<div class=\"text-base my-auto mx-auto py-[18px] px-6\">\n<div class=\"mx-auto flex flex-1 text-base gap-4 md:gap-5 lg:gap-6 md:max-w-3xl\">\n<div class=\"group\/conversation-turn relative flex w-full min-w-0 flex-col agent-turn @xs\/thread:px-0 @sm\/thread:px-1.5 @md\/thread:px-4\">\n<div class=\"flex-col gap-1 md:gap-3\">\n<div class=\"flex max-w-full flex-col flex-grow\">\n<div class=\"min-h-8 text-message relative flex w-full flex-col items-end gap-2 whitespace-normal break-words text-start [.text-message+&amp;]:mt-5\" dir=\"auto\" data-message-author-role=\"assistant\" data-message-id=\"ef0912e5-901d-408a-9125-e44aebeced70\" data-message-model-slug=\"gpt-4o-mini\">\n<div class=\"flex w-full flex-col gap-1 empty:hidden first:pt-[3px]\">\n<div class=\"markdown prose w-full break-words dark:prose-invert light\">\n<p data-start=\"0\" data-end=\"80\"><strong data-start=\"0\" data-end=\"80\">ZEISS V8 2,8-20&#215;56 \u2013 Premium-Allzweck-Zielfernrohr f\u00fcr Weitsch\u00fcsse<\/strong><\/p>\n<p data-start=\"82\" data-end=\"407\">Das ZEISS V8 2,8-20&#215;56 ist eines der fortschrittlichsten Zielfernrohre auf dem Markt, das modernste Optik, einen weiten Vergr\u00f6\u00dferungsbereich und innovative Funktionen vereint. Dieses Zielfernrohr wurde speziell f\u00fcr J\u00e4ger und Pr\u00e4zisionssch\u00fctzen entwickelt, die au\u00dfergew\u00f6hnliche Leistung unter allen Lichtbedingungen \u2013 vom Tageslicht bis zur D\u00e4mmerung \u2013 ben\u00f6tigen. <\/p>\n<p data-start=\"409\" data-end=\"693\">Sein vielseitiger Vergr\u00f6\u00dferungsbereich von 2,8-20x bietet Flexibilit\u00e4t sowohl f\u00fcr Nah- als auch f\u00fcr Weitsch\u00fcsse. Die gro\u00dfe 56-mm-Objektivlinse und ZEISS&#8216; fortschrittliche T*-Mehrschichtverg\u00fctung gew\u00e4hrleisten eine au\u00dfergew\u00f6hnliche Lichtdurchl\u00e4ssigkeit (92%) und liefern selbst bei schwachem Licht ein helles und scharfes Bild. <\/p>\n<p data-start=\"695\" data-end=\"723\"><strong data-start=\"695\" data-end=\"723\">Technische Spezifikationen<\/strong><\/p>\n<p data-start=\"725\" data-end=\"746\"><strong data-start=\"725\" data-end=\"746\">Optische Eigenschaften:<\/strong><\/p>\n<ul data-start=\"747\" data-end=\"1017\">\n<li data-start=\"747\" data-end=\"771\">Vergr\u00f6\u00dferung: 2,8-20x<\/li>\n<li data-start=\"772\" data-end=\"804\">Objektivdurchmesser: 56 mm<\/li>\n<li data-start=\"805\" data-end=\"839\">Absehen: Beleuchtet, Absehen 60<\/li>\n<li data-start=\"840\" data-end=\"878\">Klickwert: 1 cm \/ 100 m (0,1 mrad)<\/li>\n<li data-start=\"879\" data-end=\"932\">Sehfeld auf 100 m: 15,5 m (2,8x) \u2013 2,1 m (20x)<\/li>\n<li data-start=\"933\" data-end=\"952\">Augenabstand: 92 mm<\/li>\n<li data-start=\"953\" data-end=\"978\">Lichttransmission: 92%<\/li>\n<li data-start=\"979\" data-end=\"1017\">Parallaxenausgleich: 50 m \u2013 unendlich<\/li>\n<\/ul>\n<p data-start=\"1019\" data-end=\"1051\"><strong data-start=\"1019\" data-end=\"1051\">Konstruktion und Haltbarkeit:<\/strong><\/p>\n<ul data-start=\"1052\" data-end=\"1330\">\n<li data-start=\"1052\" data-end=\"1081\">Geh\u00e4use: Einteiliges, 30 mm Rohr<\/li>\n<li data-start=\"1082\" data-end=\"1098\">L\u00e4nge: 350 mm<\/li>\n<li data-start=\"1099\" data-end=\"1114\">Gewicht: 830 g<\/li>\n<li data-start=\"1115\" data-end=\"1166\">Linsenbeschichtungen: LotuTec\u00ae  ZEISS T* Mehrschichtverg\u00fctung<\/li>\n<li data-start=\"1167\" data-end=\"1191\">Wasserdichtigkeit: IP68<\/li>\n<li data-start=\"1192\" data-end=\"1244\">Stickstofff\u00fcllung: Beschlagfrei und sto\u00dfresistent<\/li>\n<li data-start=\"1245\" data-end=\"1330\">Sto\u00dffestigkeit: Konzipiert, um schwerem R\u00fccksto\u00df und extremen Wetterbedingungen standzuhalten<\/li>\n<\/ul>\n<p data-start=\"1332\" data-end=\"2031\"><strong data-start=\"1332\" data-end=\"1349\">Hauptmerkmale:<\/strong> \u2714 Weiter Vergr\u00f6\u00dferungsbereich (2,8-20x) \u2013 Perfekt sowohl f\u00fcr die Jagd auf bewegliches Wild als auch f\u00fcr pr\u00e4zise Weitsch\u00fcsse.<br data-start=\"1460\" data-end=\"1463\">\u2714 56-mm-Objektivlinse \u2013 Maximiert die Lichtsammelf\u00e4higkeit und erm\u00f6glicht die Jagd auch bei schwachen Lichtverh\u00e4ltnissen.<br data-start=\"1577\" data-end=\"1580\">\u2714 Beleuchtetes Absehen \u2013 Automatisch anpassende Beleuchtung gew\u00e4hrleistet optimale Sichtbarkeit unter allen Lichtbedingungen.<br data-start=\"1695\" data-end=\"1698\">\u2714 Au\u00dfergew\u00f6hnliche Lichtdurchl\u00e4ssigkeit (92%) \u2013 ZEISS&#8216; fortschrittliche Optik liefert ein helles, scharfes Bild unter allen Wetterbedingungen.<br data-start=\"1819\" data-end=\"1822\">\u2714 Schneller und pr\u00e4ziser ballistischer Turm (ASV) \u2013 Erm\u00f6glicht schnelle und genaue Anpassungen f\u00fcr Weitsch\u00fcsse.<br data-start=\"1926\" data-end=\"1929\">\u2714 Robuste und leichte Konstruktion \u2013 Konzipiert, um extremen Bedingungen ohne Kompromisse standzuhalten.<\/p>\n<p data-start=\"2033\" data-end=\"2054\"><strong data-start=\"2033\" data-end=\"2054\">Lieferumfang:<\/strong><\/p>\n<ul data-start=\"2055\" data-end=\"2161\">\n<li data-start=\"2055\" data-end=\"2087\">ZEISS V8 2,8-20&#215;56 Zielfernrohr<\/li>\n<li data-start=\"2088\" data-end=\"2101\">Objektivschutzkappen<\/li>\n<li data-start=\"2102\" data-end=\"2130\">Batterien f\u00fcr die Beleuchtung<\/li>\n<li data-start=\"2131\" data-end=\"2147\">Reinigungstuch<\/li>\n<li data-start=\"2148\" data-end=\"2161\">Bedienungsanleitung<\/li>\n<\/ul>\n<p data-start=\"2163\" data-end=\"2384\" data-is-last-node=\"\" data-is-only-node=\"\">Das ZEISS V8 2,8-20&#215;56 ist die perfekte Wahl f\u00fcr J\u00e4ger und Sch\u00fctzen, die absolute Spitzenleistung von ihrer Zielfernrohroptik verlangen. Dieses Zielfernrohr bietet un\u00fcbertroffene Pr\u00e4zision, Haltbarkeit und Vielseitigkeit in allen Situationen. <\/p>\n<\/div>\n<\/div>\n<\/div>\n<\/div>\n<\/div>\n<\/div>\n<\/div>\n<\/div>\n<\/article>\n","protected":false},"excerpt":{"rendered":"<p>ZEISS V8 2,8-20&#215;56 \u2013 Premium-Allzweck-Zielfernrohr f\u00fcr Weitsch\u00fcsse Das ZEISS V8 2,8-20&#215;56 ist eines der fortschrittlichsten Zielfernrohre auf dem Markt, das modernste Optik, einen weiten Vergr\u00f6\u00dferungsbereich und innovative Funktionen vereint. Dieses Zielfernrohr wurde speziell f\u00fcr J\u00e4ger und Pr\u00e4zisionssch\u00fctzen entwickelt, die au\u00dfergew\u00f6hnliche Leistung unter allen Lichtbedingungen \u2013 vom Tageslicht bis zur D\u00e4mmerung \u2013 ben\u00f6tigen. Sein vielseitiger Vergr\u00f6\u00dferungsbereich [&#8230;]\n","protected":false},"featured_media":276981,"comment_status":"open","ping_status":"closed","template":"","meta":[],"product_brand":[],"product_cat":[1132],"product_tag":[],"class_list":{"0":"post-279817","1":"product","2":"type-product","3":"status-publish","4":"has-post-thumbnail","6":"product_cat-zielfernrohre","8":"first","9":"outofstock","10":"taxable","11":"shipping-taxable","12":"purchasable","13":"product-type-simple"},"composite_virtual":false,"composite_layout":"","composite_add_to_cart_form_location":"","composite_editable_in_cart":false,"composite_sold_individually_context":"","composite_shop_price_calc":"","composite_components":[],"composite_scenarios":[],"group_of_quantity":0,"min_quantity":0,"max_quantity":"","exclude_order_quantity_value_rules":"no","exclude_category_quantity_rules":"no","combine_variations":"no","exclude_global_add_ons":[],"addons":[],"_links":{"self":[{"href":"https:\/\/www.huntersfriend.eu\/de\/wp-json\/wp\/v2\/product\/279817","targetHints":{"allow":["GET"]}}],"collection":[{"href":"https:\/\/www.huntersfriend.eu\/de\/wp-json\/wp\/v2\/product"}],"about":[{"href":"https:\/\/www.huntersfriend.eu\/de\/wp-json\/wp\/v2\/types\/product"}],"replies":[{"embeddable":true,"href":"https:\/\/www.huntersfriend.eu\/de\/wp-json\/wp\/v2\/comments?post=279817"}],"wp:featuredmedia":[{"embeddable":true,"href":"https:\/\/www.huntersfriend.eu\/de\/wp-json\/wp\/v2\/media\/276981"}],"wp:attachment":[{"href":"https:\/\/www.huntersfriend.eu\/de\/wp-json\/wp\/v2\/media?parent=279817"}],"wp:term":[{"taxonomy":"product_brand","embeddable":true,"href":"https:\/\/www.huntersfriend.eu\/de\/wp-json\/wp\/v2\/product_brand?post=279817"},{"taxonomy":"product_cat","embeddable":true,"href":"https:\/\/www.huntersfriend.eu\/de\/wp-json\/wp\/v2\/product_cat?post=279817"},{"taxonomy":"product_tag","embeddable":true,"href":"https:\/\/www.huntersfriend.eu\/de\/wp-json\/wp\/v2\/product_tag?post=279817"}],"curies":[{"name":"wp","href":"https:\/\/api.w.org\/{rel}","templated":true}]}}