{"id":279812,"date":"2025-02-27T21:42:56","date_gmt":"2025-02-27T19:42:56","guid":{"rendered":"https:\/\/www.huntersfriend.eu\/product\/zeiss-v8-11-8x24-zielfernrohr\/"},"modified":"2025-08-08T03:44:37","modified_gmt":"2025-08-08T01:44:37","slug":"zeiss-v8-11-8x24-zielfernrohr","status":"publish","type":"product","link":"https:\/\/www.huntersfriend.eu\/de\/produkt\/zeiss-v8-11-8x24-zielfernrohr\/","title":{"rendered":"ZEISS V8 1,1-8&#215;24 Zielfernrohr"},"content":{"rendered":"<p data-start=\"0\" data-end=\"70\"><strong data-start=\"0\" data-end=\"70\">ZEISS V8 1,1-8&#215;24 \u2013 Premium-Zielfernrohr f\u00fcr schnelle und pr\u00e4zise Sch\u00fcsse<\/strong><\/p>\n<p data-start=\"72\" data-end=\"360\">Das ZEISS V8 1,1-8&#215;24 ist ein hochwertiges Zielfernrohr, das speziell f\u00fcr anspruchsvolle Jagd- und taktische Anwendungen konzipiert wurde. Sein weites Sichtfeld, die fortschrittliche Optik und das erstklassige beleuchtete Absehen gew\u00e4hrleisten eine schnelle Zielerfassung und pr\u00e4zise Sch\u00fcsse, sowohl auf kurze als auch auf l\u00e4ngere Distanzen. <\/p>\n<p data-start=\"362\" data-end=\"390\"><strong data-start=\"362\" data-end=\"390\">Technische Spezifikationen<\/strong><\/p>\n<p data-start=\"392\" data-end=\"413\"><strong data-start=\"392\" data-end=\"413\">Optische Eigenschaften:<\/strong><\/p>\n<ul data-start=\"414\" data-end=\"690\">\n<li data-start=\"414\" data-end=\"437\">Vergr\u00f6\u00dferung: 1,1-8x<\/li>\n<li data-start=\"438\" data-end=\"470\">Objektivdurchmesser: 24 mm<\/li>\n<li data-start=\"471\" data-end=\"523\">Absehen: Beleuchtet, in mehreren Varianten erh\u00e4ltlich<\/li>\n<li data-start=\"524\" data-end=\"562\">Klickwert: 1 cm \/ 100 m (0,1 mrad)<\/li>\n<li data-start=\"563\" data-end=\"615\">Sehfeld auf 100 m: 39,6 m (1,1x) \u2013 5,3 m (8x)<\/li>\n<li data-start=\"616\" data-end=\"635\">Augenabstand: 92 mm<\/li>\n<li data-start=\"636\" data-end=\"661\">Lichttransmission: 92%<\/li>\n<li data-start=\"662\" data-end=\"690\">Parallaxenausgleich: 100 m<\/li>\n<\/ul>\n<p data-start=\"692\" data-end=\"724\"><strong data-start=\"692\" data-end=\"724\">Konstruktion und Haltbarkeit:<\/strong><\/p>\n<ul data-start=\"725\" data-end=\"1003\">\n<li data-start=\"725\" data-end=\"754\">Geh\u00e4use: Einteiliges, 30 mm Rohr<\/li>\n<li data-start=\"755\" data-end=\"771\">L\u00e4nge: 303 mm<\/li>\n<li data-start=\"772\" data-end=\"787\">Gewicht: 550 g<\/li>\n<li data-start=\"788\" data-end=\"839\">Linsenbeschichtungen: LotuTec\u00ae  ZEISS T* Mehrschichtverg\u00fctung<\/li>\n<li data-start=\"840\" data-end=\"864\">Wasserdichtigkeit: IP68<\/li>\n<li data-start=\"865\" data-end=\"917\">Stickstofff\u00fcllung: Beschlagfrei und sto\u00dfresistent<\/li>\n<li data-start=\"918\" data-end=\"1003\">Sto\u00dffestigkeit: Konzipiert, um schwerem R\u00fccksto\u00df und extremen Wetterbedingungen standzuhalten<\/li>\n<\/ul>\n<p data-start=\"1005\" data-end=\"1531\"><strong data-start=\"1005\" data-end=\"1022\">Hauptmerkmale:<\/strong> \u2714 1,1x echtes Weitwinkel-Sichtfeld \u2013 Ideal f\u00fcr schnelle Eins\u00e4tze und das Schie\u00dfen mit beiden Augen ge\u00f6ffnet.<br data-start=\"1121\" data-end=\"1124\">\u2714 8-fache Vergr\u00f6\u00dferung \u2013 Erm\u00f6glicht pr\u00e4zise Sch\u00fcsse auf gr\u00f6\u00dfere Entfernungen.<br data-start=\"1191\" data-end=\"1194\">\u2714 Beleuchtetes Absehen \u2013 Automatische und einstellbare Beleuchtung gew\u00e4hrleistet optimale Sichtbarkeit unter allen Lichtbedingungen.<br data-start=\"1310\" data-end=\"1313\">\u2714 Au\u00dfergew\u00f6hnliche Lichtdurchl\u00e4ssigkeit (92%) \u2013 ZEISS Spitzenoptik bietet ein klares Bild bei schlechten Lichtverh\u00e4ltnissen und anspruchsvollen Wetterbedingungen.<br data-start=\"1446\" data-end=\"1449\">\u2714 Robuste Konstruktion \u2013 Konzipiert, um harter Beanspruchung und extremen Bedingungen standzuhalten.<\/p>\n<p data-start=\"1533\" data-end=\"1554\"><strong data-start=\"1533\" data-end=\"1554\">Lieferumfang:<\/strong><\/p>\n<ul data-start=\"1555\" data-end=\"1660\">\n<li data-start=\"1555\" data-end=\"1586\">ZEISS V8 1,1-8&#215;24 Zielfernrohr<\/li>\n<li data-start=\"1587\" data-end=\"1600\">Objektivschutzkappen<\/li>\n<li data-start=\"1601\" data-end=\"1629\">Batterien f\u00fcr die Beleuchtung<\/li>\n<li data-start=\"1630\" data-end=\"1646\">Reinigungstuch<\/li>\n<li data-start=\"1647\" data-end=\"1660\">Bedienungsanleitung<\/li>\n<\/ul>\n<p data-start=\"1662\" data-end=\"1859\" data-is-last-node=\"\" data-is-only-node=\"\">Das ZEISS V8 1,1-8&#215;24 ist die perfekte Wahl f\u00fcr J\u00e4ger und Sch\u00fctzen, die ein zuverl\u00e4ssiges, schnelles und leistungsstarkes Zielfernrohr ben\u00f6tigen. Es bietet erstklassige Pr\u00e4zision und Zuverl\u00e4ssigkeit in jeder Situation. <\/p>\n","protected":false},"excerpt":{"rendered":"<p>ZEISS V8 1,1-8&#215;24 \u2013 Premium-Zielfernrohr f\u00fcr schnelle und pr\u00e4zise Sch\u00fcsse Das ZEISS V8 1,1-8&#215;24 ist ein hochwertiges Zielfernrohr, das speziell f\u00fcr anspruchsvolle Jagd- und taktische Anwendungen konzipiert wurde. Sein weites Sichtfeld, die fortschrittliche Optik und das erstklassige beleuchtete Absehen gew\u00e4hrleisten eine schnelle Zielerfassung und pr\u00e4zise Sch\u00fcsse, sowohl auf kurze als auch auf l\u00e4ngere Distanzen. Technische [&#8230;]\n","protected":false},"featured_media":276967,"comment_status":"open","ping_status":"closed","template":"","meta":[],"product_brand":[],"product_cat":[1132],"product_tag":[],"class_list":{"0":"post-279812","1":"product","2":"type-product","3":"status-publish","4":"has-post-thumbnail","6":"product_cat-zielfernrohre","8":"first","9":"outofstock","10":"taxable","11":"shipping-taxable","12":"purchasable","13":"product-type-simple"},"composite_virtual":false,"composite_layout":"","composite_add_to_cart_form_location":"","composite_editable_in_cart":false,"composite_sold_individually_context":"","composite_shop_price_calc":"","composite_components":[],"composite_scenarios":[],"group_of_quantity":0,"min_quantity":0,"max_quantity":"","exclude_order_quantity_value_rules":"no","exclude_category_quantity_rules":"no","combine_variations":"no","exclude_global_add_ons":[],"addons":[],"_links":{"self":[{"href":"https:\/\/www.huntersfriend.eu\/de\/wp-json\/wp\/v2\/product\/279812","targetHints":{"allow":["GET"]}}],"collection":[{"href":"https:\/\/www.huntersfriend.eu\/de\/wp-json\/wp\/v2\/product"}],"about":[{"href":"https:\/\/www.huntersfriend.eu\/de\/wp-json\/wp\/v2\/types\/product"}],"replies":[{"embeddable":true,"href":"https:\/\/www.huntersfriend.eu\/de\/wp-json\/wp\/v2\/comments?post=279812"}],"wp:featuredmedia":[{"embeddable":true,"href":"https:\/\/www.huntersfriend.eu\/de\/wp-json\/wp\/v2\/media\/276967"}],"wp:attachment":[{"href":"https:\/\/www.huntersfriend.eu\/de\/wp-json\/wp\/v2\/media?parent=279812"}],"wp:term":[{"taxonomy":"product_brand","embeddable":true,"href":"https:\/\/www.huntersfriend.eu\/de\/wp-json\/wp\/v2\/product_brand?post=279812"},{"taxonomy":"product_cat","embeddable":true,"href":"https:\/\/www.huntersfriend.eu\/de\/wp-json\/wp\/v2\/product_cat?post=279812"},{"taxonomy":"product_tag","embeddable":true,"href":"https:\/\/www.huntersfriend.eu\/de\/wp-json\/wp\/v2\/product_tag?post=279812"}],"curies":[{"name":"wp","href":"https:\/\/api.w.org\/{rel}","templated":true}]}}