{"id":279811,"date":"2025-02-12T07:52:09","date_gmt":"2025-06-23T06:29:19","guid":{"rendered":"https:\/\/www.huntersfriend.eu\/product\/spot-hogg-fast-eddie-xl-mrt-1-pin-019-micro-rh\/"},"modified":"2025-08-03T05:56:17","modified_gmt":"2025-08-03T03:56:17","slug":"spot-hogg-fast-eddie-xl-mrt-1-pin-019-micro-rh","status":"publish","type":"product","link":"https:\/\/www.huntersfriend.eu\/de\/produkt\/spot-hogg-fast-eddie-xl-mrt-1-pin-019-micro-rh\/","title":{"rendered":"Spot hogg fast Eddie XL MRT \/ 1 PIN .019&#8243; MICRO RH"},"content":{"rendered":"<p>Der FAST EDDIE XL ist unsere neueste Erg\u00e4nzung zur Hogg Mobb-Serie. Basierend auf dem \u00e4u\u00dferst beliebten Fast Eddie verf\u00fcgt der FAST EDDIE XL \u00fcber eine neu konzipierte 6-Zoll-Schwalbenschwanzschiene und Bogenmontage. Besondere Aufmerksamkeit wurde dem Design der Schiene gewidmet, um die Stabilit\u00e4t zu maximieren und das Gewicht zu minimieren. Der FAST EDDIE XL l\u00e4sst sich leicht entfernen und wieder installieren, wobei die perfekten Visiermarkierungen erhalten bleiben. Ob Sie sich in die W\u00e4lder begeben oder an Turnieren teilnehmen, der FAST EDDIE XL ist f\u00fcr jede Herausforderung ger\u00fcstet.    <\/p>\n<div class=\"bg_title\">\n<h4 class=\"headInModule\">MERKMALE:<\/h4>\n<\/div>\n<div class=\"module_content\">\u2022 Jetzt auch mit dem NEUEN MRT Multi-Pin-Geh\u00e4use erh\u00e4ltlich<br \/>\n\u2022 Leichte 6&#8243;-Schwalbenschwanz-Visierschiene mit Schnell<br \/>\nl\u00f6se-Bogenmontage<br \/>\n\u2022 Mikro-einstellbare 2. &amp; 3. Achse<br \/>\n\u2022 Grobe horizontale &amp; vertikale Einstellungen<br \/>\n\u2022 Werkzeuglose Einstellung<br \/>\n\u2022 Ger\u00e4uschlose, schnell l\u00f6sbare Verriegelung f\u00fcr den Entfernungsknopf<br \/>\n\u2022 HRD-Technologie, keine Buchsen, kein Spiel, kein Summen<br \/>\n\u2022 Verteilt die Visiermarkierungen<br \/>\n\u2022 Neuer verbesserter Entfernungsregler mit besserem Griff<br \/>\nund mehr Abstand zum Visierband und Zeiger<br \/>\n\u2022 Solide 6061 Aluminium-Konstruktion<br \/>\n\u2022 Doppelzeiger f\u00fcr Doppelpin-Konfiguration<br \/>\n\u2022 Zeiger f\u00fcr Einzel- und Mehrpin-Konfigurationen<\/div>\n","protected":false},"excerpt":{"rendered":"<p>Der FAST EDDIE XL ist unsere neueste Erg\u00e4nzung zur Hogg Mobb-Serie. Basierend auf dem \u00e4u\u00dferst beliebten Fast Eddie verf\u00fcgt der FAST EDDIE XL \u00fcber eine neu konzipierte 6-Zoll-Schwalbenschwanzschiene und Bogenmontage. Besondere Aufmerksamkeit wurde dem Design der Schiene gewidmet, um die Stabilit\u00e4t zu maximieren und das Gewicht zu minimieren. Der FAST EDDIE XL l\u00e4sst sich leicht [&#8230;]\n","protected":false},"featured_media":276480,"comment_status":"open","ping_status":"closed","template":"","meta":[],"product_brand":[],"product_cat":[1236,1119],"product_tag":[],"class_list":{"0":"post-279811","1":"product","2":"type-product","3":"status-publish","4":"has-post-thumbnail","6":"product_cat-compound-scheiben-und-3d-visier","7":"product_cat-jagd-visiere","9":"first","10":"onbackorder","11":"taxable","12":"shipping-taxable","13":"purchasable","14":"product-type-simple"},"composite_virtual":false,"composite_layout":"","composite_add_to_cart_form_location":"","composite_editable_in_cart":false,"composite_sold_individually_context":"","composite_shop_price_calc":"","composite_components":[],"composite_scenarios":[],"group_of_quantity":0,"min_quantity":0,"max_quantity":"","exclude_order_quantity_value_rules":"no","exclude_category_quantity_rules":"no","combine_variations":"no","exclude_global_add_ons":[],"addons":[],"_links":{"self":[{"href":"https:\/\/www.huntersfriend.eu\/de\/wp-json\/wp\/v2\/product\/279811","targetHints":{"allow":["GET"]}}],"collection":[{"href":"https:\/\/www.huntersfriend.eu\/de\/wp-json\/wp\/v2\/product"}],"about":[{"href":"https:\/\/www.huntersfriend.eu\/de\/wp-json\/wp\/v2\/types\/product"}],"replies":[{"embeddable":true,"href":"https:\/\/www.huntersfriend.eu\/de\/wp-json\/wp\/v2\/comments?post=279811"}],"wp:featuredmedia":[{"embeddable":true,"href":"https:\/\/www.huntersfriend.eu\/de\/wp-json\/wp\/v2\/media\/276480"}],"wp:attachment":[{"href":"https:\/\/www.huntersfriend.eu\/de\/wp-json\/wp\/v2\/media?parent=279811"}],"wp:term":[{"taxonomy":"product_brand","embeddable":true,"href":"https:\/\/www.huntersfriend.eu\/de\/wp-json\/wp\/v2\/product_brand?post=279811"},{"taxonomy":"product_cat","embeddable":true,"href":"https:\/\/www.huntersfriend.eu\/de\/wp-json\/wp\/v2\/product_cat?post=279811"},{"taxonomy":"product_tag","embeddable":true,"href":"https:\/\/www.huntersfriend.eu\/de\/wp-json\/wp\/v2\/product_tag?post=279811"}],"curies":[{"name":"wp","href":"https:\/\/api.w.org\/{rel}","templated":true}]}}