{"id":279809,"date":"2025-02-12T07:52:09","date_gmt":"2025-06-23T06:29:18","guid":{"rendered":"https:\/\/www.huntersfriend.eu\/product\/spot-hogg-father-mrt-1-pin-010-micro-rh\/"},"modified":"2025-06-23T08:29:18","modified_gmt":"2025-06-23T06:29:18","slug":"spot-hogg-father-mrt-1-pin-010-micro-rh","status":"publish","type":"product","link":"https:\/\/www.huntersfriend.eu\/de\/produkt\/spot-hogg-father-mrt-1-pin-010-micro-rh\/","title":{"rendered":"Spot hogg father MRT \/ 1 PIN .010&#8243; MICRO RH"},"content":{"rendered":"<p>Endlich k\u00f6nnen Sie die robuste Zuverl\u00e4ssigkeit von Spot-Hogg in einem Freestyle-Visier genie\u00dfen. Mit unserer HRD-Technologie (Hardened Rail Design) gibt es kein Spiel, kein Vibrieren und keine Notwendigkeit, dieses Visier zu schonen. Mit all den Einstellm\u00f6glichkeiten und Genauigkeitsf\u00e4higkeiten, f\u00fcr die Spot-Hogg bekannt ist, ist dieses Visier \u00e4u\u00dferst pr\u00e4zise.  <\/p>\n<div class=\"bg_title\">\n<h4 class=\"headInModule\">MERKMALE:<\/h4>\n<\/div>\n<div class=\"module_content\">\u2022 Schnellverschlussknopf<br \/>\n\u2022 Abnehmbarer Schwalbenschwanz<br \/>\n\u2022 Mikroverstellbare 2. und 3. Achse<br \/>\n\u2022 Grobe Horizontal- und Vertikaleinstellungen<br \/>\n\u2022 Werkzeuglose Mikrojustierung f\u00fcr Seitenverstellung und H\u00f6henverstellung<br \/>\n\u2022 Mikroverstellbarer Zeiger<br \/>\n\u2022 HRD-Technologie, keine Buchsen, kein Spiel, kein Vibrieren<br \/>\n\u2022 Erweitert die Visiermarkierungen<br \/>\n\u2022 Gro\u00dfer, leicht zu bedienender Entfernungsknopf<br \/>\n\u2022 Abnehmbare Zahnstange f\u00fcr den Transport<br \/>\n\u2022 Pr\u00e4zise lasergravierte Visierskala und Kn\u00f6pfe<br \/>\n\u2022 Universelle Visierstange<br \/>\n\u2022 Solide Konstruktion aus 6061 Aluminium<br \/>\n\u2022 Transportkoffer inklusive<br \/>\n\u2022 Visierskala kompatibel mit Bogenschie\u00dfprogrammen<\/div>\n","protected":false},"excerpt":{"rendered":"<p>Endlich k\u00f6nnen Sie die robuste Zuverl\u00e4ssigkeit von Spot-Hogg in einem Freestyle-Visier genie\u00dfen. Mit unserer HRD-Technologie (Hardened Rail Design) gibt es kein Spiel, kein Vibrieren und keine Notwendigkeit, dieses Visier zu schonen. Mit all den Einstellm\u00f6glichkeiten und Genauigkeitsf\u00e4higkeiten, f\u00fcr die Spot-Hogg bekannt ist, ist dieses Visier \u00e4u\u00dferst pr\u00e4zise. MERKMALE: \u2022 Schnellverschlussknopf \u2022 Abnehmbarer Schwalbenschwanz \u2022 Mikroverstellbare [&#8230;]\n","protected":false},"featured_media":276470,"comment_status":"open","ping_status":"closed","template":"","meta":[],"product_brand":[],"product_cat":[1236,1119],"product_tag":[],"class_list":{"0":"post-279809","1":"product","2":"type-product","3":"status-publish","4":"has-post-thumbnail","6":"product_cat-compound-scheiben-und-3d-visier","7":"product_cat-jagd-visiere","9":"first","10":"instock","11":"taxable","12":"shipping-taxable","13":"purchasable","14":"product-type-simple"},"composite_virtual":false,"composite_layout":"","composite_add_to_cart_form_location":"","composite_editable_in_cart":false,"composite_sold_individually_context":"","composite_shop_price_calc":"","composite_components":[],"composite_scenarios":[],"group_of_quantity":0,"min_quantity":0,"max_quantity":"","exclude_order_quantity_value_rules":"no","exclude_category_quantity_rules":"no","combine_variations":"no","exclude_global_add_ons":[],"addons":[],"_links":{"self":[{"href":"https:\/\/www.huntersfriend.eu\/de\/wp-json\/wp\/v2\/product\/279809","targetHints":{"allow":["GET"]}}],"collection":[{"href":"https:\/\/www.huntersfriend.eu\/de\/wp-json\/wp\/v2\/product"}],"about":[{"href":"https:\/\/www.huntersfriend.eu\/de\/wp-json\/wp\/v2\/types\/product"}],"replies":[{"embeddable":true,"href":"https:\/\/www.huntersfriend.eu\/de\/wp-json\/wp\/v2\/comments?post=279809"}],"wp:featuredmedia":[{"embeddable":true,"href":"https:\/\/www.huntersfriend.eu\/de\/wp-json\/wp\/v2\/media\/276470"}],"wp:attachment":[{"href":"https:\/\/www.huntersfriend.eu\/de\/wp-json\/wp\/v2\/media?parent=279809"}],"wp:term":[{"taxonomy":"product_brand","embeddable":true,"href":"https:\/\/www.huntersfriend.eu\/de\/wp-json\/wp\/v2\/product_brand?post=279809"},{"taxonomy":"product_cat","embeddable":true,"href":"https:\/\/www.huntersfriend.eu\/de\/wp-json\/wp\/v2\/product_cat?post=279809"},{"taxonomy":"product_tag","embeddable":true,"href":"https:\/\/www.huntersfriend.eu\/de\/wp-json\/wp\/v2\/product_tag?post=279809"}],"curies":[{"name":"wp","href":"https:\/\/api.w.org\/{rel}","templated":true}]}}