{"id":279808,"date":"2025-02-20T10:02:36","date_gmt":"2025-02-20T08:02:36","guid":{"rendered":"https:\/\/www.huntersfriend.eu\/product\/hawk-speed-retract-aufzugsseilwinde\/"},"modified":"2025-07-05T05:48:34","modified_gmt":"2025-07-05T03:48:34","slug":"hawk-speed-retract-aufzugsseilwinde","status":"publish","type":"product","link":"https:\/\/www.huntersfriend.eu\/de\/produkt\/hawk-speed-retract-aufzugsseilwinde\/","title":{"rendered":"Hawk Speed Retract Aufzugsseilwinde"},"content":{"rendered":"<p><strong>KOMPAKTE &amp; VERKN\u00c4UELUNGSFREIE AUFBEWAHRUNG<br \/>\n<\/strong>Vermeiden Sie frustrierende Knoten und Verwicklungen! Die Speed Retract\u2122 Seilwinde nutzt ein 5-fach schnelleres Aufwickelverh\u00e4ltnis von 5:1 f\u00fcr eine \u00e4u\u00dferst schnelle und bequeme Aufbewahrung des Aufzugsseils. Das kompakte, schlanke Design liegt gut in der Hand und verf\u00fcgt an beiden Enden \u00fcber leicht zu drehende GearTie\u00ae-Befestigungen. Befestigen Sie die Seilwinde beim Klettern an Ihrem G\u00fcrtel und anschlie\u00dfend an Ihrem Stand oder einem nahegelegenen Ast, wenn Sie sich im Baum befinden, f\u00fcr h\u00f6chsten Komfort und maximale Sicherheit.   <\/p>\n<p><strong>&#8211; 5-FACH SCHNELLERES AUFWICKELN <\/strong>Speichert z\u00fcgig 9 Meter Aufzugsseil<\/p>\n<p><strong>&#8211; EZ-TWIST GEARTIE\u00ae <\/strong>Sowohl an der Seilwinde als auch am Aufzugsseil f\u00fcr schnelle, ger\u00e4uschlose und vielseitige Befestigung<\/p>\n<p><strong>&#8211; SILENT-GRIP\u2122 BESCHICHTETE SEILWINDE <\/strong>Verhindert Ger\u00e4usche und ist kompakt zum Verstauen<\/p>\n<ul>\n<li>Verkn\u00e4uelungsfreies flaches Seil<\/li>\n<li>18 kg Tragf\u00e4higkeit<\/li>\n<\/ul>\n","protected":false},"excerpt":{"rendered":"<p>KOMPAKTE &amp; VERKN\u00c4UELUNGSFREIE AUFBEWAHRUNG Vermeiden Sie frustrierende Knoten und Verwicklungen! Die Speed Retract\u2122 Seilwinde nutzt ein 5-fach schnelleres Aufwickelverh\u00e4ltnis von 5:1 f\u00fcr eine \u00e4u\u00dferst schnelle und bequeme Aufbewahrung des Aufzugsseils. Das kompakte, schlanke Design liegt gut in der Hand und verf\u00fcgt an beiden Enden \u00fcber leicht zu drehende GearTie\u00ae-Befestigungen. Befestigen Sie die Seilwinde beim Klettern [&#8230;]\n","protected":false},"featured_media":277221,"comment_status":"open","ping_status":"closed","template":"","meta":[],"product_brand":[],"product_cat":[1171,1222],"product_tag":[],"class_list":{"0":"post-279808","1":"product","2":"type-product","3":"status-publish","4":"has-post-thumbnail","6":"product_cat-sitz-und-schirm-zubehoer","7":"product_cat-sonderangebote","9":"first","10":"instock","11":"sale","12":"featured","13":"taxable","14":"shipping-taxable","15":"purchasable","16":"product-type-simple"},"composite_virtual":false,"composite_layout":"","composite_add_to_cart_form_location":"","composite_editable_in_cart":false,"composite_sold_individually_context":"","composite_shop_price_calc":"","composite_components":[],"composite_scenarios":[],"group_of_quantity":0,"min_quantity":0,"max_quantity":"","exclude_order_quantity_value_rules":"no","exclude_category_quantity_rules":"no","combine_variations":"no","exclude_global_add_ons":[],"addons":[],"_links":{"self":[{"href":"https:\/\/www.huntersfriend.eu\/de\/wp-json\/wp\/v2\/product\/279808","targetHints":{"allow":["GET"]}}],"collection":[{"href":"https:\/\/www.huntersfriend.eu\/de\/wp-json\/wp\/v2\/product"}],"about":[{"href":"https:\/\/www.huntersfriend.eu\/de\/wp-json\/wp\/v2\/types\/product"}],"replies":[{"embeddable":true,"href":"https:\/\/www.huntersfriend.eu\/de\/wp-json\/wp\/v2\/comments?post=279808"}],"wp:featuredmedia":[{"embeddable":true,"href":"https:\/\/www.huntersfriend.eu\/de\/wp-json\/wp\/v2\/media\/277221"}],"wp:attachment":[{"href":"https:\/\/www.huntersfriend.eu\/de\/wp-json\/wp\/v2\/media?parent=279808"}],"wp:term":[{"taxonomy":"product_brand","embeddable":true,"href":"https:\/\/www.huntersfriend.eu\/de\/wp-json\/wp\/v2\/product_brand?post=279808"},{"taxonomy":"product_cat","embeddable":true,"href":"https:\/\/www.huntersfriend.eu\/de\/wp-json\/wp\/v2\/product_cat?post=279808"},{"taxonomy":"product_tag","embeddable":true,"href":"https:\/\/www.huntersfriend.eu\/de\/wp-json\/wp\/v2\/product_tag?post=279808"}],"curies":[{"name":"wp","href":"https:\/\/api.w.org\/{rel}","templated":true}]}}