{"id":279806,"date":"2025-02-20T10:02:24","date_gmt":"2025-02-20T08:02:24","guid":{"rendered":"https:\/\/www.huntersfriend.eu\/product\/schlammiger-bogenhalter-fuer-kamerahandys\/"},"modified":"2026-03-18T22:00:14","modified_gmt":"2026-03-18T20:00:14","slug":"schlammiger-bogenhalter-fuer-kamerahandys","status":"publish","type":"product","link":"https:\/\/www.huntersfriend.eu\/de\/produkt\/schlammiger-bogenhalter-fuer-kamerahandys\/","title":{"rendered":"Schlammiger Bogenhalter f\u00fcr Kamerahandys"},"content":{"rendered":"<p>Nun k\u00f6nnen Sie alles aufnehmen, was zum Erhalten und Aufnehmen des perfekten Schusses geh\u00f6rt &#8211; und das freih\u00e4ndig. Dieser Kamerahalter verf\u00fcgt zudem \u00fcber eine Kugelhalterung f\u00fcr unbegrenzte Kamerapositionen. Er ist mit den meisten Mobiltelefon-Modellen sowie mit jeder \u00bc-Zoll-Kamera kompatibel. Er l\u00e4sst sich problemlos an der linken oder rechten Seite jedes Compoundbogens befestigen.   <\/p>\n<div class=\"O0\">\u2022 Konzipiert f\u00fcr die Verwendung mit oder ohne Telefonhalter, funktioniert er mit den meisten Telefonen oder jeder 1\/4\u2033-Kamera<\/div>\n<div class=\"O0\">\u2022 Der Bogen-Kamerahandyhalter l\u00e4sst sich m\u00fchelos auf der linken oder rechten Seite eines jeden Bogens installieren<\/div>\n<div class=\"O0\">\u2022 Dieser Kamerahalter verf\u00fcgt au\u00dferdem \u00fcber eine Kugelhalterung f\u00fcr unbegrenzte Kamerapositionen, um den perfekten Schuss einzufangen<\/div>\n","protected":false},"excerpt":{"rendered":"<p>Nun k\u00f6nnen Sie alles aufnehmen, was zum Erhalten und Aufnehmen des perfekten Schusses geh\u00f6rt &#8211; und das freih\u00e4ndig. Dieser Kamerahalter verf\u00fcgt zudem \u00fcber eine Kugelhalterung f\u00fcr unbegrenzte Kamerapositionen. Er ist mit den meisten Mobiltelefon-Modellen sowie mit jeder \u00bc-Zoll-Kamera kompatibel. Er l\u00e4sst sich problemlos an der linken oder rechten Seite jedes Compoundbogens befestigen. \u2022 Konzipiert f\u00fcr [&#8230;]\n","protected":false},"featured_media":277224,"comment_status":"open","ping_status":"closed","template":"","meta":[],"product_brand":[],"product_cat":[1255,1256,1171,1222],"product_tag":[],"class_list":{"0":"post-279806","1":"product","2":"type-product","3":"status-publish","4":"has-post-thumbnail","6":"product_cat-werkzeuge-und-verschiedenes-bogenschiessen","7":"product_cat-verschiedenes-bogenschiessen","8":"product_cat-sitz-und-schirm-zubehoer","9":"product_cat-sonderangebote","11":"first","12":"instock","13":"sale","14":"taxable","15":"shipping-taxable","16":"purchasable","17":"product-type-simple"},"composite_virtual":false,"composite_layout":"","composite_add_to_cart_form_location":"","composite_editable_in_cart":false,"composite_sold_individually_context":"","composite_shop_price_calc":"","composite_components":[],"composite_scenarios":[],"group_of_quantity":0,"min_quantity":0,"max_quantity":"","exclude_order_quantity_value_rules":"no","exclude_category_quantity_rules":"no","combine_variations":"no","exclude_global_add_ons":[],"addons":[],"_links":{"self":[{"href":"https:\/\/www.huntersfriend.eu\/de\/wp-json\/wp\/v2\/product\/279806","targetHints":{"allow":["GET"]}}],"collection":[{"href":"https:\/\/www.huntersfriend.eu\/de\/wp-json\/wp\/v2\/product"}],"about":[{"href":"https:\/\/www.huntersfriend.eu\/de\/wp-json\/wp\/v2\/types\/product"}],"replies":[{"embeddable":true,"href":"https:\/\/www.huntersfriend.eu\/de\/wp-json\/wp\/v2\/comments?post=279806"}],"wp:featuredmedia":[{"embeddable":true,"href":"https:\/\/www.huntersfriend.eu\/de\/wp-json\/wp\/v2\/media\/277224"}],"wp:attachment":[{"href":"https:\/\/www.huntersfriend.eu\/de\/wp-json\/wp\/v2\/media?parent=279806"}],"wp:term":[{"taxonomy":"product_brand","embeddable":true,"href":"https:\/\/www.huntersfriend.eu\/de\/wp-json\/wp\/v2\/product_brand?post=279806"},{"taxonomy":"product_cat","embeddable":true,"href":"https:\/\/www.huntersfriend.eu\/de\/wp-json\/wp\/v2\/product_cat?post=279806"},{"taxonomy":"product_tag","embeddable":true,"href":"https:\/\/www.huntersfriend.eu\/de\/wp-json\/wp\/v2\/product_tag?post=279806"}],"curies":[{"name":"wp","href":"https:\/\/api.w.org\/{rel}","templated":true}]}}