{"id":279805,"date":"2025-02-20T10:02:24","date_gmt":"2025-02-20T08:02:24","guid":{"rendered":"https:\/\/www.huntersfriend.eu\/product\/schlammiger-faltbarer-dreibein-bodensitz\/"},"modified":"2026-03-18T22:00:15","modified_gmt":"2026-03-18T20:00:15","slug":"schlammiger-faltbarer-dreibein-bodensitz","status":"publish","type":"product","link":"https:\/\/www.huntersfriend.eu\/de\/produkt\/schlammiger-faltbarer-dreibein-bodensitz\/","title":{"rendered":"Schlammiger faltbarer Dreibein-Bodensitz"},"content":{"rendered":"<p>Gepolstert, konturiert und wasserabweisend, zeichnet sich dieser Stuhl durch eine robuste Stoffkonstruktion und einen Stahlrahmen aus, die auf Langlebigkeit ausgelegt sind. Da er leicht zu verpacken und zu transportieren ist, gestalten sich Lagerung und Transport unkompliziert. Gewicht: 2,95 Kilogramm, zugelassen f\u00fcr 113,4 Kilogramm.  <\/p>\n<p>Strapazierf\u00e4higer, wasserabweisender Stoff f\u00fcr erh\u00f6hte Langlebigkeit<\/p>\n<p>Gepolsterter Sitz &amp; konturierte R\u00fcckenlehne<\/p>\n<p>Zusammenlegbar und leicht zu transportieren mit beigef\u00fcgtem Tragegurt<\/p>\n<p>Zusammenklappbar f\u00fcr einfache Aufbewahrung<\/p>\n<p>KONSTRUKTION: Stahlrahmen<\/p>\n<p>MATERIAL: Strapazierf\u00e4higer, verschlei\u00dffester Stoff<\/p>\n<p>GEWICHT: 2,95 kg<\/p>\n<p>GEWICHTSKLASSIFIZIERUNG: 113,4 kg<\/p>\n","protected":false},"excerpt":{"rendered":"<p>Gepolstert, konturiert und wasserabweisend, zeichnet sich dieser Stuhl durch eine robuste Stoffkonstruktion und einen Stahlrahmen aus, die auf Langlebigkeit ausgelegt sind. Da er leicht zu verpacken und zu transportieren ist, gestalten sich Lagerung und Transport unkompliziert. Gewicht: 2,95 Kilogramm, zugelassen f\u00fcr 113,4 Kilogramm. Strapazierf\u00e4higer, wasserabweisender Stoff f\u00fcr erh\u00f6hte Langlebigkeit Gepolsterter Sitz &amp; konturierte R\u00fcckenlehne Zusammenlegbar [&#8230;]\n","protected":false},"featured_media":277228,"comment_status":"open","ping_status":"closed","template":"","meta":[],"product_brand":[],"product_cat":[2050,1364,1222],"product_tag":[],"class_list":{"0":"post-279805","1":"product","2":"type-product","3":"status-publish","4":"has-post-thumbnail","6":"product_cat-campingzubehor","7":"product_cat-blind-sitz","8":"product_cat-sonderangebote","9":"product_shipping_class-medium-de","11":"first","12":"instock","13":"sale","14":"taxable","15":"shipping-taxable","16":"purchasable","17":"product-type-simple"},"composite_virtual":false,"composite_layout":"","composite_add_to_cart_form_location":"","composite_editable_in_cart":false,"composite_sold_individually_context":"","composite_shop_price_calc":"","composite_components":[],"composite_scenarios":[],"group_of_quantity":0,"min_quantity":0,"max_quantity":"","exclude_order_quantity_value_rules":"no","exclude_category_quantity_rules":"no","combine_variations":"no","exclude_global_add_ons":[],"addons":[],"_links":{"self":[{"href":"https:\/\/www.huntersfriend.eu\/de\/wp-json\/wp\/v2\/product\/279805","targetHints":{"allow":["GET"]}}],"collection":[{"href":"https:\/\/www.huntersfriend.eu\/de\/wp-json\/wp\/v2\/product"}],"about":[{"href":"https:\/\/www.huntersfriend.eu\/de\/wp-json\/wp\/v2\/types\/product"}],"replies":[{"embeddable":true,"href":"https:\/\/www.huntersfriend.eu\/de\/wp-json\/wp\/v2\/comments?post=279805"}],"wp:featuredmedia":[{"embeddable":true,"href":"https:\/\/www.huntersfriend.eu\/de\/wp-json\/wp\/v2\/media\/277228"}],"wp:attachment":[{"href":"https:\/\/www.huntersfriend.eu\/de\/wp-json\/wp\/v2\/media?parent=279805"}],"wp:term":[{"taxonomy":"product_brand","embeddable":true,"href":"https:\/\/www.huntersfriend.eu\/de\/wp-json\/wp\/v2\/product_brand?post=279805"},{"taxonomy":"product_cat","embeddable":true,"href":"https:\/\/www.huntersfriend.eu\/de\/wp-json\/wp\/v2\/product_cat?post=279805"},{"taxonomy":"product_tag","embeddable":true,"href":"https:\/\/www.huntersfriend.eu\/de\/wp-json\/wp\/v2\/product_tag?post=279805"}],"curies":[{"name":"wp","href":"https:\/\/api.w.org\/{rel}","templated":true}]}}