{"id":279804,"date":"2025-02-12T07:52:06","date_gmt":"2025-06-23T06:29:16","guid":{"rendered":"https:\/\/www.huntersfriend.eu\/product\/stan-solex-cm-verbindungsstueck\/"},"modified":"2026-04-28T12:56:13","modified_gmt":"2026-04-28T10:56:13","slug":"stan-solex-cm-verbindungsstueck","status":"publish","type":"product","link":"https:\/\/www.huntersfriend.eu\/de\/produkt\/stan-solex-cm-verbindungsstueck\/","title":{"rendered":"Stan SoleX CM Verbindungsst\u00fcck"},"content":{"rendered":"<p>Die SoleX-Zeigefingerausl\u00f6sung von STAN bietet J\u00e4gern die erstklassige Zielgenauigkeit, f\u00fcr die STAN bekannt ist, in einer kompakten, konsistenten Jagdausl\u00f6sungsplattform. Mit einem leicht einstellbaren Einzelsperrsystem und einer Handgelenkschlaufe mit fester Verbindung wird Ihnen der SoleX vollstes Vertrauen f\u00fcr Ihre einmalige Jagderfahrung verleihen. <\/p>\n","protected":false},"excerpt":{"rendered":"<p>Feste Verbindung<\/p>\n","protected":false},"featured_media":276460,"comment_status":"open","ping_status":"closed","template":"","meta":[],"product_brand":[],"product_cat":[1095],"product_tag":[],"class_list":{"0":"post-279804","1":"product","2":"type-product","3":"status-publish","4":"has-post-thumbnail","6":"product_cat-handgelenks-release","8":"first","9":"onbackorder","10":"taxable","11":"shipping-taxable","12":"purchasable","13":"product-type-simple"},"composite_virtual":false,"composite_layout":"","composite_add_to_cart_form_location":"","composite_editable_in_cart":false,"composite_sold_individually_context":"","composite_shop_price_calc":"","composite_components":[],"composite_scenarios":[],"group_of_quantity":0,"min_quantity":0,"max_quantity":"","exclude_order_quantity_value_rules":"no","exclude_category_quantity_rules":"no","combine_variations":"no","exclude_global_add_ons":[],"addons":[],"_links":{"self":[{"href":"https:\/\/www.huntersfriend.eu\/de\/wp-json\/wp\/v2\/product\/279804","targetHints":{"allow":["GET"]}}],"collection":[{"href":"https:\/\/www.huntersfriend.eu\/de\/wp-json\/wp\/v2\/product"}],"about":[{"href":"https:\/\/www.huntersfriend.eu\/de\/wp-json\/wp\/v2\/types\/product"}],"replies":[{"embeddable":true,"href":"https:\/\/www.huntersfriend.eu\/de\/wp-json\/wp\/v2\/comments?post=279804"}],"wp:featuredmedia":[{"embeddable":true,"href":"https:\/\/www.huntersfriend.eu\/de\/wp-json\/wp\/v2\/media\/276460"}],"wp:attachment":[{"href":"https:\/\/www.huntersfriend.eu\/de\/wp-json\/wp\/v2\/media?parent=279804"}],"wp:term":[{"taxonomy":"product_brand","embeddable":true,"href":"https:\/\/www.huntersfriend.eu\/de\/wp-json\/wp\/v2\/product_brand?post=279804"},{"taxonomy":"product_cat","embeddable":true,"href":"https:\/\/www.huntersfriend.eu\/de\/wp-json\/wp\/v2\/product_cat?post=279804"},{"taxonomy":"product_tag","embeddable":true,"href":"https:\/\/www.huntersfriend.eu\/de\/wp-json\/wp\/v2\/product_tag?post=279804"}],"curies":[{"name":"wp","href":"https:\/\/api.w.org\/{rel}","templated":true}]}}