{"id":279778,"date":"2025-03-11T14:57:31","date_gmt":"2025-06-23T06:06:49","guid":{"rendered":"https:\/\/www.huntersfriend.eu\/product\/nordforest-hunting-roeka-damenjagdhose\/"},"modified":"2025-11-14T12:47:25","modified_gmt":"2025-11-14T10:47:25","slug":"nordforest-hunting-roeka-damenjagdhose","status":"publish","type":"product","link":"https:\/\/www.huntersfriend.eu\/de\/produkt\/nordforest-hunting-roeka-damenjagdhose\/","title":{"rendered":"Nordforest Hunting R\u00f6ka Damenjagdhose"},"content":{"rendered":"<p data-start=\"127\" data-end=\"524\"><strong data-start=\"127\" data-end=\"179\">Nordforest Hunting R\u00f6ka Damenjagdhose<\/strong> ist ideal f\u00fcr den aktiven Einsatz in der Freizeit, im Alltag, beim Wandern oder sogar bei der Jagd. Die Kombination aus strapazierf\u00e4higen und flexiblen Materialien mit Bel\u00fcftungs\u00f6ffnungen mit Rei\u00dfverschluss gew\u00e4hrleistet uneingeschr\u00e4nkten Komfort bei der aktiven Jagd. Diese Hose bewegt sich mit jeder Ihrer Bewegungen, bietet Unterst\u00fctzung f\u00fcr belastungsanf\u00e4llige K\u00f6rperbereiche und garantiert Atmungsaktivit\u00e4t.  <\/p>\n<h3 data-start=\"526\" data-end=\"538\">Zusammengefasst<\/h3>\n<ul data-start=\"539\" data-end=\"786\">\n<li data-start=\"539\" data-end=\"601\">\n<p data-start=\"541\" data-end=\"601\">Leicht und aktiv, \u00e4u\u00dferst bewegungsfreundlich<\/p>\n<\/li>\n<li data-start=\"602\" data-end=\"621\">\n<p data-start=\"604\" data-end=\"621\">Wasserabweisend<\/p>\n<\/li>\n<li data-start=\"622\" data-end=\"672\">\n<p data-start=\"624\" data-end=\"672\">Komfortabler Bund mit elastischen Seiteneins\u00e4tzen<\/p>\n<\/li>\n<li data-start=\"673\" data-end=\"727\">\n<p data-start=\"675\" data-end=\"727\">Stretcheins\u00e4tze im R\u00fcckenbereich und vorgeformte Kniepartien<\/p>\n<\/li>\n<li data-start=\"728\" data-end=\"786\">\n<p data-start=\"730\" data-end=\"786\">Netzgef\u00fctterte Bel\u00fcftungs\u00f6ffnungen mit Rei\u00dfverschluss an den Oberschenkeln<\/p>\n<\/li>\n<\/ul>\n<p data-start=\"788\" data-end=\"939\">Die <strong data-start=\"792\" data-end=\"846\">Nordforest Hunting R\u00f6ka Stretchhose f\u00fcr Damen<\/strong> ist mit zwei Seitentaschen, zwei Oberschenkeltaschen und einer Ges\u00e4\u00dftasche ausgestattet &#8211; alle mit Rei\u00dfverschl\u00fcssen.<\/p>\n<hr data-start=\"941\" data-end=\"944\">\n<h3 data-start=\"946\" data-end=\"958\">Funktionen<\/h3>\n<div class=\"_tableContainer_16hzy_1\">\n<div class=\"_tableWrapper_16hzy_14 group flex w-fit flex-col-reverse\" tabindex=\"-1\">\n<table class=\"w-fit min-w-(--thread-content-width)\" data-start=\"960\" data-end=\"1858\">\n<thead data-start=\"960\" data-end=\"993\">\n<tr data-start=\"960\" data-end=\"993\">\n<th data-start=\"960\" data-end=\"974\" data-col-size=\"sm\"><strong data-start=\"962\" data-end=\"973\">Merkmal<\/strong><\/th>\n<th data-start=\"974\" data-end=\"993\" data-col-size=\"sm\"><strong data-start=\"976\" data-end=\"991\">Beschreibung<\/strong><\/th>\n<\/tr>\n<\/thead>\n<tbody data-start=\"1029\" data-end=\"1858\">\n<tr data-start=\"1029\" data-end=\"1070\">\n<td data-start=\"1029\" data-end=\"1048\" data-col-size=\"sm\"><strong data-start=\"1031\" data-end=\"1047\">Hersteller<\/strong><\/td>\n<td data-col-size=\"sm\" data-start=\"1048\" data-end=\"1070\">nordforest hunting<\/td>\n<\/tr>\n<tr data-start=\"1071\" data-end=\"1110\">\n<td data-start=\"1071\" data-end=\"1090\" data-col-size=\"sm\"><strong data-start=\"1073\" data-end=\"1089\">Produkttyp<\/strong><\/td>\n<td data-col-size=\"sm\" data-start=\"1090\" data-end=\"1110\">Stretchhose<\/td>\n<\/tr>\n<tr data-start=\"1111\" data-end=\"1136\">\n<td data-start=\"1111\" data-end=\"1128\" data-col-size=\"sm\"><strong data-start=\"1113\" data-end=\"1127\">Modellname<\/strong><\/td>\n<td data-col-size=\"sm\" data-start=\"1128\" data-end=\"1136\">R\u00f6ka<\/td>\n<\/tr>\n<tr data-start=\"1137\" data-end=\"1185\">\n<td data-start=\"1137\" data-end=\"1156\" data-col-size=\"sm\"><strong data-start=\"1139\" data-end=\"1155\">Au\u00dfenmaterial<\/strong><\/td>\n<td data-col-size=\"sm\" data-start=\"1156\" data-end=\"1185\">65% Polyester, 35% Baumwolle<\/td>\n<\/tr>\n<tr data-start=\"1186\" data-end=\"1251\">\n<td data-start=\"1186\" data-end=\"1209\" data-col-size=\"sm\"><strong data-start=\"1188\" data-end=\"1208\">Stretchmaterial<\/strong><\/td>\n<td data-col-size=\"sm\" data-start=\"1209\" data-end=\"1251\">68% Baumwolle, 25% Polyamid, 7% Elastan<\/td>\n<\/tr>\n<tr data-start=\"1252\" data-end=\"1304\">\n<td data-start=\"1252\" data-end=\"1279\" data-col-size=\"sm\"><strong data-start=\"1254\" data-end=\"1278\">Waschanleitung<\/strong><\/td>\n<td data-col-size=\"sm\" data-start=\"1279\" data-end=\"1304\">Maschinenw\u00e4sche bei 30 \u00b0C<\/td>\n<\/tr>\n<tr data-start=\"1305\" data-end=\"1338\">\n<td data-start=\"1305\" data-end=\"1321\" data-col-size=\"sm\"><strong data-start=\"1307\" data-end=\"1320\">Bleichen<\/strong><\/td>\n<td data-col-size=\"sm\" data-start=\"1321\" data-end=\"1338\">Nicht bleichen<\/td>\n<\/tr>\n<tr data-start=\"1339\" data-end=\"1373\">\n<td data-start=\"1339\" data-end=\"1352\" data-col-size=\"sm\"><strong data-start=\"1341\" data-end=\"1351\">Trocknen<\/strong><\/td>\n<td data-col-size=\"sm\" data-start=\"1352\" data-end=\"1373\">Nicht im W\u00e4schetrockner trocknen<\/td>\n<\/tr>\n<tr data-start=\"1374\" data-end=\"1410\">\n<td data-start=\"1374\" data-end=\"1388\" data-col-size=\"sm\"><strong data-start=\"1376\" data-end=\"1387\">B\u00fcgeln<\/strong><\/td>\n<td data-col-size=\"sm\" data-start=\"1388\" data-end=\"1410\">Bei maximal 110 \u00b0C b\u00fcgeln<\/td>\n<\/tr>\n<tr data-start=\"1411\" data-end=\"1463\">\n<td data-start=\"1411\" data-end=\"1443\" data-col-size=\"sm\"><strong data-start=\"1413\" data-end=\"1442\">Professionelle Textilpflege<\/strong><\/td>\n<td data-col-size=\"sm\" data-start=\"1443\" data-end=\"1463\">Nicht chemisch reinigen<\/td>\n<\/tr>\n<tr data-start=\"1464\" data-end=\"1511\">\n<td data-start=\"1464\" data-end=\"1483\" data-col-size=\"sm\"><strong data-start=\"1466\" data-end=\"1482\">Verwendungszweck<\/strong><\/td>\n<td data-col-size=\"sm\" data-start=\"1483\" data-end=\"1511\">Freizeit, Wandern, Jagd<\/td>\n<\/tr>\n<tr data-start=\"1512\" data-end=\"1542\">\n<td data-start=\"1512\" data-end=\"1532\" data-col-size=\"sm\"><strong data-start=\"1514\" data-end=\"1531\">Atmungsaktivit\u00e4t<\/strong><\/td>\n<td data-col-size=\"sm\" data-start=\"1532\" data-end=\"1542\">Mittel<\/td>\n<\/tr>\n<tr data-start=\"1543\" data-end=\"1602\">\n<td data-start=\"1543\" data-end=\"1566\" data-col-size=\"sm\"><strong data-start=\"1545\" data-end=\"1565\">Besondere Merkmale<\/strong><\/td>\n<td data-col-size=\"sm\" data-start=\"1566\" data-end=\"1602\">Elastischer Bund, ger\u00e4uscharmes Material<\/td>\n<\/tr>\n<tr data-start=\"1603\" data-end=\"1629\">\n<td data-start=\"1603\" data-end=\"1616\" data-col-size=\"sm\"><strong data-start=\"1605\" data-end=\"1615\">Geschlecht<\/strong><\/td>\n<td data-col-size=\"sm\" data-start=\"1616\" data-end=\"1629\">F\u00fcr Damen<\/td>\n<\/tr>\n<tr data-start=\"1630\" data-end=\"1670\">\n<td data-start=\"1630\" data-end=\"1644\" data-col-size=\"sm\"><strong data-start=\"1632\" data-end=\"1643\">Jahreszeiten<\/strong><\/td>\n<td data-col-size=\"sm\" data-start=\"1644\" data-end=\"1670\">Fr\u00fchling, Sommer, Herbst<\/td>\n<\/tr>\n<tr data-start=\"1671\" data-end=\"1696\">\n<td data-start=\"1671\" data-end=\"1681\" data-col-size=\"sm\"><strong data-start=\"1673\" data-end=\"1680\">Passform<\/strong><\/td>\n<td data-col-size=\"sm\" data-start=\"1681\" data-end=\"1696\">Regular Fit<\/td>\n<\/tr>\n<tr data-start=\"1697\" data-end=\"1739\">\n<td data-start=\"1697\" data-end=\"1720\" data-col-size=\"sm\"><strong data-start=\"1699\" data-end=\"1719\">Wasserbest\u00e4ndigkeit<\/strong><\/td>\n<td data-col-size=\"sm\" data-start=\"1720\" data-end=\"1739\">Wasserabweisend<\/td>\n<\/tr>\n<tr data-start=\"1740\" data-end=\"1787\">\n<td data-start=\"1740\" data-end=\"1769\" data-col-size=\"sm\"><strong data-start=\"1742\" data-end=\"1768\">Herstellungsland<\/strong><\/td>\n<td data-col-size=\"sm\" data-start=\"1769\" data-end=\"1787\">Hergestellt in Europa<\/td>\n<\/tr>\n<tr data-start=\"1788\" data-end=\"1815\">\n<td data-start=\"1788\" data-end=\"1800\" data-col-size=\"sm\"><strong data-start=\"1790\" data-end=\"1799\">Farbe<\/strong><\/td>\n<td data-col-size=\"sm\" data-start=\"1800\" data-end=\"1815\">Oliv-Schwarz<\/td>\n<\/tr>\n<tr data-start=\"1816\" data-end=\"1858\">\n<td data-start=\"1816\" data-end=\"1838\" data-col-size=\"sm\"><strong data-start=\"1818\" data-end=\"1837\">Verf\u00fcgbare Gr\u00f6\u00dfen<\/strong><\/td>\n<td data-col-size=\"sm\" data-start=\"1838\" data-end=\"1858\">34\u201348 (EU-Gr\u00f6\u00dfen)<\/td>\n<\/tr>\n<\/tbody>\n<\/table>\n<\/div>\n<\/div>\n","protected":false},"excerpt":{"rendered":"<p>Nordforest Hunting R\u00f6ka Damenjagdhose ist ideal f\u00fcr den aktiven Einsatz in der Freizeit, im Alltag, beim Wandern oder sogar bei der Jagd. Die Kombination aus strapazierf\u00e4higen und flexiblen Materialien mit Bel\u00fcftungs\u00f6ffnungen mit Rei\u00dfverschluss gew\u00e4hrleistet uneingeschr\u00e4nkten Komfort bei der aktiven Jagd. Diese Hose bewegt sich mit jeder Ihrer Bewegungen, bietet Unterst\u00fctzung f\u00fcr belastungsanf\u00e4llige K\u00f6rperbereiche und garantiert [&#8230;]\n","protected":false},"featured_media":279755,"comment_status":"open","ping_status":"closed","template":"","meta":[],"product_brand":[],"product_cat":[2117],"product_tag":[],"class_list":{"0":"post-279778","1":"product","2":"type-product","3":"status-publish","4":"has-post-thumbnail","6":"product_cat-jagdbekleidung-fur-damen","8":"first","9":"instock","10":"taxable","11":"shipping-taxable","12":"purchasable","13":"product-type-variable"},"composite_virtual":false,"composite_layout":"","composite_add_to_cart_form_location":"","composite_editable_in_cart":false,"composite_sold_individually_context":"","composite_shop_price_calc":"","composite_components":[],"composite_scenarios":[],"group_of_quantity":0,"min_quantity":0,"max_quantity":"","exclude_order_quantity_value_rules":"no","exclude_category_quantity_rules":"no","combine_variations":"no","exclude_global_add_ons":[],"addons":[],"_links":{"self":[{"href":"https:\/\/www.huntersfriend.eu\/de\/wp-json\/wp\/v2\/product\/279778","targetHints":{"allow":["GET"]}}],"collection":[{"href":"https:\/\/www.huntersfriend.eu\/de\/wp-json\/wp\/v2\/product"}],"about":[{"href":"https:\/\/www.huntersfriend.eu\/de\/wp-json\/wp\/v2\/types\/product"}],"replies":[{"embeddable":true,"href":"https:\/\/www.huntersfriend.eu\/de\/wp-json\/wp\/v2\/comments?post=279778"}],"wp:featuredmedia":[{"embeddable":true,"href":"https:\/\/www.huntersfriend.eu\/de\/wp-json\/wp\/v2\/media\/279755"}],"wp:attachment":[{"href":"https:\/\/www.huntersfriend.eu\/de\/wp-json\/wp\/v2\/media?parent=279778"}],"wp:term":[{"taxonomy":"product_brand","embeddable":true,"href":"https:\/\/www.huntersfriend.eu\/de\/wp-json\/wp\/v2\/product_brand?post=279778"},{"taxonomy":"product_cat","embeddable":true,"href":"https:\/\/www.huntersfriend.eu\/de\/wp-json\/wp\/v2\/product_cat?post=279778"},{"taxonomy":"product_tag","embeddable":true,"href":"https:\/\/www.huntersfriend.eu\/de\/wp-json\/wp\/v2\/product_tag?post=279778"}],"curies":[{"name":"wp","href":"https:\/\/api.w.org\/{rel}","templated":true}]}}