{"id":279772,"date":"2025-03-11T14:57:30","date_gmt":"2025-06-23T06:06:13","guid":{"rendered":"https:\/\/www.huntersfriend.eu\/product\/nordforest-jagd-stretchhose-fuer-damen\/"},"modified":"2026-01-14T15:27:28","modified_gmt":"2026-01-14T13:27:28","slug":"nordforest-jagd-stretchhose-fuer-damen","status":"publish","type":"product","link":"https:\/\/www.huntersfriend.eu\/de\/produkt\/nordforest-jagd-stretchhose-fuer-damen\/","title":{"rendered":"Nordforest Jagd-Stretchhose f\u00fcr Damen &#8211; Tarnmuster"},"content":{"rendered":"<p data-start=\"122\" data-end=\"493\">Die <strong data-start=\"122\" data-end=\"169\">Nordforest Jagd-Stretchhose f\u00fcr Damen<\/strong> ist eine leichte Outdoor-, Wander- und Jagdhose, die f\u00fcr den aktiven Gebrauch konzipiert wurde. Dank ihres flexiblen Materials bietet sie hervorragenden Komfort und maximale Bewegungsfreiheit. Netzbel\u00fcftete Rei\u00dfverschl\u00fcsse an Oberschenkeln und Waden sorgen f\u00fcr optimale Luftzirkulation und helfen, auch bei intensiver Aktivit\u00e4t eine angenehme K\u00f6rpertemperatur zu bewahren.  <\/p>\n<h3 data-start=\"495\" data-end=\"507\">Zusammengefasst<\/h3>\n<ul data-start=\"508\" data-end=\"783\">\n<li data-start=\"508\" data-end=\"545\">\n<p data-start=\"510\" data-end=\"545\">Leichte und flexible Hose<\/p>\n<\/li>\n<li data-start=\"546\" data-end=\"577\">\n<p data-start=\"548\" data-end=\"577\">Ideal vom Fr\u00fchling bis zum Herbst<\/p>\n<\/li>\n<li data-start=\"578\" data-end=\"592\">\n<p data-start=\"580\" data-end=\"592\">Atmungsaktiv<\/p>\n<\/li>\n<li data-start=\"593\" data-end=\"610\">\n<p data-start=\"595\" data-end=\"610\">Ger\u00e4uscharmes Gewebe<\/p>\n<\/li>\n<li data-start=\"611\" data-end=\"625\">\n<p data-start=\"613\" data-end=\"625\">G\u00fcrtelschlaufen<\/p>\n<\/li>\n<li data-start=\"626\" data-end=\"681\">\n<p data-start=\"628\" data-end=\"681\">Netzgef\u00fctterte Bel\u00fcftungsrei\u00dfverschl\u00fcsse an Oberschenkeln und Waden<\/p>\n<\/li>\n<li data-start=\"682\" data-end=\"698\">\n<p data-start=\"684\" data-end=\"698\">Vorgeformte Knie<\/p>\n<\/li>\n<li data-start=\"699\" data-end=\"735\">\n<p data-start=\"701\" data-end=\"735\">Bund mit Klettverschluss verstellbar<\/p>\n<\/li>\n<li data-start=\"736\" data-end=\"783\">\n<p data-start=\"738\" data-end=\"783\">Beinabschl\u00fcsse mit Klettverschluss anpassbar<\/p>\n<\/li>\n<\/ul>\n<p data-start=\"785\" data-end=\"919\">Die <strong data-start=\"789\" data-end=\"828\">Nordforest Jagd-Stretchhose<\/strong> verf\u00fcgt \u00fcber zwei Seitentaschen sowie eine Oberschenkeltasche und eine Ges\u00e4\u00dftasche \u2013 beide mit Rei\u00dfverschluss.<\/p>\n<hr data-start=\"921\" data-end=\"924\">\n<h3 data-start=\"926\" data-end=\"938\">Funktionen<\/h3>\n<div class=\"_tableContainer_16hzy_1\">\n<div class=\"_tableWrapper_16hzy_14 group flex w-fit flex-col-reverse\" tabindex=\"-1\">\n<table class=\"w-fit min-w-(--thread-content-width)\" data-start=\"940\" data-end=\"1350\">\n<thead data-start=\"940\" data-end=\"973\">\n<tr data-start=\"940\" data-end=\"973\">\n<th data-start=\"940\" data-end=\"954\" data-col-size=\"sm\"><strong data-start=\"942\" data-end=\"953\">Merkmal<\/strong><\/th>\n<th data-start=\"954\" data-end=\"973\" data-col-size=\"md\"><strong data-start=\"956\" data-end=\"971\">Beschreibung<\/strong><\/th>\n<\/tr>\n<\/thead>\n<tbody data-start=\"1009\" data-end=\"1350\">\n<tr data-start=\"1009\" data-end=\"1050\">\n<td data-start=\"1009\" data-end=\"1028\" data-col-size=\"sm\"><strong data-start=\"1011\" data-end=\"1027\">Hersteller<\/strong><\/td>\n<td data-col-size=\"md\" data-start=\"1028\" data-end=\"1050\">nordforest hunting<\/td>\n<\/tr>\n<tr data-start=\"1051\" data-end=\"1090\">\n<td data-start=\"1051\" data-end=\"1070\" data-col-size=\"sm\"><strong data-start=\"1053\" data-end=\"1069\">Produkttyp<\/strong><\/td>\n<td data-col-size=\"md\" data-start=\"1070\" data-end=\"1090\">Stretchhose<\/td>\n<\/tr>\n<tr data-start=\"1091\" data-end=\"1141\">\n<td data-start=\"1091\" data-end=\"1110\" data-col-size=\"sm\"><strong data-start=\"1093\" data-end=\"1109\">Obermaterial<\/strong><\/td>\n<td data-col-size=\"md\" data-start=\"1110\" data-end=\"1141\">89% Polyester, 11% Elasthan<\/td>\n<\/tr>\n<tr data-start=\"1142\" data-end=\"1172\">\n<td data-start=\"1142\" data-end=\"1162\" data-col-size=\"sm\"><strong data-start=\"1144\" data-end=\"1161\">Atmungsaktivit\u00e4t<\/strong><\/td>\n<td data-col-size=\"md\" data-start=\"1162\" data-end=\"1172\">Mittel<\/td>\n<\/tr>\n<tr data-start=\"1173\" data-end=\"1244\">\n<td data-start=\"1173\" data-end=\"1196\" data-col-size=\"sm\"><strong data-start=\"1175\" data-end=\"1195\">Besondere Merkmale<\/strong><\/td>\n<td data-col-size=\"md\" data-start=\"1196\" data-end=\"1244\">Ger\u00e4uscharmes Gewebe, verstellbare Beinabschl\u00fcsse, etc.<\/td>\n<\/tr>\n<tr data-start=\"1245\" data-end=\"1287\">\n<td data-start=\"1245\" data-end=\"1264\" data-col-size=\"sm\"><strong data-start=\"1247\" data-end=\"1263\">Verwendungszweck<\/strong><\/td>\n<td data-col-size=\"md\" data-start=\"1264\" data-end=\"1287\">Damen-Freizeitbekleidung<\/td>\n<\/tr>\n<tr data-start=\"1288\" data-end=\"1318\">\n<td data-start=\"1288\" data-end=\"1300\" data-col-size=\"sm\"><strong data-start=\"1290\" data-end=\"1299\">Farbe<\/strong><\/td>\n<td data-col-size=\"md\" data-start=\"1300\" data-end=\"1318\">Beehidden Tarnmuster<\/td>\n<\/tr>\n<tr data-start=\"1319\" data-end=\"1350\">\n<td data-start=\"1319\" data-end=\"1341\" data-col-size=\"sm\"><strong data-start=\"1321\" data-end=\"1340\">Verf\u00fcgbare Gr\u00f6\u00dfen<\/strong><\/td>\n<td data-col-size=\"md\" data-start=\"1341\" data-end=\"1350\">XS\u2013XL<\/td>\n<\/tr>\n<\/tbody>\n<\/table>\n<\/div>\n<\/div>\n","protected":false},"excerpt":{"rendered":"<p>Die Nordforest Jagd-Stretchhose f\u00fcr Damen ist eine leichte Outdoor-, Wander- und Jagdhose, die f\u00fcr den aktiven Gebrauch konzipiert wurde. Dank ihres flexiblen Materials bietet sie hervorragenden Komfort und maximale Bewegungsfreiheit. Netzbel\u00fcftete Rei\u00dfverschl\u00fcsse an Oberschenkeln und Waden sorgen f\u00fcr optimale Luftzirkulation und helfen, auch bei intensiver Aktivit\u00e4t eine angenehme K\u00f6rpertemperatur zu bewahren. Zusammengefasst Leichte und flexible [&#8230;]\n","protected":false},"featured_media":279763,"comment_status":"open","ping_status":"closed","template":"","meta":[],"product_brand":[],"product_cat":[2117,2710],"product_tag":[],"class_list":{"0":"post-279772","1":"product","2":"type-product","3":"status-publish","4":"has-post-thumbnail","6":"product_cat-jagdbekleidung-fur-damen","7":"product_cat-jaktklader-for-dam","9":"first","10":"instock","11":"taxable","12":"shipping-taxable","13":"purchasable","14":"product-type-variable"},"composite_virtual":false,"composite_layout":"","composite_add_to_cart_form_location":"","composite_editable_in_cart":false,"composite_sold_individually_context":"","composite_shop_price_calc":"","composite_components":[],"composite_scenarios":[],"group_of_quantity":0,"min_quantity":0,"max_quantity":"","exclude_order_quantity_value_rules":"no","exclude_category_quantity_rules":"no","combine_variations":"no","exclude_global_add_ons":[],"addons":[],"_links":{"self":[{"href":"https:\/\/www.huntersfriend.eu\/de\/wp-json\/wp\/v2\/product\/279772","targetHints":{"allow":["GET"]}}],"collection":[{"href":"https:\/\/www.huntersfriend.eu\/de\/wp-json\/wp\/v2\/product"}],"about":[{"href":"https:\/\/www.huntersfriend.eu\/de\/wp-json\/wp\/v2\/types\/product"}],"replies":[{"embeddable":true,"href":"https:\/\/www.huntersfriend.eu\/de\/wp-json\/wp\/v2\/comments?post=279772"}],"wp:featuredmedia":[{"embeddable":true,"href":"https:\/\/www.huntersfriend.eu\/de\/wp-json\/wp\/v2\/media\/279763"}],"wp:attachment":[{"href":"https:\/\/www.huntersfriend.eu\/de\/wp-json\/wp\/v2\/media?parent=279772"}],"wp:term":[{"taxonomy":"product_brand","embeddable":true,"href":"https:\/\/www.huntersfriend.eu\/de\/wp-json\/wp\/v2\/product_brand?post=279772"},{"taxonomy":"product_cat","embeddable":true,"href":"https:\/\/www.huntersfriend.eu\/de\/wp-json\/wp\/v2\/product_cat?post=279772"},{"taxonomy":"product_tag","embeddable":true,"href":"https:\/\/www.huntersfriend.eu\/de\/wp-json\/wp\/v2\/product_tag?post=279772"}],"curies":[{"name":"wp","href":"https:\/\/api.w.org\/{rel}","templated":true}]}}