{"id":279754,"date":"2025-03-19T17:21:33","date_gmt":"2025-06-23T05:51:30","guid":{"rendered":"https:\/\/www.huntersfriend.eu\/product\/nemo-mayfly-osmo-3p-zelt\/"},"modified":"2025-06-23T07:51:30","modified_gmt":"2025-06-23T05:51:30","slug":"nemo-mayfly-osmo-3p-zelt","status":"publish","type":"product","link":"https:\/\/www.huntersfriend.eu\/de\/produkt\/nemo-mayfly-osmo-3p-zelt\/","title":{"rendered":"NEMO Mayfly OSMO 3P Zelt"},"content":{"rendered":"<p class=\"\" data-start=\"0\" data-end=\"318\">Das <strong data-start=\"4\" data-end=\"27\">NEMO Mayfly OSMO 3P<\/strong> ist ein leichtes und robustes Dreimannzelt, konzipiert f\u00fcr Wanderer und Camper, die sowohl Leichtigkeit als auch Langlebigkeit sch\u00e4tzen. Dieses halbfreistehende Zelt bietet ausreichend Platz f\u00fcr drei Personen und verf\u00fcgt \u00fcber innovative Eigenschaften, die es zu einem zuverl\u00e4ssigen Begleiter f\u00fcr diverse Abenteuer machen. <\/p>\n<p class=\"\" data-start=\"320\" data-end=\"349\"><strong data-start=\"320\" data-end=\"349\">Technische Spezifikationen:<\/strong><\/p>\n<ul data-start=\"350\" data-end=\"1034\">\n<li class=\"\" data-start=\"350\" data-end=\"374\">\n<p class=\"\" data-start=\"352\" data-end=\"374\"><strong data-start=\"352\" data-end=\"365\">Kapazit\u00e4t:<\/strong> 3 Personen<\/p>\n<\/li>\n<li class=\"\" data-start=\"375\" data-end=\"450\">\n<p class=\"\" data-start=\"377\" data-end=\"388\"><strong data-start=\"377\" data-end=\"388\">Gewicht:<\/strong><\/p>\n<ul data-start=\"391\" data-end=\"450\">\n<li class=\"\" data-start=\"391\" data-end=\"420\">\n<p class=\"\" data-start=\"393\" data-end=\"420\"><strong data-start=\"393\" data-end=\"412\">Mindestgewicht:<\/strong> 1,65 kg<\/p>\n<\/li>\n<li class=\"\" data-start=\"423\" data-end=\"450\">\n<p class=\"\" data-start=\"425\" data-end=\"450\"><strong data-start=\"425\" data-end=\"442\">Gesamtgewicht:<\/strong> 1,85 kg<\/p>\n<\/li>\n<\/ul>\n<\/li>\n<li class=\"\" data-start=\"451\" data-end=\"640\">\n<p class=\"\" data-start=\"453\" data-end=\"468\"><strong data-start=\"453\" data-end=\"468\">Abmessungen:<\/strong><\/p>\n<ul data-start=\"471\" data-end=\"640\">\n<li class=\"\" data-start=\"471\" data-end=\"496\">\n<p class=\"\" data-start=\"473\" data-end=\"496\"><strong data-start=\"473\" data-end=\"488\">Bodenfl\u00e4che:<\/strong> 3,69 m\u00b2<\/p>\n<\/li>\n<li class=\"\" data-start=\"499\" data-end=\"572\">\n<p class=\"\" data-start=\"501\" data-end=\"572\"><strong data-start=\"501\" data-end=\"525\">Innenabmessungen:<\/strong> 223 x 172\/157 cm (L\u00e4nge x Breite an Kopf\/Fu\u00df)<\/p>\n<\/li>\n<li class=\"\" data-start=\"575\" data-end=\"600\">\n<p class=\"\" data-start=\"577\" data-end=\"600\"><strong data-start=\"577\" data-end=\"593\">Maximale H\u00f6he:<\/strong> 107 cm<\/p>\n<\/li>\n<li class=\"\" data-start=\"603\" data-end=\"640\">\n<p class=\"\" data-start=\"605\" data-end=\"640\"><strong data-start=\"605\" data-end=\"621\">Packma\u00df:<\/strong> 46 x 16,5 x 9,5 cm<\/p>\n<\/li>\n<\/ul>\n<\/li>\n<li class=\"\" data-start=\"641\" data-end=\"1034\">\n<p class=\"\" data-start=\"643\" data-end=\"657\"><strong data-start=\"643\" data-end=\"657\">Materialien:<\/strong><\/p>\n<ul data-start=\"660\" data-end=\"1034\">\n<li class=\"\" data-start=\"660\" data-end=\"756\">\n<p class=\"\" data-start=\"662\" data-end=\"756\"><strong data-start=\"662\" data-end=\"677\">Au\u00dfenzelt:<\/strong> OSMO\u2122 Gewebe (100% recyceltes Polyester und Nylon), Wassers\u00e4ule 1500 mm<\/p>\n<\/li>\n<li class=\"\" data-start=\"759\" data-end=\"803\">\n<p class=\"\" data-start=\"761\" data-end=\"803\"><strong data-start=\"761\" data-end=\"776\">Innenzelt:<\/strong> Polyestertaft und Netzgewebe<\/p>\n<\/li>\n<li class=\"\" data-start=\"806\" data-end=\"885\">\n<p class=\"\" data-start=\"808\" data-end=\"885\"><strong data-start=\"808\" data-end=\"823\">Zeltboden:<\/strong> 68D PU-beschichtetes Polyester-Ripstop, Wassers\u00e4ule 2000 mm<\/p>\n<\/li>\n<li class=\"\" data-start=\"888\" data-end=\"929\">\n<p class=\"\" data-start=\"890\" data-end=\"929\"><strong data-start=\"890\" data-end=\"900\">Gest\u00e4nge:<\/strong> Aluminium (9,0 mm und 9,5 mm)<\/p>\n<\/li>\n<li class=\"\" data-start=\"932\" data-end=\"950\">\n<p class=\"\" data-start=\"934\" data-end=\"950\"><strong data-start=\"934\" data-end=\"948\">Eing\u00e4nge:<\/strong> 2<\/p>\n<\/li>\n<li class=\"\" data-start=\"953\" data-end=\"1034\">\n<p class=\"\" data-start=\"955\" data-end=\"1034\"><strong data-start=\"955\" data-end=\"980\">Apsiden:<\/strong> 2, bieten insgesamt 1,6 m\u00b2 zus\u00e4tzlichen Stauraum<\/p>\n<\/li>\n<\/ul>\n<\/li>\n<\/ul>\n<p class=\"\" data-start=\"1036\" data-end=\"1049\"><strong data-start=\"1036\" data-end=\"1049\">Eigenschaften:<\/strong><\/p>\n<ul data-start=\"1050\" data-end=\"1867\">\n<li class=\"\" data-start=\"1050\" data-end=\"1326\">\n<p class=\"\" data-start=\"1052\" data-end=\"1326\"><strong data-start=\"1052\" data-end=\"1069\">OSMO\u2122 Gewebe:<\/strong> Dieses innovative Material bietet eine viermal bessere Wasserbest\u00e4ndigkeit und eine dreimal geringere Dehnung unter nassen Bedingungen im Vergleich zu herk\u00f6mmlichen Zeltgeweben. Es besteht zu 100% aus recycelten Fasern und erf\u00fcllt die Brandschutzstandards ohne den Einsatz zus\u00e4tzlicher Chemikalien. <\/p>\n<\/li>\n<li class=\"\" data-start=\"1327\" data-end=\"1496\">\n<p class=\"\" data-start=\"1329\" data-end=\"1496\"><strong data-start=\"1329\" data-end=\"1351\">Ger\u00e4umiger Innenraum:<\/strong> Vorgebogene, zentral positionierte Aluminiumstangen vergr\u00f6\u00dfern den Raum sowohl am Kopf- als auch am Fu\u00dfende des Zeltes und sorgen f\u00fcr Komfort und Bewegungsfreiheit.<\/p>\n<\/li>\n<li class=\"\" data-start=\"1497\" data-end=\"1584\">\n<p class=\"\" data-start=\"1499\" data-end=\"1584\"><strong data-start=\"1499\" data-end=\"1514\">Einfacher Aufbau:<\/strong> Axial\u2122 Eckverankerungen erm\u00f6glichen einen schnellen und intuitiven Aufbau in einem Zug.<\/p>\n<\/li>\n<li class=\"\" data-start=\"1585\" data-end=\"1715\">\n<p class=\"\" data-start=\"1587\" data-end=\"1715\"><strong data-start=\"1587\" data-end=\"1605\">Robuster Boden:<\/strong> Der strapazierf\u00e4hige 68D PU-beschichtete Ripstop-Polyesterboden ist f\u00fcr intensive Nutzung konzipiert und verl\u00e4ngert die Lebensdauer des Zeltes.<\/p>\n<\/li>\n<li class=\"\" data-start=\"1716\" data-end=\"1867\">\n<p class=\"\" data-start=\"1718\" data-end=\"1867\"><strong data-start=\"1718\" data-end=\"1744\">Divvy Cube\u2122 Tragetasche:<\/strong> Eine rechteckige Tragetasche, die eine Gewichtsverteilung zwischen Wanderpartnern erm\u00f6glicht und effizient in einen Rucksack gepackt werden kann.<\/p>\n<\/li>\n<\/ul>\n<p class=\"\" data-start=\"1869\" data-end=\"2077\">Das <strong data-start=\"1873\" data-end=\"1896\">NEMO Mayfly OSMO 3P<\/strong> vereint leichtes Design, Langlebigkeit und \u00f6kologische Nachhaltigkeit, was es zu einer exzellenten Wahl f\u00fcr Wanderer und Camper macht, die eine zuverl\u00e4ssige Unterkunft f\u00fcr Outdoor-Abenteuer suchen.<\/p>\n","protected":false},"excerpt":{"rendered":"<p>3-Personen-Zelt<\/p>\n","protected":false},"featured_media":277669,"comment_status":"open","ping_status":"closed","template":"","meta":[],"product_brand":[],"product_cat":[2114],"product_tag":[],"class_list":{"0":"post-279754","1":"product","2":"type-product","3":"status-publish","4":"has-post-thumbnail","6":"product_cat-zelte","8":"first","9":"instock","10":"taxable","11":"shipping-taxable","12":"purchasable","13":"product-type-simple"},"composite_virtual":false,"composite_layout":"","composite_add_to_cart_form_location":"","composite_editable_in_cart":false,"composite_sold_individually_context":"","composite_shop_price_calc":"","composite_components":[],"composite_scenarios":[],"group_of_quantity":0,"min_quantity":0,"max_quantity":"","exclude_order_quantity_value_rules":"no","exclude_category_quantity_rules":"no","combine_variations":"no","exclude_global_add_ons":[],"addons":[],"_links":{"self":[{"href":"https:\/\/www.huntersfriend.eu\/de\/wp-json\/wp\/v2\/product\/279754","targetHints":{"allow":["GET"]}}],"collection":[{"href":"https:\/\/www.huntersfriend.eu\/de\/wp-json\/wp\/v2\/product"}],"about":[{"href":"https:\/\/www.huntersfriend.eu\/de\/wp-json\/wp\/v2\/types\/product"}],"replies":[{"embeddable":true,"href":"https:\/\/www.huntersfriend.eu\/de\/wp-json\/wp\/v2\/comments?post=279754"}],"wp:featuredmedia":[{"embeddable":true,"href":"https:\/\/www.huntersfriend.eu\/de\/wp-json\/wp\/v2\/media\/277669"}],"wp:attachment":[{"href":"https:\/\/www.huntersfriend.eu\/de\/wp-json\/wp\/v2\/media?parent=279754"}],"wp:term":[{"taxonomy":"product_brand","embeddable":true,"href":"https:\/\/www.huntersfriend.eu\/de\/wp-json\/wp\/v2\/product_brand?post=279754"},{"taxonomy":"product_cat","embeddable":true,"href":"https:\/\/www.huntersfriend.eu\/de\/wp-json\/wp\/v2\/product_cat?post=279754"},{"taxonomy":"product_tag","embeddable":true,"href":"https:\/\/www.huntersfriend.eu\/de\/wp-json\/wp\/v2\/product_tag?post=279754"}],"curies":[{"name":"wp","href":"https:\/\/api.w.org\/{rel}","templated":true}]}}