{"id":279752,"date":"2025-03-18T09:31:34","date_gmt":"2025-03-18T07:31:34","guid":{"rendered":"https:\/\/www.huntersfriend.eu\/product\/swhacker-202-2-klingen-125-gr-225\/"},"modified":"2025-06-23T07:49:49","modified_gmt":"2025-06-23T05:49:49","slug":"swhacker-202-2-klingen-125-gr-225","status":"publish","type":"product","link":"https:\/\/www.huntersfriend.eu\/de\/produkt\/swhacker-202-2-klingen-125-gr-225\/","title":{"rendered":"Swhacker #202 2-Klingen 125 gr 2,25&#8243;"},"content":{"rendered":"<p>Das <strong>zweifache Schneiden<\/strong>-Klingendesign von Swhacker bietet Ihnen zwei separate Schneidkanten.<\/p>\n<p>Der erste Satz Kanten, die Fl\u00fcgelklingen, wird zum Schneiden der Haut und des ersten Rippenpaars verwendet. Diese Klingen werden auch zum \u00d6ffnen der Jagdspitze genutzt und sind wesentlich kleiner als die Hauptklingen. Sie nehmen die gr\u00f6\u00dfte Belastung auf sich, indem sie beim Eindringen durch Haar, Schmutz, Haut und Knochen schneiden. Die kleineren Fl\u00fcgelklingen ben\u00f6tigen weniger Energie zum Eindringen als eine \u201ebeim Aufprall \u00f6ffnende\u201c Jagdspitze. Die Fl\u00fcgelklingen bieten zudem eine tragende Oberfl\u00e4che f\u00fcr den Schaft w\u00e4hrend des Aufpralls.    <\/p>\n<p>Der zweite Satz Kanten, die Hauptklingen, werden w\u00e4hrend des anf\u00e4nglichen Eindringens nicht durch Haut oder Knochen stumpf. Dies erm\u00f6glicht es den Hauptklingen, rasiermesserscharf zu bleiben, wenn sie sich im Inneren der K\u00f6rperh\u00f6hle \u00f6ffnen und dort Verheerungen an Muskeln, Gewebe und Organen anrichten. <\/p>\n<p><strong>*Enth\u00e4lt keine \u00dcbungsspitze.<\/strong><\/p>\n<div class=\"short-description\">\n<p>125 Grain mechanische 2-Klingen-Jagdspitze mit 2,54 cm Durchmesser im Flug, die sich nach dem Eindringen auf 5,72 cm \u00f6ffnet. *Enth\u00e4lt keine \u00dcbungsspitze. <\/p>\n<\/div>\n<div class=\"list-includes\">\n<p>Die Packung beinhaltet:<\/p>\n<ul>\n<li>3 Jagdspitzen<\/li>\n<li>Wiederverwendbare H\u00fclle<\/li>\n<li>6 Ersatzb\u00e4nder<\/li>\n<\/ul>\n<\/div>\n<div class=\"specifications\">\n<div class=\"specification-list-item\">\n<div class=\"list-text\"><span class=\"metalabel\">Klinge<\/span><br \/>\n0,79 mm dicker rostfreier Stahl, 2,54 cm breit geschlossen, 5,72 cm breit ge\u00f6ffnet, 5,46 cm Kopfl\u00e4nge vom Einsatz bis zur Spitze<\/div>\n<\/div>\n<div class=\"specification-list-item\">\n<div class=\"list-icon\"><\/div>\n<div class=\"list-text\"><span class=\"metalabel\">Schaft<\/span><br \/>\nEloxiertes Flugzeugaluminium<\/div>\n<\/div>\n<div class=\"specification-list-item\">\n<div class=\"list-icon\"><\/div>\n<div class=\"list-text\"><span class=\"metalabel\">Spitze<\/span><br \/>\nGeh\u00e4rteter Hochkarbonstahl, hohlgeschliffen (aufgeschraubt)<\/div>\n<\/div>\n<\/div>\n","protected":false},"excerpt":{"rendered":"<p>3er-Pack, 125 Grain<\/p>\n","protected":false},"featured_media":277261,"comment_status":"open","ping_status":"closed","template":"","meta":[],"product_brand":[],"product_cat":[1145],"product_tag":[],"class_list":{"0":"post-279752","1":"product","2":"type-product","3":"status-publish","4":"has-post-thumbnail","6":"product_cat-sonstiges","8":"first","9":"outofstock","10":"featured","11":"taxable","12":"shipping-taxable","13":"purchasable","14":"product-type-simple"},"composite_virtual":false,"composite_layout":"","composite_add_to_cart_form_location":"","composite_editable_in_cart":false,"composite_sold_individually_context":"","composite_shop_price_calc":"","composite_components":[],"composite_scenarios":[],"group_of_quantity":0,"min_quantity":0,"max_quantity":"","exclude_order_quantity_value_rules":"no","exclude_category_quantity_rules":"no","combine_variations":"no","exclude_global_add_ons":[],"addons":[],"_links":{"self":[{"href":"https:\/\/www.huntersfriend.eu\/de\/wp-json\/wp\/v2\/product\/279752","targetHints":{"allow":["GET"]}}],"collection":[{"href":"https:\/\/www.huntersfriend.eu\/de\/wp-json\/wp\/v2\/product"}],"about":[{"href":"https:\/\/www.huntersfriend.eu\/de\/wp-json\/wp\/v2\/types\/product"}],"replies":[{"embeddable":true,"href":"https:\/\/www.huntersfriend.eu\/de\/wp-json\/wp\/v2\/comments?post=279752"}],"wp:featuredmedia":[{"embeddable":true,"href":"https:\/\/www.huntersfriend.eu\/de\/wp-json\/wp\/v2\/media\/277261"}],"wp:attachment":[{"href":"https:\/\/www.huntersfriend.eu\/de\/wp-json\/wp\/v2\/media?parent=279752"}],"wp:term":[{"taxonomy":"product_brand","embeddable":true,"href":"https:\/\/www.huntersfriend.eu\/de\/wp-json\/wp\/v2\/product_brand?post=279752"},{"taxonomy":"product_cat","embeddable":true,"href":"https:\/\/www.huntersfriend.eu\/de\/wp-json\/wp\/v2\/product_cat?post=279752"},{"taxonomy":"product_tag","embeddable":true,"href":"https:\/\/www.huntersfriend.eu\/de\/wp-json\/wp\/v2\/product_tag?post=279752"}],"curies":[{"name":"wp","href":"https:\/\/api.w.org\/{rel}","templated":true}]}}