{"id":279751,"date":"2025-03-19T17:21:33","date_gmt":"2025-06-23T05:49:46","guid":{"rendered":"https:\/\/www.huntersfriend.eu\/product\/nemo-sweepstake-zeltheringe-6-stueck\/"},"modified":"2025-06-23T07:49:46","modified_gmt":"2025-06-23T05:49:46","slug":"nemo-sweepstake-zeltheringe-6-stueck","status":"publish","type":"product","link":"https:\/\/www.huntersfriend.eu\/de\/produkt\/nemo-sweepstake-zeltheringe-6-stueck\/","title":{"rendered":"NEMO Sweepstake Zeltheringe, 6 St\u00fcck"},"content":{"rendered":"<p class=\"\" data-start=\"0\" data-end=\"57\"><strong data-start=\"0\" data-end=\"57\">NEMO Sweepstake\u2122 \u2013 innovative und langlebige Zeltheringe<\/strong><\/p>\n<p class=\"\" data-start=\"59\" data-end=\"190\">Die NEMO Sweepstake\u2122 Zeltheringe sind darauf ausgelegt, das Camping zu erleichtern, indem sie einzigartige Merkmale bieten, die die Benutzerfreundlichkeit und Sicherheit erh\u00f6hen.<\/p>\n<p class=\"\" data-start=\"192\" data-end=\"221\"><strong data-start=\"192\" data-end=\"221\">Technische Spezifikationen:<\/strong><\/p>\n<ul data-start=\"222\" data-end=\"361\">\n<li class=\"\" data-start=\"222\" data-end=\"259\">\n<p class=\"\" data-start=\"224\" data-end=\"259\"><strong data-start=\"224\" data-end=\"239\">Abmessungen:<\/strong> 18 cm x 2 cm x 2 cm<\/p>\n<\/li>\n<li class=\"\" data-start=\"260\" data-end=\"288\">\n<p class=\"\" data-start=\"262\" data-end=\"288\"><strong data-start=\"262\" data-end=\"273\">Gewicht:<\/strong> 20 g pro Hering<\/p>\n<\/li>\n<li class=\"\" data-start=\"289\" data-end=\"325\">\n<p class=\"\" data-start=\"291\" data-end=\"325\"><strong data-start=\"291\" data-end=\"304\">Material:<\/strong> Aluminium der 7000er-Serie<\/p>\n<\/li>\n<li class=\"\" data-start=\"326\" data-end=\"361\">\n<p class=\"\" data-start=\"328\" data-end=\"361\"><strong data-start=\"328\" data-end=\"340\">Verpackung:<\/strong> 6 Heringe pro Packung<\/p>\n<\/li>\n<\/ul>\n<p class=\"\" data-start=\"363\" data-end=\"376\"><strong data-start=\"363\" data-end=\"376\">Eigenschaften:<\/strong><\/p>\n<ul data-start=\"377\" data-end=\"827\">\n<li class=\"\" data-start=\"377\" data-end=\"544\">\n<p class=\"\" data-start=\"379\" data-end=\"544\"><strong data-start=\"379\" data-end=\"413\">Integrierter Reinigungsmechanismus:<\/strong> Ein am Hering befestigter Polymerreiniger entfernt Schlamm und Schmutz mit einem einzigen Zug, was das Verpacken erleichtert und Ihre Ausr\u00fcstung sauber h\u00e4lt.<\/p>\n<\/li>\n<li class=\"\" data-start=\"545\" data-end=\"677\">\n<p class=\"\" data-start=\"547\" data-end=\"677\"><strong data-start=\"547\" data-end=\"584\">Im Dunkeln leuchtender Polymerreiniger:<\/strong> Verbessert die Sichtbarkeit bei schwachem Licht oder Dunkelheit und reduziert so das Stolperrisiko auf dem Campingplatz.<\/p>\n<\/li>\n<li class=\"\" data-start=\"678\" data-end=\"827\">\n<p class=\"\" data-start=\"680\" data-end=\"827\"><strong data-start=\"680\" data-end=\"705\">Robuste Konstruktion:<\/strong> Der Y-f\u00f6rmige Querschnitt aus Aluminium der 7000er-Serie bietet ausgezeichnete Festigkeit und Haltbarkeit in verschiedenen Gel\u00e4ndearten.<\/p>\n<\/li>\n<\/ul>\n<p class=\"\" data-start=\"829\" data-end=\"1060\">Die NEMO Sweepstake\u2122 Zeltheringe wurden 2019 mit dem Popular Mechanics Editors&#8216; Choice Outdoor Retailer Award f\u00fcr ihre Innovation und Praktikabilit\u00e4t ausgezeichnet. Sie sind zudem durch die lebenslange Garantie von NEMO abgedeckt, was ihre Qualit\u00e4t und Langlebigkeit gew\u00e4hrleistet. <\/p>\n<p class=\"\" data-start=\"1062\" data-end=\"1182\">Diese Heringe sind eine ausgezeichnete Wahl f\u00fcr Wanderer und Camper, die Wert auf Benutzerfreundlichkeit, Langlebigkeit und Sicherheit beim Camping legen.<\/p>\n","protected":false},"excerpt":{"rendered":"<p>NEMO Sweepstake\u2122 \u2013 innovative und langlebige Zeltheringe Die NEMO Sweepstake\u2122 Zeltheringe sind darauf ausgelegt, das Camping zu erleichtern, indem sie einzigartige Merkmale bieten, die die Benutzerfreundlichkeit und Sicherheit erh\u00f6hen. Technische Spezifikationen: Abmessungen: 18 cm x 2 cm x 2 cm Gewicht: 20 g pro Hering Material: Aluminium der 7000er-Serie Verpackung: 6 Heringe pro Packung Eigenschaften: [&#8230;]\n","protected":false},"featured_media":277491,"comment_status":"open","ping_status":"closed","template":"","meta":[],"product_brand":[],"product_cat":[2050,2115,2114],"product_tag":[],"class_list":{"0":"post-279751","1":"product","2":"type-product","3":"status-publish","4":"has-post-thumbnail","6":"product_cat-campingzubehor","7":"product_cat-planen","8":"product_cat-zelte","10":"first","11":"instock","12":"taxable","13":"shipping-taxable","14":"purchasable","15":"product-type-simple"},"composite_virtual":false,"composite_layout":"","composite_add_to_cart_form_location":"","composite_editable_in_cart":false,"composite_sold_individually_context":"","composite_shop_price_calc":"","composite_components":[],"composite_scenarios":[],"group_of_quantity":0,"min_quantity":0,"max_quantity":"","exclude_order_quantity_value_rules":"no","exclude_category_quantity_rules":"no","combine_variations":"no","exclude_global_add_ons":[],"addons":[],"_links":{"self":[{"href":"https:\/\/www.huntersfriend.eu\/de\/wp-json\/wp\/v2\/product\/279751","targetHints":{"allow":["GET"]}}],"collection":[{"href":"https:\/\/www.huntersfriend.eu\/de\/wp-json\/wp\/v2\/product"}],"about":[{"href":"https:\/\/www.huntersfriend.eu\/de\/wp-json\/wp\/v2\/types\/product"}],"replies":[{"embeddable":true,"href":"https:\/\/www.huntersfriend.eu\/de\/wp-json\/wp\/v2\/comments?post=279751"}],"wp:featuredmedia":[{"embeddable":true,"href":"https:\/\/www.huntersfriend.eu\/de\/wp-json\/wp\/v2\/media\/277491"}],"wp:attachment":[{"href":"https:\/\/www.huntersfriend.eu\/de\/wp-json\/wp\/v2\/media?parent=279751"}],"wp:term":[{"taxonomy":"product_brand","embeddable":true,"href":"https:\/\/www.huntersfriend.eu\/de\/wp-json\/wp\/v2\/product_brand?post=279751"},{"taxonomy":"product_cat","embeddable":true,"href":"https:\/\/www.huntersfriend.eu\/de\/wp-json\/wp\/v2\/product_cat?post=279751"},{"taxonomy":"product_tag","embeddable":true,"href":"https:\/\/www.huntersfriend.eu\/de\/wp-json\/wp\/v2\/product_tag?post=279751"}],"curies":[{"name":"wp","href":"https:\/\/api.w.org\/{rel}","templated":true}]}}