{"id":279750,"date":"2025-03-19T17:21:32","date_gmt":"2025-06-23T05:49:45","guid":{"rendered":"https:\/\/www.huntersfriend.eu\/product\/nemo-dagger-osmo-2p-zelt\/"},"modified":"2025-06-23T07:49:45","modified_gmt":"2025-06-23T05:49:45","slug":"nemo-dagger-osmo-2p-zelt","status":"publish","type":"product","link":"https:\/\/www.huntersfriend.eu\/de\/produkt\/nemo-dagger-osmo-2p-zelt\/","title":{"rendered":"NEMO Dagger OSMO 2P Zelt"},"content":{"rendered":"<p class=\"\" data-start=\"0\" data-end=\"74\"><strong data-start=\"0\" data-end=\"74\">NEMO Dagger OSMO 2P \u2013 Leichtgewichtiges und ger\u00e4umiges Zwei-Personen-Campingzelt<\/strong><\/p>\n<p class=\"\" data-start=\"76\" data-end=\"530\">Das NEMO Dagger OSMO 2P ist ein leichtgewichtiges und leistungsstarkes Zwei-Personen-Campingzelt, das f\u00fcr vielseitige Wander- und Rucksackreisen konzipiert wurde. Es verwendet die innovative OSMO\u2122-Gewebetechnologie, die im Vergleich zu herk\u00f6mmlichen Materialien eine verbesserte Wasserdichtigkeit, geringere Dehnung und h\u00f6here Umweltfreundlichkeit bietet. Das Dagger OSMO kombiniert eine leichte Struktur mit gro\u00dfz\u00fcgigem Innenraum und ist somit eine ausgezeichnete Wahl sowohl f\u00fcr l\u00e4ngere Wanderungen als auch f\u00fcr Wochenendausfl\u00fcge.  <\/p>\n<p class=\"\" data-start=\"532\" data-end=\"561\"><strong data-start=\"532\" data-end=\"561\">Technische Spezifikationen:<\/strong><\/p>\n<ul data-start=\"562\" data-end=\"1074\">\n<li class=\"\" data-start=\"562\" data-end=\"586\">\n<p class=\"\" data-start=\"564\" data-end=\"586\"><strong data-start=\"564\" data-end=\"577\">Kapazit\u00e4t:<\/strong> 2 Personen<\/p>\n<\/li>\n<li class=\"\" data-start=\"587\" data-end=\"650\">\n<p class=\"\" data-start=\"589\" data-end=\"650\"><strong data-start=\"589\" data-end=\"600\">Gewicht:<\/strong> 1,52 kg (Mindestgewicht) \/ 1,78 kg (Gesamtgewicht)<\/p>\n<\/li>\n<li class=\"\" data-start=\"651\" data-end=\"698\">\n<p class=\"\" data-start=\"653\" data-end=\"698\"><strong data-start=\"653\" data-end=\"668\">Abmessungen:<\/strong> 229 x 127 cm (Innenraum)<\/p>\n<\/li>\n<li class=\"\" data-start=\"699\" data-end=\"728\">\n<p class=\"\" data-start=\"701\" data-end=\"728\"><strong data-start=\"701\" data-end=\"721\">Innenh\u00f6he:<\/strong> 106 cm<\/p>\n<\/li>\n<li class=\"\" data-start=\"729\" data-end=\"758\">\n<p class=\"\" data-start=\"731\" data-end=\"758\"><strong data-start=\"731\" data-end=\"747\">Packma\u00df:<\/strong> 50 x 16 cm<\/p>\n<\/li>\n<li class=\"\" data-start=\"759\" data-end=\"855\">\n<p class=\"\" data-start=\"761\" data-end=\"772\"><strong data-start=\"761\" data-end=\"772\">Gewebe: <\/strong><span style=\"color: #333333;\">OSMO\u2122-Gewebe (Polyester und Nylon) \u2013 wasserdicht, umweltfreundlich und dehnungsarm<\/span><\/p>\n<\/li>\n<li class=\"\" data-start=\"856\" data-end=\"896\">\n<p class=\"\" data-start=\"858\" data-end=\"896\"><strong data-start=\"858\" data-end=\"868\">Boden:<\/strong> 2000 mm Wassers\u00e4ule<\/p>\n<\/li>\n<li class=\"\" data-start=\"897\" data-end=\"936\">\n<p class=\"\" data-start=\"899\" data-end=\"936\"><strong data-start=\"899\" data-end=\"908\">Dach:<\/strong> 1200 mm Wassers\u00e4ule<\/p>\n<\/li>\n<li class=\"\" data-start=\"937\" data-end=\"984\">\n<p class=\"\" data-start=\"939\" data-end=\"984\"><strong data-start=\"939\" data-end=\"949\">Gest\u00e4nge:<\/strong> DAC Featherlite NFL Aluminiumstangen<\/p>\n<\/li>\n<li class=\"\" data-start=\"985\" data-end=\"1009\">\n<p class=\"\" data-start=\"987\" data-end=\"1009\"><strong data-start=\"987\" data-end=\"1001\">Eing\u00e4nge:<\/strong> 2 T\u00fcren<\/p>\n<\/li>\n<li class=\"\" data-start=\"1010\" data-end=\"1074\">\n<p class=\"\" data-start=\"1012\" data-end=\"1074\"><strong data-start=\"1012\" data-end=\"1027\">Vorzelte:<\/strong> 2 (insgesamt 1,1 m\u00b2 zus\u00e4tzlicher Stauraum)<\/p>\n<\/li>\n<\/ul>\n<p class=\"\" data-start=\"1076\" data-end=\"1661\"><strong data-start=\"1076\" data-end=\"1089\">Merkmale:<\/strong> \u2714 <strong data-start=\"1092\" data-end=\"1108\">OSMO\u2122-Gewebe<\/strong> \u2013 4-fach bessere Wasserbest\u00e4ndigkeit und 3-fach geringere Dehnung bei Feuchtigkeit im Vergleich zu herk\u00f6mmlichen Materialien.<br data-start=\"1204\" data-end=\"1207\">\u2714 <strong data-start=\"1209\" data-end=\"1230\">Ger\u00e4umiger Innenraum<\/strong> \u2013 Vertikale W\u00e4nde und hohe Innenh\u00f6he gew\u00e4hrleisten Komfort.<br data-start=\"1288\" data-end=\"1291\">\u2714 <strong data-start=\"1293\" data-end=\"1307\">Einfacher Aufbau<\/strong> \u2013 Einpoliges Design mit farbkodierten Befestigungen beschleunigt den Aufbau.<br data-start=\"1371\" data-end=\"1374\">\u2714 <strong data-start=\"1376\" data-end=\"1401\">Hervorragende Bel\u00fcftung<\/strong> \u2013 Mehrere L\u00fcftungs\u00f6ffnungen und ein atmungsaktives Innenzelt reduzieren Kondensation.<br data-start=\"1467\" data-end=\"1470\">\u2714 <strong data-start=\"1472\" data-end=\"1506\">Zwei gro\u00dfe T\u00fcren und Vorzelte<\/strong> \u2013 Erleichtern den Einstieg und bieten viel Stauraum.<br data-start=\"1563\" data-end=\"1566\">\u2714 <strong data-start=\"1568\" data-end=\"1591\">Umweltfreundliches Design<\/strong> \u2013 PFC- und PFAS-freies Material, hergestellt aus langlebigen, recycelten Stoffen.<\/p>\n<p class=\"\" data-start=\"1663\" data-end=\"1825\">Das NEMO Dagger OSMO 2P ist die perfekte Wahl f\u00fcr Abenteurer, die ein leichtes und langlebiges Zelt suchen, das Komfort, Raum und \u00f6kologische Nachhaltigkeit bietet.<\/p>\n","protected":false},"excerpt":{"rendered":"<p>NEMO Dagger OSMO 2P \u2013 Leichtgewichtiges und ger\u00e4umiges Zwei-Personen-Campingzelt Das NEMO Dagger OSMO 2P ist ein leichtgewichtiges und leistungsstarkes Zwei-Personen-Campingzelt, das f\u00fcr vielseitige Wander- und Rucksackreisen konzipiert wurde. Es verwendet die innovative OSMO\u2122-Gewebetechnologie, die im Vergleich zu herk\u00f6mmlichen Materialien eine verbesserte Wasserdichtigkeit, geringere Dehnung und h\u00f6here Umweltfreundlichkeit bietet. Das Dagger OSMO kombiniert eine leichte Struktur [&#8230;]\n","protected":false},"featured_media":277408,"comment_status":"open","ping_status":"closed","template":"","meta":[],"product_brand":[],"product_cat":[2114],"product_tag":[],"class_list":{"0":"post-279750","1":"product","2":"type-product","3":"status-publish","4":"has-post-thumbnail","6":"product_cat-zelte","7":"product_shipping_class-medium-de","9":"first","10":"instock","11":"taxable","12":"shipping-taxable","13":"purchasable","14":"product-type-simple"},"composite_virtual":false,"composite_layout":"","composite_add_to_cart_form_location":"","composite_editable_in_cart":false,"composite_sold_individually_context":"","composite_shop_price_calc":"","composite_components":[],"composite_scenarios":[],"group_of_quantity":0,"min_quantity":0,"max_quantity":"","exclude_order_quantity_value_rules":"no","exclude_category_quantity_rules":"no","combine_variations":"no","exclude_global_add_ons":[],"addons":[],"_links":{"self":[{"href":"https:\/\/www.huntersfriend.eu\/de\/wp-json\/wp\/v2\/product\/279750","targetHints":{"allow":["GET"]}}],"collection":[{"href":"https:\/\/www.huntersfriend.eu\/de\/wp-json\/wp\/v2\/product"}],"about":[{"href":"https:\/\/www.huntersfriend.eu\/de\/wp-json\/wp\/v2\/types\/product"}],"replies":[{"embeddable":true,"href":"https:\/\/www.huntersfriend.eu\/de\/wp-json\/wp\/v2\/comments?post=279750"}],"wp:featuredmedia":[{"embeddable":true,"href":"https:\/\/www.huntersfriend.eu\/de\/wp-json\/wp\/v2\/media\/277408"}],"wp:attachment":[{"href":"https:\/\/www.huntersfriend.eu\/de\/wp-json\/wp\/v2\/media?parent=279750"}],"wp:term":[{"taxonomy":"product_brand","embeddable":true,"href":"https:\/\/www.huntersfriend.eu\/de\/wp-json\/wp\/v2\/product_brand?post=279750"},{"taxonomy":"product_cat","embeddable":true,"href":"https:\/\/www.huntersfriend.eu\/de\/wp-json\/wp\/v2\/product_cat?post=279750"},{"taxonomy":"product_tag","embeddable":true,"href":"https:\/\/www.huntersfriend.eu\/de\/wp-json\/wp\/v2\/product_tag?post=279750"}],"curies":[{"name":"wp","href":"https:\/\/api.w.org\/{rel}","templated":true}]}}