{"id":279745,"date":"2025-03-19T14:06:20","date_gmt":"2025-06-23T05:49:25","guid":{"rendered":"https:\/\/www.huntersfriend.eu\/product\/nemo-stargaze-evo-x-campingstuhl\/"},"modified":"2025-06-23T07:49:25","modified_gmt":"2025-06-23T05:49:25","slug":"nemo-stargaze-evo-x-campingstuhl","status":"publish","type":"product","link":"https:\/\/www.huntersfriend.eu\/de\/produkt\/nemo-stargaze-evo-x-campingstuhl\/","title":{"rendered":"NEMO Stargaze EVO-x Campingstuhl"},"content":{"rendered":"<p class=\"\" data-start=\"0\" data-end=\"60\"><strong data-start=\"0\" data-end=\"60\">NEMO Stargaze EVO-x \u2013 innovativer Campingstuhl mit Liegefunktion<\/strong><\/p>\n<p class=\"\" data-start=\"62\" data-end=\"401\">Der NEMO Stargaze EVO-X ist ein innovativer Campingstuhl, der eine sanfte Schaukelbewegung mit einer sich automatisch anpassenden Liegefunktion kombiniert und dadurch einen unvergleichlichen Komfort f\u00fcr die Entspannung im Freien bietet. Der Stuhl wurde mit Blick auf Benutzerfreundlichkeit konzipiert und l\u00e4sst sich m\u00fchelos ohne komplizierte Montageschritte entfalten, sodass Sie sich innerhalb k\u00fcrzester Zeit entspannen k\u00f6nnen. <\/p>\n<p class=\"\" data-start=\"403\" data-end=\"432\"><strong data-start=\"403\" data-end=\"432\">Technische Spezifikationen:<\/strong><\/p>\n<ul data-start=\"433\" data-end=\"689\">\n<li class=\"\" data-start=\"433\" data-end=\"462\">\n<p class=\"\" data-start=\"435\" data-end=\"462\"><strong data-start=\"435\" data-end=\"446\">Gewicht:<\/strong> ca. 4,47 kg <\/p>\n<\/li>\n<li class=\"\" data-start=\"463\" data-end=\"518\">\n<p class=\"\" data-start=\"465\" data-end=\"518\"><strong data-start=\"465\" data-end=\"501\">Abmessungen (im Gebrauch) (L x B x H):<\/strong> 68 x 92 x 112 cm<\/p>\n<\/li>\n<li class=\"\" data-start=\"519\" data-end=\"553\">\n<p class=\"\" data-start=\"521\" data-end=\"553\"><strong data-start=\"521\" data-end=\"537\">Packma\u00df:<\/strong> 73 x 18 x 18 cm<\/p>\n<\/li>\n<li class=\"\" data-start=\"554\" data-end=\"589\">\n<p class=\"\" data-start=\"556\" data-end=\"589\"><strong data-start=\"556\" data-end=\"576\">Belastbarkeit:<\/strong> bis zu 136 kg<\/p>\n<\/li>\n<li class=\"\" data-start=\"590\" data-end=\"659\">\n<p class=\"\" data-start=\"592\" data-end=\"659\"><strong data-start=\"592\" data-end=\"606\">Materialien:<\/strong> Hauptmaterial 100% Polyester; Gestell aus Aluminium<\/p>\n<\/li>\n<li class=\"\" data-start=\"660\" data-end=\"689\">\n<p class=\"\" data-start=\"662\" data-end=\"689\"><strong data-start=\"662\" data-end=\"675\">Im Lieferumfang enthalten:<\/strong> Tragetasche<\/p>\n<\/li>\n<\/ul>\n<p class=\"\" data-start=\"691\" data-end=\"1121\">Das einzigartige Design des Stargaze EVO-X Stuhls erm\u00f6glicht ein sanftes Schaukeln auf nahezu jeder Oberfl\u00e4che, einschlie\u00dflich unebener, sandiger oder felsiger Untergr\u00fcnde. Seine sich automatisch anpassende Liegefunktion passt sich den Bewegungen des Benutzers an und bietet ein optimales Entspannungserlebnis. Der Stuhl verf\u00fcgt zudem \u00fcber eine verstellbare Kopfst\u00fctze, einen Getr\u00e4nkehalter und eine Tasche f\u00fcr kleinere Gegenst\u00e4nde wie Mobiltelefone oder Schl\u00fcssel. Die gepolsterte Tragetasche mit Schultergurt erleichtert den Transport.   <\/p>\n","protected":false},"excerpt":{"rendered":"<p>NEMO Stargaze EVO-x \u2013 innovativer Campingstuhl mit Liegefunktion Der NEMO Stargaze EVO-X ist ein innovativer Campingstuhl, der eine sanfte Schaukelbewegung mit einer sich automatisch anpassenden Liegefunktion kombiniert und dadurch einen unvergleichlichen Komfort f\u00fcr die Entspannung im Freien bietet. Der Stuhl wurde mit Blick auf Benutzerfreundlichkeit konzipiert und l\u00e4sst sich m\u00fchelos ohne komplizierte Montageschritte entfalten, sodass [&#8230;]\n","protected":false},"featured_media":277441,"comment_status":"open","ping_status":"closed","template":"","meta":[],"product_brand":[],"product_cat":[2050],"product_tag":[],"class_list":{"0":"post-279745","1":"product","2":"type-product","3":"status-publish","4":"has-post-thumbnail","6":"product_cat-campingzubehor","8":"first","9":"outofstock","10":"taxable","11":"shipping-taxable","12":"purchasable","13":"product-type-simple"},"composite_virtual":false,"composite_layout":"","composite_add_to_cart_form_location":"","composite_editable_in_cart":false,"composite_sold_individually_context":"","composite_shop_price_calc":"","composite_components":[],"composite_scenarios":[],"group_of_quantity":0,"min_quantity":0,"max_quantity":"","exclude_order_quantity_value_rules":"no","exclude_category_quantity_rules":"no","combine_variations":"no","exclude_global_add_ons":[],"addons":[],"_links":{"self":[{"href":"https:\/\/www.huntersfriend.eu\/de\/wp-json\/wp\/v2\/product\/279745","targetHints":{"allow":["GET"]}}],"collection":[{"href":"https:\/\/www.huntersfriend.eu\/de\/wp-json\/wp\/v2\/product"}],"about":[{"href":"https:\/\/www.huntersfriend.eu\/de\/wp-json\/wp\/v2\/types\/product"}],"replies":[{"embeddable":true,"href":"https:\/\/www.huntersfriend.eu\/de\/wp-json\/wp\/v2\/comments?post=279745"}],"wp:featuredmedia":[{"embeddable":true,"href":"https:\/\/www.huntersfriend.eu\/de\/wp-json\/wp\/v2\/media\/277441"}],"wp:attachment":[{"href":"https:\/\/www.huntersfriend.eu\/de\/wp-json\/wp\/v2\/media?parent=279745"}],"wp:term":[{"taxonomy":"product_brand","embeddable":true,"href":"https:\/\/www.huntersfriend.eu\/de\/wp-json\/wp\/v2\/product_brand?post=279745"},{"taxonomy":"product_cat","embeddable":true,"href":"https:\/\/www.huntersfriend.eu\/de\/wp-json\/wp\/v2\/product_cat?post=279745"},{"taxonomy":"product_tag","embeddable":true,"href":"https:\/\/www.huntersfriend.eu\/de\/wp-json\/wp\/v2\/product_tag?post=279745"}],"curies":[{"name":"wp","href":"https:\/\/api.w.org\/{rel}","templated":true}]}}