{"id":279744,"date":"2025-03-12T10:28:50","date_gmt":"2025-06-23T05:49:22","guid":{"rendered":"https:\/\/www.huntersfriend.eu\/product\/g5-flacher-diamantschaerfer\/"},"modified":"2026-01-21T22:32:38","modified_gmt":"2026-01-21T20:32:38","slug":"g5-flacher-diamantschaerfer","status":"publish","type":"product","link":"https:\/\/www.huntersfriend.eu\/de\/produkt\/g5-flacher-diamantschaerfer\/","title":{"rendered":"G5 flacher Diamantsch\u00e4rfer"},"content":{"rendered":"<p>Der flache Diamantsch\u00e4rfer ist das perfekte Instrument zur Rekonditionierung und Nachsch\u00e4rfung Ihrer Montec oder \u00e4hnlicher dreischneidiger Klingen. Mit beidseitig diamantierten Oberfl\u00e4chen wird dieser Nachsch\u00e4rfprozess nicht nur schnell, sondern auch \u00fcber viele Saisons hinweg effektiv sein. <\/p>\n","protected":false},"excerpt":{"rendered":"<p>Der flache Diamantsch\u00e4rfer ist das perfekte Instrument zur Rekonditionierung und Nachsch\u00e4rfung Ihrer Montec oder \u00e4hnlicher dreischneidiger Klingen. Mit beidseitig diamantierten Oberfl\u00e4chen wird dieser Nachsch\u00e4rfprozess nicht nur schnell, sondern auch \u00fcber viele Saisons hinweg effektiv sein.<\/p>\n","protected":false},"featured_media":277233,"comment_status":"open","ping_status":"closed","template":"","meta":[],"product_brand":[],"product_cat":[1256,1134],"product_tag":[],"class_list":{"0":"post-279744","1":"product","2":"type-product","3":"status-publish","4":"has-post-thumbnail","6":"product_cat-verschiedenes-bogenschiessen","7":"product_cat-messer-aexte-und-schaerfer","9":"first","10":"instock","11":"taxable","12":"shipping-taxable","13":"purchasable","14":"product-type-simple"},"composite_virtual":false,"composite_layout":"","composite_add_to_cart_form_location":"","composite_editable_in_cart":false,"composite_sold_individually_context":"","composite_shop_price_calc":"","composite_components":[],"composite_scenarios":[],"group_of_quantity":0,"min_quantity":0,"max_quantity":"","exclude_order_quantity_value_rules":"no","exclude_category_quantity_rules":"no","combine_variations":"no","exclude_global_add_ons":[],"addons":[],"_links":{"self":[{"href":"https:\/\/www.huntersfriend.eu\/de\/wp-json\/wp\/v2\/product\/279744","targetHints":{"allow":["GET"]}}],"collection":[{"href":"https:\/\/www.huntersfriend.eu\/de\/wp-json\/wp\/v2\/product"}],"about":[{"href":"https:\/\/www.huntersfriend.eu\/de\/wp-json\/wp\/v2\/types\/product"}],"replies":[{"embeddable":true,"href":"https:\/\/www.huntersfriend.eu\/de\/wp-json\/wp\/v2\/comments?post=279744"}],"wp:featuredmedia":[{"embeddable":true,"href":"https:\/\/www.huntersfriend.eu\/de\/wp-json\/wp\/v2\/media\/277233"}],"wp:attachment":[{"href":"https:\/\/www.huntersfriend.eu\/de\/wp-json\/wp\/v2\/media?parent=279744"}],"wp:term":[{"taxonomy":"product_brand","embeddable":true,"href":"https:\/\/www.huntersfriend.eu\/de\/wp-json\/wp\/v2\/product_brand?post=279744"},{"taxonomy":"product_cat","embeddable":true,"href":"https:\/\/www.huntersfriend.eu\/de\/wp-json\/wp\/v2\/product_cat?post=279744"},{"taxonomy":"product_tag","embeddable":true,"href":"https:\/\/www.huntersfriend.eu\/de\/wp-json\/wp\/v2\/product_tag?post=279744"}],"curies":[{"name":"wp","href":"https:\/\/api.w.org\/{rel}","templated":true}]}}