{"id":279743,"date":"2025-03-19T11:40:14","date_gmt":"2025-06-23T05:49:21","guid":{"rendered":"https:\/\/www.huntersfriend.eu\/product\/hawk-affenleiter-stufenring\/"},"modified":"2026-04-15T12:58:25","modified_gmt":"2026-04-15T10:58:25","slug":"hawk-affenleiter-stufenring","status":"publish","type":"product","link":"https:\/\/www.huntersfriend.eu\/de\/produkt\/hawk-affenleiter-stufenring\/","title":{"rendered":"Hawk Affenleiter &#8211; Stufenring"},"content":{"rendered":"<p class=\"\" data-start=\"0\" data-end=\"57\"><strong data-start=\"0\" data-end=\"57\">Stufenring \u2013 tragbare und langlebige Jagdplattform<\/strong><\/p>\n<p class=\"\" data-start=\"59\" data-end=\"350\">Der <strong data-start=\"63\" data-end=\"80\">Stufenring<\/strong> ist ein vielseitiges Produkt, das f\u00fcr die Satteljagd oder andere Plattformjagdmethoden konzipiert wurde und eine \u00e4u\u00dferst tragbare, sichere und zuverl\u00e4ssige M\u00f6glichkeit zum Erklettern von B\u00e4umen bietet. Ob Sie von einem Sattel oder anderen Plattformen aus jagen, diese Stufen bieten exzellenten Halt, Traktion und Komfort. <\/p>\n<p class=\"\" data-start=\"352\" data-end=\"371\"><strong data-start=\"352\" data-end=\"371\">Spezifikationen:<\/strong><\/p>\n<ul data-start=\"372\" data-end=\"753\">\n<li class=\"\" data-start=\"372\" data-end=\"425\">\n<p class=\"\" data-start=\"374\" data-end=\"425\"><strong data-start=\"374\" data-end=\"391\">Konstruktion:<\/strong> Aluminium, leicht und langlebig<\/p>\n<\/li>\n<li class=\"\" data-start=\"426\" data-end=\"457\">\n<p class=\"\" data-start=\"428\" data-end=\"457\"><strong data-start=\"428\" data-end=\"448\">Gewicht pro Stufe:<\/strong> 85 Gramm<\/p>\n<\/li>\n<li class=\"\" data-start=\"458\" data-end=\"500\">\n<p class=\"\" data-start=\"460\" data-end=\"500\"><strong data-start=\"460\" data-end=\"492\">Gewicht mit 4 Stufen &amp; Gurt:<\/strong> 726 Gramm<\/p>\n<\/li>\n<li class=\"\" data-start=\"501\" data-end=\"530\">\n<p class=\"\" data-start=\"503\" data-end=\"530\"><strong data-start=\"503\" data-end=\"520\">Gurtl\u00e4nge:<\/strong> 173 Zentimeter<\/p>\n<\/li>\n<li class=\"\" data-start=\"531\" data-end=\"559\">\n<p class=\"\" data-start=\"533\" data-end=\"559\"><strong data-start=\"533\" data-end=\"551\">Gewichtsklassifizierung:<\/strong> 136 Kilogramm<\/p>\n<\/li>\n<li class=\"\" data-start=\"560\" data-end=\"629\">\n<p class=\"\" data-start=\"562\" data-end=\"629\"><strong data-start=\"562\" data-end=\"572\">Gurt:<\/strong> 2,54 cm breiter Zugspanngurt mit Klemmschnalle f\u00fcr sichere Befestigung<\/p>\n<\/li>\n<li class=\"\" data-start=\"630\" data-end=\"697\">\n<p class=\"\" data-start=\"632\" data-end=\"697\"><strong data-start=\"632\" data-end=\"648\">Tragbarkeit:<\/strong> \u00c4u\u00dferst tragbar und kompakt f\u00fcr einfachen Transport<\/p>\n<\/li>\n<li class=\"\" data-start=\"698\" data-end=\"753\">\n<p class=\"\" data-start=\"700\" data-end=\"753\"><strong data-start=\"700\" data-end=\"709\">Griffigkeit:<\/strong> Robustes Profil f\u00fcr \u00fcberlegenen Halt und Traktion<\/p>\n<\/li>\n<\/ul>\n<p class=\"\" data-start=\"755\" data-end=\"1071\">Der <strong data-start=\"759\" data-end=\"776\">Stufenring<\/strong> ist die perfekte Wahl f\u00fcr die mobile Jagd und bietet eine kompakte und leichte L\u00f6sung ohne Kompromisse bei Stabilit\u00e4t oder Haltbarkeit. Sein robustes Design gew\u00e4hrleistet exzellenten Halt und erm\u00f6glicht sicheres und einfaches Klettern, was ihn ideal f\u00fcr jede Outdoor-Aktivit\u00e4t macht, bei der Tragbarkeit und Zuverl\u00e4ssigkeit von Bedeutung sind. <\/p>\n","protected":false},"excerpt":{"rendered":"<p>Stufenring \u2013 tragbare und langlebige Jagdplattform Der Stufenring ist ein vielseitiges Produkt, das f\u00fcr die Satteljagd oder andere Plattformjagdmethoden konzipiert wurde und eine \u00e4u\u00dferst tragbare, sichere und zuverl\u00e4ssige M\u00f6glichkeit zum Erklettern von B\u00e4umen bietet. Ob Sie von einem Sattel oder anderen Plattformen aus jagen, diese Stufen bieten exzellenten Halt, Traktion und Komfort. Spezifikationen: Konstruktion: Aluminium, [&#8230;]\n","protected":false},"featured_media":277935,"comment_status":"open","ping_status":"closed","template":"","meta":[],"product_brand":[],"product_cat":[1414,1171],"product_tag":[],"class_list":{"0":"post-279743","1":"product","2":"type-product","3":"status-publish","4":"has-post-thumbnail","6":"product_cat-baumleitern","7":"product_cat-sitz-und-schirm-zubehoer","9":"first","10":"instock","11":"taxable","12":"shipping-taxable","13":"purchasable","14":"product-type-simple"},"composite_virtual":false,"composite_layout":"","composite_add_to_cart_form_location":"","composite_editable_in_cart":false,"composite_sold_individually_context":"","composite_shop_price_calc":"","composite_components":[],"composite_scenarios":[],"group_of_quantity":0,"min_quantity":0,"max_quantity":"","exclude_order_quantity_value_rules":"no","exclude_category_quantity_rules":"no","combine_variations":"no","exclude_global_add_ons":[],"addons":[],"_links":{"self":[{"href":"https:\/\/www.huntersfriend.eu\/de\/wp-json\/wp\/v2\/product\/279743","targetHints":{"allow":["GET"]}}],"collection":[{"href":"https:\/\/www.huntersfriend.eu\/de\/wp-json\/wp\/v2\/product"}],"about":[{"href":"https:\/\/www.huntersfriend.eu\/de\/wp-json\/wp\/v2\/types\/product"}],"replies":[{"embeddable":true,"href":"https:\/\/www.huntersfriend.eu\/de\/wp-json\/wp\/v2\/comments?post=279743"}],"wp:featuredmedia":[{"embeddable":true,"href":"https:\/\/www.huntersfriend.eu\/de\/wp-json\/wp\/v2\/media\/277935"}],"wp:attachment":[{"href":"https:\/\/www.huntersfriend.eu\/de\/wp-json\/wp\/v2\/media?parent=279743"}],"wp:term":[{"taxonomy":"product_brand","embeddable":true,"href":"https:\/\/www.huntersfriend.eu\/de\/wp-json\/wp\/v2\/product_brand?post=279743"},{"taxonomy":"product_cat","embeddable":true,"href":"https:\/\/www.huntersfriend.eu\/de\/wp-json\/wp\/v2\/product_cat?post=279743"},{"taxonomy":"product_tag","embeddable":true,"href":"https:\/\/www.huntersfriend.eu\/de\/wp-json\/wp\/v2\/product_tag?post=279743"}],"curies":[{"name":"wp","href":"https:\/\/api.w.org\/{rel}","templated":true}]}}