{"id":279742,"date":"2025-03-19T17:27:12","date_gmt":"2025-06-23T05:49:18","guid":{"rendered":"https:\/\/www.huntersfriend.eu\/product\/nemo-fillo-elite-wide\/"},"modified":"2025-08-08T03:44:40","modified_gmt":"2025-08-08T01:44:40","slug":"nemo-fillo-elite-wide","status":"publish","type":"product","link":"https:\/\/www.huntersfriend.eu\/de\/produkt\/nemo-fillo-elite-wide\/","title":{"rendered":"NEMO fillo elite wide"},"content":{"rendered":"<p class=\"\" data-start=\"0\" data-end=\"70\"><strong data-start=\"0\" data-end=\"70\">NEMO fillo\u2122 elite wide \u2013 ultraleichtes und komfortables Campingkissen<\/strong><\/p>\n<p class=\"\" data-start=\"72\" data-end=\"382\">Das NEMO Fillo\u2122 Elite Wide ist konzipiert, um au\u00dfergew\u00f6hnlichen Komfort f\u00fcr Camper und Wanderer zu bieten, die leichtes und kompaktes Equipment sch\u00e4tzen. Diese breitere Version des preisgekr\u00f6nten Fillo-Kissens kombiniert ein leichtgewichtiges Design, kleine Packma\u00dfe und luxuri\u00f6sen Komfort, um selbst unter anspruchsvollen Bedingungen qualitativ hochwertigen Schlaf zu gew\u00e4hrleisten. <\/p>\n<p class=\"\" data-start=\"384\" data-end=\"413\"><strong data-start=\"384\" data-end=\"413\">Technische Spezifikationen:<\/strong><\/p>\n<ul data-start=\"414\" data-end=\"710\">\n<li class=\"\" data-start=\"414\" data-end=\"446\">\n<p class=\"\" data-start=\"416\" data-end=\"446\"><strong data-start=\"416\" data-end=\"431\">Abmessungen:<\/strong> 53 x 28 x 8 cm<\/p>\n<\/li>\n<li class=\"\" data-start=\"447\" data-end=\"466\">\n<p class=\"\" data-start=\"449\" data-end=\"466\"><strong data-start=\"449\" data-end=\"460\">Gewicht:<\/strong> 113 g<\/p>\n<\/li>\n<li class=\"\" data-start=\"467\" data-end=\"528\">\n<p class=\"\" data-start=\"469\" data-end=\"528\"><strong data-start=\"469\" data-end=\"485\">Packma\u00df:<\/strong> Ungef\u00e4hr die Gr\u00f6\u00dfe einer Getr\u00e4nkedose<\/p>\n<\/li>\n<li class=\"\" data-start=\"529\" data-end=\"710\">\n<p class=\"\" data-start=\"531\" data-end=\"544\"><strong data-start=\"531\" data-end=\"544\">Material:<\/strong><\/p>\n<ul data-start=\"547\" data-end=\"710\">\n<li class=\"\" data-start=\"547\" data-end=\"616\">\n<p class=\"\" data-start=\"549\" data-end=\"616\"><strong data-start=\"549\" data-end=\"559\">Bezug:<\/strong> Abnehmbarer und maschinenwaschbarer Stoff aus recyceltem Polyester<\/p>\n<\/li>\n<li class=\"\" data-start=\"619\" data-end=\"669\">\n<p class=\"\" data-start=\"621\" data-end=\"669\"><strong data-start=\"621\" data-end=\"633\">F\u00fcllung:<\/strong> 100% recycelte Zerofiber\u2122-Isolierung<\/p>\n<\/li>\n<li class=\"\" data-start=\"672\" data-end=\"710\">\n<p class=\"\" data-start=\"674\" data-end=\"710\"><strong data-start=\"674\" data-end=\"683\">Kern:<\/strong> I-Beam-strukturierte Luftzelle<\/p>\n<\/li>\n<\/ul>\n<\/li>\n<\/ul>\n<p class=\"\" data-start=\"712\" data-end=\"725\"><strong data-start=\"712\" data-end=\"725\">Eigenschaften:<\/strong><\/p>\n<ul data-start=\"726\" data-end=\"1395\">\n<li class=\"\" data-start=\"726\" data-end=\"909\">\n<p class=\"\" data-start=\"728\" data-end=\"909\"><strong data-start=\"728\" data-end=\"759\">I-Beam-strukturierte Luftzelle:<\/strong> Die 7,6 cm dicke Luftzelle st\u00fctzt den Kopf und verhindert den \u201eBallon-Effekt\u201c, wodurch die Form des Kissens die ganze Nacht \u00fcber erhalten bleibt.<\/p>\n<\/li>\n<li class=\"\" data-start=\"910\" data-end=\"1053\">\n<p class=\"\" data-start=\"912\" data-end=\"1053\"><strong data-start=\"912\" data-end=\"938\">Zerofiber\u2122-Isolierung:<\/strong> Hergestellt aus 100% recyceltem Isoliermaterial, bietet es ein weiches, komfortables Gef\u00fchl und sorgt gleichzeitig f\u00fcr W\u00e4rme und Behaglichkeit.<\/p>\n<\/li>\n<li class=\"\" data-start=\"1054\" data-end=\"1167\">\n<p class=\"\" data-start=\"1056\" data-end=\"1167\"><strong data-start=\"1056\" data-end=\"1073\">Breiteres Design:<\/strong> Bietet mehr Platz und Komfort f\u00fcr Campingbedingungen ohne signifikante Gewichtszunahme.<\/p>\n<\/li>\n<li class=\"\" data-start=\"1168\" data-end=\"1299\">\n<p class=\"\" data-start=\"1170\" data-end=\"1299\"><strong data-start=\"1170\" data-end=\"1190\">Kompakte Verpackung:<\/strong> Das Kissen l\u00e4sst sich mithilfe des integrierten Aufbewahrungsbeutels sehr klein zusammenpacken, was den Transport im Rucksack erleichtert.<\/p>\n<\/li>\n<li class=\"\" data-start=\"1300\" data-end=\"1395\">\n<p class=\"\" data-start=\"1302\" data-end=\"1395\"><strong data-start=\"1302\" data-end=\"1320\">Einfache Reinigung:<\/strong> Der abnehmbare, maschinenwaschbare Bezug h\u00e4lt das Kissen frisch und hygienisch.<\/p>\n<\/li>\n<\/ul>\n<p class=\"\" data-start=\"1397\" data-end=\"1610\">Das NEMO Fillo\u2122 Elite Wide kombiniert ein leichtgewichtiges Design, kleine Packma\u00dfe und exzellenten Komfort, was es zur perfekten Wahl f\u00fcr Wanderer und Camper macht, die keine Kompromisse bei der Schlafqualit\u00e4t im Freien eingehen m\u00f6chten.<\/p>\n","protected":false},"excerpt":{"rendered":"<p>NEMO fillo\u2122 elite wide \u2013 ultraleichtes und komfortables Campingkissen Das NEMO Fillo\u2122 Elite Wide ist konzipiert, um au\u00dfergew\u00f6hnlichen Komfort f\u00fcr Camper und Wanderer zu bieten, die leichtes und kompaktes Equipment sch\u00e4tzen. Diese breitere Version des preisgekr\u00f6nten Fillo-Kissens kombiniert ein leichtgewichtiges Design, kleine Packma\u00dfe und luxuri\u00f6sen Komfort, um selbst unter anspruchsvollen Bedingungen qualitativ hochwertigen Schlaf zu [&#8230;]\n","protected":false},"featured_media":277905,"comment_status":"open","ping_status":"closed","template":"","meta":[],"product_brand":[],"product_cat":[2068],"product_tag":[],"class_list":{"0":"post-279742","1":"product","2":"type-product","3":"status-publish","4":"has-post-thumbnail","6":"product_cat-campingliegen-und-matten","8":"first","9":"instock","10":"taxable","11":"shipping-taxable","12":"purchasable","13":"product-type-simple"},"composite_virtual":false,"composite_layout":"","composite_add_to_cart_form_location":"","composite_editable_in_cart":false,"composite_sold_individually_context":"","composite_shop_price_calc":"","composite_components":[],"composite_scenarios":[],"group_of_quantity":0,"min_quantity":0,"max_quantity":"","exclude_order_quantity_value_rules":"no","exclude_category_quantity_rules":"no","combine_variations":"no","exclude_global_add_ons":[],"addons":[],"_links":{"self":[{"href":"https:\/\/www.huntersfriend.eu\/de\/wp-json\/wp\/v2\/product\/279742","targetHints":{"allow":["GET"]}}],"collection":[{"href":"https:\/\/www.huntersfriend.eu\/de\/wp-json\/wp\/v2\/product"}],"about":[{"href":"https:\/\/www.huntersfriend.eu\/de\/wp-json\/wp\/v2\/types\/product"}],"replies":[{"embeddable":true,"href":"https:\/\/www.huntersfriend.eu\/de\/wp-json\/wp\/v2\/comments?post=279742"}],"wp:featuredmedia":[{"embeddable":true,"href":"https:\/\/www.huntersfriend.eu\/de\/wp-json\/wp\/v2\/media\/277905"}],"wp:attachment":[{"href":"https:\/\/www.huntersfriend.eu\/de\/wp-json\/wp\/v2\/media?parent=279742"}],"wp:term":[{"taxonomy":"product_brand","embeddable":true,"href":"https:\/\/www.huntersfriend.eu\/de\/wp-json\/wp\/v2\/product_brand?post=279742"},{"taxonomy":"product_cat","embeddable":true,"href":"https:\/\/www.huntersfriend.eu\/de\/wp-json\/wp\/v2\/product_cat?post=279742"},{"taxonomy":"product_tag","embeddable":true,"href":"https:\/\/www.huntersfriend.eu\/de\/wp-json\/wp\/v2\/product_tag?post=279742"}],"curies":[{"name":"wp","href":"https:\/\/api.w.org\/{rel}","templated":true}]}}