{"id":279741,"date":"2025-03-19T14:06:20","date_gmt":"2025-06-23T05:49:13","guid":{"rendered":"https:\/\/www.huntersfriend.eu\/product\/ameristep-3d-stofftarnung\/"},"modified":"2025-07-05T05:34:20","modified_gmt":"2025-07-05T03:34:20","slug":"ameristep-3d-stofftarnung","status":"publish","type":"product","link":"https:\/\/www.huntersfriend.eu\/de\/produkt\/ameristep-3d-stofftarnung\/","title":{"rendered":"Ameristep 3D Stofftarnung"},"content":{"rendered":"<p class=\"\" data-start=\"0\" data-end=\"99\"><strong data-start=\"0\" data-end=\"99\">Ameristep 3D Stofftarnung \u2013 Zus\u00e4tzliches Material f\u00fcr den Tarnblindenbau oder Tarnschutz<\/strong><\/p>\n<p class=\"\" data-start=\"101\" data-end=\"327\">Die <strong data-start=\"105\" data-end=\"134\">Ameristep 3D Stofftarnung<\/strong> ist ein ideales Material f\u00fcr die Konstruktion von Tarnblinden oder als eigenst\u00e4ndiger Tarnschutz. Mit ihrem 3D-Design ist der Stoff robust und feuchtigkeitsbest\u00e4ndig, was ihn f\u00fcr den Au\u00dfeneinsatz geeignet macht. <\/p>\n<p class=\"\" data-start=\"329\" data-end=\"348\"><strong data-start=\"329\" data-end=\"348\">Spezifikationen:<\/strong><\/p>\n<ul data-start=\"349\" data-end=\"508\">\n<li class=\"\" data-start=\"349\" data-end=\"378\">\n<p class=\"\" data-start=\"351\" data-end=\"378\"><strong data-start=\"351\" data-end=\"360\">Gr\u00f6\u00dfe:<\/strong> 365 cm x 152 cm<\/p>\n<\/li>\n<li class=\"\" data-start=\"379\" data-end=\"427\">\n<p class=\"\" data-start=\"381\" data-end=\"427\"><strong data-start=\"381\" data-end=\"394\">Material:<\/strong> Konzipiert f\u00fcr Feuchtigkeitsresistenz<\/p>\n<\/li>\n<li class=\"\" data-start=\"428\" data-end=\"508\">\n<p class=\"\" data-start=\"430\" data-end=\"508\"><strong data-start=\"430\" data-end=\"440\">Verwendung:<\/strong> Kann f\u00fcr den Bau von Tarnblinden oder als eigenst\u00e4ndige Tarnabdeckung verwendet werden<\/p>\n<\/li>\n<\/ul>\n<p class=\"\" data-start=\"510\" data-end=\"640\">Dieses vielseitige Material bietet sowohl Haltbarkeit als auch Funktionalit\u00e4t und stellt somit eine hervorragende Erg\u00e4nzung f\u00fcr jede Jagd- oder Outdoor-Ausr\u00fcstung dar.<\/p>\n","protected":false},"excerpt":{"rendered":"<p>Ameristep 3D Stofftarnung \u2013 Zus\u00e4tzliches Material f\u00fcr den Tarnblindenbau oder Tarnschutz Die Ameristep 3D Stofftarnung ist ein ideales Material f\u00fcr die Konstruktion von Tarnblinden oder als eigenst\u00e4ndiger Tarnschutz. Mit ihrem 3D-Design ist der Stoff robust und feuchtigkeitsbest\u00e4ndig, was ihn f\u00fcr den Au\u00dfeneinsatz geeignet macht. Spezifikationen: Gr\u00f6\u00dfe: 365 cm x 152 cm Material: Konzipiert f\u00fcr Feuchtigkeitsresistenz [&#8230;]\n","protected":false},"featured_media":277932,"comment_status":"open","ping_status":"closed","template":"","meta":[],"product_brand":[],"product_cat":[1169,1171],"product_tag":[],"class_list":{"0":"post-279741","1":"product","2":"type-product","3":"status-publish","4":"has-post-thumbnail","6":"product_cat-schirm","7":"product_cat-sitz-und-schirm-zubehoer","9":"first","10":"instock","11":"taxable","12":"shipping-taxable","13":"purchasable","14":"product-type-simple"},"composite_virtual":false,"composite_layout":"","composite_add_to_cart_form_location":"","composite_editable_in_cart":false,"composite_sold_individually_context":"","composite_shop_price_calc":"","composite_components":[],"composite_scenarios":[],"group_of_quantity":0,"min_quantity":0,"max_quantity":"","exclude_order_quantity_value_rules":"no","exclude_category_quantity_rules":"no","combine_variations":"no","exclude_global_add_ons":[],"addons":[],"_links":{"self":[{"href":"https:\/\/www.huntersfriend.eu\/de\/wp-json\/wp\/v2\/product\/279741","targetHints":{"allow":["GET"]}}],"collection":[{"href":"https:\/\/www.huntersfriend.eu\/de\/wp-json\/wp\/v2\/product"}],"about":[{"href":"https:\/\/www.huntersfriend.eu\/de\/wp-json\/wp\/v2\/types\/product"}],"replies":[{"embeddable":true,"href":"https:\/\/www.huntersfriend.eu\/de\/wp-json\/wp\/v2\/comments?post=279741"}],"wp:featuredmedia":[{"embeddable":true,"href":"https:\/\/www.huntersfriend.eu\/de\/wp-json\/wp\/v2\/media\/277932"}],"wp:attachment":[{"href":"https:\/\/www.huntersfriend.eu\/de\/wp-json\/wp\/v2\/media?parent=279741"}],"wp:term":[{"taxonomy":"product_brand","embeddable":true,"href":"https:\/\/www.huntersfriend.eu\/de\/wp-json\/wp\/v2\/product_brand?post=279741"},{"taxonomy":"product_cat","embeddable":true,"href":"https:\/\/www.huntersfriend.eu\/de\/wp-json\/wp\/v2\/product_cat?post=279741"},{"taxonomy":"product_tag","embeddable":true,"href":"https:\/\/www.huntersfriend.eu\/de\/wp-json\/wp\/v2\/product_tag?post=279741"}],"curies":[{"name":"wp","href":"https:\/\/api.w.org\/{rel}","templated":true}]}}