{"id":279740,"date":"2025-03-19T17:27:13","date_gmt":"2025-06-23T05:49:04","guid":{"rendered":"https:\/\/www.huntersfriend.eu\/product\/nemo-forte-mens-20-regular-endless-promise\/"},"modified":"2025-06-23T07:49:04","modified_gmt":"2025-06-23T05:49:04","slug":"nemo-forte-mens-20-regular-endless-promise","status":"publish","type":"product","link":"https:\/\/www.huntersfriend.eu\/de\/produkt\/nemo-forte-mens-20-regular-endless-promise\/","title":{"rendered":"NEMO forte mens 20 regular endless Promise"},"content":{"rendered":"<p class=\"\" data-start=\"0\" data-end=\"437\">Der <strong data-start=\"4\" data-end=\"51\">NEMO Forte Men&#8217;s 20 Regular Endless Promise<\/strong> ist ein vielseitiger und umweltfreundlicher Drei-Jahreszeiten-Schlafsack f\u00fcr Herren, der optimalen Komfort und hervorragende Isolierung bei k\u00fchleren Bedingungen bietet. Seine ergonomische Spoon\u2122-Form bietet mehr Raum f\u00fcr Schultern und H\u00fcften, was ihn zur idealen Wahl f\u00fcr Seitenschl\u00e4fer macht. Die zertifizierte Endless Promise Konstruktion gew\u00e4hrleistet die Langlebigkeit und Recycelbarkeit des Schlafsacks am Ende seines Lebenszyklus.  <\/p>\n<p class=\"\" data-start=\"439\" data-end=\"468\"><strong data-start=\"439\" data-end=\"468\">Technische Spezifikationen:<\/strong><\/p>\n<ul data-start=\"469\" data-end=\"1228\">\n<li class=\"\" data-start=\"469\" data-end=\"514\">\n<p class=\"\" data-start=\"471\" data-end=\"514\"><strong data-start=\"471\" data-end=\"494\">Temperaturbereich:<\/strong> Komfort 20\u00b0F (-7\u00b0C)<\/p>\n<\/li>\n<li class=\"\" data-start=\"515\" data-end=\"628\">\n<p class=\"\" data-start=\"517\" data-end=\"628\"><strong data-start=\"517\" data-end=\"532\">Isolierung:<\/strong> 100% recycelte PrimaLoft\u00ae RISE Synthetikisolierung, leicht und effektiv bei nassen Bedingungen<\/p>\n<\/li>\n<li class=\"\" data-start=\"629\" data-end=\"704\">\n<p class=\"\" data-start=\"631\" data-end=\"704\"><strong data-start=\"631\" data-end=\"650\">Au\u00dfenmaterial:<\/strong> 100% recyceltes Ripstop-Nylon, langlebig und umweltfreundlich<\/p>\n<\/li>\n<li class=\"\" data-start=\"705\" data-end=\"765\">\n<p class=\"\" data-start=\"707\" data-end=\"765\"><strong data-start=\"707\" data-end=\"726\">Innenmaterial:<\/strong> Weicher und atmungsaktiver recycelter Polyester<\/p>\n<\/li>\n<li class=\"\" data-start=\"766\" data-end=\"800\">\n<p class=\"\" data-start=\"768\" data-end=\"800\"><strong data-start=\"768\" data-end=\"779\">Gewicht:<\/strong> Circa 1,4 kg<\/p>\n<\/li>\n<li class=\"\" data-start=\"801\" data-end=\"847\">\n<p class=\"\" data-start=\"803\" data-end=\"847\"><strong data-start=\"803\" data-end=\"818\">Abmessungen:<\/strong> Geeignet f\u00fcr Benutzer bis zu 183 cm K\u00f6rpergr\u00f6\u00dfe<\/p>\n<\/li>\n<li class=\"\" data-start=\"848\" data-end=\"891\">\n<p class=\"\" data-start=\"850\" data-end=\"891\"><strong data-start=\"850\" data-end=\"866\">Packma\u00df:<\/strong> Kompakt und leicht zu verpacken<\/p>\n<\/li>\n<li class=\"\" data-start=\"892\" data-end=\"987\">\n<p class=\"\" data-start=\"894\" data-end=\"987\"><strong data-start=\"894\" data-end=\"905\">Rei\u00dfverschluss:<\/strong> Zweiweg-Rei\u00dfverschluss mit Thermo Gills\u2122-Bel\u00fcftungskan\u00e4len zur Temperaturregulierung<\/p>\n<\/li>\n<li class=\"\" data-start=\"988\" data-end=\"1075\">\n<p class=\"\" data-start=\"990\" data-end=\"1075\"><strong data-start=\"990\" data-end=\"1002\">Komfort:<\/strong> Integrierte Kopfkissenh\u00fclle und Spoon\u2122-Form f\u00fcr eine verbesserte Schlafposition<\/p>\n<\/li>\n<li class=\"\" data-start=\"1076\" data-end=\"1228\">\n<p class=\"\" data-start=\"1078\" data-end=\"1228\"><strong data-start=\"1078\" data-end=\"1111\">Umweltverantwortung:<\/strong> Endless Promise zertifiziertes Kreislaufwirtschaftsprodukt, konzipiert f\u00fcr Langlebigkeit und Recycelbarkeit am Ende seiner Nutzungsdauer<\/p>\n<\/li>\n<\/ul>\n<p class=\"\" data-start=\"1230\" data-end=\"1418\">Der <strong data-start=\"1234\" data-end=\"1281\">NEMO Forte Men&#8217;s 20 Regular Endless Promise<\/strong> ist die perfekte Wahl f\u00fcr Wanderer, die einen leichten, komfortablen und umweltfreundlichen Schlafsack f\u00fcr k\u00fchlere Bedingungen suchen.<\/p>\n","protected":false},"excerpt":{"rendered":"<p>Der NEMO Forte Men&#8217;s 20 Regular Endless Promise ist ein vielseitiger und umweltfreundlicher Drei-Jahreszeiten-Schlafsack f\u00fcr Herren, der optimalen Komfort und hervorragende Isolierung bei k\u00fchleren Bedingungen bietet. Seine ergonomische Spoon\u2122-Form bietet mehr Raum f\u00fcr Schultern und H\u00fcften, was ihn zur idealen Wahl f\u00fcr Seitenschl\u00e4fer macht. Die zertifizierte Endless Promise Konstruktion gew\u00e4hrleistet die Langlebigkeit und Recycelbarkeit des [&#8230;]\n","protected":false},"featured_media":277763,"comment_status":"open","ping_status":"closed","template":"","meta":[],"product_brand":[],"product_cat":[2049],"product_tag":[],"class_list":{"0":"post-279740","1":"product","2":"type-product","3":"status-publish","4":"has-post-thumbnail","6":"product_cat-schlafsacke","8":"first","9":"instock","10":"taxable","11":"shipping-taxable","12":"purchasable","13":"product-type-simple"},"composite_virtual":false,"composite_layout":"","composite_add_to_cart_form_location":"","composite_editable_in_cart":false,"composite_sold_individually_context":"","composite_shop_price_calc":"","composite_components":[],"composite_scenarios":[],"group_of_quantity":0,"min_quantity":0,"max_quantity":"","exclude_order_quantity_value_rules":"no","exclude_category_quantity_rules":"no","combine_variations":"no","exclude_global_add_ons":[],"addons":[],"_links":{"self":[{"href":"https:\/\/www.huntersfriend.eu\/de\/wp-json\/wp\/v2\/product\/279740","targetHints":{"allow":["GET"]}}],"collection":[{"href":"https:\/\/www.huntersfriend.eu\/de\/wp-json\/wp\/v2\/product"}],"about":[{"href":"https:\/\/www.huntersfriend.eu\/de\/wp-json\/wp\/v2\/types\/product"}],"replies":[{"embeddable":true,"href":"https:\/\/www.huntersfriend.eu\/de\/wp-json\/wp\/v2\/comments?post=279740"}],"wp:featuredmedia":[{"embeddable":true,"href":"https:\/\/www.huntersfriend.eu\/de\/wp-json\/wp\/v2\/media\/277763"}],"wp:attachment":[{"href":"https:\/\/www.huntersfriend.eu\/de\/wp-json\/wp\/v2\/media?parent=279740"}],"wp:term":[{"taxonomy":"product_brand","embeddable":true,"href":"https:\/\/www.huntersfriend.eu\/de\/wp-json\/wp\/v2\/product_brand?post=279740"},{"taxonomy":"product_cat","embeddable":true,"href":"https:\/\/www.huntersfriend.eu\/de\/wp-json\/wp\/v2\/product_cat?post=279740"},{"taxonomy":"product_tag","embeddable":true,"href":"https:\/\/www.huntersfriend.eu\/de\/wp-json\/wp\/v2\/product_tag?post=279740"}],"curies":[{"name":"wp","href":"https:\/\/api.w.org\/{rel}","templated":true}]}}