{"id":279739,"date":"2025-03-19T17:27:12","date_gmt":"2025-06-23T05:49:01","guid":{"rendered":"https:\/\/www.huntersfriend.eu\/product\/nemo-helio-lx-druckdusche\/"},"modified":"2025-06-23T07:49:01","modified_gmt":"2025-06-23T05:49:01","slug":"nemo-helio-lx-druckdusche","status":"publish","type":"product","link":"https:\/\/www.huntersfriend.eu\/de\/produkt\/nemo-helio-lx-druckdusche\/","title":{"rendered":"NEMO helio LX Druckdusche"},"content":{"rendered":"<p class=\"\" data-start=\"0\" data-end=\"74\"><strong data-start=\"0\" data-end=\"74\">NEMO helio\u2122 LX Druckdusche \u2013 effiziente und tragbare Au\u00dfendusche<\/strong><\/p>\n<p class=\"\" data-start=\"76\" data-end=\"361\">Die NEMO Helio\u2122 LX Druckdusche bietet eine bequeme und effiziente L\u00f6sung f\u00fcr Outdoor-Aktivit\u00e4ten und erm\u00f6glicht Ihnen ein komfortables Duscherlebnis an jedem Ort. Ihr Drucksystem und die gro\u00dfe Kapazit\u00e4t machen sie zu einer exzellenten Wahl f\u00fcr Camping, Wandern und andere Outdoor-Abenteuer. <\/p>\n<p class=\"\" data-start=\"363\" data-end=\"392\"><strong data-start=\"363\" data-end=\"392\">Technische Spezifikationen:<\/strong><\/p>\n<ul data-start=\"393\" data-end=\"646\">\n<li class=\"\" data-start=\"393\" data-end=\"418\">\n<p class=\"\" data-start=\"395\" data-end=\"418\"><strong data-start=\"395\" data-end=\"408\">Fassungsverm\u00f6gen:<\/strong> 22 Liter<\/p>\n<\/li>\n<li class=\"\" data-start=\"419\" data-end=\"454\">\n<p class=\"\" data-start=\"421\" data-end=\"454\"><strong data-start=\"421\" data-end=\"432\">Gewicht:<\/strong> Circa 1,04 kg<\/p>\n<\/li>\n<li class=\"\" data-start=\"455\" data-end=\"506\">\n<p class=\"\" data-start=\"457\" data-end=\"506\"><strong data-start=\"457\" data-end=\"481\">Abmessungen (in Gebrauch):<\/strong> Circa 25 x 58 cm<\/p>\n<\/li>\n<li class=\"\" data-start=\"507\" data-end=\"550\">\n<p class=\"\" data-start=\"509\" data-end=\"550\"><strong data-start=\"509\" data-end=\"525\">Packma\u00df:<\/strong> Circa 16 x 26 cm<\/p>\n<\/li>\n<li class=\"\" data-start=\"551\" data-end=\"580\">\n<p class=\"\" data-start=\"553\" data-end=\"580\"><strong data-start=\"553\" data-end=\"569\">Schlauchl\u00e4nge:<\/strong> 2,1 Meter<\/p>\n<\/li>\n<li class=\"\" data-start=\"581\" data-end=\"646\">\n<p class=\"\" data-start=\"583\" data-end=\"646\"><strong data-start=\"583\" data-end=\"596\">Material:<\/strong> Polyurethan-beschichtetes Polyester, TPU, Neopren-Schlauch<\/p>\n<\/li>\n<\/ul>\n<p class=\"\" data-start=\"648\" data-end=\"661\"><strong data-start=\"648\" data-end=\"661\">Eigenschaften:<\/strong><\/p>\n<ul data-start=\"662\" data-end=\"1478\">\n<li class=\"\" data-start=\"662\" data-end=\"807\">\n<p class=\"\" data-start=\"664\" data-end=\"807\"><strong data-start=\"664\" data-end=\"694\">Druckduschsystem:<\/strong> Die benutzerfreundliche Fu\u00dfpumpe gew\u00e4hrleistet einen kontinuierlichen und gleichm\u00e4\u00dfigen Wasserdruck ohne die Notwendigkeit, den Beh\u00e4lter aufzuh\u00e4ngen.<\/p>\n<\/li>\n<li class=\"\" data-start=\"808\" data-end=\"937\">\n<p class=\"\" data-start=\"810\" data-end=\"937\"><strong data-start=\"810\" data-end=\"829\">Gro\u00dfe Kapazit\u00e4t:<\/strong> Der 22-Liter-Tank erm\u00f6glicht 7-10 Minuten kontinuierliches Duschen, ausreichend f\u00fcr mehrfache Nutzung bei einmaliger Bef\u00fcllung.<\/p>\n<\/li>\n<li class=\"\" data-start=\"938\" data-end=\"1109\">\n<p class=\"\" data-start=\"940\" data-end=\"1109\"><strong data-start=\"940\" data-end=\"970\">Langer Schlauch und Duschkopf:<\/strong> Der 2,1 Meter lange Neopren-Schlauch mit Duschkopf erm\u00f6glicht es Ihnen, die Dusche \u00fcber Ihrem Kopf zu positionieren oder zur Reinigung von Ausr\u00fcstung am Boden zu verwenden.<\/p>\n<\/li>\n<li class=\"\" data-start=\"1110\" data-end=\"1303\">\n<p class=\"\" data-start=\"1112\" data-end=\"1303\"><strong data-start=\"1112\" data-end=\"1137\">Einfache Bef\u00fcllung und Anwendung:<\/strong> Der gro\u00dfe Schraubverschluss erleichtert die Bef\u00fcllung ohne die Notwendigkeit eines Schlauchs. Der Tank kann in der Sonne platziert werden, um das Wasser zu erw\u00e4rmen, oder direkt mit warmem Wasser bef\u00fcllt werden. <\/p>\n<\/li>\n<li class=\"\" data-start=\"1304\" data-end=\"1478\">\n<p class=\"\" data-start=\"1306\" data-end=\"1478\"><strong data-start=\"1306\" data-end=\"1331\">Kompakt und tragbar:<\/strong> Die Dusche l\u00e4sst sich in eine kleine, bel\u00fcftete Tragetasche packen, die den Tank, Schlauch, Duschkopf und die Pumpe enth\u00e4lt, was den Transport und die Aufbewahrung erleichtert.<\/p>\n<\/li>\n<\/ul>\n<p class=\"\" data-start=\"1480\" data-end=\"1717\">Die NEMO Helio\u2122 LX Druckdusche vereint Praktikabilit\u00e4t und Leistung und bietet eine zuverl\u00e4ssige Duschl\u00f6sung f\u00fcr Outdoor-Aktivit\u00e4ten. Ihre robuste Konstruktion und benutzerfreundlichen Funktionen machen sie zu einer exzellenten Erg\u00e4nzung jeder Campingausr\u00fcstung. <\/p>\n","protected":false},"excerpt":{"rendered":"<p>NEMO helio\u2122 LX Druckdusche \u2013 effiziente und tragbare Au\u00dfendusche Die NEMO Helio\u2122 LX Druckdusche bietet eine bequeme und effiziente L\u00f6sung f\u00fcr Outdoor-Aktivit\u00e4ten und erm\u00f6glicht Ihnen ein komfortables Duscherlebnis an jedem Ort. Ihr Drucksystem und die gro\u00dfe Kapazit\u00e4t machen sie zu einer exzellenten Wahl f\u00fcr Camping, Wandern und andere Outdoor-Abenteuer. Technische Spezifikationen: Fassungsverm\u00f6gen: 22 Liter Gewicht: [&#8230;]\n","protected":false},"featured_media":277852,"comment_status":"open","ping_status":"closed","template":"","meta":[],"product_brand":[],"product_cat":[2050],"product_tag":[],"class_list":{"0":"post-279739","1":"product","2":"type-product","3":"status-publish","4":"has-post-thumbnail","6":"product_cat-campingzubehor","8":"first","9":"instock","10":"taxable","11":"shipping-taxable","12":"purchasable","13":"product-type-simple"},"composite_virtual":false,"composite_layout":"","composite_add_to_cart_form_location":"","composite_editable_in_cart":false,"composite_sold_individually_context":"","composite_shop_price_calc":"","composite_components":[],"composite_scenarios":[],"group_of_quantity":0,"min_quantity":0,"max_quantity":"","exclude_order_quantity_value_rules":"no","exclude_category_quantity_rules":"no","combine_variations":"no","exclude_global_add_ons":[],"addons":[],"_links":{"self":[{"href":"https:\/\/www.huntersfriend.eu\/de\/wp-json\/wp\/v2\/product\/279739","targetHints":{"allow":["GET"]}}],"collection":[{"href":"https:\/\/www.huntersfriend.eu\/de\/wp-json\/wp\/v2\/product"}],"about":[{"href":"https:\/\/www.huntersfriend.eu\/de\/wp-json\/wp\/v2\/types\/product"}],"replies":[{"embeddable":true,"href":"https:\/\/www.huntersfriend.eu\/de\/wp-json\/wp\/v2\/comments?post=279739"}],"wp:featuredmedia":[{"embeddable":true,"href":"https:\/\/www.huntersfriend.eu\/de\/wp-json\/wp\/v2\/media\/277852"}],"wp:attachment":[{"href":"https:\/\/www.huntersfriend.eu\/de\/wp-json\/wp\/v2\/media?parent=279739"}],"wp:term":[{"taxonomy":"product_brand","embeddable":true,"href":"https:\/\/www.huntersfriend.eu\/de\/wp-json\/wp\/v2\/product_brand?post=279739"},{"taxonomy":"product_cat","embeddable":true,"href":"https:\/\/www.huntersfriend.eu\/de\/wp-json\/wp\/v2\/product_cat?post=279739"},{"taxonomy":"product_tag","embeddable":true,"href":"https:\/\/www.huntersfriend.eu\/de\/wp-json\/wp\/v2\/product_tag?post=279739"}],"curies":[{"name":"wp","href":"https:\/\/api.w.org\/{rel}","templated":true}]}}