{"id":279738,"date":"2025-03-19T17:27:12","date_gmt":"2025-06-23T05:48:59","guid":{"rendered":"https:\/\/www.huntersfriend.eu\/product\/nemo-fillo-campingkissen-breit\/"},"modified":"2025-07-18T05:20:10","modified_gmt":"2025-07-18T03:20:10","slug":"nemo-fillo-campingkissen-breit","status":"publish","type":"product","link":"https:\/\/www.huntersfriend.eu\/de\/produkt\/nemo-fillo-campingkissen-breit\/","title":{"rendered":"NEMO fillo Campingkissen, breit"},"content":{"rendered":"<p class=\"\" data-start=\"0\" data-end=\"42\"><strong data-start=\"0\" data-end=\"42\">NEMO fillo\u2122 wide \u2013 Komfort f\u00fcr Camping<\/strong><\/p>\n<p class=\"\" data-start=\"44\" data-end=\"371\">Das NEMO Fillo\u2122 Wide ist konzipiert, um luxuri\u00f6sen Komfort und Unterst\u00fctzung f\u00fcr Camper und Rucksacktouristen zu bieten, die eine erholsame Nachtruhe in der freien Natur sch\u00e4tzen. Diese breitere Version des beliebten Fillo-Kissens kombiniert eine luftgef\u00fcllte Struktur mit einem luxuri\u00f6sen Schaumstoffkern und bietet somit ein exzellentes Schlaferlebnis in jeder Umgebung. <\/p>\n<p class=\"\" data-start=\"373\" data-end=\"402\"><strong data-start=\"373\" data-end=\"402\">Technische Spezifikationen:<\/strong><\/p>\n<ul data-start=\"403\" data-end=\"624\">\n<li class=\"\" data-start=\"403\" data-end=\"436\">\n<p class=\"\" data-start=\"405\" data-end=\"436\"><strong data-start=\"405\" data-end=\"420\">Abmessungen:<\/strong> 51 x 29 x 10 cm<\/p>\n<\/li>\n<li class=\"\" data-start=\"437\" data-end=\"459\">\n<p class=\"\" data-start=\"439\" data-end=\"459\"><strong data-start=\"439\" data-end=\"453\">Dicke:<\/strong> 10 cm<\/p>\n<\/li>\n<li class=\"\" data-start=\"460\" data-end=\"493\">\n<p class=\"\" data-start=\"462\" data-end=\"493\"><strong data-start=\"462\" data-end=\"473\">Gewicht:<\/strong> Circa 340 g<\/p>\n<\/li>\n<li class=\"\" data-start=\"494\" data-end=\"523\">\n<p class=\"\" data-start=\"496\" data-end=\"523\"><strong data-start=\"496\" data-end=\"512\">Packma\u00df:<\/strong> 19 x 10 cm<\/p>\n<\/li>\n<li class=\"\" data-start=\"524\" data-end=\"561\">\n<p class=\"\" data-start=\"526\" data-end=\"561\"><strong data-start=\"526\" data-end=\"539\">Material:<\/strong> Weicher Polyester-Jersey<\/p>\n<\/li>\n<li class=\"\" data-start=\"562\" data-end=\"599\">\n<p class=\"\" data-start=\"564\" data-end=\"599\"><strong data-start=\"564\" data-end=\"576\">F\u00fcllung:<\/strong> Luft und luxuri\u00f6ser Schaumstoff<\/p>\n<\/li>\n<li class=\"\" data-start=\"600\" data-end=\"624\">\n<p class=\"\" data-start=\"602\" data-end=\"624\"><strong data-start=\"602\" data-end=\"612\">Farbe:<\/strong> Perlenschwarz<\/p>\n<\/li>\n<\/ul>\n<p class=\"\" data-start=\"626\" data-end=\"639\"><strong data-start=\"626\" data-end=\"639\">Eigenschaften:<\/strong><\/p>\n<ul data-start=\"640\" data-end=\"1444\">\n<li class=\"\" data-start=\"640\" data-end=\"794\">\n<p class=\"\" data-start=\"642\" data-end=\"794\"><strong data-start=\"642\" data-end=\"670\">Luftgef\u00fcllte Konstruktion:<\/strong> Die interne, gekammerte Luftzellenstruktur hilft dem Kissen, seine Form zu bewahren und bietet gleichm\u00e4\u00dfige Unterst\u00fctzung w\u00e4hrend der gesamten Nacht.<\/p>\n<\/li>\n<li class=\"\" data-start=\"795\" data-end=\"898\">\n<p class=\"\" data-start=\"797\" data-end=\"898\"><strong data-start=\"797\" data-end=\"827\">Luxuri\u00f6se Schaumstoffpolsterung:<\/strong> Eine dicke Schaumstoffschicht erh\u00f6ht den Komfort und verleiht dem Kissen ein heimisches Gef\u00fchl.<\/p>\n<\/li>\n<li class=\"\" data-start=\"899\" data-end=\"1078\">\n<p class=\"\" data-start=\"901\" data-end=\"1078\"><strong data-start=\"901\" data-end=\"934\">Einfaches Aufblasen und Ablassen:<\/strong> Das Ventil des Kissens erm\u00f6glicht ein schnelles Aufblasen mit nur wenigen Atemz\u00fcgen sowie eine pr\u00e4zise Anpassung des Luftdrucks nach pers\u00f6nlichen Pr\u00e4ferenzen.<\/p>\n<\/li>\n<li class=\"\" data-start=\"1079\" data-end=\"1210\">\n<p class=\"\" data-start=\"1081\" data-end=\"1210\"><strong data-start=\"1081\" data-end=\"1101\">Kompaktes Packen:<\/strong> Der integrierte interne Aufbewahrungsbeutel erm\u00f6glicht ein kleines Packma\u00df, was den Transport und die Lagerung erleichtert.<\/p>\n<\/li>\n<li class=\"\" data-start=\"1211\" data-end=\"1327\">\n<p class=\"\" data-start=\"1213\" data-end=\"1327\"><strong data-start=\"1213\" data-end=\"1240\">Weicher und langlebiger Bezug:<\/strong> Der Polyester-Jersey-Stoff f\u00fchlt sich sanft auf der Haut an und h\u00e4lt aktivem Gebrauch stand.<\/p>\n<\/li>\n<li class=\"\" data-start=\"1328\" data-end=\"1444\">\n<p class=\"\" data-start=\"1330\" data-end=\"1444\"><strong data-start=\"1330\" data-end=\"1348\">Vielseitige Verwendung:<\/strong> Ideal f\u00fcr Camping, Wandern, Roadtrips und andere Outdoor-Aktivit\u00e4ten, bei denen Komfort essenziell ist.<\/p>\n<\/li>\n<\/ul>\n<p class=\"\" data-start=\"1446\" data-end=\"1678\">Das NEMO Fillo\u2122 Wide kombiniert innovatives Design und hochwertige Materialien und bietet damit exzellenten Komfort und Unterst\u00fctzung f\u00fcr Naturliebhaber. Sein leichtes und kompaktes Design macht es zu einer perfekten Erg\u00e4nzung jeder Campingausr\u00fcstung. <\/p>\n","protected":false},"excerpt":{"rendered":"<p>NEMO fillo\u2122 wide \u2013 Komfort f\u00fcr Camping Das NEMO Fillo\u2122 Wide ist konzipiert, um luxuri\u00f6sen Komfort und Unterst\u00fctzung f\u00fcr Camper und Rucksacktouristen zu bieten, die eine erholsame Nachtruhe in der freien Natur sch\u00e4tzen. Diese breitere Version des beliebten Fillo-Kissens kombiniert eine luftgef\u00fcllte Struktur mit einem luxuri\u00f6sen Schaumstoffkern und bietet somit ein exzellentes Schlaferlebnis in jeder [&#8230;]\n","protected":false},"featured_media":277870,"comment_status":"open","ping_status":"closed","template":"","meta":[],"product_brand":[],"product_cat":[2068],"product_tag":[],"class_list":{"0":"post-279738","1":"product","2":"type-product","3":"status-publish","4":"has-post-thumbnail","6":"product_cat-campingliegen-und-matten","8":"first","9":"instock","10":"taxable","11":"shipping-taxable","12":"purchasable","13":"product-type-simple"},"composite_virtual":false,"composite_layout":"","composite_add_to_cart_form_location":"","composite_editable_in_cart":false,"composite_sold_individually_context":"","composite_shop_price_calc":"","composite_components":[],"composite_scenarios":[],"group_of_quantity":0,"min_quantity":0,"max_quantity":"","exclude_order_quantity_value_rules":"no","exclude_category_quantity_rules":"no","combine_variations":"no","exclude_global_add_ons":[],"addons":[],"_links":{"self":[{"href":"https:\/\/www.huntersfriend.eu\/de\/wp-json\/wp\/v2\/product\/279738","targetHints":{"allow":["GET"]}}],"collection":[{"href":"https:\/\/www.huntersfriend.eu\/de\/wp-json\/wp\/v2\/product"}],"about":[{"href":"https:\/\/www.huntersfriend.eu\/de\/wp-json\/wp\/v2\/types\/product"}],"replies":[{"embeddable":true,"href":"https:\/\/www.huntersfriend.eu\/de\/wp-json\/wp\/v2\/comments?post=279738"}],"wp:featuredmedia":[{"embeddable":true,"href":"https:\/\/www.huntersfriend.eu\/de\/wp-json\/wp\/v2\/media\/277870"}],"wp:attachment":[{"href":"https:\/\/www.huntersfriend.eu\/de\/wp-json\/wp\/v2\/media?parent=279738"}],"wp:term":[{"taxonomy":"product_brand","embeddable":true,"href":"https:\/\/www.huntersfriend.eu\/de\/wp-json\/wp\/v2\/product_brand?post=279738"},{"taxonomy":"product_cat","embeddable":true,"href":"https:\/\/www.huntersfriend.eu\/de\/wp-json\/wp\/v2\/product_cat?post=279738"},{"taxonomy":"product_tag","embeddable":true,"href":"https:\/\/www.huntersfriend.eu\/de\/wp-json\/wp\/v2\/product_tag?post=279738"}],"curies":[{"name":"wp","href":"https:\/\/api.w.org\/{rel}","templated":true}]}}