{"id":279737,"date":"2025-03-19T17:27:13","date_gmt":"2025-06-23T05:48:55","guid":{"rendered":"https:\/\/www.huntersfriend.eu\/product\/nemo-disco-damen-15-regular-endless-promise\/"},"modified":"2025-06-23T07:48:55","modified_gmt":"2025-06-23T05:48:55","slug":"nemo-disco-damen-15-regular-endless-promise","status":"publish","type":"product","link":"https:\/\/www.huntersfriend.eu\/de\/produkt\/nemo-disco-damen-15-regular-endless-promise\/","title":{"rendered":"NEMO Disco Damen 15 Regular Endless Promise"},"content":{"rendered":"<p class=\"\" data-start=\"0\" data-end=\"466\">Der <strong data-start=\"4\" data-end=\"53\">NEMO Disco Damen 15 Regular Endless Promise<\/strong> ist ein hochwertiger Drei-Jahreszeiten-Schlafsack, der speziell f\u00fcr Frauen konzipiert wurde. Er bietet hervorragende Isolierung und Komfort, insbesondere f\u00fcr Seitenschl\u00e4fer. Die Spoon\u2122-Form bietet mehr Raum f\u00fcr Schultern und H\u00fcften und erm\u00f6glicht eine nat\u00fcrlichere Schlafposition. Die Endless Promise-zertifizierte Konstruktion gew\u00e4hrleistet, dass der Schlafsack auf Langlebigkeit ausgelegt und am Ende seines Lebenszyklus vollst\u00e4ndig recycelbar ist.   <\/p>\n<p data-start=\"0\" data-end=\"466\">Die Herren- und Damenschlafs\u00e4cke k\u00f6nnen f\u00fcr zus\u00e4tzlichen Komfort und Bequemlichkeit zusammengezippen werden.<\/p>\n<p class=\"\" data-start=\"468\" data-end=\"491\"><strong data-start=\"468\" data-end=\"491\">Technische Merkmale:<\/strong><\/p>\n<ul data-start=\"492\" data-end=\"1266\">\n<li class=\"\" data-start=\"492\" data-end=\"537\">\n<p class=\"\" data-start=\"494\" data-end=\"537\"><strong data-start=\"494\" data-end=\"517\">Temperaturbereich:<\/strong> Komfort 15\u00b0F (-9\u00b0C)<\/p>\n<\/li>\n<li class=\"\" data-start=\"538\" data-end=\"671\">\n<p class=\"\" data-start=\"540\" data-end=\"671\"><strong data-start=\"540\" data-end=\"555\">Isolierung:<\/strong> 100% recycelte PrimaLoft\u00ae RISE Synthetikisolierung, die ihre isolierenden Eigenschaften auch unter feuchten Bedingungen beibeh\u00e4lt<\/p>\n<\/li>\n<li class=\"\" data-start=\"672\" data-end=\"746\">\n<p class=\"\" data-start=\"674\" data-end=\"746\"><strong data-start=\"674\" data-end=\"693\">Au\u00dfenmaterial:<\/strong> 100% recyceltes Ripstop-Nylon, leicht und langlebig<\/p>\n<\/li>\n<li class=\"\" data-start=\"747\" data-end=\"807\">\n<p class=\"\" data-start=\"749\" data-end=\"807\"><strong data-start=\"749\" data-end=\"768\">Innenmaterial:<\/strong> Weicher und atmungsaktiver recycelter Polyester<\/p>\n<\/li>\n<li class=\"\" data-start=\"808\" data-end=\"842\">\n<p class=\"\" data-start=\"810\" data-end=\"842\"><strong data-start=\"810\" data-end=\"821\">Gewicht:<\/strong> Etwa 1,7 kg<\/p>\n<\/li>\n<li class=\"\" data-start=\"843\" data-end=\"889\">\n<p class=\"\" data-start=\"845\" data-end=\"889\"><strong data-start=\"845\" data-end=\"860\">Abmessungen:<\/strong> Geeignet f\u00fcr Benutzer bis zu einer K\u00f6rpergr\u00f6\u00dfe von 168 cm<\/p>\n<\/li>\n<li class=\"\" data-start=\"890\" data-end=\"933\">\n<p class=\"\" data-start=\"892\" data-end=\"933\"><strong data-start=\"892\" data-end=\"908\">Packma\u00df:<\/strong> Kompakt und leicht zu verpacken<\/p>\n<\/li>\n<li class=\"\" data-start=\"934\" data-end=\"1039\">\n<p class=\"\" data-start=\"936\" data-end=\"1039\"><strong data-start=\"936\" data-end=\"947\">Rei\u00dfverschluss:<\/strong> Zwei-Wege-Rei\u00dfverschluss mit Thermo Gills\u2122 Bel\u00fcftungskan\u00e4len zur Temperaturregulierung<\/p>\n<\/li>\n<li class=\"\" data-start=\"1040\" data-end=\"1162\">\n<p class=\"\" data-start=\"1042\" data-end=\"1162\"><strong data-start=\"1042\" data-end=\"1054\">Komfort:<\/strong> Integrierte Kopfkissenh\u00fclle, zus\u00e4tzliche Isolierung im Fu\u00dfbereich und weiches Innenmaterial gew\u00e4hrleisten einen komfortablen Schlaf<\/p>\n<\/li>\n<li class=\"\" data-start=\"1163\" data-end=\"1266\">\n<p class=\"\" data-start=\"1165\" data-end=\"1266\"><strong data-start=\"1165\" data-end=\"1198\">Umweltverantwortung:<\/strong> Endless Promise-zertifiziert, konzipiert f\u00fcr Langlebigkeit und Recycelbarkeit<\/p>\n<\/li>\n<\/ul>\n<p class=\"\" data-start=\"1268\" data-end=\"1442\">Der <strong data-start=\"1272\" data-end=\"1321\">NEMO Disco Damen 15 Regular Endless Promise<\/strong> ist die perfekte Wahl f\u00fcr k\u00e4ltere Bedingungen und f\u00fcr Camper, die Wert auf Komfort, W\u00e4rme und \u00f6kologische Nachhaltigkeit legen.<\/p>\n","protected":false},"excerpt":{"rendered":"<p>Der NEMO Disco Damen 15 Regular Endless Promise ist ein hochwertiger Drei-Jahreszeiten-Schlafsack, der speziell f\u00fcr Frauen konzipiert wurde. Er bietet hervorragende Isolierung und Komfort, insbesondere f\u00fcr Seitenschl\u00e4fer. Die Spoon\u2122-Form bietet mehr Raum f\u00fcr Schultern und H\u00fcften und erm\u00f6glicht eine nat\u00fcrlichere Schlafposition. Die Endless Promise-zertifizierte Konstruktion gew\u00e4hrleistet, dass der Schlafsack auf Langlebigkeit ausgelegt und am Ende [&#8230;]\n","protected":false},"featured_media":277634,"comment_status":"open","ping_status":"closed","template":"","meta":[],"product_brand":[],"product_cat":[2049],"product_tag":[],"class_list":{"0":"post-279737","1":"product","2":"type-product","3":"status-publish","4":"has-post-thumbnail","6":"product_cat-schlafsacke","8":"first","9":"instock","10":"taxable","11":"shipping-taxable","12":"purchasable","13":"product-type-simple"},"composite_virtual":false,"composite_layout":"","composite_add_to_cart_form_location":"","composite_editable_in_cart":false,"composite_sold_individually_context":"","composite_shop_price_calc":"","composite_components":[],"composite_scenarios":[],"group_of_quantity":0,"min_quantity":0,"max_quantity":"","exclude_order_quantity_value_rules":"no","exclude_category_quantity_rules":"no","combine_variations":"no","exclude_global_add_ons":[],"addons":[],"_links":{"self":[{"href":"https:\/\/www.huntersfriend.eu\/de\/wp-json\/wp\/v2\/product\/279737","targetHints":{"allow":["GET"]}}],"collection":[{"href":"https:\/\/www.huntersfriend.eu\/de\/wp-json\/wp\/v2\/product"}],"about":[{"href":"https:\/\/www.huntersfriend.eu\/de\/wp-json\/wp\/v2\/types\/product"}],"replies":[{"embeddable":true,"href":"https:\/\/www.huntersfriend.eu\/de\/wp-json\/wp\/v2\/comments?post=279737"}],"wp:featuredmedia":[{"embeddable":true,"href":"https:\/\/www.huntersfriend.eu\/de\/wp-json\/wp\/v2\/media\/277634"}],"wp:attachment":[{"href":"https:\/\/www.huntersfriend.eu\/de\/wp-json\/wp\/v2\/media?parent=279737"}],"wp:term":[{"taxonomy":"product_brand","embeddable":true,"href":"https:\/\/www.huntersfriend.eu\/de\/wp-json\/wp\/v2\/product_brand?post=279737"},{"taxonomy":"product_cat","embeddable":true,"href":"https:\/\/www.huntersfriend.eu\/de\/wp-json\/wp\/v2\/product_cat?post=279737"},{"taxonomy":"product_tag","embeddable":true,"href":"https:\/\/www.huntersfriend.eu\/de\/wp-json\/wp\/v2\/product_tag?post=279737"}],"curies":[{"name":"wp","href":"https:\/\/api.w.org\/{rel}","templated":true}]}}