{"id":279735,"date":"2025-03-19T17:27:13","date_gmt":"2025-03-19T15:27:13","guid":{"rendered":"https:\/\/www.huntersfriend.eu\/product\/nemo-disco-herren-15-regular-endless-promise\/"},"modified":"2025-06-23T07:48:54","modified_gmt":"2025-06-23T05:48:54","slug":"nemo-disco-herren-15-regular-endless-promise","status":"publish","type":"product","link":"https:\/\/www.huntersfriend.eu\/de\/produkt\/nemo-disco-herren-15-regular-endless-promise\/","title":{"rendered":"NEMO Disco Herren 15 Regular Endless Promise"},"content":{"rendered":"<p class=\"\" data-start=\"0\" data-end=\"432\">Der <strong data-start=\"4\" data-end=\"51\">NEMO Disco Herren 15 Regular Endless Promise<\/strong> ist ein Drei-Jahreszeiten-Schlafsack f\u00fcr M\u00e4nner, der exzellente Isolation und Komfort bietet, insbesondere f\u00fcr Seitenschl\u00e4fer. Seine ergonomische Spoon\u2122-Form bietet mehr Raum f\u00fcr Schultern und H\u00fcften und erm\u00f6glicht somit eine nat\u00fcrlichere und entspanntere Schlafposition. Die Endless Promise-Zertifizierung gew\u00e4hrleistet, dass der Schlafsack langlebig konstruiert und am Ende seines Lebenszyklus vollst\u00e4ndig recycelbar ist.  <\/p>\n<p data-start=\"0\" data-end=\"432\">Herren- und Damenmodelle k\u00f6nnen f\u00fcr Komfort und Bequemlichkeit zusammengezippt werden.<\/p>\n<p class=\"\" data-start=\"434\" data-end=\"457\"><strong data-start=\"434\" data-end=\"457\">Technische Merkmale:<\/strong><\/p>\n<ul data-start=\"458\" data-end=\"1243\">\n<li class=\"\" data-start=\"458\" data-end=\"503\">\n<p class=\"\" data-start=\"460\" data-end=\"503\"><strong data-start=\"460\" data-end=\"483\">Temperaturbereich:<\/strong> Komfort 15\u00b0F (-9\u00b0C)<\/p>\n<\/li>\n<li class=\"\" data-start=\"504\" data-end=\"639\">\n<p class=\"\" data-start=\"506\" data-end=\"639\"><strong data-start=\"506\" data-end=\"521\">Isolierung:<\/strong> 100% recycelte PrimaLoft\u00ae RISE Synthetikisolierung, die ihre isolierenden Eigenschaften auch unter feuchten Bedingungen beibeh\u00e4lt<\/p>\n<\/li>\n<li class=\"\" data-start=\"640\" data-end=\"714\">\n<p class=\"\" data-start=\"642\" data-end=\"714\"><strong data-start=\"642\" data-end=\"661\">Au\u00dfenmaterial:<\/strong> 100% recyceltes Ripstop-Nylon, leicht und langlebig<\/p>\n<\/li>\n<li class=\"\" data-start=\"715\" data-end=\"775\">\n<p class=\"\" data-start=\"717\" data-end=\"775\"><strong data-start=\"717\" data-end=\"736\">Innenmaterial:<\/strong> Weicher und atmungsaktiver recycelter Polyester<\/p>\n<\/li>\n<li class=\"\" data-start=\"776\" data-end=\"810\">\n<p class=\"\" data-start=\"778\" data-end=\"810\"><strong data-start=\"778\" data-end=\"789\">Gewicht:<\/strong> Circa 1,5 kg<\/p>\n<\/li>\n<li class=\"\" data-start=\"811\" data-end=\"857\">\n<p class=\"\" data-start=\"813\" data-end=\"857\"><strong data-start=\"813\" data-end=\"828\">Abmessungen:<\/strong> Geeignet f\u00fcr Benutzer bis zu 183 cm K\u00f6rpergr\u00f6\u00dfe<\/p>\n<\/li>\n<li class=\"\" data-start=\"858\" data-end=\"901\">\n<p class=\"\" data-start=\"860\" data-end=\"901\"><strong data-start=\"860\" data-end=\"876\">Packma\u00df:<\/strong> Kompakt und leicht zu verpacken<\/p>\n<\/li>\n<li class=\"\" data-start=\"902\" data-end=\"1008\">\n<p class=\"\" data-start=\"904\" data-end=\"1008\"><strong data-start=\"904\" data-end=\"915\">Rei\u00dfverschluss:<\/strong> Zweiweg-Rei\u00dfverschluss mit Thermo Gills\u2122 Bel\u00fcftungskan\u00e4len zur pr\u00e4zisen Temperaturregulierung<\/p>\n<\/li>\n<li class=\"\" data-start=\"1009\" data-end=\"1138\">\n<p class=\"\" data-start=\"1011\" data-end=\"1138\"><strong data-start=\"1011\" data-end=\"1023\">Komfort:<\/strong> Integrierte Kopfkissenh\u00fclle, zus\u00e4tzliche Isolierung im Fu\u00dfbereich und weiches Innenmaterial gew\u00e4hrleisten einen komfortablen Schlaf<\/p>\n<\/li>\n<li class=\"\" data-start=\"1139\" data-end=\"1243\">\n<p class=\"\" data-start=\"1141\" data-end=\"1243\"><strong data-start=\"1141\" data-end=\"1174\">Umweltverantwortung:<\/strong> Endless Promise-zertifiziert, konzipiert f\u00fcr Langlebigkeit und Recycelbarkeit<\/p>\n<\/li>\n<\/ul>\n<p class=\"\" data-start=\"1245\" data-end=\"1417\">Der <strong data-start=\"1249\" data-end=\"1296\">NEMO Disco Herren 15 Regular Endless Promise<\/strong> ist die perfekte Wahl f\u00fcr k\u00fchlere Bedingungen und f\u00fcr Camper, die Wert auf Komfort, W\u00e4rme und \u00f6kologische Nachhaltigkeit legen.<\/p>\n","protected":false},"excerpt":{"rendered":"<p>Der NEMO Disco Herren 15 Regular Endless Promise ist ein Drei-Jahreszeiten-Schlafsack f\u00fcr M\u00e4nner, der exzellente Isolation und Komfort bietet, insbesondere f\u00fcr Seitenschl\u00e4fer. Seine ergonomische Spoon\u2122-Form bietet mehr Raum f\u00fcr Schultern und H\u00fcften und erm\u00f6glicht somit eine nat\u00fcrlichere und entspanntere Schlafposition. Die Endless Promise-Zertifizierung gew\u00e4hrleistet, dass der Schlafsack langlebig konstruiert und am Ende seines Lebenszyklus vollst\u00e4ndig [&#8230;]\n","protected":false},"featured_media":294430,"comment_status":"open","ping_status":"closed","template":"","meta":[],"product_brand":[],"product_cat":[2049],"product_tag":[],"class_list":{"0":"post-279735","1":"product","2":"type-product","3":"status-publish","4":"has-post-thumbnail","6":"product_cat-schlafsacke","8":"first","9":"instock","10":"taxable","11":"shipping-taxable","12":"purchasable","13":"product-type-simple"},"composite_virtual":false,"composite_layout":"","composite_add_to_cart_form_location":"","composite_editable_in_cart":false,"composite_sold_individually_context":"","composite_shop_price_calc":"","composite_components":[],"composite_scenarios":[],"group_of_quantity":0,"min_quantity":0,"max_quantity":"","exclude_order_quantity_value_rules":"no","exclude_category_quantity_rules":"no","combine_variations":"no","exclude_global_add_ons":[],"addons":[],"_links":{"self":[{"href":"https:\/\/www.huntersfriend.eu\/de\/wp-json\/wp\/v2\/product\/279735","targetHints":{"allow":["GET"]}}],"collection":[{"href":"https:\/\/www.huntersfriend.eu\/de\/wp-json\/wp\/v2\/product"}],"about":[{"href":"https:\/\/www.huntersfriend.eu\/de\/wp-json\/wp\/v2\/types\/product"}],"replies":[{"embeddable":true,"href":"https:\/\/www.huntersfriend.eu\/de\/wp-json\/wp\/v2\/comments?post=279735"}],"wp:featuredmedia":[{"embeddable":true,"href":"https:\/\/www.huntersfriend.eu\/de\/wp-json\/wp\/v2\/media\/294430"}],"wp:attachment":[{"href":"https:\/\/www.huntersfriend.eu\/de\/wp-json\/wp\/v2\/media?parent=279735"}],"wp:term":[{"taxonomy":"product_brand","embeddable":true,"href":"https:\/\/www.huntersfriend.eu\/de\/wp-json\/wp\/v2\/product_brand?post=279735"},{"taxonomy":"product_cat","embeddable":true,"href":"https:\/\/www.huntersfriend.eu\/de\/wp-json\/wp\/v2\/product_cat?post=279735"},{"taxonomy":"product_tag","embeddable":true,"href":"https:\/\/www.huntersfriend.eu\/de\/wp-json\/wp\/v2\/product_tag?post=279735"}],"curies":[{"name":"wp","href":"https:\/\/api.w.org\/{rel}","templated":true}]}}